{"id":7071,"date":"2023-09-01T10:05:33","date_gmt":"2023-09-01T03:05:33","guid":{"rendered":"https:\/\/mybloomgroom.com\/?post_type=product&#038;p=7071"},"modified":"2025-08-30T08:49:23","modified_gmt":"2025-08-30T01:49:23","slug":"davines-melu-anti-breakage-conditioner","status":"publish","type":"product","link":"https:\/\/mybloomgroom.com\/vi\/san-pham\/davines-melu-anti-breakage-conditioner\/","title":{"rendered":"DAVINES MELU Anti-breakage Conditioner"},"content":{"rendered":"<h3>DAVINES MELU Anti-breakage Conditioner for long or damaged hair. The conditioning action moisturizes the hair, nourishes the ends and prevents their breakage. The light formula makes the hair smooth and soft without weighing it down.<\/h3>","protected":false},"excerpt":{"rendered":"<p>DAVINES MELU Anti-breakage conditioner for long or damaged hair. The conditioning action moisturizes the hair, nourishes the ends and prevents their breakage. The light formula makes the hair smooth and soft without weighing it down.<\/p>\n<p><label class=\"accordion__label\" for=\"benefits\"><span class=\"accordion__title\">Nh\u1eefng l\u1ee3i \u00edch<\/span><\/label><\/p>\n<div class=\"accordion__text container\">\n<div class=\"specifics\">\n<div class=\"specifics__wrapper\">\n<div class=\"specifics__item\">\n<div class=\"specifics__list\">Anti-breakage, elasticizing action.<br \/>\nNourishing and emollient effect.<br \/>\nReinforced, shiny and soft hair.<br \/>\nHo\u1ea1t ch\u1ea5t t\u1ef1 nhi\u00ean.<\/div>\n<\/div>\n<div class=\"specifics__item\"><span class=\"additional-title-mobile\">Th\u00f4ng tin b\u1ed5 sung<\/span><\/p>\n<div class=\"specifics__list\">Thu \u0111\u01b0\u1ee3c b\u1eb1ng n\u0103ng l\u01b0\u1ee3ng s\u1ea1ch 100%. Kh\u00f4ng t\u00e1c \u0111\u1ed9ng, bao b\u00ec thi\u1ebft y\u1ebfu v\u00e0 c\u00f3 th\u1ec3 t\u00e1i ch\u1ebf.<\/div>\n<\/div>\n<\/div>\n<\/div>\n<\/div>","protected":false},"featured_media":7047,"template":"","meta":[],"product_brand":[],"product_cat":[39],"product_tag":[179,231,70],"class_list":{"0":"post-7071","1":"product","2":"type-product","3":"status-publish","4":"has-post-thumbnail","6":"product_cat-davines","7":"product_tag-conditioner","8":"product_tag-damaged-hair","9":"product_tag-davines","11":"first","12":"instock","13":"shipping-taxable","14":"purchasable","15":"product-type-simple"},"yoast_head":"<!-- This site is optimized with the Yoast SEO plugin v26.0 - https:\/\/yoast.com\/wordpress\/plugins\/seo\/ -->\n<title>DAVINES MELU Anti-breakage Conditioner - BLOOM GROOM SALON<\/title>\n<meta name=\"description\" content=\"DAVINES MELU Anti-breakage conditioner for long or damaged hair. The conditioning action moisturizes the hair, nourishes the ends and prevents their breakage\" \/>\n<meta name=\"robots\" content=\"index, follow, max-snippet:-1, max-image-preview:large, max-video-preview:-1\" \/>\n<link rel=\"canonical\" href=\"http:\/\/mybloomgroom.com\/vi\/san-pham\/davines-melu-anti-breakage-conditioner\/\" \/>\n<meta property=\"og:locale\" content=\"vi_VN\" \/>\n<meta property=\"og:type\" content=\"article\" \/>\n<meta property=\"og:title\" content=\"DAVINES MELU Shampoo\" \/>\n<meta property=\"og:description\" content=\"Elasticizing anti-breakage shampoo for long or damaged hair. Its formula, characterized by a soft and creamy foam, is designed to gently cleanse the hair, making it shiny and silky.\" \/>\n<meta property=\"og:url\" content=\"http:\/\/mybloomgroom.com\/vi\/san-pham\/davines-melu-anti-breakage-conditioner\/\" \/>\n<meta property=\"og:site_name\" content=\"BLOOM GROOM SALON\" \/>\n<meta property=\"article:modified_time\" content=\"2025-08-30T01:49:23+00:00\" \/>\n<meta property=\"og:image\" content=\"http:\/\/mybloomgroom.com\/wp-content\/uploads\/2023\/08\/melu-shampoo.jpeg\" \/>\n\t<meta property=\"og:image:width\" content=\"1024\" \/>\n\t<meta property=\"og:image:height\" content=\"1024\" \/>\n\t<meta property=\"og:image:type\" content=\"image\/jpeg\" \/>\n<meta name=\"twitter:card\" content=\"summary_large_image\" \/>\n<meta name=\"twitter:title\" content=\"DAVINES MELU Shampoo\" \/>\n<meta name=\"twitter:description\" content=\"Elasticizing anti-breakage shampoo for long or damaged hair. Its formula, characterized by a soft and creamy foam, is designed to gently cleanse the hair, making it shiny and silky.\" \/>\n<meta name=\"twitter:image\" content=\"https:\/\/mybloomgroom.com\/wp-content\/uploads\/2023\/08\/melu-shampoo.jpeg\" \/>\n<meta name=\"twitter:label1\" content=\"\u01af\u1edbc t\u00ednh th\u1eddi gian \u0111\u1ecdc\" \/>\n\t<meta name=\"twitter:data1\" content=\"1 ph\u00fat\" \/>\n<script type=\"application\/ld+json\" class=\"yoast-schema-graph\">{\"@context\":\"https:\/\/schema.org\",\"@graph\":[{\"@type\":\"WebPage\",\"@id\":\"http:\/\/mybloomgroom.com\/vi\/san-pham\/davines-melu-anti-breakage-conditioner\/\",\"url\":\"http:\/\/mybloomgroom.com\/vi\/san-pham\/davines-melu-anti-breakage-conditioner\/\",\"name\":\"DAVINES MELU Anti-breakage Conditioner - BLOOM GROOM SALON\",\"isPartOf\":{\"@id\":\"https:\/\/mybloomgroom.com\/vi\/#website\"},\"primaryImageOfPage\":{\"@id\":\"http:\/\/mybloomgroom.com\/vi\/san-pham\/davines-melu-anti-breakage-conditioner\/#primaryimage\"},\"image\":{\"@id\":\"http:\/\/mybloomgroom.com\/vi\/san-pham\/davines-melu-anti-breakage-conditioner\/#primaryimage\"},\"thumbnailUrl\":\"https:\/\/mybloomgroom.com\/wp-content\/uploads\/2023\/08\/melu-conditioner.jpeg\",\"datePublished\":\"2023-09-01T03:05:33+00:00\",\"dateModified\":\"2025-08-30T01:49:23+00:00\",\"description\":\"DAVINES MELU Anti-breakage conditioner for long or damaged hair. The conditioning action moisturizes the hair, nourishes the ends and prevents their breakage\",\"breadcrumb\":{\"@id\":\"http:\/\/mybloomgroom.com\/vi\/san-pham\/davines-melu-anti-breakage-conditioner\/#breadcrumb\"},\"inLanguage\":\"vi\",\"potentialAction\":[{\"@type\":\"ReadAction\",\"target\":[\"http:\/\/mybloomgroom.com\/vi\/san-pham\/davines-melu-anti-breakage-conditioner\/\"]}]},{\"@type\":\"ImageObject\",\"inLanguage\":\"vi\",\"@id\":\"http:\/\/mybloomgroom.com\/vi\/san-pham\/davines-melu-anti-breakage-conditioner\/#primaryimage\",\"url\":\"https:\/\/mybloomgroom.com\/wp-content\/uploads\/2023\/08\/melu-conditioner.jpeg\",\"contentUrl\":\"https:\/\/mybloomgroom.com\/wp-content\/uploads\/2023\/08\/melu-conditioner.jpeg\",\"width\":1024,\"height\":1024,\"caption\":\"DAVINES MELU Anti-breakage conditioner\"},{\"@type\":\"BreadcrumbList\",\"@id\":\"http:\/\/mybloomgroom.com\/vi\/san-pham\/davines-melu-anti-breakage-conditioner\/#breadcrumb\",\"itemListElement\":[{\"@type\":\"ListItem\",\"position\":1,\"name\":\"Home\",\"item\":\"https:\/\/mybloomgroom.com\/vi\/\"},{\"@type\":\"ListItem\",\"position\":2,\"name\":\"Salon Shop\",\"item\":\"https:\/\/mybloomgroom.com\/vi\/salon-shop\/\"},{\"@type\":\"ListItem\",\"position\":3,\"name\":\"DAVINES MELU Anti-breakage Conditioner\"}]},{\"@type\":\"WebSite\",\"@id\":\"https:\/\/mybloomgroom.com\/vi\/#website\",\"url\":\"https:\/\/mybloomgroom.com\/vi\/\",\"name\":\"BLOOM GROOM SALON\",\"description\":\"Your beauty spa in Saigon\",\"potentialAction\":[{\"@type\":\"SearchAction\",\"target\":{\"@type\":\"EntryPoint\",\"urlTemplate\":\"https:\/\/mybloomgroom.com\/vi\/?s={search_term_string}\"},\"query-input\":{\"@type\":\"PropertyValueSpecification\",\"valueRequired\":true,\"valueName\":\"search_term_string\"}}],\"inLanguage\":\"vi\"}]}<\/script>\n<!-- \/ Yoast SEO plugin. -->","yoast_head_json":{"title":"DAVINES MELU Anti-breakage Conditioner - BLOOM GROOM SALON","description":"DAVINES MELU Anti-breakage conditioner for long or damaged hair. The conditioning action moisturizes the hair, nourishes the ends and prevents their breakage","robots":{"index":"index","follow":"follow","max-snippet":"max-snippet:-1","max-image-preview":"max-image-preview:large","max-video-preview":"max-video-preview:-1"},"canonical":"http:\/\/mybloomgroom.com\/vi\/san-pham\/davines-melu-anti-breakage-conditioner\/","og_locale":"vi_VN","og_type":"article","og_title":"DAVINES MELU Shampoo","og_description":"Elasticizing anti-breakage shampoo for long or damaged hair. Its formula, characterized by a soft and creamy foam, is designed to gently cleanse the hair, making it shiny and silky.","og_url":"http:\/\/mybloomgroom.com\/vi\/san-pham\/davines-melu-anti-breakage-conditioner\/","og_site_name":"BLOOM GROOM SALON","article_modified_time":"2025-08-30T01:49:23+00:00","og_image":[{"width":1024,"height":1024,"url":"http:\/\/mybloomgroom.com\/wp-content\/uploads\/2023\/08\/melu-shampoo.jpeg","type":"image\/jpeg"}],"twitter_card":"summary_large_image","twitter_title":"DAVINES MELU Shampoo","twitter_description":"Elasticizing anti-breakage shampoo for long or damaged hair. Its formula, characterized by a soft and creamy foam, is designed to gently cleanse the hair, making it shiny and silky.","twitter_image":"https:\/\/mybloomgroom.com\/wp-content\/uploads\/2023\/08\/melu-shampoo.jpeg","twitter_misc":{"\u01af\u1edbc t\u00ednh th\u1eddi gian \u0111\u1ecdc":"1 ph\u00fat"},"schema":{"@context":"https:\/\/schema.org","@graph":[{"@type":"WebPage","@id":"http:\/\/mybloomgroom.com\/vi\/san-pham\/davines-melu-anti-breakage-conditioner\/","url":"http:\/\/mybloomgroom.com\/vi\/san-pham\/davines-melu-anti-breakage-conditioner\/","name":"DAVINES MELU Anti-breakage Conditioner - BLOOM GROOM SALON","isPartOf":{"@id":"https:\/\/mybloomgroom.com\/vi\/#website"},"primaryImageOfPage":{"@id":"http:\/\/mybloomgroom.com\/vi\/san-pham\/davines-melu-anti-breakage-conditioner\/#primaryimage"},"image":{"@id":"http:\/\/mybloomgroom.com\/vi\/san-pham\/davines-melu-anti-breakage-conditioner\/#primaryimage"},"thumbnailUrl":"https:\/\/mybloomgroom.com\/wp-content\/uploads\/2023\/08\/melu-conditioner.jpeg","datePublished":"2023-09-01T03:05:33+00:00","dateModified":"2025-08-30T01:49:23+00:00","description":"DAVINES MELU Anti-breakage conditioner for long or damaged hair. The conditioning action moisturizes the hair, nourishes the ends and prevents their breakage","breadcrumb":{"@id":"http:\/\/mybloomgroom.com\/vi\/san-pham\/davines-melu-anti-breakage-conditioner\/#breadcrumb"},"inLanguage":"vi","potentialAction":[{"@type":"ReadAction","target":["http:\/\/mybloomgroom.com\/vi\/san-pham\/davines-melu-anti-breakage-conditioner\/"]}]},{"@type":"ImageObject","inLanguage":"vi","@id":"http:\/\/mybloomgroom.com\/vi\/san-pham\/davines-melu-anti-breakage-conditioner\/#primaryimage","url":"https:\/\/mybloomgroom.com\/wp-content\/uploads\/2023\/08\/melu-conditioner.jpeg","contentUrl":"https:\/\/mybloomgroom.com\/wp-content\/uploads\/2023\/08\/melu-conditioner.jpeg","width":1024,"height":1024,"caption":"DAVINES MELU Anti-breakage conditioner"},{"@type":"BreadcrumbList","@id":"http:\/\/mybloomgroom.com\/vi\/san-pham\/davines-melu-anti-breakage-conditioner\/#breadcrumb","itemListElement":[{"@type":"ListItem","position":1,"name":"Home","item":"https:\/\/mybloomgroom.com\/vi\/"},{"@type":"ListItem","position":2,"name":"Salon Shop","item":"https:\/\/mybloomgroom.com\/vi\/salon-shop\/"},{"@type":"ListItem","position":3,"name":"DAVINES MELU Anti-breakage Conditioner"}]},{"@type":"WebSite","@id":"https:\/\/mybloomgroom.com\/vi\/#website","url":"https:\/\/mybloomgroom.com\/vi\/","name":"BLOOM GROOM SALON","description":"Spa l\u00e0m \u0111\u1eb9p c\u1ee7a b\u1ea1n \u1edf S\u00e0i G\u00f2n","potentialAction":[{"@type":"SearchAction","target":{"@type":"EntryPoint","urlTemplate":"https:\/\/mybloomgroom.com\/vi\/?s={search_term_string}"},"query-input":{"@type":"PropertyValueSpecification","valueRequired":true,"valueName":"search_term_string"}}],"inLanguage":"vi"}]}},"_links":{"self":[{"href":"https:\/\/mybloomgroom.com\/vi\/wp-json\/wp\/v2\/product\/7071","targetHints":{"allow":["GET"]}}],"collection":[{"href":"https:\/\/mybloomgroom.com\/vi\/wp-json\/wp\/v2\/product"}],"about":[{"href":"https:\/\/mybloomgroom.com\/vi\/wp-json\/wp\/v2\/types\/product"}],"version-history":[{"count":0,"href":"https:\/\/mybloomgroom.com\/vi\/wp-json\/wp\/v2\/product\/7071\/revisions"}],"wp:featuredmedia":[{"embeddable":true,"href":"https:\/\/mybloomgroom.com\/vi\/wp-json\/wp\/v2\/media\/7047"}],"wp:attachment":[{"href":"https:\/\/mybloomgroom.com\/vi\/wp-json\/wp\/v2\/media?parent=7071"}],"wp:term":[{"taxonomy":"product_brand","embeddable":true,"href":"https:\/\/mybloomgroom.com\/vi\/wp-json\/wp\/v2\/product_brand?post=7071"},{"taxonomy":"product_cat","embeddable":true,"href":"https:\/\/mybloomgroom.com\/vi\/wp-json\/wp\/v2\/product_cat?post=7071"},{"taxonomy":"product_tag","embeddable":true,"href":"https:\/\/mybloomgroom.com\/vi\/wp-json\/wp\/v2\/product_tag?post=7071"}],"curies":[{"name":"wp","href":"https:\/\/api.w.org\/{rel}","templated":true}]}}