{"id":7049,"date":"2023-08-31T12:24:42","date_gmt":"2023-08-31T05:24:42","guid":{"rendered":"https:\/\/mybloomgroom.com\/?post_type=product&#038;p=7049"},"modified":"2025-08-30T08:52:20","modified_gmt":"2025-08-30T01:52:20","slug":"davines-melu-anti-breakage-shampoo","status":"publish","type":"product","link":"https:\/\/mybloomgroom.com\/vi\/san-pham\/davines-melu-anti-breakage-shampoo\/","title":{"rendered":"DAVINES MELU Elasticizing anti-breakage shampoo"},"content":{"rendered":"<p>DAVINES MELU\u00a0 Elasticizing anti-breakage shampoo for long or damaged hair. Its formula, characterized by a soft and creamy foam, is designed to gently cleanse the hair, making it shiny and silky.<\/p>\n<p><strong>Nh\u1eefng l\u1ee3i \u00edch<\/strong><\/p>\n<ul>\n<li>Anti-breakage, elasticizing action.<\/li>\n<li>Reinforced, shiny and soft hair.<\/li>\n<li>Ho\u1ea1t ch\u1ea5t t\u1ef1 nhi\u00ean.<\/li>\n<\/ul>\n<p><strong>Th\u00f4ng tin b\u1ed5 sung<\/strong><\/p>\n<ul>\n<li>Thu \u0111\u01b0\u1ee3c b\u1eb1ng n\u0103ng l\u01b0\u1ee3ng s\u1ea1ch 100%. Kh\u00f4ng t\u00e1c \u0111\u1ed9ng, bao b\u00ec thi\u1ebft y\u1ebfu v\u00e0 c\u00f3 th\u1ec3 t\u00e1i ch\u1ebf.<\/li>\n<\/ul>","protected":false},"excerpt":{"rendered":"<p>DAVINES MELU\u00a0 Elasticizing anti-breakage shampoo for long or damaged hair. Its formula, characterized by a soft and creamy foam, is designed to gently cleanse the hair, making it shiny and silky.<\/p>","protected":false},"featured_media":7045,"template":"","meta":[],"product_brand":[],"product_cat":[39],"product_tag":[231,70,178],"class_list":{"0":"post-7049","1":"product","2":"type-product","3":"status-publish","4":"has-post-thumbnail","6":"product_cat-davines","7":"product_tag-damaged-hair","8":"product_tag-davines","9":"product_tag-shampoo","11":"first","12":"instock","13":"shipping-taxable","14":"purchasable","15":"product-type-simple"},"yoast_head":"<!-- This site is optimized with the Yoast SEO plugin v26.0 - https:\/\/yoast.com\/wordpress\/plugins\/seo\/ -->\n<title>DAVINES MELU Elasticizing anti-breakage shampoo - BLOOM GROOM SALON<\/title>\n<meta name=\"description\" content=\"Davines MELU Elasticizing anti-breakage shampoo for long or damaged hair. Its formula, characterized by a soft and creamy foam\" \/>\n<meta name=\"robots\" content=\"index, follow, max-snippet:-1, max-image-preview:large, max-video-preview:-1\" \/>\n<link rel=\"canonical\" href=\"https:\/\/mybloomgroom.com\/vi\/san-pham\/davines-melu-anti-breakage-shampoo\/\" \/>\n<meta property=\"og:locale\" content=\"vi_VN\" \/>\n<meta property=\"og:type\" content=\"article\" \/>\n<meta property=\"og:title\" content=\"DAVINES MELU Shampoo\" \/>\n<meta property=\"og:description\" content=\"Elasticizing anti-breakage shampoo for long or damaged hair. Its formula, characterized by a soft and creamy foam, is designed to gently cleanse the hair, making it shiny and silky.\" \/>\n<meta property=\"og:url\" content=\"https:\/\/mybloomgroom.com\/vi\/san-pham\/davines-melu-anti-breakage-shampoo\/\" \/>\n<meta property=\"og:site_name\" content=\"BLOOM GROOM SALON\" \/>\n<meta property=\"article:modified_time\" content=\"2025-08-30T01:52:20+00:00\" \/>\n<meta property=\"og:image\" content=\"https:\/\/mybloomgroom.com\/wp-content\/uploads\/2023\/08\/melu-shampoo.jpeg\" \/>\n\t<meta property=\"og:image:width\" content=\"1024\" \/>\n\t<meta property=\"og:image:height\" content=\"1024\" \/>\n\t<meta property=\"og:image:type\" content=\"image\/jpeg\" \/>\n<meta name=\"twitter:card\" content=\"summary_large_image\" \/>\n<meta name=\"twitter:title\" content=\"DAVINES MELU Shampoo\" \/>\n<meta name=\"twitter:description\" content=\"Elasticizing anti-breakage shampoo for long or damaged hair. Its formula, characterized by a soft and creamy foam, is designed to gently cleanse the hair, making it shiny and silky.\" \/>\n<meta name=\"twitter:image\" content=\"https:\/\/mybloomgroom.com\/wp-content\/uploads\/2023\/08\/melu-shampoo.jpeg\" \/>\n<meta name=\"twitter:label1\" content=\"\u01af\u1edbc t\u00ednh th\u1eddi gian \u0111\u1ecdc\" \/>\n\t<meta name=\"twitter:data1\" content=\"1 ph\u00fat\" \/>\n<script type=\"application\/ld+json\" class=\"yoast-schema-graph\">{\"@context\":\"https:\/\/schema.org\",\"@graph\":[{\"@type\":\"WebPage\",\"@id\":\"https:\/\/mybloomgroom.com\/vi\/san-pham\/davines-melu-anti-breakage-shampoo\/\",\"url\":\"https:\/\/mybloomgroom.com\/vi\/san-pham\/davines-melu-anti-breakage-shampoo\/\",\"name\":\"DAVINES MELU Elasticizing anti-breakage shampoo - BLOOM GROOM SALON\",\"isPartOf\":{\"@id\":\"https:\/\/mybloomgroom.com\/#website\"},\"primaryImageOfPage\":{\"@id\":\"https:\/\/mybloomgroom.com\/vi\/san-pham\/davines-melu-anti-breakage-shampoo\/#primaryimage\"},\"image\":{\"@id\":\"https:\/\/mybloomgroom.com\/vi\/san-pham\/davines-melu-anti-breakage-shampoo\/#primaryimage\"},\"thumbnailUrl\":\"https:\/\/mybloomgroom.com\/wp-content\/uploads\/2023\/08\/melu-shampoo.jpeg\",\"datePublished\":\"2023-08-31T05:24:42+00:00\",\"dateModified\":\"2025-08-30T01:52:20+00:00\",\"description\":\"Davines MELU Elasticizing anti-breakage shampoo for long or damaged hair. Its formula, characterized by a soft and creamy foam\",\"breadcrumb\":{\"@id\":\"https:\/\/mybloomgroom.com\/vi\/san-pham\/davines-melu-anti-breakage-shampoo\/#breadcrumb\"},\"inLanguage\":\"vi\",\"potentialAction\":[{\"@type\":\"ReadAction\",\"target\":[\"https:\/\/mybloomgroom.com\/vi\/san-pham\/davines-melu-anti-breakage-shampoo\/\"]}]},{\"@type\":\"ImageObject\",\"inLanguage\":\"vi\",\"@id\":\"https:\/\/mybloomgroom.com\/vi\/san-pham\/davines-melu-anti-breakage-shampoo\/#primaryimage\",\"url\":\"https:\/\/mybloomgroom.com\/wp-content\/uploads\/2023\/08\/melu-shampoo.jpeg\",\"contentUrl\":\"https:\/\/mybloomgroom.com\/wp-content\/uploads\/2023\/08\/melu-shampoo.jpeg\",\"width\":1024,\"height\":1024,\"caption\":\"Davines MELU Elasticizing anti-breakage shampoo\"},{\"@type\":\"BreadcrumbList\",\"@id\":\"https:\/\/mybloomgroom.com\/vi\/san-pham\/davines-melu-anti-breakage-shampoo\/#breadcrumb\",\"itemListElement\":[{\"@type\":\"ListItem\",\"position\":1,\"name\":\"Home\",\"item\":\"http:\/\/mybloomgroom.com\/\"},{\"@type\":\"ListItem\",\"position\":2,\"name\":\"Salon Shop\",\"item\":\"http:\/\/mybloomgroom.com\/salon-shop\/\"},{\"@type\":\"ListItem\",\"position\":3,\"name\":\"DAVINES MELU Elasticizing anti-breakage shampoo\"}]},{\"@type\":\"WebSite\",\"@id\":\"https:\/\/mybloomgroom.com\/#website\",\"url\":\"https:\/\/mybloomgroom.com\/\",\"name\":\"BLOOM GROOM SALON\",\"description\":\"Your beauty spa in Saigon\",\"potentialAction\":[{\"@type\":\"SearchAction\",\"target\":{\"@type\":\"EntryPoint\",\"urlTemplate\":\"https:\/\/mybloomgroom.com\/?s={search_term_string}\"},\"query-input\":{\"@type\":\"PropertyValueSpecification\",\"valueRequired\":true,\"valueName\":\"search_term_string\"}}],\"inLanguage\":\"vi\"}]}<\/script>\n<!-- \/ Yoast SEO plugin. -->","yoast_head_json":{"title":"DAVINES MELU Elasticizing anti-breakage shampoo - BLOOM GROOM SALON","description":"Davines MELU Elasticizing anti-breakage shampoo for long or damaged hair. Its formula, characterized by a soft and creamy foam","robots":{"index":"index","follow":"follow","max-snippet":"max-snippet:-1","max-image-preview":"max-image-preview:large","max-video-preview":"max-video-preview:-1"},"canonical":"https:\/\/mybloomgroom.com\/vi\/san-pham\/davines-melu-anti-breakage-shampoo\/","og_locale":"vi_VN","og_type":"article","og_title":"DAVINES MELU Shampoo","og_description":"Elasticizing anti-breakage shampoo for long or damaged hair. Its formula, characterized by a soft and creamy foam, is designed to gently cleanse the hair, making it shiny and silky.","og_url":"https:\/\/mybloomgroom.com\/vi\/san-pham\/davines-melu-anti-breakage-shampoo\/","og_site_name":"BLOOM GROOM SALON","article_modified_time":"2025-08-30T01:52:20+00:00","og_image":[{"width":1024,"height":1024,"url":"https:\/\/mybloomgroom.com\/wp-content\/uploads\/2023\/08\/melu-shampoo.jpeg","type":"image\/jpeg"}],"twitter_card":"summary_large_image","twitter_title":"DAVINES MELU Shampoo","twitter_description":"Elasticizing anti-breakage shampoo for long or damaged hair. Its formula, characterized by a soft and creamy foam, is designed to gently cleanse the hair, making it shiny and silky.","twitter_image":"https:\/\/mybloomgroom.com\/wp-content\/uploads\/2023\/08\/melu-shampoo.jpeg","twitter_misc":{"\u01af\u1edbc t\u00ednh th\u1eddi gian \u0111\u1ecdc":"1 ph\u00fat"},"schema":{"@context":"https:\/\/schema.org","@graph":[{"@type":"WebPage","@id":"https:\/\/mybloomgroom.com\/vi\/san-pham\/davines-melu-anti-breakage-shampoo\/","url":"https:\/\/mybloomgroom.com\/vi\/san-pham\/davines-melu-anti-breakage-shampoo\/","name":"DAVINES MELU Elasticizing anti-breakage shampoo - BLOOM GROOM SALON","isPartOf":{"@id":"https:\/\/mybloomgroom.com\/#website"},"primaryImageOfPage":{"@id":"https:\/\/mybloomgroom.com\/vi\/san-pham\/davines-melu-anti-breakage-shampoo\/#primaryimage"},"image":{"@id":"https:\/\/mybloomgroom.com\/vi\/san-pham\/davines-melu-anti-breakage-shampoo\/#primaryimage"},"thumbnailUrl":"https:\/\/mybloomgroom.com\/wp-content\/uploads\/2023\/08\/melu-shampoo.jpeg","datePublished":"2023-08-31T05:24:42+00:00","dateModified":"2025-08-30T01:52:20+00:00","description":"Davines MELU Elasticizing anti-breakage shampoo for long or damaged hair. Its formula, characterized by a soft and creamy foam","breadcrumb":{"@id":"https:\/\/mybloomgroom.com\/vi\/san-pham\/davines-melu-anti-breakage-shampoo\/#breadcrumb"},"inLanguage":"vi","potentialAction":[{"@type":"ReadAction","target":["https:\/\/mybloomgroom.com\/vi\/san-pham\/davines-melu-anti-breakage-shampoo\/"]}]},{"@type":"ImageObject","inLanguage":"vi","@id":"https:\/\/mybloomgroom.com\/vi\/san-pham\/davines-melu-anti-breakage-shampoo\/#primaryimage","url":"https:\/\/mybloomgroom.com\/wp-content\/uploads\/2023\/08\/melu-shampoo.jpeg","contentUrl":"https:\/\/mybloomgroom.com\/wp-content\/uploads\/2023\/08\/melu-shampoo.jpeg","width":1024,"height":1024,"caption":"Davines MELU Elasticizing anti-breakage shampoo"},{"@type":"BreadcrumbList","@id":"https:\/\/mybloomgroom.com\/vi\/san-pham\/davines-melu-anti-breakage-shampoo\/#breadcrumb","itemListElement":[{"@type":"ListItem","position":1,"name":"Home","item":"http:\/\/mybloomgroom.com\/"},{"@type":"ListItem","position":2,"name":"Salon Shop","item":"http:\/\/mybloomgroom.com\/salon-shop\/"},{"@type":"ListItem","position":3,"name":"DAVINES MELU Elasticizing anti-breakage shampoo"}]},{"@type":"WebSite","@id":"https:\/\/mybloomgroom.com\/#website","url":"https:\/\/mybloomgroom.com\/","name":"BLOOM GROOM SALON","description":"Spa l\u00e0m \u0111\u1eb9p c\u1ee7a b\u1ea1n \u1edf S\u00e0i G\u00f2n","potentialAction":[{"@type":"SearchAction","target":{"@type":"EntryPoint","urlTemplate":"https:\/\/mybloomgroom.com\/?s={search_term_string}"},"query-input":{"@type":"PropertyValueSpecification","valueRequired":true,"valueName":"search_term_string"}}],"inLanguage":"vi"}]}},"_links":{"self":[{"href":"https:\/\/mybloomgroom.com\/vi\/wp-json\/wp\/v2\/product\/7049","targetHints":{"allow":["GET"]}}],"collection":[{"href":"https:\/\/mybloomgroom.com\/vi\/wp-json\/wp\/v2\/product"}],"about":[{"href":"https:\/\/mybloomgroom.com\/vi\/wp-json\/wp\/v2\/types\/product"}],"version-history":[{"count":0,"href":"https:\/\/mybloomgroom.com\/vi\/wp-json\/wp\/v2\/product\/7049\/revisions"}],"wp:featuredmedia":[{"embeddable":true,"href":"https:\/\/mybloomgroom.com\/vi\/wp-json\/wp\/v2\/media\/7045"}],"wp:attachment":[{"href":"https:\/\/mybloomgroom.com\/vi\/wp-json\/wp\/v2\/media?parent=7049"}],"wp:term":[{"taxonomy":"product_brand","embeddable":true,"href":"https:\/\/mybloomgroom.com\/vi\/wp-json\/wp\/v2\/product_brand?post=7049"},{"taxonomy":"product_cat","embeddable":true,"href":"https:\/\/mybloomgroom.com\/vi\/wp-json\/wp\/v2\/product_cat?post=7049"},{"taxonomy":"product_tag","embeddable":true,"href":"https:\/\/mybloomgroom.com\/vi\/wp-json\/wp\/v2\/product_tag?post=7049"}],"curies":[{"name":"wp","href":"https:\/\/api.w.org\/{rel}","templated":true}]}}