{"id":7011,"date":"2023-06-22T11:28:13","date_gmt":"2023-06-22T04:28:13","guid":{"rendered":"https:\/\/mybloomgroom.com\/?post_type=product&#038;p=7011"},"modified":"2025-08-30T08:55:02","modified_gmt":"2025-08-30T01:55:02","slug":"davines-energizing-shampoo-thinning-hair","status":"publish","type":"product","link":"https:\/\/mybloomgroom.com\/vi\/san-pham\/davines-energizing-shampoo-thinning-hair\/","title":{"rendered":"DAVINES ENERGIZING Shampoo for thinning hair"},"content":{"rendered":"<h2 class=\"product-short_description\">D\u1ea7u g\u1ed9i cho t\u00f3c m\u1ecfng<\/h2>","protected":false},"excerpt":{"rendered":"<div class=\"accordion__text container\">\n<div class=\"specifics\">\n<div class=\"specifics__wrapper\">\n<div class=\"specifics__item\">\n<div>\n<div class=\"accordion__text container\">\n<div class=\"specifics\">\n<div class=\"specifics__wrapper\">\n<div class=\"specifics__item\">\n<div class=\"specifics__list\">\n<p>D\u1ea7u g\u1ed9i gi\u00e0u n\u0103ng l\u01b0\u1ee3ng nh\u1eb9 nh\u00e0ng l\u00e0m s\u1ea1ch t\u00f3c, mang l\u1ea1i c\u1ea3m gi\u00e1c tr\u00e0n \u0111\u1ea7y n\u0103ng l\u01b0\u1ee3ng, s\u1ee9c s\u1ed1ng v\u00e0 kh\u1ecfe m\u1ea1nh cho da \u0111\u1ea7u. D\u1ea7u g\u1ed9i k\u00edch th\u00edch v\u00e0 ph\u1ee5c h\u1ed3i n\u00e0y \u0111\u1eb7c bi\u1ec7t th\u00edch h\u1ee3p cho t\u00f3c m\u1ecfng d\u1ec5 b\u1ecb r\u1ee5ng<\/p>\n<\/div>\n<\/div>\n<div class=\"specifics__item\"><\/div>\n<\/div>\n<\/div>\n<\/div>\n<\/div>\n<div>\n<p><label class=\"accordion__label\" for=\"benefits\"><span class=\"accordion__title\">Nh\u1eefng l\u1ee3i \u00edch<\/span><\/label><\/p>\n<div class=\"accordion__text container\">\n<div class=\"specifics\">\n<div class=\"specifics__wrapper\">\n<div class=\"specifics__item\">\n<div class=\"specifics__list\">Gi\u00fap k\u00edch th\u00edch m\u1ecdc t\u00f3c m\u1edbi \u0111\u1ed3ng th\u1eddi c\u1ee7ng c\u1ed1 t\u00f3c y\u1ebfu \u0111\u1ec3 ng\u0103n ng\u1eeba g\u00e3y r\u1ee5ng trong t\u01b0\u01a1ng lai.<\/div>\n<\/div>\n<div class=\"specifics__item\">\n<p><span class=\"additional-title-mobile\">Th\u00f4ng tin b\u1ed5 sung<\/span><\/p>\n<div class=\"specifics__list\">Kh\u00f4ng c\u00f3 paraben v\u00e0 sunfat<\/div>\n<\/div>\n<\/div>\n<\/div>\n<\/div>\n<\/div>\n<\/div>\n<\/div>\n<\/div>\n<\/div>","protected":false},"featured_media":7012,"template":"","meta":[],"product_brand":[],"product_cat":[39],"product_tag":[242,178,216,180],"class_list":{"0":"post-7011","1":"product","2":"type-product","3":"status-publish","4":"has-post-thumbnail","6":"product_cat-davines","7":"product_tag-hair-loss","8":"product_tag-shampoo","9":"product_tag-thinning-hair","10":"product_tag-treatment","12":"first","13":"outofstock","14":"shipping-taxable","15":"purchasable","16":"product-type-simple"},"yoast_head":"<!-- This site is optimized with the Yoast SEO plugin v26.0 - https:\/\/yoast.com\/wordpress\/plugins\/seo\/ -->\n<title>DAVINES ENERGIZING Shampoo for thinning hair - BLOOM GROOM SALON<\/title>\n<meta name=\"description\" content=\"Energizing shampoo that gently cleanses the hair, giving a feeling of energy, vigour and well-being to the scalp.\" \/>\n<meta name=\"robots\" content=\"index, follow, max-snippet:-1, max-image-preview:large, max-video-preview:-1\" \/>\n<link rel=\"canonical\" href=\"https:\/\/mybloomgroom.com\/vi\/san-pham\/davines-energizing-shampoo-thinning-hair\/\" \/>\n<meta property=\"og:locale\" content=\"vi_VN\" \/>\n<meta property=\"og:type\" content=\"article\" \/>\n<meta property=\"og:title\" content=\"DAVINES ENERGIZING Shampoo for thinning hair - BLOOM GROOM SALON\" \/>\n<meta property=\"og:description\" content=\"Energizing shampoo that gently cleanses the hair, giving a feeling of energy, vigour and well-being to the scalp.\" \/>\n<meta property=\"og:url\" content=\"https:\/\/mybloomgroom.com\/vi\/san-pham\/davines-energizing-shampoo-thinning-hair\/\" \/>\n<meta property=\"og:site_name\" content=\"BLOOM GROOM SALON\" \/>\n<meta property=\"article:modified_time\" content=\"2025-08-30T01:55:02+00:00\" \/>\n<meta property=\"og:image\" content=\"https:\/\/mybloomgroom.com\/wp-content\/uploads\/2023\/06\/energizing-shampoo.jpeg\" \/>\n\t<meta property=\"og:image:width\" content=\"1024\" \/>\n\t<meta property=\"og:image:height\" content=\"1024\" \/>\n\t<meta property=\"og:image:type\" content=\"image\/jpeg\" \/>\n<meta name=\"twitter:card\" content=\"summary_large_image\" \/>\n<meta name=\"twitter:label1\" content=\"\u01af\u1edbc t\u00ednh th\u1eddi gian \u0111\u1ecdc\" \/>\n\t<meta name=\"twitter:data1\" content=\"1 ph\u00fat\" \/>\n<script type=\"application\/ld+json\" class=\"yoast-schema-graph\">{\"@context\":\"https:\/\/schema.org\",\"@graph\":[{\"@type\":\"WebPage\",\"@id\":\"https:\/\/mybloomgroom.com\/product\/davines-energizing-shampoo-thinning-hair\/\",\"url\":\"https:\/\/mybloomgroom.com\/product\/davines-energizing-shampoo-thinning-hair\/\",\"name\":\"DAVINES ENERGIZING Shampoo for thinning hair - BLOOM GROOM SALON\",\"isPartOf\":{\"@id\":\"https:\/\/mybloomgroom.com\/#website\"},\"primaryImageOfPage\":{\"@id\":\"https:\/\/mybloomgroom.com\/product\/davines-energizing-shampoo-thinning-hair\/#primaryimage\"},\"image\":{\"@id\":\"https:\/\/mybloomgroom.com\/product\/davines-energizing-shampoo-thinning-hair\/#primaryimage\"},\"thumbnailUrl\":\"https:\/\/mybloomgroom.com\/wp-content\/uploads\/2023\/06\/energizing-shampoo.jpeg\",\"datePublished\":\"2023-06-22T04:28:13+00:00\",\"dateModified\":\"2025-08-30T01:55:02+00:00\",\"description\":\"Energizing shampoo that gently cleanses the hair, giving a feeling of energy, vigour and well-being to the scalp.\",\"breadcrumb\":{\"@id\":\"https:\/\/mybloomgroom.com\/product\/davines-energizing-shampoo-thinning-hair\/#breadcrumb\"},\"inLanguage\":\"vi\",\"potentialAction\":[{\"@type\":\"ReadAction\",\"target\":[\"https:\/\/mybloomgroom.com\/product\/davines-energizing-shampoo-thinning-hair\/\"]}]},{\"@type\":\"ImageObject\",\"inLanguage\":\"vi\",\"@id\":\"https:\/\/mybloomgroom.com\/product\/davines-energizing-shampoo-thinning-hair\/#primaryimage\",\"url\":\"https:\/\/mybloomgroom.com\/wp-content\/uploads\/2023\/06\/energizing-shampoo.jpeg\",\"contentUrl\":\"https:\/\/mybloomgroom.com\/wp-content\/uploads\/2023\/06\/energizing-shampoo.jpeg\",\"width\":1024,\"height\":1024,\"caption\":\"Eco-friendly Davines haircare at Bloom Groom Salon\"},{\"@type\":\"BreadcrumbList\",\"@id\":\"https:\/\/mybloomgroom.com\/product\/davines-energizing-shampoo-thinning-hair\/#breadcrumb\",\"itemListElement\":[{\"@type\":\"ListItem\",\"position\":1,\"name\":\"Home\",\"item\":\"https:\/\/mybloomgroom.com\/\"},{\"@type\":\"ListItem\",\"position\":2,\"name\":\"Salon Shop\",\"item\":\"https:\/\/mybloomgroom.com\/salon-shop\/\"},{\"@type\":\"ListItem\",\"position\":3,\"name\":\"DAVINES ENERGIZING Shampoo for thinning hair\"}]},{\"@type\":\"WebSite\",\"@id\":\"https:\/\/mybloomgroom.com\/#website\",\"url\":\"https:\/\/mybloomgroom.com\/\",\"name\":\"BLOOM GROOM SALON\",\"description\":\"Your beauty spa in Saigon\",\"potentialAction\":[{\"@type\":\"SearchAction\",\"target\":{\"@type\":\"EntryPoint\",\"urlTemplate\":\"https:\/\/mybloomgroom.com\/?s={search_term_string}\"},\"query-input\":{\"@type\":\"PropertyValueSpecification\",\"valueRequired\":true,\"valueName\":\"search_term_string\"}}],\"inLanguage\":\"vi\"}]}<\/script>\n<!-- \/ Yoast SEO plugin. -->","yoast_head_json":{"title":"DAVINES ENERGIZING Shampoo for thinning hair - BLOOM GROOM SALON","description":"Energizing shampoo that gently cleanses the hair, giving a feeling of energy, vigour and well-being to the scalp.","robots":{"index":"index","follow":"follow","max-snippet":"max-snippet:-1","max-image-preview":"max-image-preview:large","max-video-preview":"max-video-preview:-1"},"canonical":"https:\/\/mybloomgroom.com\/vi\/san-pham\/davines-energizing-shampoo-thinning-hair\/","og_locale":"vi_VN","og_type":"article","og_title":"DAVINES ENERGIZING Shampoo for thinning hair - BLOOM GROOM SALON","og_description":"Energizing shampoo that gently cleanses the hair, giving a feeling of energy, vigour and well-being to the scalp.","og_url":"https:\/\/mybloomgroom.com\/vi\/san-pham\/davines-energizing-shampoo-thinning-hair\/","og_site_name":"BLOOM GROOM SALON","article_modified_time":"2025-08-30T01:55:02+00:00","og_image":[{"width":1024,"height":1024,"url":"https:\/\/mybloomgroom.com\/wp-content\/uploads\/2023\/06\/energizing-shampoo.jpeg","type":"image\/jpeg"}],"twitter_card":"summary_large_image","twitter_misc":{"\u01af\u1edbc t\u00ednh th\u1eddi gian \u0111\u1ecdc":"1 ph\u00fat"},"schema":{"@context":"https:\/\/schema.org","@graph":[{"@type":"WebPage","@id":"https:\/\/mybloomgroom.com\/product\/davines-energizing-shampoo-thinning-hair\/","url":"https:\/\/mybloomgroom.com\/product\/davines-energizing-shampoo-thinning-hair\/","name":"DAVINES ENERGIZING Shampoo for thinning hair - BLOOM GROOM SALON","isPartOf":{"@id":"https:\/\/mybloomgroom.com\/#website"},"primaryImageOfPage":{"@id":"https:\/\/mybloomgroom.com\/product\/davines-energizing-shampoo-thinning-hair\/#primaryimage"},"image":{"@id":"https:\/\/mybloomgroom.com\/product\/davines-energizing-shampoo-thinning-hair\/#primaryimage"},"thumbnailUrl":"https:\/\/mybloomgroom.com\/wp-content\/uploads\/2023\/06\/energizing-shampoo.jpeg","datePublished":"2023-06-22T04:28:13+00:00","dateModified":"2025-08-30T01:55:02+00:00","description":"Energizing shampoo that gently cleanses the hair, giving a feeling of energy, vigour and well-being to the scalp.","breadcrumb":{"@id":"https:\/\/mybloomgroom.com\/product\/davines-energizing-shampoo-thinning-hair\/#breadcrumb"},"inLanguage":"vi","potentialAction":[{"@type":"ReadAction","target":["https:\/\/mybloomgroom.com\/product\/davines-energizing-shampoo-thinning-hair\/"]}]},{"@type":"ImageObject","inLanguage":"vi","@id":"https:\/\/mybloomgroom.com\/product\/davines-energizing-shampoo-thinning-hair\/#primaryimage","url":"https:\/\/mybloomgroom.com\/wp-content\/uploads\/2023\/06\/energizing-shampoo.jpeg","contentUrl":"https:\/\/mybloomgroom.com\/wp-content\/uploads\/2023\/06\/energizing-shampoo.jpeg","width":1024,"height":1024,"caption":"Eco-friendly Davines haircare at Bloom Groom Salon"},{"@type":"BreadcrumbList","@id":"https:\/\/mybloomgroom.com\/product\/davines-energizing-shampoo-thinning-hair\/#breadcrumb","itemListElement":[{"@type":"ListItem","position":1,"name":"Home","item":"https:\/\/mybloomgroom.com\/"},{"@type":"ListItem","position":2,"name":"Salon Shop","item":"https:\/\/mybloomgroom.com\/salon-shop\/"},{"@type":"ListItem","position":3,"name":"DAVINES ENERGIZING Shampoo for thinning hair"}]},{"@type":"WebSite","@id":"https:\/\/mybloomgroom.com\/#website","url":"https:\/\/mybloomgroom.com\/","name":"BLOOM GROOM SALON","description":"Spa l\u00e0m \u0111\u1eb9p c\u1ee7a b\u1ea1n \u1edf S\u00e0i G\u00f2n","potentialAction":[{"@type":"SearchAction","target":{"@type":"EntryPoint","urlTemplate":"https:\/\/mybloomgroom.com\/?s={search_term_string}"},"query-input":{"@type":"PropertyValueSpecification","valueRequired":true,"valueName":"search_term_string"}}],"inLanguage":"vi"}]}},"_links":{"self":[{"href":"https:\/\/mybloomgroom.com\/vi\/wp-json\/wp\/v2\/product\/7011","targetHints":{"allow":["GET"]}}],"collection":[{"href":"https:\/\/mybloomgroom.com\/vi\/wp-json\/wp\/v2\/product"}],"about":[{"href":"https:\/\/mybloomgroom.com\/vi\/wp-json\/wp\/v2\/types\/product"}],"version-history":[{"count":0,"href":"https:\/\/mybloomgroom.com\/vi\/wp-json\/wp\/v2\/product\/7011\/revisions"}],"wp:featuredmedia":[{"embeddable":true,"href":"https:\/\/mybloomgroom.com\/vi\/wp-json\/wp\/v2\/media\/7012"}],"wp:attachment":[{"href":"https:\/\/mybloomgroom.com\/vi\/wp-json\/wp\/v2\/media?parent=7011"}],"wp:term":[{"taxonomy":"product_brand","embeddable":true,"href":"https:\/\/mybloomgroom.com\/vi\/wp-json\/wp\/v2\/product_brand?post=7011"},{"taxonomy":"product_cat","embeddable":true,"href":"https:\/\/mybloomgroom.com\/vi\/wp-json\/wp\/v2\/product_cat?post=7011"},{"taxonomy":"product_tag","embeddable":true,"href":"https:\/\/mybloomgroom.com\/vi\/wp-json\/wp\/v2\/product_tag?post=7011"}],"curies":[{"name":"wp","href":"https:\/\/api.w.org\/{rel}","templated":true}]}}