{"id":7003,"date":"2023-06-17T22:21:52","date_gmt":"2023-06-17T15:21:52","guid":{"rendered":"https:\/\/mybloomgroom.com\/?post_type=product&#038;p=7003"},"modified":"2025-03-27T10:16:27","modified_gmt":"2025-03-27T03:16:27","slug":"davines-oi-oil-travel-kit","status":"publish","type":"product","link":"https:\/\/mybloomgroom.com\/vi\/san-pham\/davines-oi-oil-travel-kit\/","title":{"rendered":"B\u1ed9 d\u1ee5ng c\u1ee5 du l\u1ecbch d\u1ea7u DAVINES OI"},"content":{"rendered":"<h2 class=\"product-short_description\">D\u1ea7u ch\u1ed1ng xo\u0103n c\u1ee9ng d\u00e0nh cho t\u00f3c kh\u00f4 V\u1edaI D\u1ea6U G\u1ed8I &amp; D\u1ea6U X\u1ea2 D\u1ea6U D\u01af\u1ee0NG C\u1ee0 K\u00cdCH C\u1ee0 DU L\u1ecaCH MI\u1ec4N PH\u00cd<\/h2>","protected":false},"excerpt":{"rendered":"<p>V\u1edbi h\u01b0\u01a1ng th\u01a1m sang tr\u1ecdng v\u00e0 \u0111\u1ed9 b\u00f3ng l\u00fd t\u01b0\u1edfng cho m\u1ecdi lo\u1ea1i t\u00f3c, B\u1ed9 OI l\u00e0 s\u1ef1 l\u1ef1a ch\u1ecdn d\u1ec5 d\u00e0ng cho nh\u1eefng ai mong mu\u1ed1n c\u00f3 m\u00e1i t\u00f3c \u0111\u1eb9p, b\u00f3ng m\u01b0\u1ee3t v\u00e0 th\u01a1m m\u00e1t.<\/p>\n<p>D\u1ea7u \u0111a ch\u1ee9c n\u0103ng, t\u0103ng \u0111\u1ed9 b\u00f3ng v\u00e0 m\u1ec1m cho t\u00f3c \u0111\u1ed3ng th\u1eddi g\u1ee1 r\u1ed1i v\u00e0 ch\u1ed1ng xo\u0103n c\u1ee9ng, ho\u1ea1t \u0111\u1ed9ng \u0111\u1eb7c bi\u1ec7t hi\u1ec7u qu\u1ea3 tr\u00ean t\u00f3c th\u00f4 ho\u1eb7c kh\u00f4. C\u1ea5u tr\u00fac t\u00f3c \u0111\u01b0\u1ee3c b\u1ea3o v\u1ec7 m\u00e0 kh\u00f4ng l\u00e0m n\u1eb7ng t\u00f3c.<\/p>\n<p><label class=\"accordion__label\" for=\"benefits\"><span class=\"accordion__title\">Nh\u1eefng l\u1ee3i \u00edch<\/span><\/label><\/p>\n<div class=\"accordion__text container\">\n<div class=\"specifics\">\n<div class=\"specifics__wrapper\">\n<div class=\"specifics__item\">\n<div class=\"specifics__list\"><b>d\u1ea7u m\u1ee1<\/b>: 135ML<br \/>\nT\u00f3c s\u00e1ng b\u00f3ng, ng\u1eadm n\u01b0\u1edbc, kh\u00f4ng xo\u0103n c\u1ee9ng v\u00e0 \u0111\u01b0\u1ee3c b\u1ea3o v\u1ec7 kh\u1ecfi c\u00e1c y\u1ebfu t\u1ed1 t\u1ea1o ki\u1ec3u v\u00e0 m\u00f4i tr\u01b0\u1eddng.<br \/>\nH\u01b0\u01a1ng th\u01a1m dai d\u1eb3ng.<br \/>\n<b>d\u1ea7u g\u1ed9i OI<\/b>: 90ML<br \/>\nL\u00e0m s\u1ea1ch tinh t\u1ebf v\u00e0 c\u1ea3m gi\u00e1c.<br \/>\n\u0110\u01b0\u1ee3c l\u00e0m gi\u00e0u v\u1edbi d\u1ea7u Roucou ch\u1ee9a \u0111\u1ea7y beta-carotene v\u00e0 ch\u1ea5t ch\u1ed1ng oxy h\u00f3a.<br \/>\nN\u00f3 gi\u00fap t\u00f3c ch\u1eafc kh\u1ecfe v\u00e0 b\u1ea3o v\u1ec7 ch\u1ed1ng l\u1ea1i t\u00e1c \u0111\u1ed9ng c\u1ee7a l\u00e3o h\u00f3a v\u00e0 t\u00e1c h\u1ea1i c\u1ee7a m\u00f4i tr\u01b0\u1eddng.<br \/>\nH\u00e0nh \u0111\u1ed9ng g\u1ee1 r\u1ed1i.<br \/>\nHi\u1ec7u qu\u1ea3 th\u1ea9m m\u1ef9 m\u1ea1nh m\u1ebd v\u00e0 ngay l\u1eadp t\u1ee9c.<br \/>\nT\u00f3c m\u1ec1m, b\u00f3ng v\u00e0 \u0111\u1ea7y \u0111\u1eb7n.<br \/>\nN\u01b0\u1edbc hoa dai d\u1eb3ng.<\/div>\n<div class=\"specifics__list\"><b>d\u1ea7u x\u1ea3 OI<\/b>: 75ML<br \/>\nN\u00f3 nu\u00f4i d\u01b0\u1ee1ng v\u00e0 gi\u1eef \u1ea9m cho t\u00f3c v\u1edbi t\u00e1c d\u1ee5ng l\u00e0m \u0111\u1eb9p th\u00eam.<br \/>\nB\u1ea3o v\u1ec7 ch\u1ed1ng oxy h\u00f3a kh\u1ecfi tia UV.<br \/>\nT\u0103ng t\u1ed1c qu\u00e1 tr\u00ecnh s\u1ea5y.<br \/>\nHi\u1ec7u qu\u1ea3 th\u1ea9m m\u1ef9 m\u1ea1nh m\u1ebd v\u00e0 ngay l\u1eadp t\u1ee9c.<br \/>\nT\u00f3c c\u1ef1c m\u1ec1m, \u0111\u1ea7y \u0111\u1eb7n v\u00e0 s\u00e1ng.<br \/>\nH\u01b0\u01a1ng th\u01a1m dai d\u1eb3ng.<\/div>\n<\/div>\n<\/div>\n<\/div>\n<\/div>","protected":false},"featured_media":7005,"template":"","meta":[],"product_brand":[],"product_cat":[39],"product_tag":[225,179,183,178,181,180],"class_list":{"0":"post-7003","1":"product","2":"type-product","3":"status-publish","4":"has-post-thumbnail","6":"product_cat-davines","7":"product_tag-all-hair-types","8":"product_tag-conditioner","9":"product_tag-heat-protection","10":"product_tag-shampoo","11":"product_tag-styling","12":"product_tag-treatment","14":"first","15":"outofstock","16":"shipping-taxable","17":"purchasable","18":"product-type-simple"},"yoast_head":"<!-- This site is optimized with the Yoast SEO plugin v26.0 - https:\/\/yoast.com\/wordpress\/plugins\/seo\/ -->\n<title>DAVINES OI Oil Travel Kit - BLOOM GROOM SALON<\/title>\n<meta name=\"description\" content=\"For luxe scents and shine ideal for all hair types, the OI Set is an easy choice for those who desire beautiful, shiny and fragrant hair\" \/>\n<meta name=\"robots\" content=\"index, follow, max-snippet:-1, max-image-preview:large, max-video-preview:-1\" \/>\n<link rel=\"canonical\" href=\"https:\/\/mybloomgroom.com\/vi\/san-pham\/davines-oi-oil-travel-kit\/\" \/>\n<meta property=\"og:locale\" content=\"vi_VN\" \/>\n<meta property=\"og:type\" content=\"article\" \/>\n<meta property=\"og:title\" content=\"DAVINES OI Oil Travel Kit - BLOOM GROOM SALON\" \/>\n<meta property=\"og:description\" content=\"For luxe scents and shine ideal for all hair types, the OI Set is an easy choice for those who desire beautiful, shiny and fragrant hair\" \/>\n<meta property=\"og:url\" content=\"https:\/\/mybloomgroom.com\/vi\/san-pham\/davines-oi-oil-travel-kit\/\" \/>\n<meta property=\"og:site_name\" content=\"BLOOM GROOM SALON\" \/>\n<meta property=\"article:modified_time\" content=\"2025-03-27T03:16:27+00:00\" \/>\n<meta property=\"og:image\" content=\"https:\/\/mybloomgroom.com\/wp-content\/uploads\/2023\/06\/oi-oil-gift-box-2.jpeg\" \/>\n\t<meta property=\"og:image:width\" content=\"1024\" \/>\n\t<meta property=\"og:image:height\" content=\"1024\" \/>\n\t<meta property=\"og:image:type\" content=\"image\/jpeg\" \/>\n<meta name=\"twitter:card\" content=\"summary_large_image\" \/>\n<meta name=\"twitter:label1\" content=\"\u01af\u1edbc t\u00ednh th\u1eddi gian \u0111\u1ecdc\" \/>\n\t<meta name=\"twitter:data1\" content=\"1 ph\u00fat\" \/>\n<script type=\"application\/ld+json\" class=\"yoast-schema-graph\">{\"@context\":\"https:\/\/schema.org\",\"@graph\":[{\"@type\":\"WebPage\",\"@id\":\"https:\/\/mybloomgroom.com\/product\/davines-oi-oil-travel-kit\/\",\"url\":\"https:\/\/mybloomgroom.com\/product\/davines-oi-oil-travel-kit\/\",\"name\":\"DAVINES OI Oil Travel Kit - BLOOM GROOM SALON\",\"isPartOf\":{\"@id\":\"http:\/\/mybloomgroom.com\/vi\/#website\"},\"primaryImageOfPage\":{\"@id\":\"https:\/\/mybloomgroom.com\/product\/davines-oi-oil-travel-kit\/#primaryimage\"},\"image\":{\"@id\":\"https:\/\/mybloomgroom.com\/product\/davines-oi-oil-travel-kit\/#primaryimage\"},\"thumbnailUrl\":\"https:\/\/mybloomgroom.com\/wp-content\/uploads\/2023\/06\/oi-oil-gift-box-2.jpeg\",\"datePublished\":\"2023-06-17T15:21:52+00:00\",\"dateModified\":\"2025-03-27T03:16:27+00:00\",\"description\":\"For luxe scents and shine ideal for all hair types, the OI Set is an easy choice for those who desire beautiful, shiny and fragrant hair\",\"breadcrumb\":{\"@id\":\"https:\/\/mybloomgroom.com\/product\/davines-oi-oil-travel-kit\/#breadcrumb\"},\"inLanguage\":\"vi\",\"potentialAction\":[{\"@type\":\"ReadAction\",\"target\":[\"https:\/\/mybloomgroom.com\/product\/davines-oi-oil-travel-kit\/\"]}]},{\"@type\":\"ImageObject\",\"inLanguage\":\"vi\",\"@id\":\"https:\/\/mybloomgroom.com\/product\/davines-oi-oil-travel-kit\/#primaryimage\",\"url\":\"https:\/\/mybloomgroom.com\/wp-content\/uploads\/2023\/06\/oi-oil-gift-box-2.jpeg\",\"contentUrl\":\"https:\/\/mybloomgroom.com\/wp-content\/uploads\/2023\/06\/oi-oil-gift-box-2.jpeg\",\"width\":1024,\"height\":1024,\"caption\":\"davines-oi-oil-gift-box\"},{\"@type\":\"BreadcrumbList\",\"@id\":\"https:\/\/mybloomgroom.com\/product\/davines-oi-oil-travel-kit\/#breadcrumb\",\"itemListElement\":[{\"@type\":\"ListItem\",\"position\":1,\"name\":\"Home\",\"item\":\"https:\/\/mybloomgroom.com\/\"},{\"@type\":\"ListItem\",\"position\":2,\"name\":\"Salon Shop\",\"item\":\"https:\/\/mybloomgroom.com\/salon-shop\/\"},{\"@type\":\"ListItem\",\"position\":3,\"name\":\"DAVINES OI Oil Travel Kit\"}]},{\"@type\":\"WebSite\",\"@id\":\"http:\/\/mybloomgroom.com\/vi\/#website\",\"url\":\"http:\/\/mybloomgroom.com\/vi\/\",\"name\":\"BLOOM GROOM SALON\",\"description\":\"Your beauty spa in Saigon\",\"potentialAction\":[{\"@type\":\"SearchAction\",\"target\":{\"@type\":\"EntryPoint\",\"urlTemplate\":\"http:\/\/mybloomgroom.com\/vi\/?s={search_term_string}\"},\"query-input\":{\"@type\":\"PropertyValueSpecification\",\"valueRequired\":true,\"valueName\":\"search_term_string\"}}],\"inLanguage\":\"vi\"}]}<\/script>\n<!-- \/ Yoast SEO plugin. -->","yoast_head_json":{"title":"DAVINES OI Oil Travel Kit - BLOOM GROOM SALON","description":"For luxe scents and shine ideal for all hair types, the OI Set is an easy choice for those who desire beautiful, shiny and fragrant hair","robots":{"index":"index","follow":"follow","max-snippet":"max-snippet:-1","max-image-preview":"max-image-preview:large","max-video-preview":"max-video-preview:-1"},"canonical":"https:\/\/mybloomgroom.com\/vi\/san-pham\/davines-oi-oil-travel-kit\/","og_locale":"vi_VN","og_type":"article","og_title":"DAVINES OI Oil Travel Kit - BLOOM GROOM SALON","og_description":"For luxe scents and shine ideal for all hair types, the OI Set is an easy choice for those who desire beautiful, shiny and fragrant hair","og_url":"https:\/\/mybloomgroom.com\/vi\/san-pham\/davines-oi-oil-travel-kit\/","og_site_name":"BLOOM GROOM SALON","article_modified_time":"2025-03-27T03:16:27+00:00","og_image":[{"width":1024,"height":1024,"url":"https:\/\/mybloomgroom.com\/wp-content\/uploads\/2023\/06\/oi-oil-gift-box-2.jpeg","type":"image\/jpeg"}],"twitter_card":"summary_large_image","twitter_misc":{"\u01af\u1edbc t\u00ednh th\u1eddi gian \u0111\u1ecdc":"1 ph\u00fat"},"schema":{"@context":"https:\/\/schema.org","@graph":[{"@type":"WebPage","@id":"https:\/\/mybloomgroom.com\/product\/davines-oi-oil-travel-kit\/","url":"https:\/\/mybloomgroom.com\/product\/davines-oi-oil-travel-kit\/","name":"DAVINES OI Oil Travel Kit - BLOOM GROOM SALON","isPartOf":{"@id":"http:\/\/mybloomgroom.com\/vi\/#website"},"primaryImageOfPage":{"@id":"https:\/\/mybloomgroom.com\/product\/davines-oi-oil-travel-kit\/#primaryimage"},"image":{"@id":"https:\/\/mybloomgroom.com\/product\/davines-oi-oil-travel-kit\/#primaryimage"},"thumbnailUrl":"https:\/\/mybloomgroom.com\/wp-content\/uploads\/2023\/06\/oi-oil-gift-box-2.jpeg","datePublished":"2023-06-17T15:21:52+00:00","dateModified":"2025-03-27T03:16:27+00:00","description":"For luxe scents and shine ideal for all hair types, the OI Set is an easy choice for those who desire beautiful, shiny and fragrant hair","breadcrumb":{"@id":"https:\/\/mybloomgroom.com\/product\/davines-oi-oil-travel-kit\/#breadcrumb"},"inLanguage":"vi","potentialAction":[{"@type":"ReadAction","target":["https:\/\/mybloomgroom.com\/product\/davines-oi-oil-travel-kit\/"]}]},{"@type":"ImageObject","inLanguage":"vi","@id":"https:\/\/mybloomgroom.com\/product\/davines-oi-oil-travel-kit\/#primaryimage","url":"https:\/\/mybloomgroom.com\/wp-content\/uploads\/2023\/06\/oi-oil-gift-box-2.jpeg","contentUrl":"https:\/\/mybloomgroom.com\/wp-content\/uploads\/2023\/06\/oi-oil-gift-box-2.jpeg","width":1024,"height":1024,"caption":"davines-oi-oil-gift-box"},{"@type":"BreadcrumbList","@id":"https:\/\/mybloomgroom.com\/product\/davines-oi-oil-travel-kit\/#breadcrumb","itemListElement":[{"@type":"ListItem","position":1,"name":"Home","item":"https:\/\/mybloomgroom.com\/"},{"@type":"ListItem","position":2,"name":"Salon Shop","item":"https:\/\/mybloomgroom.com\/salon-shop\/"},{"@type":"ListItem","position":3,"name":"DAVINES OI Oil Travel Kit"}]},{"@type":"WebSite","@id":"http:\/\/mybloomgroom.com\/vi\/#website","url":"http:\/\/mybloomgroom.com\/vi\/","name":"BLOOM GROOM SALON","description":"Spa l\u00e0m \u0111\u1eb9p c\u1ee7a b\u1ea1n \u1edf S\u00e0i G\u00f2n","potentialAction":[{"@type":"SearchAction","target":{"@type":"EntryPoint","urlTemplate":"http:\/\/mybloomgroom.com\/vi\/?s={search_term_string}"},"query-input":{"@type":"PropertyValueSpecification","valueRequired":true,"valueName":"search_term_string"}}],"inLanguage":"vi"}]}},"_links":{"self":[{"href":"https:\/\/mybloomgroom.com\/vi\/wp-json\/wp\/v2\/product\/7003","targetHints":{"allow":["GET"]}}],"collection":[{"href":"https:\/\/mybloomgroom.com\/vi\/wp-json\/wp\/v2\/product"}],"about":[{"href":"https:\/\/mybloomgroom.com\/vi\/wp-json\/wp\/v2\/types\/product"}],"version-history":[{"count":0,"href":"https:\/\/mybloomgroom.com\/vi\/wp-json\/wp\/v2\/product\/7003\/revisions"}],"wp:featuredmedia":[{"embeddable":true,"href":"https:\/\/mybloomgroom.com\/vi\/wp-json\/wp\/v2\/media\/7005"}],"wp:attachment":[{"href":"https:\/\/mybloomgroom.com\/vi\/wp-json\/wp\/v2\/media?parent=7003"}],"wp:term":[{"taxonomy":"product_brand","embeddable":true,"href":"https:\/\/mybloomgroom.com\/vi\/wp-json\/wp\/v2\/product_brand?post=7003"},{"taxonomy":"product_cat","embeddable":true,"href":"https:\/\/mybloomgroom.com\/vi\/wp-json\/wp\/v2\/product_cat?post=7003"},{"taxonomy":"product_tag","embeddable":true,"href":"https:\/\/mybloomgroom.com\/vi\/wp-json\/wp\/v2\/product_tag?post=7003"}],"curies":[{"name":"wp","href":"https:\/\/api.w.org\/{rel}","templated":true}]}}