{"id":6908,"date":"2023-03-02T23:26:19","date_gmt":"2023-03-02T16:26:19","guid":{"rendered":"https:\/\/mybloomgroom.com\/?post_type=product&#038;p=6908"},"modified":"2025-06-11T20:55:29","modified_gmt":"2025-06-11T13:55:29","slug":"glampalm-airtouch-dryer","status":"publish","type":"product","link":"https:\/\/mybloomgroom.com\/vi\/san-pham\/glampalm-airtouch-dryer\/","title":{"rendered":"M\u00c1Y S\u1ea4Y C\u1ea2M \u1ee8NG KH\u00d4NG KH\u00cd GLAMPALM"},"content":{"rendered":"<h2>n\u1eb7ng d\u01b0\u1edbi 1lb. \u0110\u1ed3ng h\u1ed3 t\u1ed1c \u0111\u1ed9 gi\u00f3 \u1edf m\u1ee9c 84 MPH, v\u1edbi c\u00f4ng su\u1ea5t d\u01b0\u1edbi 1500W.<\/h2>","protected":false},"excerpt":{"rendered":"<p>C\u01a1 th\u1ec3 n\u1eb7ng ch\u01b0a \u0111\u1ebfn 1lb. \u0110\u1ed3ng h\u1ed3 t\u1ed1c \u0111\u1ed9 gi\u00f3 \u1edf m\u1ee9c 84 MPH, so v\u1edbi 70 MPH \u0111\u1ed1i v\u1edbi m\u00e1y s\u1ea5y c\u1ee7a m\u1ed9t c\u00f4ng ty V\u01b0\u01a1ng qu\u1ed1c Anh. V\u00e0 n\u00f3 c\u1ee9u Tr\u00e1i \u0111\u1ea5t b\u1eb1ng c\u00e1ch l\u00e0m t\u1ea5t c\u1ea3 nh\u1eefng \u0111i\u1ec1u n\u00e0y v\u1edbi \u00edt h\u01a1n 1500W.<\/p>\n<p>V\u00e0 c\u0169ng gi\u1ed1ng nh\u01b0 c\u00e1c c\u00f4ng c\u1ee5 t\u1ea1o ki\u1ec3u c\u1ee7a ch\u00fang t\u00f4i, m\u00e1y s\u1ea5y k\u1ebft h\u1ee3p g\u1ed1m Healing Stone. L\u01b0\u1edbi tho\u00e1t ra \u0111\u01b0\u1ee3c ph\u1ee7 \u0111\u1ea7y \u0111\u1ee7 v\u00e0 truy\u1ec1n nhi\u1ec7t h\u1ed3ng ngo\u1ea1i xa nh\u1eb9 nh\u00e0ng v\u00e0o kh\u00f4ng kh\u00ed, gi\u00fap t\u00f3c kh\u1ecfe h\u01a1n. Nh\u1eb9, m\u1ea1nh m\u1ebd v\u00e0 hi\u1ec7u qu\u1ea3!<\/p>\n<p><strong>T\u00ednh n\u0103ng s\u1ea3n ph\u1ea9m:<\/strong><\/p>\n<ul>\n<li>C\u00e2n n\u1eb7ng d\u01b0\u1edbi 1lb (tr\u1eeb d\u00e2y, ti\u1ebft l\u1ed9 \u0111\u1ea7y \u0111\u1ee7)<\/li>\n<li>t\u1ed1c \u0111\u1ed9 gi\u00f3 84 MPH<\/li>\n<li>\u0110\u1ed9ng c\u01a1 BLDC (Brush Less DC) ti\u1ebft ki\u1ec7m \u0111i\u1ec7n n\u0103ng<\/li>\n<li>3 t\u1ed1c \u0111\u1ed9 v\u00e0 2 c\u00e0i \u0111\u1eb7t nhi\u1ec7t, d\u00e2y d\u00e0i 10 foot<\/li>\n<li>L\u01b0\u1edbi \u0111\u00e1 ch\u1eefa b\u1ec7nh truy\u1ec1n nhi\u1ec7t h\u1ed3ng ngo\u1ea1i xa nh\u1eb9 nh\u00e0ng v\u00e0 anion v\u00e0o kh\u00f4ng kh\u00ed<\/li>\n<li>Ch\u1ec9 110V-120V (c\u1eeda h\u00e0ng \u1edf M\u1ef9)<\/li>\n<li><strong>B\u1ea3o h\u00e0nh 1 n\u0103m c\u1ee7a nh\u00e0 s\u1ea3n xu\u1ea5t<\/strong><\/li>\n<\/ul>","protected":false},"featured_media":6910,"template":"","meta":[],"product_brand":[],"product_cat":[184],"product_tag":[185,188,183,187,181],"class_list":{"0":"post-6908","1":"product","2":"type-product","3":"status-publish","4":"has-post-thumbnail","6":"product_cat-glampalm","7":"product_tag-glampalm","8":"product_tag-hair-dryer","9":"product_tag-heat-protection","10":"product_tag-heated-tools","11":"product_tag-styling","13":"first","14":"outofstock","15":"shipping-taxable","16":"purchasable","17":"product-type-simple"},"yoast_head":"<!-- This site is optimized with the Yoast SEO plugin v26.0 - https:\/\/yoast.com\/wordpress\/plugins\/seo\/ -->\n<title>GLAMPALM AIRTOUCH DRYER - BLOOM GROOM SALON<\/title>\n<meta name=\"description\" content=\"And just like our styling tools, the dryer incorporates Healing Stone ceramic\" \/>\n<meta name=\"robots\" content=\"index, follow, max-snippet:-1, max-image-preview:large, max-video-preview:-1\" \/>\n<link rel=\"canonical\" href=\"https:\/\/mybloomgroom.com\/vi\/san-pham\/glampalm-airtouch-dryer\/\" \/>\n<meta property=\"og:locale\" content=\"vi_VN\" \/>\n<meta property=\"og:type\" content=\"article\" \/>\n<meta property=\"og:title\" content=\"GLAMPALM AIRTOUCH DRYER - BLOOM GROOM SALON\" \/>\n<meta property=\"og:description\" content=\"And just like our styling tools, the dryer incorporates Healing Stone ceramic\" \/>\n<meta property=\"og:url\" content=\"https:\/\/mybloomgroom.com\/vi\/san-pham\/glampalm-airtouch-dryer\/\" \/>\n<meta property=\"og:site_name\" content=\"BLOOM GROOM SALON\" \/>\n<meta property=\"article:modified_time\" content=\"2025-06-11T13:55:29+00:00\" \/>\n<meta property=\"og:image\" content=\"https:\/\/mybloomgroom.com\/wp-content\/uploads\/2023\/05\/airtouch-black.jpeg\" \/>\n\t<meta property=\"og:image:width\" content=\"1024\" \/>\n\t<meta property=\"og:image:height\" content=\"1024\" \/>\n\t<meta property=\"og:image:type\" content=\"image\/jpeg\" \/>\n<meta name=\"twitter:card\" content=\"summary_large_image\" \/>\n<meta name=\"twitter:label1\" content=\"\u01af\u1edbc t\u00ednh th\u1eddi gian \u0111\u1ecdc\" \/>\n\t<meta name=\"twitter:data1\" content=\"1 ph\u00fat\" \/>\n<script type=\"application\/ld+json\" class=\"yoast-schema-graph\">{\"@context\":\"https:\/\/schema.org\",\"@graph\":[{\"@type\":\"WebPage\",\"@id\":\"https:\/\/mybloomgroom.com\/vi\/san-pham\/glampalm-airtouch-dryer\/\",\"url\":\"https:\/\/mybloomgroom.com\/vi\/san-pham\/glampalm-airtouch-dryer\/\",\"name\":\"GLAMPALM AIRTOUCH DRYER - BLOOM GROOM SALON\",\"isPartOf\":{\"@id\":\"https:\/\/mybloomgroom.com\/vi\/#website\"},\"primaryImageOfPage\":{\"@id\":\"https:\/\/mybloomgroom.com\/vi\/san-pham\/glampalm-airtouch-dryer\/#primaryimage\"},\"image\":{\"@id\":\"https:\/\/mybloomgroom.com\/vi\/san-pham\/glampalm-airtouch-dryer\/#primaryimage\"},\"thumbnailUrl\":\"https:\/\/mybloomgroom.com\/wp-content\/uploads\/2023\/05\/airtouch-black.jpeg\",\"datePublished\":\"2023-03-02T16:26:19+00:00\",\"dateModified\":\"2025-06-11T13:55:29+00:00\",\"description\":\"And just like our styling tools, the dryer incorporates Healing Stone ceramic\",\"breadcrumb\":{\"@id\":\"https:\/\/mybloomgroom.com\/vi\/san-pham\/glampalm-airtouch-dryer\/#breadcrumb\"},\"inLanguage\":\"vi\",\"potentialAction\":[{\"@type\":\"ReadAction\",\"target\":[\"https:\/\/mybloomgroom.com\/vi\/san-pham\/glampalm-airtouch-dryer\/\"]}]},{\"@type\":\"ImageObject\",\"inLanguage\":\"vi\",\"@id\":\"https:\/\/mybloomgroom.com\/vi\/san-pham\/glampalm-airtouch-dryer\/#primaryimage\",\"url\":\"https:\/\/mybloomgroom.com\/wp-content\/uploads\/2023\/05\/airtouch-black.jpeg\",\"contentUrl\":\"https:\/\/mybloomgroom.com\/wp-content\/uploads\/2023\/05\/airtouch-black.jpeg\",\"width\":1024,\"height\":1024},{\"@type\":\"BreadcrumbList\",\"@id\":\"https:\/\/mybloomgroom.com\/vi\/san-pham\/glampalm-airtouch-dryer\/#breadcrumb\",\"itemListElement\":[{\"@type\":\"ListItem\",\"position\":1,\"name\":\"Home\",\"item\":\"http:\/\/mybloomgroom.com\/vi\/\"},{\"@type\":\"ListItem\",\"position\":2,\"name\":\"Salon Shop\",\"item\":\"http:\/\/mybloomgroom.com\/vi\/salon-shop\/\"},{\"@type\":\"ListItem\",\"position\":3,\"name\":\"GLAMPALM AIRTOUCH DRYER\"}]},{\"@type\":\"WebSite\",\"@id\":\"https:\/\/mybloomgroom.com\/vi\/#website\",\"url\":\"https:\/\/mybloomgroom.com\/vi\/\",\"name\":\"BLOOM GROOM SALON\",\"description\":\"Your beauty spa in Saigon\",\"potentialAction\":[{\"@type\":\"SearchAction\",\"target\":{\"@type\":\"EntryPoint\",\"urlTemplate\":\"https:\/\/mybloomgroom.com\/vi\/?s={search_term_string}\"},\"query-input\":{\"@type\":\"PropertyValueSpecification\",\"valueRequired\":true,\"valueName\":\"search_term_string\"}}],\"inLanguage\":\"vi\"}]}<\/script>\n<!-- \/ Yoast SEO plugin. -->","yoast_head_json":{"title":"GLAMPALM AIRTOUCH DRYER - BLOOM GROOM SALON","description":"And just like our styling tools, the dryer incorporates Healing Stone ceramic","robots":{"index":"index","follow":"follow","max-snippet":"max-snippet:-1","max-image-preview":"max-image-preview:large","max-video-preview":"max-video-preview:-1"},"canonical":"https:\/\/mybloomgroom.com\/vi\/san-pham\/glampalm-airtouch-dryer\/","og_locale":"vi_VN","og_type":"article","og_title":"GLAMPALM AIRTOUCH DRYER - BLOOM GROOM SALON","og_description":"And just like our styling tools, the dryer incorporates Healing Stone ceramic","og_url":"https:\/\/mybloomgroom.com\/vi\/san-pham\/glampalm-airtouch-dryer\/","og_site_name":"BLOOM GROOM SALON","article_modified_time":"2025-06-11T13:55:29+00:00","og_image":[{"width":1024,"height":1024,"url":"https:\/\/mybloomgroom.com\/wp-content\/uploads\/2023\/05\/airtouch-black.jpeg","type":"image\/jpeg"}],"twitter_card":"summary_large_image","twitter_misc":{"\u01af\u1edbc t\u00ednh th\u1eddi gian \u0111\u1ecdc":"1 ph\u00fat"},"schema":{"@context":"https:\/\/schema.org","@graph":[{"@type":"WebPage","@id":"https:\/\/mybloomgroom.com\/vi\/san-pham\/glampalm-airtouch-dryer\/","url":"https:\/\/mybloomgroom.com\/vi\/san-pham\/glampalm-airtouch-dryer\/","name":"GLAMPALM AIRTOUCH DRYER - BLOOM GROOM SALON","isPartOf":{"@id":"https:\/\/mybloomgroom.com\/vi\/#website"},"primaryImageOfPage":{"@id":"https:\/\/mybloomgroom.com\/vi\/san-pham\/glampalm-airtouch-dryer\/#primaryimage"},"image":{"@id":"https:\/\/mybloomgroom.com\/vi\/san-pham\/glampalm-airtouch-dryer\/#primaryimage"},"thumbnailUrl":"https:\/\/mybloomgroom.com\/wp-content\/uploads\/2023\/05\/airtouch-black.jpeg","datePublished":"2023-03-02T16:26:19+00:00","dateModified":"2025-06-11T13:55:29+00:00","description":"And just like our styling tools, the dryer incorporates Healing Stone ceramic","breadcrumb":{"@id":"https:\/\/mybloomgroom.com\/vi\/san-pham\/glampalm-airtouch-dryer\/#breadcrumb"},"inLanguage":"vi","potentialAction":[{"@type":"ReadAction","target":["https:\/\/mybloomgroom.com\/vi\/san-pham\/glampalm-airtouch-dryer\/"]}]},{"@type":"ImageObject","inLanguage":"vi","@id":"https:\/\/mybloomgroom.com\/vi\/san-pham\/glampalm-airtouch-dryer\/#primaryimage","url":"https:\/\/mybloomgroom.com\/wp-content\/uploads\/2023\/05\/airtouch-black.jpeg","contentUrl":"https:\/\/mybloomgroom.com\/wp-content\/uploads\/2023\/05\/airtouch-black.jpeg","width":1024,"height":1024},{"@type":"BreadcrumbList","@id":"https:\/\/mybloomgroom.com\/vi\/san-pham\/glampalm-airtouch-dryer\/#breadcrumb","itemListElement":[{"@type":"ListItem","position":1,"name":"Home","item":"http:\/\/mybloomgroom.com\/vi\/"},{"@type":"ListItem","position":2,"name":"Salon Shop","item":"http:\/\/mybloomgroom.com\/vi\/salon-shop\/"},{"@type":"ListItem","position":3,"name":"GLAMPALM AIRTOUCH DRYER"}]},{"@type":"WebSite","@id":"https:\/\/mybloomgroom.com\/vi\/#website","url":"https:\/\/mybloomgroom.com\/vi\/","name":"BLOOM GROOM SALON","description":"Spa l\u00e0m \u0111\u1eb9p c\u1ee7a b\u1ea1n \u1edf S\u00e0i G\u00f2n","potentialAction":[{"@type":"SearchAction","target":{"@type":"EntryPoint","urlTemplate":"https:\/\/mybloomgroom.com\/vi\/?s={search_term_string}"},"query-input":{"@type":"PropertyValueSpecification","valueRequired":true,"valueName":"search_term_string"}}],"inLanguage":"vi"}]}},"_links":{"self":[{"href":"https:\/\/mybloomgroom.com\/vi\/wp-json\/wp\/v2\/product\/6908","targetHints":{"allow":["GET"]}}],"collection":[{"href":"https:\/\/mybloomgroom.com\/vi\/wp-json\/wp\/v2\/product"}],"about":[{"href":"https:\/\/mybloomgroom.com\/vi\/wp-json\/wp\/v2\/types\/product"}],"version-history":[{"count":0,"href":"https:\/\/mybloomgroom.com\/vi\/wp-json\/wp\/v2\/product\/6908\/revisions"}],"wp:featuredmedia":[{"embeddable":true,"href":"https:\/\/mybloomgroom.com\/vi\/wp-json\/wp\/v2\/media\/6910"}],"wp:attachment":[{"href":"https:\/\/mybloomgroom.com\/vi\/wp-json\/wp\/v2\/media?parent=6908"}],"wp:term":[{"taxonomy":"product_brand","embeddable":true,"href":"https:\/\/mybloomgroom.com\/vi\/wp-json\/wp\/v2\/product_brand?post=6908"},{"taxonomy":"product_cat","embeddable":true,"href":"https:\/\/mybloomgroom.com\/vi\/wp-json\/wp\/v2\/product_cat?post=6908"},{"taxonomy":"product_tag","embeddable":true,"href":"https:\/\/mybloomgroom.com\/vi\/wp-json\/wp\/v2\/product_tag?post=6908"}],"curies":[{"name":"wp","href":"https:\/\/api.w.org\/{rel}","templated":true}]}}