{"id":6892,"date":"2023-03-02T15:22:51","date_gmt":"2023-03-02T08:22:51","guid":{"rendered":"https:\/\/mybloomgroom.com\/?post_type=product&#038;p=6892"},"modified":"2025-03-17T13:24:14","modified_gmt":"2025-03-17T06:24:14","slug":"glampalm-signature-flat-iron-1-5","status":"publish","type":"product","link":"https:\/\/mybloomgroom.com\/vi\/san-pham\/glampalm-signature-flat-iron-1-5\/","title":{"rendered":"S\u1eaeT PH\u1eb2NG GLAMPALM SIGNATURE 1.5\u2033"},"content":{"rendered":"<h2>M\u1ed9t chi\u1ebfc b\u00e0n \u1ee7i l\u1edbn gi\u1ea3i quy\u1ebft nh\u1eefng v\u1ea5n \u0111\u1ec1 l\u1edbn v\u1ec1 t\u00f3c<\/h2>","protected":false},"excerpt":{"rendered":"<p><strong>Model \u2013 GP501<\/strong><\/p>\n<p>M\u1ed9t chi\u1ebfc b\u00e0n \u1ee7i l\u1edbn gi\u1ea3i quy\u1ebft nh\u1eefng v\u1ea5n \u0111\u1ec1 l\u1edbn v\u1ec1 t\u00f3c.<\/p>\n<p>L\u00e0 t\u00f3c c\u1ee7a b\u1ea1n r\u1ea5t d\u00e0i? D\u00e0y? k\u1ebft c\u1ea5u? D\u1ee3n s\u00f3ng? B\u1ea1n \u0111\u00e3 bao gi\u1edd tuy\u1ec7t v\u1ecdng v\u1ec1 vi\u1ec7c thu\u1ea7n h\u00f3a m\u00e1i t\u00f3c c\u1ee7a m\u00ecnh ch\u01b0a? B\u00e0n \u1ee7i n\u00e0y l\u00e0 d\u00e0nh cho b\u1ea1n! C\u00e1c t\u1ea5m r\u1ed9ng nh\u1ea5t v\u00e0 m\u00e1y s\u01b0\u1edfi m\u1ea1nh nh\u1ea5t c\u00f3 th\u1ec3 ph\u00f9 h\u1ee3p v\u1edbi m\u1ecdi lo\u1ea1i t\u00f3c.<\/p>\n<p>L\u1ee3i \u00edch kh\u00e1c? N\u1ebfu b\u1ea1n t\u1ea1o s\u00f3ng b\u1eb1ng b\u00e0n \u1ee7i ph\u1eb3ng, c\u00e1c t\u1ea5m l\u1edbn h\u01a1n = s\u00f3ng bi\u1ec3n l\u1ecfng l\u1ebbo ho\u00e0n h\u1ea3o.<\/p>\n<p><strong>T\u00ednh n\u0103ng s\u1ea3n ph\u1ea9m:<\/strong><\/p>\n<ul>\n<li>T\u1ea5m g\u1ed1m \u0111\u00e1 ch\u1eefa b\u1ec7nh l\u1edbn 1,5 inch<\/li>\n<li>11 c\u00e0i \u0111\u1eb7t nhi\u1ec7t trong kho\u1ea3ng 220\u00b0F \u2013 450\u00b0F<\/li>\n<li>T\u1ed1c \u0111\u1ed9 gia nhi\u1ec7t 45 gi\u00e2y<\/li>\n<li>Ch\u1ebf \u0111\u1ed9 ng\u1ee7 sau 60 ph\u00fat<\/li>\n<li>Ph\u1ee5 ki\u1ec7n \u0111i k\u00e8m \u2013 n\u1eafp ch\u1ed1ng n\u00f3ng<\/li>\n<li>D\u00e2y xoay b\u00f3ng 10 ft 3D gi\u00fap gi\u1ea3m r\u1ed1i d\u00e2y<\/li>\n<li>\u0111i\u1ec7n \u00e1p ph\u1ed5 qu\u00e1t<\/li>\n<li><strong>B\u1ea3o h\u00e0nh 1 n\u0103m c\u1ee7a nh\u00e0 s\u1ea3n xu\u1ea5t<\/strong><\/li>\n<\/ul>","protected":false},"featured_media":6893,"template":"","meta":[],"product_brand":[],"product_cat":[184],"product_tag":[186,185,187,181],"class_list":{"0":"post-6892","1":"product","2":"type-product","3":"status-publish","4":"has-post-thumbnail","6":"product_cat-glampalm","7":"product_tag-flat-iron","8":"product_tag-glampalm","9":"product_tag-heated-tools","10":"product_tag-styling","12":"first","13":"outofstock","14":"shipping-taxable","15":"purchasable","16":"product-type-simple"},"yoast_head":"<!-- This site is optimized with the Yoast SEO plugin v26.0 - https:\/\/yoast.com\/wordpress\/plugins\/seo\/ -->\n<title>GLAMPALM SIGNATURE FLAT IRON 1.5&quot; - BLOOM GROOM SALON<\/title>\n<meta name=\"description\" content=\"Is your hair extremely long? Thick? Textured? Wavy? Have you despaired of ever taming your hair? This iron is for you! The widest plates and most powerful heaters can take on any hair type.\" \/>\n<meta name=\"robots\" content=\"index, follow, max-snippet:-1, max-image-preview:large, max-video-preview:-1\" \/>\n<link rel=\"canonical\" href=\"https:\/\/mybloomgroom.com\/vi\/san-pham\/glampalm-signature-flat-iron-1-5\/\" \/>\n<meta property=\"og:locale\" content=\"vi_VN\" \/>\n<meta property=\"og:type\" content=\"article\" \/>\n<meta property=\"og:title\" content=\"GLAMPALM SIGNATURE FLAT IRON 1.5&quot; - BLOOM GROOM SALON\" \/>\n<meta property=\"og:description\" content=\"Is your hair extremely long? Thick? Textured? Wavy? Have you despaired of ever taming your hair? This iron is for you! The widest plates and most powerful heaters can take on any hair type.\" \/>\n<meta property=\"og:url\" content=\"https:\/\/mybloomgroom.com\/vi\/san-pham\/glampalm-signature-flat-iron-1-5\/\" \/>\n<meta property=\"og:site_name\" content=\"BLOOM GROOM SALON\" \/>\n<meta property=\"article:modified_time\" content=\"2025-03-17T06:24:14+00:00\" \/>\n<meta property=\"og:image\" content=\"https:\/\/mybloomgroom.com\/wp-content\/uploads\/2023\/05\/GP501-signature-1.5-inch.jpeg\" \/>\n\t<meta property=\"og:image:width\" content=\"1024\" \/>\n\t<meta property=\"og:image:height\" content=\"1024\" \/>\n\t<meta property=\"og:image:type\" content=\"image\/jpeg\" \/>\n<meta name=\"twitter:card\" content=\"summary_large_image\" \/>\n<meta name=\"twitter:label1\" content=\"\u01af\u1edbc t\u00ednh th\u1eddi gian \u0111\u1ecdc\" \/>\n\t<meta name=\"twitter:data1\" content=\"1 ph\u00fat\" \/>\n<script type=\"application\/ld+json\" class=\"yoast-schema-graph\">{\"@context\":\"https:\/\/schema.org\",\"@graph\":[{\"@type\":\"WebPage\",\"@id\":\"https:\/\/mybloomgroom.com\/product\/glampalm-signature-flat-iron-1-5\/\",\"url\":\"https:\/\/mybloomgroom.com\/product\/glampalm-signature-flat-iron-1-5\/\",\"name\":\"GLAMPALM SIGNATURE FLAT IRON 1.5\\\" - BLOOM GROOM SALON\",\"isPartOf\":{\"@id\":\"https:\/\/mybloomgroom.com\/#website\"},\"primaryImageOfPage\":{\"@id\":\"https:\/\/mybloomgroom.com\/product\/glampalm-signature-flat-iron-1-5\/#primaryimage\"},\"image\":{\"@id\":\"https:\/\/mybloomgroom.com\/product\/glampalm-signature-flat-iron-1-5\/#primaryimage\"},\"thumbnailUrl\":\"https:\/\/mybloomgroom.com\/wp-content\/uploads\/2023\/05\/GP501-signature-1.5-inch.jpeg\",\"datePublished\":\"2023-03-02T08:22:51+00:00\",\"dateModified\":\"2025-03-17T06:24:14+00:00\",\"description\":\"Is your hair extremely long? Thick? Textured? Wavy? Have you despaired of ever taming your hair? This iron is for you! The widest plates and most powerful heaters can take on any hair type.\",\"breadcrumb\":{\"@id\":\"https:\/\/mybloomgroom.com\/product\/glampalm-signature-flat-iron-1-5\/#breadcrumb\"},\"inLanguage\":\"vi\",\"potentialAction\":[{\"@type\":\"ReadAction\",\"target\":[\"https:\/\/mybloomgroom.com\/product\/glampalm-signature-flat-iron-1-5\/\"]}]},{\"@type\":\"ImageObject\",\"inLanguage\":\"vi\",\"@id\":\"https:\/\/mybloomgroom.com\/product\/glampalm-signature-flat-iron-1-5\/#primaryimage\",\"url\":\"https:\/\/mybloomgroom.com\/wp-content\/uploads\/2023\/05\/GP501-signature-1.5-inch.jpeg\",\"contentUrl\":\"https:\/\/mybloomgroom.com\/wp-content\/uploads\/2023\/05\/GP501-signature-1.5-inch.jpeg\",\"width\":1024,\"height\":1024},{\"@type\":\"BreadcrumbList\",\"@id\":\"https:\/\/mybloomgroom.com\/product\/glampalm-signature-flat-iron-1-5\/#breadcrumb\",\"itemListElement\":[{\"@type\":\"ListItem\",\"position\":1,\"name\":\"Home\",\"item\":\"http:\/\/mybloomgroom.com\/\"},{\"@type\":\"ListItem\",\"position\":2,\"name\":\"Salon Shop\",\"item\":\"http:\/\/mybloomgroom.com\/salon-shop\/\"},{\"@type\":\"ListItem\",\"position\":3,\"name\":\"GLAMPALM SIGNATURE FLAT IRON 1.5&#8243;\"}]},{\"@type\":\"WebSite\",\"@id\":\"https:\/\/mybloomgroom.com\/#website\",\"url\":\"https:\/\/mybloomgroom.com\/\",\"name\":\"BLOOM GROOM SALON\",\"description\":\"Your beauty spa in Saigon\",\"potentialAction\":[{\"@type\":\"SearchAction\",\"target\":{\"@type\":\"EntryPoint\",\"urlTemplate\":\"https:\/\/mybloomgroom.com\/?s={search_term_string}\"},\"query-input\":{\"@type\":\"PropertyValueSpecification\",\"valueRequired\":true,\"valueName\":\"search_term_string\"}}],\"inLanguage\":\"vi\"}]}<\/script>\n<!-- \/ Yoast SEO plugin. -->","yoast_head_json":{"title":"GLAMPALM SIGNATURE FLAT IRON 1.5\" - BLOOM GROOM SALON","description":"L\u00e0 t\u00f3c c\u1ee7a b\u1ea1n r\u1ea5t d\u00e0i? D\u00e0y? k\u1ebft c\u1ea5u? D\u1ee3n s\u00f3ng? B\u1ea1n \u0111\u00e3 bao gi\u1edd tuy\u1ec7t v\u1ecdng v\u1ec1 vi\u1ec7c thu\u1ea7n h\u00f3a m\u00e1i t\u00f3c c\u1ee7a m\u00ecnh ch\u01b0a? B\u00e0n \u1ee7i n\u00e0y l\u00e0 d\u00e0nh cho b\u1ea1n! C\u00e1c t\u1ea5m r\u1ed9ng nh\u1ea5t v\u00e0 m\u00e1y s\u01b0\u1edfi m\u1ea1nh nh\u1ea5t c\u00f3 th\u1ec3 ph\u00f9 h\u1ee3p v\u1edbi m\u1ecdi lo\u1ea1i t\u00f3c.","robots":{"index":"index","follow":"follow","max-snippet":"max-snippet:-1","max-image-preview":"max-image-preview:large","max-video-preview":"max-video-preview:-1"},"canonical":"https:\/\/mybloomgroom.com\/vi\/san-pham\/glampalm-signature-flat-iron-1-5\/","og_locale":"vi_VN","og_type":"article","og_title":"GLAMPALM SIGNATURE FLAT IRON 1.5\" - BLOOM GROOM SALON","og_description":"Is your hair extremely long? Thick? Textured? Wavy? Have you despaired of ever taming your hair? This iron is for you! The widest plates and most powerful heaters can take on any hair type.","og_url":"https:\/\/mybloomgroom.com\/vi\/san-pham\/glampalm-signature-flat-iron-1-5\/","og_site_name":"BLOOM GROOM SALON","article_modified_time":"2025-03-17T06:24:14+00:00","og_image":[{"width":1024,"height":1024,"url":"https:\/\/mybloomgroom.com\/wp-content\/uploads\/2023\/05\/GP501-signature-1.5-inch.jpeg","type":"image\/jpeg"}],"twitter_card":"summary_large_image","twitter_misc":{"\u01af\u1edbc t\u00ednh th\u1eddi gian \u0111\u1ecdc":"1 ph\u00fat"},"schema":{"@context":"https:\/\/schema.org","@graph":[{"@type":"WebPage","@id":"https:\/\/mybloomgroom.com\/product\/glampalm-signature-flat-iron-1-5\/","url":"https:\/\/mybloomgroom.com\/product\/glampalm-signature-flat-iron-1-5\/","name":"GLAMPALM SIGNATURE FLAT IRON 1.5\" - BLOOM GROOM SALON","isPartOf":{"@id":"https:\/\/mybloomgroom.com\/#website"},"primaryImageOfPage":{"@id":"https:\/\/mybloomgroom.com\/product\/glampalm-signature-flat-iron-1-5\/#primaryimage"},"image":{"@id":"https:\/\/mybloomgroom.com\/product\/glampalm-signature-flat-iron-1-5\/#primaryimage"},"thumbnailUrl":"https:\/\/mybloomgroom.com\/wp-content\/uploads\/2023\/05\/GP501-signature-1.5-inch.jpeg","datePublished":"2023-03-02T08:22:51+00:00","dateModified":"2025-03-17T06:24:14+00:00","description":"L\u00e0 t\u00f3c c\u1ee7a b\u1ea1n r\u1ea5t d\u00e0i? D\u00e0y? k\u1ebft c\u1ea5u? D\u1ee3n s\u00f3ng? B\u1ea1n \u0111\u00e3 bao gi\u1edd tuy\u1ec7t v\u1ecdng v\u1ec1 vi\u1ec7c thu\u1ea7n h\u00f3a m\u00e1i t\u00f3c c\u1ee7a m\u00ecnh ch\u01b0a? B\u00e0n \u1ee7i n\u00e0y l\u00e0 d\u00e0nh cho b\u1ea1n! C\u00e1c t\u1ea5m r\u1ed9ng nh\u1ea5t v\u00e0 m\u00e1y s\u01b0\u1edfi m\u1ea1nh nh\u1ea5t c\u00f3 th\u1ec3 ph\u00f9 h\u1ee3p v\u1edbi m\u1ecdi lo\u1ea1i t\u00f3c.","breadcrumb":{"@id":"https:\/\/mybloomgroom.com\/product\/glampalm-signature-flat-iron-1-5\/#breadcrumb"},"inLanguage":"vi","potentialAction":[{"@type":"ReadAction","target":["https:\/\/mybloomgroom.com\/product\/glampalm-signature-flat-iron-1-5\/"]}]},{"@type":"ImageObject","inLanguage":"vi","@id":"https:\/\/mybloomgroom.com\/product\/glampalm-signature-flat-iron-1-5\/#primaryimage","url":"https:\/\/mybloomgroom.com\/wp-content\/uploads\/2023\/05\/GP501-signature-1.5-inch.jpeg","contentUrl":"https:\/\/mybloomgroom.com\/wp-content\/uploads\/2023\/05\/GP501-signature-1.5-inch.jpeg","width":1024,"height":1024},{"@type":"BreadcrumbList","@id":"https:\/\/mybloomgroom.com\/product\/glampalm-signature-flat-iron-1-5\/#breadcrumb","itemListElement":[{"@type":"ListItem","position":1,"name":"Home","item":"http:\/\/mybloomgroom.com\/"},{"@type":"ListItem","position":2,"name":"Salon Shop","item":"http:\/\/mybloomgroom.com\/salon-shop\/"},{"@type":"ListItem","position":3,"name":"GLAMPALM SIGNATURE FLAT IRON 1.5&#8243;"}]},{"@type":"WebSite","@id":"https:\/\/mybloomgroom.com\/#website","url":"https:\/\/mybloomgroom.com\/","name":"BLOOM GROOM SALON","description":"Spa l\u00e0m \u0111\u1eb9p c\u1ee7a b\u1ea1n \u1edf S\u00e0i G\u00f2n","potentialAction":[{"@type":"SearchAction","target":{"@type":"EntryPoint","urlTemplate":"https:\/\/mybloomgroom.com\/?s={search_term_string}"},"query-input":{"@type":"PropertyValueSpecification","valueRequired":true,"valueName":"search_term_string"}}],"inLanguage":"vi"}]}},"_links":{"self":[{"href":"https:\/\/mybloomgroom.com\/vi\/wp-json\/wp\/v2\/product\/6892","targetHints":{"allow":["GET"]}}],"collection":[{"href":"https:\/\/mybloomgroom.com\/vi\/wp-json\/wp\/v2\/product"}],"about":[{"href":"https:\/\/mybloomgroom.com\/vi\/wp-json\/wp\/v2\/types\/product"}],"version-history":[{"count":0,"href":"https:\/\/mybloomgroom.com\/vi\/wp-json\/wp\/v2\/product\/6892\/revisions"}],"wp:featuredmedia":[{"embeddable":true,"href":"https:\/\/mybloomgroom.com\/vi\/wp-json\/wp\/v2\/media\/6893"}],"wp:attachment":[{"href":"https:\/\/mybloomgroom.com\/vi\/wp-json\/wp\/v2\/media?parent=6892"}],"wp:term":[{"taxonomy":"product_brand","embeddable":true,"href":"https:\/\/mybloomgroom.com\/vi\/wp-json\/wp\/v2\/product_brand?post=6892"},{"taxonomy":"product_cat","embeddable":true,"href":"https:\/\/mybloomgroom.com\/vi\/wp-json\/wp\/v2\/product_cat?post=6892"},{"taxonomy":"product_tag","embeddable":true,"href":"https:\/\/mybloomgroom.com\/vi\/wp-json\/wp\/v2\/product_tag?post=6892"}],"curies":[{"name":"wp","href":"https:\/\/api.w.org\/{rel}","templated":true}]}}