{"id":6887,"date":"2023-04-14T23:46:06","date_gmt":"2023-04-14T16:46:06","guid":{"rendered":"https:\/\/mybloomgroom.com\/?post_type=product&#038;p=6887"},"modified":"2025-06-11T20:39:52","modified_gmt":"2025-06-11T13:39:52","slug":"davines-rebalancing-cleansing-treatment","status":"publish","type":"product","link":"https:\/\/mybloomgroom.com\/vi\/san-pham\/davines-rebalancing-cleansing-treatment\/","title":{"rendered":"S\u1eefa R\u1eeda M\u1eb7t DAVINES REBALANCE"},"content":{"rendered":"<h2 class=\"product-short_description\">Liquid scalp treatment to effectively contrast sebum hyperproduction<\/h2>","protected":false},"excerpt":{"rendered":"<p>Liquid scalp treatment to effectively contrast sebum hyperproduction, for greasy scalp and heavy hair. It promotes the maintenance of a healthy scalp without the rebound effect often associated with sebum-regulating treatments.<\/p>\n<p><label class=\"accordion__label\" for=\"benefits\"><span class=\"accordion__title\">Nh\u1eefng l\u1ee3i \u00edch<\/span><\/label><\/p>\n<div class=\"accordion__text container\">\n<div class=\"specifics\">\n<div class=\"specifics__wrapper\">\n<div class=\"specifics__item\">\n<div class=\"specifics__list\">\n<ul>\n<li>Reduces sebum iper-production by:<br \/>\n&#8211; 15%* after 14 days<br \/>\n&#8211; 19%* after 28 days<\/li>\n<li>Helps to keep the hair clean for longer;<\/li>\n<li>Gentle and without a rebound effect;**\n<p>*Instrumental tests on 20 subjects, use 3 times a week<br \/>\n**Clinical observation on 20 subjects<\/li>\n<\/ul>\n<p>&nbsp;<\/p>\n<ul>\n<li><span class=\"additional-title-mobile\">Th\u00f4ng tin b\u1ed5 sung<\/span>\n<div class=\"specifics__list\">With ginger, cinnamon and burnet extracts and peppermint and eucalyptus essential oils.<br \/>\nNaturality: 90,5%.<br \/>\nBiodegradability: 96,4%.<br \/>\n\u0110\u00e3 \u0111\u01b0\u1ee3c ki\u1ec3m nghi\u1ec7m da li\u1ec5u.<br \/>\nCO2-neutral packaging.<br \/>\nMade in Italy.<\/div>\n<\/li>\n<\/ul>\n<\/div>\n<\/div>\n<\/div>\n<\/div>\n<\/div>","protected":false},"featured_media":6888,"template":"","meta":[],"product_brand":[],"product_cat":[39],"product_tag":[179,70,229,180],"class_list":{"0":"post-6887","1":"product","2":"type-product","3":"status-publish","4":"has-post-thumbnail","6":"product_cat-davines","7":"product_tag-conditioner","8":"product_tag-davines","9":"product_tag-scalp-care","10":"product_tag-treatment","12":"first","13":"outofstock","14":"shipping-taxable","15":"purchasable","16":"product-type-simple"},"yoast_head":"<!-- This site is optimized with the Yoast SEO plugin v26.0 - https:\/\/yoast.com\/wordpress\/plugins\/seo\/ -->\n<title>DAVINES REBALANCING Cleansing Treatment - BLOOM GROOM SALON<\/title>\n<meta name=\"description\" content=\"Liquid scalp treatment to effectively contrast sebum hyperproduction\" \/>\n<meta name=\"robots\" content=\"index, follow, max-snippet:-1, max-image-preview:large, max-video-preview:-1\" \/>\n<link rel=\"canonical\" href=\"https:\/\/mybloomgroom.com\/vi\/san-pham\/davines-rebalancing-cleansing-treatment\/\" \/>\n<meta property=\"og:locale\" content=\"vi_VN\" \/>\n<meta property=\"og:type\" content=\"article\" \/>\n<meta property=\"og:title\" content=\"DAVINES REBALANCING Cleansing Treatment - BLOOM GROOM SALON\" \/>\n<meta property=\"og:description\" content=\"Liquid scalp treatment to effectively contrast sebum hyperproduction\" \/>\n<meta property=\"og:url\" content=\"https:\/\/mybloomgroom.com\/vi\/san-pham\/davines-rebalancing-cleansing-treatment\/\" \/>\n<meta property=\"og:site_name\" content=\"BLOOM GROOM SALON\" \/>\n<meta property=\"article:modified_time\" content=\"2025-06-11T13:39:52+00:00\" \/>\n<meta property=\"og:image\" content=\"https:\/\/mybloomgroom.com\/wp-content\/uploads\/2023\/05\/rebalancing-treatment-.jpg\" \/>\n\t<meta property=\"og:image:width\" content=\"1024\" \/>\n\t<meta property=\"og:image:height\" content=\"1024\" \/>\n\t<meta property=\"og:image:type\" content=\"image\/jpeg\" \/>\n<meta name=\"twitter:card\" content=\"summary_large_image\" \/>\n<meta name=\"twitter:label1\" content=\"\u01af\u1edbc t\u00ednh th\u1eddi gian \u0111\u1ecdc\" \/>\n\t<meta name=\"twitter:data1\" content=\"1 ph\u00fat\" \/>\n<script type=\"application\/ld+json\" class=\"yoast-schema-graph\">{\"@context\":\"https:\/\/schema.org\",\"@graph\":[{\"@type\":\"WebPage\",\"@id\":\"https:\/\/mybloomgroom.com\/vi\/san-pham\/davines-rebalancing-cleansing-treatment\/\",\"url\":\"https:\/\/mybloomgroom.com\/vi\/san-pham\/davines-rebalancing-cleansing-treatment\/\",\"name\":\"DAVINES REBALANCING Cleansing Treatment - BLOOM GROOM SALON\",\"isPartOf\":{\"@id\":\"https:\/\/mybloomgroom.com\/#website\"},\"primaryImageOfPage\":{\"@id\":\"https:\/\/mybloomgroom.com\/vi\/san-pham\/davines-rebalancing-cleansing-treatment\/#primaryimage\"},\"image\":{\"@id\":\"https:\/\/mybloomgroom.com\/vi\/san-pham\/davines-rebalancing-cleansing-treatment\/#primaryimage\"},\"thumbnailUrl\":\"https:\/\/mybloomgroom.com\/wp-content\/uploads\/2023\/05\/rebalancing-treatment-.jpg\",\"datePublished\":\"2023-04-14T16:46:06+00:00\",\"dateModified\":\"2025-06-11T13:39:52+00:00\",\"description\":\"Liquid scalp treatment to effectively contrast sebum hyperproduction\",\"breadcrumb\":{\"@id\":\"https:\/\/mybloomgroom.com\/vi\/san-pham\/davines-rebalancing-cleansing-treatment\/#breadcrumb\"},\"inLanguage\":\"vi\",\"potentialAction\":[{\"@type\":\"ReadAction\",\"target\":[\"https:\/\/mybloomgroom.com\/vi\/san-pham\/davines-rebalancing-cleansing-treatment\/\"]}]},{\"@type\":\"ImageObject\",\"inLanguage\":\"vi\",\"@id\":\"https:\/\/mybloomgroom.com\/vi\/san-pham\/davines-rebalancing-cleansing-treatment\/#primaryimage\",\"url\":\"https:\/\/mybloomgroom.com\/wp-content\/uploads\/2023\/05\/rebalancing-treatment-.jpg\",\"contentUrl\":\"https:\/\/mybloomgroom.com\/wp-content\/uploads\/2023\/05\/rebalancing-treatment-.jpg\",\"width\":1024,\"height\":1024,\"caption\":\"Davines professional haircare \u2013 Bloom Groom Hair Salon Saigon\"},{\"@type\":\"BreadcrumbList\",\"@id\":\"https:\/\/mybloomgroom.com\/vi\/san-pham\/davines-rebalancing-cleansing-treatment\/#breadcrumb\",\"itemListElement\":[{\"@type\":\"ListItem\",\"position\":1,\"name\":\"Home\",\"item\":\"https:\/\/mybloomgroom.com\/\"},{\"@type\":\"ListItem\",\"position\":2,\"name\":\"Salon Shop\",\"item\":\"https:\/\/mybloomgroom.com\/salon-shop\/\"},{\"@type\":\"ListItem\",\"position\":3,\"name\":\"DAVINES REBALANCING Cleansing Treatment\"}]},{\"@type\":\"WebSite\",\"@id\":\"https:\/\/mybloomgroom.com\/#website\",\"url\":\"https:\/\/mybloomgroom.com\/\",\"name\":\"BLOOM GROOM SALON\",\"description\":\"Your beauty spa in Saigon\",\"potentialAction\":[{\"@type\":\"SearchAction\",\"target\":{\"@type\":\"EntryPoint\",\"urlTemplate\":\"https:\/\/mybloomgroom.com\/?s={search_term_string}\"},\"query-input\":{\"@type\":\"PropertyValueSpecification\",\"valueRequired\":true,\"valueName\":\"search_term_string\"}}],\"inLanguage\":\"vi\"}]}<\/script>\n<!-- \/ Yoast SEO plugin. -->","yoast_head_json":{"title":"DAVINES REBALANCING Cleansing Treatment - BLOOM GROOM SALON","description":"Liquid scalp treatment to effectively contrast sebum hyperproduction","robots":{"index":"index","follow":"follow","max-snippet":"max-snippet:-1","max-image-preview":"max-image-preview:large","max-video-preview":"max-video-preview:-1"},"canonical":"https:\/\/mybloomgroom.com\/vi\/san-pham\/davines-rebalancing-cleansing-treatment\/","og_locale":"vi_VN","og_type":"article","og_title":"DAVINES REBALANCING Cleansing Treatment - BLOOM GROOM SALON","og_description":"Liquid scalp treatment to effectively contrast sebum hyperproduction","og_url":"https:\/\/mybloomgroom.com\/vi\/san-pham\/davines-rebalancing-cleansing-treatment\/","og_site_name":"BLOOM GROOM SALON","article_modified_time":"2025-06-11T13:39:52+00:00","og_image":[{"width":1024,"height":1024,"url":"https:\/\/mybloomgroom.com\/wp-content\/uploads\/2023\/05\/rebalancing-treatment-.jpg","type":"image\/jpeg"}],"twitter_card":"summary_large_image","twitter_misc":{"\u01af\u1edbc t\u00ednh th\u1eddi gian \u0111\u1ecdc":"1 ph\u00fat"},"schema":{"@context":"https:\/\/schema.org","@graph":[{"@type":"WebPage","@id":"https:\/\/mybloomgroom.com\/vi\/san-pham\/davines-rebalancing-cleansing-treatment\/","url":"https:\/\/mybloomgroom.com\/vi\/san-pham\/davines-rebalancing-cleansing-treatment\/","name":"DAVINES REBALANCING Cleansing Treatment - BLOOM GROOM SALON","isPartOf":{"@id":"https:\/\/mybloomgroom.com\/#website"},"primaryImageOfPage":{"@id":"https:\/\/mybloomgroom.com\/vi\/san-pham\/davines-rebalancing-cleansing-treatment\/#primaryimage"},"image":{"@id":"https:\/\/mybloomgroom.com\/vi\/san-pham\/davines-rebalancing-cleansing-treatment\/#primaryimage"},"thumbnailUrl":"https:\/\/mybloomgroom.com\/wp-content\/uploads\/2023\/05\/rebalancing-treatment-.jpg","datePublished":"2023-04-14T16:46:06+00:00","dateModified":"2025-06-11T13:39:52+00:00","description":"Liquid scalp treatment to effectively contrast sebum hyperproduction","breadcrumb":{"@id":"https:\/\/mybloomgroom.com\/vi\/san-pham\/davines-rebalancing-cleansing-treatment\/#breadcrumb"},"inLanguage":"vi","potentialAction":[{"@type":"ReadAction","target":["https:\/\/mybloomgroom.com\/vi\/san-pham\/davines-rebalancing-cleansing-treatment\/"]}]},{"@type":"ImageObject","inLanguage":"vi","@id":"https:\/\/mybloomgroom.com\/vi\/san-pham\/davines-rebalancing-cleansing-treatment\/#primaryimage","url":"https:\/\/mybloomgroom.com\/wp-content\/uploads\/2023\/05\/rebalancing-treatment-.jpg","contentUrl":"https:\/\/mybloomgroom.com\/wp-content\/uploads\/2023\/05\/rebalancing-treatment-.jpg","width":1024,"height":1024,"caption":"Davines professional haircare \u2013 Bloom Groom Hair Salon Saigon"},{"@type":"BreadcrumbList","@id":"https:\/\/mybloomgroom.com\/vi\/san-pham\/davines-rebalancing-cleansing-treatment\/#breadcrumb","itemListElement":[{"@type":"ListItem","position":1,"name":"Home","item":"https:\/\/mybloomgroom.com\/"},{"@type":"ListItem","position":2,"name":"Salon Shop","item":"https:\/\/mybloomgroom.com\/salon-shop\/"},{"@type":"ListItem","position":3,"name":"DAVINES REBALANCING Cleansing Treatment"}]},{"@type":"WebSite","@id":"https:\/\/mybloomgroom.com\/#website","url":"https:\/\/mybloomgroom.com\/","name":"BLOOM GROOM SALON","description":"Spa l\u00e0m \u0111\u1eb9p c\u1ee7a b\u1ea1n \u1edf S\u00e0i G\u00f2n","potentialAction":[{"@type":"SearchAction","target":{"@type":"EntryPoint","urlTemplate":"https:\/\/mybloomgroom.com\/?s={search_term_string}"},"query-input":{"@type":"PropertyValueSpecification","valueRequired":true,"valueName":"search_term_string"}}],"inLanguage":"vi"}]}},"_links":{"self":[{"href":"https:\/\/mybloomgroom.com\/vi\/wp-json\/wp\/v2\/product\/6887","targetHints":{"allow":["GET"]}}],"collection":[{"href":"https:\/\/mybloomgroom.com\/vi\/wp-json\/wp\/v2\/product"}],"about":[{"href":"https:\/\/mybloomgroom.com\/vi\/wp-json\/wp\/v2\/types\/product"}],"version-history":[{"count":0,"href":"https:\/\/mybloomgroom.com\/vi\/wp-json\/wp\/v2\/product\/6887\/revisions"}],"wp:featuredmedia":[{"embeddable":true,"href":"https:\/\/mybloomgroom.com\/vi\/wp-json\/wp\/v2\/media\/6888"}],"wp:attachment":[{"href":"https:\/\/mybloomgroom.com\/vi\/wp-json\/wp\/v2\/media?parent=6887"}],"wp:term":[{"taxonomy":"product_brand","embeddable":true,"href":"https:\/\/mybloomgroom.com\/vi\/wp-json\/wp\/v2\/product_brand?post=6887"},{"taxonomy":"product_cat","embeddable":true,"href":"https:\/\/mybloomgroom.com\/vi\/wp-json\/wp\/v2\/product_cat?post=6887"},{"taxonomy":"product_tag","embeddable":true,"href":"https:\/\/mybloomgroom.com\/vi\/wp-json\/wp\/v2\/product_tag?post=6887"}],"curies":[{"name":"wp","href":"https:\/\/api.w.org\/{rel}","templated":true}]}}