{"id":6874,"date":"2023-05-11T11:18:33","date_gmt":"2023-05-11T04:18:33","guid":{"rendered":"https:\/\/mybloomgroom.com\/?post_type=product&#038;p=6874"},"modified":"2025-03-27T10:17:45","modified_gmt":"2025-03-27T03:17:45","slug":"davines-nounou-gift-set","status":"publish","type":"product","link":"https:\/\/mybloomgroom.com\/vi\/san-pham\/davines-nounou-gift-set\/","title":{"rendered":"B\u1ed9 qu\u00e0 t\u1eb7ng DAVINES NOUNOU"},"content":{"rendered":"<h2 class=\"product-short_description\">Ph\u1ee5c h\u1ed3i h\u01b0 t\u1ed5n v\u00e0 nu\u00f4i d\u01b0\u1ee1ng t\u00f3c \u0111\u00e3 qua x\u1eed l\u00fd h\u00f3a ch\u1ea5t<\/h2>","protected":false},"excerpt":{"rendered":"<p><strong>D\u1ea7u G\u1ed9i NOUNOU<\/strong><br \/>\nNu\u00f4i d\u01b0\u1ee1ng s\u00e2u t\u00f3c kh\u00f4 v\u00e0 t\u00f3c \u0111\u00e3 qua x\u1eed l\u00fd h\u00f3a ch\u1ea5t<br \/>\nCung c\u1ea5p hi\u1ec7u \u1ee9ng t\u1ecfa s\u00e1ng m\u1ea1nh m\u1ebd<br \/>\nL\u00e0m s\u1ea1ch nh\u1eb9 nh\u00e0ng<br \/>\nGi\u00fap t\u00f3c m\u1ec1m v\u00e0 m\u01b0\u1ee3t<br \/>\nHo\u1ea1t ch\u1ea5t t\u1ef1 nhi\u00ean<\/p>\n<p>&nbsp;<\/p>\n<p><strong>D\u1ea7u X\u1ea3 NOUNOU<\/strong><br \/>\nNu\u00f4i d\u01b0\u1ee1ng t\u00f3c v\u1edbi t\u00e1c d\u1ee5ng l\u00e0m m\u1ec1m H\u00e0nh \u0111\u1ed9ng g\u1ee1 r\u1ed1i<br \/>\nphong ph\u00fa<br \/>\nv\u1edbi Vitamin E c\u00f3 t\u00e1c d\u1ee5ng ch\u1ed1ng oxy h\u00f3a<br \/>\nL\u00e0m d\u00e0y s\u1ee3i t\u00f3c, d\u01b0\u1ee1ng \u1ea9m v\u00e0 l\u00e0m m\u01b0\u1ee3t t\u00f3c<br \/>\nHo\u1ea1t ch\u1ea5t t\u1ef1 nhi\u00ean<\/p>\n<p>&nbsp;<\/p>\n<p><strong>X\u1ecbt d\u01b0\u1ee1ng da \u0111a n\u0103ng OI Milk<\/strong><br \/>\nL\u00e0m cho t\u00f3c s\u00e1ng b\u00f3ng v\u00e0 m\u1ecbn m\u00e0ng<br \/>\nT\u00e1c d\u1ee5ng g\u1ee1 r\u1ed1i, ch\u1ed1ng xo\u0103n c\u1ee9ng \u0111\u1ed3ng th\u1eddi d\u01b0\u1ee1ng \u1ea9m cho t\u00f3c<br \/>\nCh\u1ed1ng oxy h\u00f3a v\u00e0 b\u1ea3o v\u1ec7 nhi\u1ec7t<br \/>\nL\u01b0u h\u01b0\u01a1ng l\u00e2u<\/p>","protected":false},"featured_media":6875,"template":"","meta":[],"product_brand":[],"product_cat":[39],"product_tag":[179,70,183,178,181,180],"class_list":{"0":"post-6874","1":"product","2":"type-product","3":"status-publish","4":"has-post-thumbnail","6":"product_cat-davines","7":"product_tag-conditioner","8":"product_tag-davines","9":"product_tag-heat-protection","10":"product_tag-shampoo","11":"product_tag-styling","12":"product_tag-treatment","14":"first","15":"outofstock","16":"sale","17":"shipping-taxable","18":"purchasable","19":"product-type-simple"},"yoast_head":"<!-- This site is optimized with the Yoast SEO plugin v26.0 - https:\/\/yoast.com\/wordpress\/plugins\/seo\/ -->\n<title>DAVINES NOUNOU Gift Set - BLOOM GROOM SALON<\/title>\n<meta name=\"description\" content=\"Repairs damage and nourishes chemically treated hair\" \/>\n<meta name=\"robots\" content=\"index, follow, max-snippet:-1, max-image-preview:large, max-video-preview:-1\" \/>\n<link rel=\"canonical\" href=\"https:\/\/mybloomgroom.com\/vi\/san-pham\/davines-nounou-gift-set\/\" \/>\n<meta property=\"og:locale\" content=\"vi_VN\" \/>\n<meta property=\"og:type\" content=\"article\" \/>\n<meta property=\"og:title\" content=\"DAVINES NOUNOU Gift Set - BLOOM GROOM SALON\" \/>\n<meta property=\"og:description\" content=\"Repairs damage and nourishes chemically treated hair\" \/>\n<meta property=\"og:url\" content=\"https:\/\/mybloomgroom.com\/vi\/san-pham\/davines-nounou-gift-set\/\" \/>\n<meta property=\"og:site_name\" content=\"BLOOM GROOM SALON\" \/>\n<meta property=\"article:modified_time\" content=\"2025-03-27T03:17:45+00:00\" \/>\n<meta property=\"og:image\" content=\"https:\/\/mybloomgroom.com\/wp-content\/uploads\/2023\/05\/nounou-gift-set.jpeg\" \/>\n\t<meta property=\"og:image:width\" content=\"1024\" \/>\n\t<meta property=\"og:image:height\" content=\"1024\" \/>\n\t<meta property=\"og:image:type\" content=\"image\/jpeg\" \/>\n<meta name=\"twitter:card\" content=\"summary_large_image\" \/>\n<meta name=\"twitter:label1\" content=\"\u01af\u1edbc t\u00ednh th\u1eddi gian \u0111\u1ecdc\" \/>\n\t<meta name=\"twitter:data1\" content=\"1 ph\u00fat\" \/>\n<script type=\"application\/ld+json\" class=\"yoast-schema-graph\">{\"@context\":\"https:\/\/schema.org\",\"@graph\":[{\"@type\":\"WebPage\",\"@id\":\"https:\/\/mybloomgroom.com\/product\/davines-nounou-gift-set\/\",\"url\":\"https:\/\/mybloomgroom.com\/product\/davines-nounou-gift-set\/\",\"name\":\"DAVINES NOUNOU Gift Set - BLOOM GROOM SALON\",\"isPartOf\":{\"@id\":\"https:\/\/mybloomgroom.com\/#website\"},\"primaryImageOfPage\":{\"@id\":\"https:\/\/mybloomgroom.com\/product\/davines-nounou-gift-set\/#primaryimage\"},\"image\":{\"@id\":\"https:\/\/mybloomgroom.com\/product\/davines-nounou-gift-set\/#primaryimage\"},\"thumbnailUrl\":\"https:\/\/mybloomgroom.com\/wp-content\/uploads\/2023\/05\/nounou-gift-set.jpeg\",\"datePublished\":\"2023-05-11T04:18:33+00:00\",\"dateModified\":\"2025-03-27T03:17:45+00:00\",\"description\":\"Repairs damage and nourishes chemically treated hair\",\"breadcrumb\":{\"@id\":\"https:\/\/mybloomgroom.com\/product\/davines-nounou-gift-set\/#breadcrumb\"},\"inLanguage\":\"vi\",\"potentialAction\":[{\"@type\":\"ReadAction\",\"target\":[\"https:\/\/mybloomgroom.com\/product\/davines-nounou-gift-set\/\"]}]},{\"@type\":\"ImageObject\",\"inLanguage\":\"vi\",\"@id\":\"https:\/\/mybloomgroom.com\/product\/davines-nounou-gift-set\/#primaryimage\",\"url\":\"https:\/\/mybloomgroom.com\/wp-content\/uploads\/2023\/05\/nounou-gift-set.jpeg\",\"contentUrl\":\"https:\/\/mybloomgroom.com\/wp-content\/uploads\/2023\/05\/nounou-gift-set.jpeg\",\"width\":1024,\"height\":1024,\"caption\":\"nounou-gift-set-products\"},{\"@type\":\"BreadcrumbList\",\"@id\":\"https:\/\/mybloomgroom.com\/product\/davines-nounou-gift-set\/#breadcrumb\",\"itemListElement\":[{\"@type\":\"ListItem\",\"position\":1,\"name\":\"Home\",\"item\":\"http:\/\/mybloomgroom.com\/\"},{\"@type\":\"ListItem\",\"position\":2,\"name\":\"Salon Shop\",\"item\":\"http:\/\/mybloomgroom.com\/salon-shop\/\"},{\"@type\":\"ListItem\",\"position\":3,\"name\":\"DAVINES NOUNOU Gift Set\"}]},{\"@type\":\"WebSite\",\"@id\":\"https:\/\/mybloomgroom.com\/#website\",\"url\":\"https:\/\/mybloomgroom.com\/\",\"name\":\"BLOOM GROOM SALON\",\"description\":\"Your beauty spa in Saigon\",\"potentialAction\":[{\"@type\":\"SearchAction\",\"target\":{\"@type\":\"EntryPoint\",\"urlTemplate\":\"https:\/\/mybloomgroom.com\/?s={search_term_string}\"},\"query-input\":{\"@type\":\"PropertyValueSpecification\",\"valueRequired\":true,\"valueName\":\"search_term_string\"}}],\"inLanguage\":\"vi\"}]}<\/script>\n<!-- \/ Yoast SEO plugin. -->","yoast_head_json":{"title":"DAVINES NOUNOU Gift Set - BLOOM GROOM SALON","description":"Ph\u1ee5c h\u1ed3i h\u01b0 t\u1ed5n v\u00e0 nu\u00f4i d\u01b0\u1ee1ng t\u00f3c \u0111\u00e3 qua x\u1eed l\u00fd h\u00f3a ch\u1ea5t","robots":{"index":"index","follow":"follow","max-snippet":"max-snippet:-1","max-image-preview":"max-image-preview:large","max-video-preview":"max-video-preview:-1"},"canonical":"https:\/\/mybloomgroom.com\/vi\/san-pham\/davines-nounou-gift-set\/","og_locale":"vi_VN","og_type":"article","og_title":"DAVINES NOUNOU Gift Set - BLOOM GROOM SALON","og_description":"Repairs damage and nourishes chemically treated hair","og_url":"https:\/\/mybloomgroom.com\/vi\/san-pham\/davines-nounou-gift-set\/","og_site_name":"BLOOM GROOM SALON","article_modified_time":"2025-03-27T03:17:45+00:00","og_image":[{"width":1024,"height":1024,"url":"https:\/\/mybloomgroom.com\/wp-content\/uploads\/2023\/05\/nounou-gift-set.jpeg","type":"image\/jpeg"}],"twitter_card":"summary_large_image","twitter_misc":{"\u01af\u1edbc t\u00ednh th\u1eddi gian \u0111\u1ecdc":"1 ph\u00fat"},"schema":{"@context":"https:\/\/schema.org","@graph":[{"@type":"WebPage","@id":"https:\/\/mybloomgroom.com\/product\/davines-nounou-gift-set\/","url":"https:\/\/mybloomgroom.com\/product\/davines-nounou-gift-set\/","name":"DAVINES NOUNOU Gift Set - BLOOM GROOM SALON","isPartOf":{"@id":"https:\/\/mybloomgroom.com\/#website"},"primaryImageOfPage":{"@id":"https:\/\/mybloomgroom.com\/product\/davines-nounou-gift-set\/#primaryimage"},"image":{"@id":"https:\/\/mybloomgroom.com\/product\/davines-nounou-gift-set\/#primaryimage"},"thumbnailUrl":"https:\/\/mybloomgroom.com\/wp-content\/uploads\/2023\/05\/nounou-gift-set.jpeg","datePublished":"2023-05-11T04:18:33+00:00","dateModified":"2025-03-27T03:17:45+00:00","description":"Ph\u1ee5c h\u1ed3i h\u01b0 t\u1ed5n v\u00e0 nu\u00f4i d\u01b0\u1ee1ng t\u00f3c \u0111\u00e3 qua x\u1eed l\u00fd h\u00f3a ch\u1ea5t","breadcrumb":{"@id":"https:\/\/mybloomgroom.com\/product\/davines-nounou-gift-set\/#breadcrumb"},"inLanguage":"vi","potentialAction":[{"@type":"ReadAction","target":["https:\/\/mybloomgroom.com\/product\/davines-nounou-gift-set\/"]}]},{"@type":"ImageObject","inLanguage":"vi","@id":"https:\/\/mybloomgroom.com\/product\/davines-nounou-gift-set\/#primaryimage","url":"https:\/\/mybloomgroom.com\/wp-content\/uploads\/2023\/05\/nounou-gift-set.jpeg","contentUrl":"https:\/\/mybloomgroom.com\/wp-content\/uploads\/2023\/05\/nounou-gift-set.jpeg","width":1024,"height":1024,"caption":"nounou-gift-set-products"},{"@type":"BreadcrumbList","@id":"https:\/\/mybloomgroom.com\/product\/davines-nounou-gift-set\/#breadcrumb","itemListElement":[{"@type":"ListItem","position":1,"name":"Home","item":"http:\/\/mybloomgroom.com\/"},{"@type":"ListItem","position":2,"name":"Salon Shop","item":"http:\/\/mybloomgroom.com\/salon-shop\/"},{"@type":"ListItem","position":3,"name":"DAVINES NOUNOU Gift Set"}]},{"@type":"WebSite","@id":"https:\/\/mybloomgroom.com\/#website","url":"https:\/\/mybloomgroom.com\/","name":"BLOOM GROOM SALON","description":"Spa l\u00e0m \u0111\u1eb9p c\u1ee7a b\u1ea1n \u1edf S\u00e0i G\u00f2n","potentialAction":[{"@type":"SearchAction","target":{"@type":"EntryPoint","urlTemplate":"https:\/\/mybloomgroom.com\/?s={search_term_string}"},"query-input":{"@type":"PropertyValueSpecification","valueRequired":true,"valueName":"search_term_string"}}],"inLanguage":"vi"}]}},"_links":{"self":[{"href":"https:\/\/mybloomgroom.com\/vi\/wp-json\/wp\/v2\/product\/6874","targetHints":{"allow":["GET"]}}],"collection":[{"href":"https:\/\/mybloomgroom.com\/vi\/wp-json\/wp\/v2\/product"}],"about":[{"href":"https:\/\/mybloomgroom.com\/vi\/wp-json\/wp\/v2\/types\/product"}],"version-history":[{"count":0,"href":"https:\/\/mybloomgroom.com\/vi\/wp-json\/wp\/v2\/product\/6874\/revisions"}],"wp:featuredmedia":[{"embeddable":true,"href":"https:\/\/mybloomgroom.com\/vi\/wp-json\/wp\/v2\/media\/6875"}],"wp:attachment":[{"href":"https:\/\/mybloomgroom.com\/vi\/wp-json\/wp\/v2\/media?parent=6874"}],"wp:term":[{"taxonomy":"product_brand","embeddable":true,"href":"https:\/\/mybloomgroom.com\/vi\/wp-json\/wp\/v2\/product_brand?post=6874"},{"taxonomy":"product_cat","embeddable":true,"href":"https:\/\/mybloomgroom.com\/vi\/wp-json\/wp\/v2\/product_cat?post=6874"},{"taxonomy":"product_tag","embeddable":true,"href":"https:\/\/mybloomgroom.com\/vi\/wp-json\/wp\/v2\/product_tag?post=6874"}],"curies":[{"name":"wp","href":"https:\/\/api.w.org\/{rel}","templated":true}]}}