{"id":6858,"date":"2023-05-08T23:57:07","date_gmt":"2023-05-08T16:57:07","guid":{"rendered":"https:\/\/mybloomgroom.com\/?post_type=product&#038;p=6858"},"modified":"2025-03-27T10:17:45","modified_gmt":"2025-03-27T03:17:45","slug":"kevin-murphy-shimmer-shine","status":"publish","type":"product","link":"https:\/\/mybloomgroom.com\/vi\/san-pham\/kevin-murphy-shimmer-shine\/","title":{"rendered":"KEVIN MURPHY SHIMMER.SHINE"},"content":{"rendered":"<h2>S\u1eecA CH\u1eeeA SHINE MIST<\/h2>","protected":false},"excerpt":{"rendered":"<p>Th\u00eam m\u1ed9t ch\u00fat \u00e1nh s\u00e1ng lung linh cho m\u00e1i t\u00f3c c\u1ee7a b\u1ea1n b\u1eb1ng m\u1ed9t lo\u1ea1i x\u1ecbt d\u01b0\u1ee1ng c\u00f3 m\u00f9i th\u01a1m nh\u01b0 v\u1ebb ngo\u00e0i c\u1ee7a n\u00f3. L\u1edbp s\u01b0\u01a1ng ho\u00e0n thi\u1ec7n nh\u1eb9, v\u1edbi c\u00f4ng ngh\u1ec7 ph\u1ea3n chi\u1ebfu \u00e1nh s\u00e1ng t\u1eeb s\u1ea3n ph\u1ea9m ch\u0103m s\u00f3c da cao c\u1ea5p, t\u1ea1o th\u00eam \u0111\u1ed9 b\u00f3ng r\u1ef1c r\u1ee1 cho t\u00f3c m\u00e0 kh\u00f4ng \u0111\u1ec3 l\u1ea1i c\u1eb7n d\u1ea7u hay t\u0103ng tr\u1ecdng l\u01b0\u1ee3ng. SHIMMER.SHINE c\u00f3 s\u1ef1 pha tr\u1ed9n c\u00e1c th\u00e0nh ph\u1ea7n \u0111\u01b0\u1ee3c l\u1ef1a ch\u1ecdn \u0111\u1eb7c bi\u1ec7t t\u1eeb R\u1eebng nhi\u1ec7t \u0111\u1edbi \u00dac, \u0111\u01b0\u1ee3c ch\u1ecdn v\u00ec kh\u1ea3 n\u0103ng ph\u00e1t tri\u1ec3n m\u1ea1nh trong \u0111i\u1ec1u ki\u1ec7n kh\u00ed h\u1eadu kh\u1eafc nghi\u1ec7t, t\u0103ng \u0111\u1ed9 \u0111\u00e0n h\u1ed3i v\u00e0 ph\u1ee5c h\u1ed3i m\u00e1i t\u00f3c thi\u1ebfu s\u1ee9c s\u1ed1ng. \u0110\u01b0\u1ee3c \u0111\u00f3ng g\u00f3i v\u1edbi Vitamin C v\u00e0 E, Baobab, Immortelle v\u00e0 Tre, \u0111\u00f3 l\u00e0 m\u1ed9t s\u1ef1 b\u1ed5 sung lung linh cho m\u00e1i t\u00f3c.<\/p>\n<p><strong>V\u1ec0\u00a0<\/strong><strong>SHIMMER.SHINE<\/strong><\/p>\n<p>S\u01b0\u01a1ng m\u00f9 ngay l\u1eadp t\u1ee9c th\u00eam \u0111\u1ed9 b\u00f3ng cho t\u00f3c. SHIMMER.SHINE l\u00e0 m\u1ed9t lo\u1ea1i s\u01b0\u01a1ng m\u00f9 ho\u00e0n thi\u1ec7n nh\u1eb9 bao g\u1ed3m c\u00e1c m\u1ea3nh t\u1ea1o \u0111i\u1ec3m nh\u1ea5n v\u00e0 \u0111\u1ed9 b\u00f3ng cho m\u1ecdi lo\u1ea1i t\u00f3c. S\u1ea3n ph\u1ea9m n\u00e0y bao g\u1ed3m s\u1ef1 pha tr\u1ed9n c\u1ee7a chi\u1ebft xu\u1ea5t cam qu\u00fdt \u00dac v\u00e0 m\u1eadn Kakadu v\u1edbi \u0111\u1eb7c t\u00ednh \u01b0a n\u01b0\u1edbc r\u1ea5t c\u00f3 l\u1ee3i c\u0169ng nh\u01b0 d\u1ea7u h\u1ea1t bao b\u00e1p v\u1edbi gi\u00e1 tr\u1ecb dinh d\u01b0\u1ee1ng tuy\u1ec7t v\u1eddi gi\u00fap ph\u1ee5c h\u1ed3i, t\u0103ng c\u01b0\u1eddng v\u00e0 d\u01b0\u1ee1ng \u1ea9m cho t\u00f3c kh\u00f4 v\u00e0 h\u01b0 t\u1ed5n.<\/p>","protected":false},"featured_media":6859,"template":"","meta":[],"product_brand":[],"product_cat":[175],"product_tag":[225,222,181,180],"class_list":{"0":"post-6858","1":"product","2":"type-product","3":"status-publish","4":"has-post-thumbnail","6":"product_cat-kevin-murphy","7":"product_tag-all-hair-types","8":"product_tag-shine","9":"product_tag-styling","10":"product_tag-treatment","12":"first","13":"outofstock","14":"shipping-taxable","15":"purchasable","16":"product-type-simple"},"yoast_head":"<!-- This site is optimized with the Yoast SEO plugin v26.0 - https:\/\/yoast.com\/wordpress\/plugins\/seo\/ -->\n<title>KEVIN MURPHY SHIMMER.SHINE - BLOOM GROOM SALON<\/title>\n<meta name=\"description\" content=\"The mist that instantly adds shine to hair. SHIMMER.SHINE is a light finishing mist composed of flakes that provide highlights and shine to all hair types.\" \/>\n<meta name=\"robots\" content=\"index, follow, max-snippet:-1, max-image-preview:large, max-video-preview:-1\" \/>\n<link rel=\"canonical\" href=\"https:\/\/mybloomgroom.com\/vi\/san-pham\/kevin-murphy-shimmer-shine\/\" \/>\n<meta property=\"og:locale\" content=\"vi_VN\" \/>\n<meta property=\"og:type\" content=\"article\" \/>\n<meta property=\"og:title\" content=\"KEVIN MURPHY SHIMMER.SHINE - BLOOM GROOM SALON\" \/>\n<meta property=\"og:description\" content=\"The mist that instantly adds shine to hair. SHIMMER.SHINE is a light finishing mist composed of flakes that provide highlights and shine to all hair types.\" \/>\n<meta property=\"og:url\" content=\"https:\/\/mybloomgroom.com\/vi\/san-pham\/kevin-murphy-shimmer-shine\/\" \/>\n<meta property=\"og:site_name\" content=\"BLOOM GROOM SALON\" \/>\n<meta property=\"article:modified_time\" content=\"2025-03-27T03:17:45+00:00\" \/>\n<meta property=\"og:image\" content=\"https:\/\/mybloomgroom.com\/wp-content\/uploads\/2023\/05\/shimmer-shine.jpeg\" \/>\n\t<meta property=\"og:image:width\" content=\"1280\" \/>\n\t<meta property=\"og:image:height\" content=\"1280\" \/>\n\t<meta property=\"og:image:type\" content=\"image\/jpeg\" \/>\n<meta name=\"twitter:card\" content=\"summary_large_image\" \/>\n<meta name=\"twitter:label1\" content=\"\u01af\u1edbc t\u00ednh th\u1eddi gian \u0111\u1ecdc\" \/>\n\t<meta name=\"twitter:data1\" content=\"1 ph\u00fat\" \/>\n<script type=\"application\/ld+json\" class=\"yoast-schema-graph\">{\"@context\":\"https:\/\/schema.org\",\"@graph\":[{\"@type\":\"WebPage\",\"@id\":\"https:\/\/mybloomgroom.com\/product\/kevin-murphy-shimmer-shine\/\",\"url\":\"https:\/\/mybloomgroom.com\/product\/kevin-murphy-shimmer-shine\/\",\"name\":\"KEVIN MURPHY SHIMMER.SHINE - BLOOM GROOM SALON\",\"isPartOf\":{\"@id\":\"https:\/\/mybloomgroom.com\/vi\/#website\"},\"primaryImageOfPage\":{\"@id\":\"https:\/\/mybloomgroom.com\/product\/kevin-murphy-shimmer-shine\/#primaryimage\"},\"image\":{\"@id\":\"https:\/\/mybloomgroom.com\/product\/kevin-murphy-shimmer-shine\/#primaryimage\"},\"thumbnailUrl\":\"https:\/\/mybloomgroom.com\/wp-content\/uploads\/2023\/05\/shimmer-shine.jpeg\",\"datePublished\":\"2023-05-08T16:57:07+00:00\",\"dateModified\":\"2025-03-27T03:17:45+00:00\",\"description\":\"The mist that instantly adds shine to hair. SHIMMER.SHINE is a light finishing mist composed of flakes that provide highlights and shine to all hair types.\",\"breadcrumb\":{\"@id\":\"https:\/\/mybloomgroom.com\/product\/kevin-murphy-shimmer-shine\/#breadcrumb\"},\"inLanguage\":\"vi\",\"potentialAction\":[{\"@type\":\"ReadAction\",\"target\":[\"https:\/\/mybloomgroom.com\/product\/kevin-murphy-shimmer-shine\/\"]}]},{\"@type\":\"ImageObject\",\"inLanguage\":\"vi\",\"@id\":\"https:\/\/mybloomgroom.com\/product\/kevin-murphy-shimmer-shine\/#primaryimage\",\"url\":\"https:\/\/mybloomgroom.com\/wp-content\/uploads\/2023\/05\/shimmer-shine.jpeg\",\"contentUrl\":\"https:\/\/mybloomgroom.com\/wp-content\/uploads\/2023\/05\/shimmer-shine.jpeg\",\"width\":1280,\"height\":1280,\"caption\":\"shimmer-shine\"},{\"@type\":\"BreadcrumbList\",\"@id\":\"https:\/\/mybloomgroom.com\/product\/kevin-murphy-shimmer-shine\/#breadcrumb\",\"itemListElement\":[{\"@type\":\"ListItem\",\"position\":1,\"name\":\"Home\",\"item\":\"https:\/\/mybloomgroom.com\/vi\/\"},{\"@type\":\"ListItem\",\"position\":2,\"name\":\"Salon Shop\",\"item\":\"https:\/\/mybloomgroom.com\/vi\/salon-shop\/\"},{\"@type\":\"ListItem\",\"position\":3,\"name\":\"KEVIN MURPHY SHIMMER.SHINE\"}]},{\"@type\":\"WebSite\",\"@id\":\"https:\/\/mybloomgroom.com\/vi\/#website\",\"url\":\"https:\/\/mybloomgroom.com\/vi\/\",\"name\":\"BLOOM GROOM SALON\",\"description\":\"Your beauty spa in Saigon\",\"potentialAction\":[{\"@type\":\"SearchAction\",\"target\":{\"@type\":\"EntryPoint\",\"urlTemplate\":\"https:\/\/mybloomgroom.com\/vi\/?s={search_term_string}\"},\"query-input\":{\"@type\":\"PropertyValueSpecification\",\"valueRequired\":true,\"valueName\":\"search_term_string\"}}],\"inLanguage\":\"vi\"}]}<\/script>\n<!-- \/ Yoast SEO plugin. -->","yoast_head_json":{"title":"KEVIN MURPHY SHIMMER.SHINE - BLOOM GROOM SALON","description":"The mist that instantly adds shine to hair. SHIMMER.SHINE is a light finishing mist composed of flakes that provide highlights and shine to all hair types.","robots":{"index":"index","follow":"follow","max-snippet":"max-snippet:-1","max-image-preview":"max-image-preview:large","max-video-preview":"max-video-preview:-1"},"canonical":"https:\/\/mybloomgroom.com\/vi\/san-pham\/kevin-murphy-shimmer-shine\/","og_locale":"vi_VN","og_type":"article","og_title":"KEVIN MURPHY SHIMMER.SHINE - BLOOM GROOM SALON","og_description":"The mist that instantly adds shine to hair. SHIMMER.SHINE is a light finishing mist composed of flakes that provide highlights and shine to all hair types.","og_url":"https:\/\/mybloomgroom.com\/vi\/san-pham\/kevin-murphy-shimmer-shine\/","og_site_name":"BLOOM GROOM SALON","article_modified_time":"2025-03-27T03:17:45+00:00","og_image":[{"width":1280,"height":1280,"url":"https:\/\/mybloomgroom.com\/wp-content\/uploads\/2023\/05\/shimmer-shine.jpeg","type":"image\/jpeg"}],"twitter_card":"summary_large_image","twitter_misc":{"\u01af\u1edbc t\u00ednh th\u1eddi gian \u0111\u1ecdc":"1 ph\u00fat"},"schema":{"@context":"https:\/\/schema.org","@graph":[{"@type":"WebPage","@id":"https:\/\/mybloomgroom.com\/product\/kevin-murphy-shimmer-shine\/","url":"https:\/\/mybloomgroom.com\/product\/kevin-murphy-shimmer-shine\/","name":"KEVIN MURPHY SHIMMER.SHINE - BLOOM GROOM SALON","isPartOf":{"@id":"https:\/\/mybloomgroom.com\/vi\/#website"},"primaryImageOfPage":{"@id":"https:\/\/mybloomgroom.com\/product\/kevin-murphy-shimmer-shine\/#primaryimage"},"image":{"@id":"https:\/\/mybloomgroom.com\/product\/kevin-murphy-shimmer-shine\/#primaryimage"},"thumbnailUrl":"https:\/\/mybloomgroom.com\/wp-content\/uploads\/2023\/05\/shimmer-shine.jpeg","datePublished":"2023-05-08T16:57:07+00:00","dateModified":"2025-03-27T03:17:45+00:00","description":"The mist that instantly adds shine to hair. SHIMMER.SHINE is a light finishing mist composed of flakes that provide highlights and shine to all hair types.","breadcrumb":{"@id":"https:\/\/mybloomgroom.com\/product\/kevin-murphy-shimmer-shine\/#breadcrumb"},"inLanguage":"vi","potentialAction":[{"@type":"ReadAction","target":["https:\/\/mybloomgroom.com\/product\/kevin-murphy-shimmer-shine\/"]}]},{"@type":"ImageObject","inLanguage":"vi","@id":"https:\/\/mybloomgroom.com\/product\/kevin-murphy-shimmer-shine\/#primaryimage","url":"https:\/\/mybloomgroom.com\/wp-content\/uploads\/2023\/05\/shimmer-shine.jpeg","contentUrl":"https:\/\/mybloomgroom.com\/wp-content\/uploads\/2023\/05\/shimmer-shine.jpeg","width":1280,"height":1280,"caption":"shimmer-shine"},{"@type":"BreadcrumbList","@id":"https:\/\/mybloomgroom.com\/product\/kevin-murphy-shimmer-shine\/#breadcrumb","itemListElement":[{"@type":"ListItem","position":1,"name":"Home","item":"https:\/\/mybloomgroom.com\/vi\/"},{"@type":"ListItem","position":2,"name":"Salon Shop","item":"https:\/\/mybloomgroom.com\/vi\/salon-shop\/"},{"@type":"ListItem","position":3,"name":"KEVIN MURPHY SHIMMER.SHINE"}]},{"@type":"WebSite","@id":"https:\/\/mybloomgroom.com\/vi\/#website","url":"https:\/\/mybloomgroom.com\/vi\/","name":"BLOOM GROOM SALON","description":"Spa l\u00e0m \u0111\u1eb9p c\u1ee7a b\u1ea1n \u1edf S\u00e0i G\u00f2n","potentialAction":[{"@type":"SearchAction","target":{"@type":"EntryPoint","urlTemplate":"https:\/\/mybloomgroom.com\/vi\/?s={search_term_string}"},"query-input":{"@type":"PropertyValueSpecification","valueRequired":true,"valueName":"search_term_string"}}],"inLanguage":"vi"}]}},"_links":{"self":[{"href":"https:\/\/mybloomgroom.com\/vi\/wp-json\/wp\/v2\/product\/6858","targetHints":{"allow":["GET"]}}],"collection":[{"href":"https:\/\/mybloomgroom.com\/vi\/wp-json\/wp\/v2\/product"}],"about":[{"href":"https:\/\/mybloomgroom.com\/vi\/wp-json\/wp\/v2\/types\/product"}],"version-history":[{"count":0,"href":"https:\/\/mybloomgroom.com\/vi\/wp-json\/wp\/v2\/product\/6858\/revisions"}],"wp:featuredmedia":[{"embeddable":true,"href":"https:\/\/mybloomgroom.com\/vi\/wp-json\/wp\/v2\/media\/6859"}],"wp:attachment":[{"href":"https:\/\/mybloomgroom.com\/vi\/wp-json\/wp\/v2\/media?parent=6858"}],"wp:term":[{"taxonomy":"product_brand","embeddable":true,"href":"https:\/\/mybloomgroom.com\/vi\/wp-json\/wp\/v2\/product_brand?post=6858"},{"taxonomy":"product_cat","embeddable":true,"href":"https:\/\/mybloomgroom.com\/vi\/wp-json\/wp\/v2\/product_cat?post=6858"},{"taxonomy":"product_tag","embeddable":true,"href":"https:\/\/mybloomgroom.com\/vi\/wp-json\/wp\/v2\/product_tag?post=6858"}],"curies":[{"name":"wp","href":"https:\/\/api.w.org\/{rel}","templated":true}]}}