{"id":6777,"date":"2024-01-01T21:16:42","date_gmt":"2024-01-01T14:16:42","guid":{"rendered":"https:\/\/mybloomgroom.com\/?post_type=product&#038;p=6777"},"modified":"2025-03-27T10:16:27","modified_gmt":"2025-03-27T03:16:27","slug":"kevin-murphy-blonde-angel-wash","status":"publish","type":"product","link":"https:\/\/mybloomgroom.com\/vi\/san-pham\/kevin-murphy-blonde-angel-wash\/","title":{"rendered":"KEVIN MURPHY BLONDE.ANGEL.WASH"},"content":{"rendered":"<h2>D\u1ea6U G\u1ed8I T\u0102NG M\u00c0U CHO T\u00d3C V\u00c0NG<\/h2>","protected":false},"excerpt":{"rendered":"<p>Bi\u1ebfn m\u1ecdi kho\u1ea3nh kh\u1eafc th\u00e0nh kho\u1ea3nh kh\u1eafc n\u1ed5i b\u1eadt v\u00e0 lo\u1ea1i b\u1ecf t\u00f4ng m\u00e0u \u0111\u1ed3ng thau v\u1edbi BLONDE.ANGEL.WASH. D\u1ea7u g\u1ed9i t\u0103ng c\u01b0\u1eddng m\u00e0u s\u1eafc c\u00f3 chi\u1ebft xu\u1ea5t t\u1eeb hoa O\u1ea3i h\u01b0\u01a1ng c\u1ee7a ch\u00fang t\u00f4i c\u00f3 t\u1ea5t c\u1ea3 c\u00e1c t\u00f4ng m\u00e0u - t\u1eeb m\u00e0u kem \u0111\u1ebfn m\u00e0u b\u1ea1ch kim, v\u00e0 v\u1edbi s\u1ef1 tr\u1ee3 gi\u00fap c\u1ee7a c\u00e1c ch\u1ea5t l\u00e0m s\u00e1ng quang h\u1ecdc \u0111\u01b0\u1ee3c b\u1ed5 sung s\u1ebd gi\u1ea3i c\u1ee9u m\u00e0u x\u1ec9n - \u0111\u01b0a m\u00e0u t\u00f3c t\u1eeb bu\u1ed3n t\u1ebb tr\u1edf l\u1ea1i s\u00e1ng b\u00f3ng.<\/p>\n<div class=\"experience-component experience-commerce_assets-wysiwyg\">\n<div class=\"p--large\">\n<p><strong>GI\u1edaI THI\u1ec6U BLONDE.ANGEL.WASH<\/strong><\/p>\n<p>\u0110\u01b0\u1ee3c t\u1ea1o ra v\u1edbi t\u00ecnh y\u00eau d\u00e0nh cho nh\u1eefng c\u00f4 g\u00e1i t\u00f3c v\u00e0ng c\u1ee7a ch\u00fang t\u00f4i, lo\u1ea1i d\u1ea7u g\u1ed9i t\u0103ng c\u01b0\u1eddng m\u00e0u s\u1eafc c\u00f3 chi\u1ebft xu\u1ea5t t\u1eeb hoa O\u1ea3i h\u01b0\u01a1ng n\u00e0y l\u00e0 b\u00ed quy\u1ebft \u0111\u1ec3 duy tr\u00ec m\u00e1i t\u00f3c v\u00e0ng &#039;t\u01b0\u01a1i m\u1edbi nh\u01b0 \u1edf ti\u1ec7m&#039;. T\u1eeb m\u00e0u kem \u0111\u1ebfn m\u00e0u b\u1ea1ch kim, kh\u00f4ng c\u00f3 m\u00e0u t\u00f3c v\u00e0ng n\u00e0o b\u1ecb m\u1ea5t t\u00f4ng m\u00e0u nh\u1edd c\u00e1c ch\u1ea5t l\u00e0m s\u00e1ng quang h\u1ecdc gi\u00fap lo\u1ea1i b\u1ecf m\u00e0u \u0111\u1ed3ng thau, gi\u1ea3i c\u1ee9u m\u00e0u x\u1ec9n v\u00e0 ph\u1ee5c h\u1ed3i \u0111\u1ed9 b\u00f3ng. C\u00e1c lo\u1ea1i b\u01a1 d\u01b0\u1ee1ng \u1ea9m gi\u00fap d\u01b0\u1ee1ng \u1ea9m cho t\u00f3c v\u00e0 ng\u0103n ng\u1eeba hi\u1ec7n t\u01b0\u1ee3ng m\u1ea5t m\u00e0u\u2014l\u00e0m cho m\u1ed7i ng\u00e0y tr\u1edf th\u00e0nh m\u1ed9t kho\u1ea3nh kh\u1eafc tuy\u1ec7t v\u1eddi..<\/p>\n<\/div>\n<\/div>\n<div class=\"experience-component experience-commerce_assets-assetInclude\">\n<div class=\"\">\n<div id=\"PDP-OWP-chromeless\" class=\"page-designer chromeless\">\n<div class=\"experience-region experience-main\">\n<div class=\"experience-component experience-commerce_assets-html\"><\/div>\n<\/div>\n<\/div>\n<\/div>\n<\/div>","protected":false},"featured_media":6778,"template":"","meta":[],"product_brand":[],"product_cat":[175],"product_tag":[177,226,223,178],"class_list":{"0":"post-6777","1":"product","2":"type-product","3":"status-publish","4":"has-post-thumbnail","6":"product_cat-kevin-murphy","7":"product_tag-blonde-angel","8":"product_tag-blonde-hair","9":"product_tag-purple","10":"product_tag-shampoo","12":"first","13":"outofstock","14":"shipping-taxable","15":"purchasable","16":"product-type-simple"},"yoast_head":"<!-- This site is optimized with the Yoast SEO plugin v26.0 - https:\/\/yoast.com\/wordpress\/plugins\/seo\/ -->\n<title>KEVIN MURPHY BLONDE.ANGEL.WASH - BLOOM GROOM SALON<\/title>\n<meta name=\"description\" content=\"Created with love for our blondes, this Lavender-infused, colour-enhancing shampoo is the secret to maintaining that \u2018fresh from the salon\u2019 blonde. From creamy to platinum, no blonde is left un-toned\" \/>\n<meta name=\"robots\" content=\"index, follow, max-snippet:-1, max-image-preview:large, max-video-preview:-1\" \/>\n<link rel=\"canonical\" href=\"https:\/\/mybloomgroom.com\/vi\/san-pham\/kevin-murphy-blonde-angel-wash\/\" \/>\n<meta property=\"og:locale\" content=\"vi_VN\" \/>\n<meta property=\"og:type\" content=\"article\" \/>\n<meta property=\"og:title\" content=\"KEVIN MURPHY BLONDE.ANGEL.WASH - BLOOM GROOM SALON\" \/>\n<meta property=\"og:description\" content=\"Created with love for our blondes, this Lavender-infused, colour-enhancing shampoo is the secret to maintaining that \u2018fresh from the salon\u2019 blonde. From creamy to platinum, no blonde is left un-toned\" \/>\n<meta property=\"og:url\" content=\"https:\/\/mybloomgroom.com\/vi\/san-pham\/kevin-murphy-blonde-angel-wash\/\" \/>\n<meta property=\"og:site_name\" content=\"BLOOM GROOM SALON\" \/>\n<meta property=\"article:modified_time\" content=\"2025-03-27T03:16:27+00:00\" \/>\n<meta property=\"og:image\" content=\"https:\/\/mybloomgroom.com\/wp-content\/uploads\/2023\/05\/blonde-angel-wash.jpeg\" \/>\n\t<meta property=\"og:image:width\" content=\"1280\" \/>\n\t<meta property=\"og:image:height\" content=\"1280\" \/>\n\t<meta property=\"og:image:type\" content=\"image\/jpeg\" \/>\n<meta name=\"twitter:card\" content=\"summary_large_image\" \/>\n<meta name=\"twitter:label1\" content=\"\u01af\u1edbc t\u00ednh th\u1eddi gian \u0111\u1ecdc\" \/>\n\t<meta name=\"twitter:data1\" content=\"1 ph\u00fat\" \/>\n<script type=\"application\/ld+json\" class=\"yoast-schema-graph\">{\"@context\":\"https:\/\/schema.org\",\"@graph\":[{\"@type\":\"WebPage\",\"@id\":\"https:\/\/mybloomgroom.com\/product\/kevin-murphy-blonde-angel-wash\/\",\"url\":\"https:\/\/mybloomgroom.com\/product\/kevin-murphy-blonde-angel-wash\/\",\"name\":\"KEVIN MURPHY BLONDE.ANGEL.WASH - BLOOM GROOM SALON\",\"isPartOf\":{\"@id\":\"http:\/\/mybloomgroom.com\/#website\"},\"primaryImageOfPage\":{\"@id\":\"https:\/\/mybloomgroom.com\/product\/kevin-murphy-blonde-angel-wash\/#primaryimage\"},\"image\":{\"@id\":\"https:\/\/mybloomgroom.com\/product\/kevin-murphy-blonde-angel-wash\/#primaryimage\"},\"thumbnailUrl\":\"https:\/\/mybloomgroom.com\/wp-content\/uploads\/2023\/05\/blonde-angel-wash.jpeg\",\"datePublished\":\"2024-01-01T14:16:42+00:00\",\"dateModified\":\"2025-03-27T03:16:27+00:00\",\"description\":\"Created with love for our blondes, this Lavender-infused, colour-enhancing shampoo is the secret to maintaining that \u2018fresh from the salon\u2019 blonde. From creamy to platinum, no blonde is left un-toned\",\"breadcrumb\":{\"@id\":\"https:\/\/mybloomgroom.com\/product\/kevin-murphy-blonde-angel-wash\/#breadcrumb\"},\"inLanguage\":\"vi\",\"potentialAction\":[{\"@type\":\"ReadAction\",\"target\":[\"https:\/\/mybloomgroom.com\/product\/kevin-murphy-blonde-angel-wash\/\"]}]},{\"@type\":\"ImageObject\",\"inLanguage\":\"vi\",\"@id\":\"https:\/\/mybloomgroom.com\/product\/kevin-murphy-blonde-angel-wash\/#primaryimage\",\"url\":\"https:\/\/mybloomgroom.com\/wp-content\/uploads\/2023\/05\/blonde-angel-wash.jpeg\",\"contentUrl\":\"https:\/\/mybloomgroom.com\/wp-content\/uploads\/2023\/05\/blonde-angel-wash.jpeg\",\"width\":1280,\"height\":1280},{\"@type\":\"BreadcrumbList\",\"@id\":\"https:\/\/mybloomgroom.com\/product\/kevin-murphy-blonde-angel-wash\/#breadcrumb\",\"itemListElement\":[{\"@type\":\"ListItem\",\"position\":1,\"name\":\"Home\",\"item\":\"http:\/\/mybloomgroom.com\/\"},{\"@type\":\"ListItem\",\"position\":2,\"name\":\"Salon Shop\",\"item\":\"https:\/\/mybloomgroom.com\/salon-shop\/\"},{\"@type\":\"ListItem\",\"position\":3,\"name\":\"KEVIN MURPHY BLONDE.ANGEL.WASH\"}]},{\"@type\":\"WebSite\",\"@id\":\"http:\/\/mybloomgroom.com\/#website\",\"url\":\"http:\/\/mybloomgroom.com\/\",\"name\":\"BLOOM GROOM SALON\",\"description\":\"Your beauty spa in Saigon\",\"potentialAction\":[{\"@type\":\"SearchAction\",\"target\":{\"@type\":\"EntryPoint\",\"urlTemplate\":\"http:\/\/mybloomgroom.com\/?s={search_term_string}\"},\"query-input\":{\"@type\":\"PropertyValueSpecification\",\"valueRequired\":true,\"valueName\":\"search_term_string\"}}],\"inLanguage\":\"vi\"}]}<\/script>\n<!-- \/ Yoast SEO plugin. -->","yoast_head_json":{"title":"KEVIN MURPHY BLONDE.ANGEL.WASH - BLOOM GROOM SALON","description":"Created with love for our blondes, this Lavender-infused, colour-enhancing shampoo is the secret to maintaining that \u2018fresh from the salon\u2019 blonde. From creamy to platinum, no blonde is left un-toned","robots":{"index":"index","follow":"follow","max-snippet":"max-snippet:-1","max-image-preview":"max-image-preview:large","max-video-preview":"max-video-preview:-1"},"canonical":"https:\/\/mybloomgroom.com\/vi\/san-pham\/kevin-murphy-blonde-angel-wash\/","og_locale":"vi_VN","og_type":"article","og_title":"KEVIN MURPHY BLONDE.ANGEL.WASH - BLOOM GROOM SALON","og_description":"Created with love for our blondes, this Lavender-infused, colour-enhancing shampoo is the secret to maintaining that \u2018fresh from the salon\u2019 blonde. From creamy to platinum, no blonde is left un-toned","og_url":"https:\/\/mybloomgroom.com\/vi\/san-pham\/kevin-murphy-blonde-angel-wash\/","og_site_name":"BLOOM GROOM SALON","article_modified_time":"2025-03-27T03:16:27+00:00","og_image":[{"width":1280,"height":1280,"url":"https:\/\/mybloomgroom.com\/wp-content\/uploads\/2023\/05\/blonde-angel-wash.jpeg","type":"image\/jpeg"}],"twitter_card":"summary_large_image","twitter_misc":{"\u01af\u1edbc t\u00ednh th\u1eddi gian \u0111\u1ecdc":"1 ph\u00fat"},"schema":{"@context":"https:\/\/schema.org","@graph":[{"@type":"WebPage","@id":"https:\/\/mybloomgroom.com\/product\/kevin-murphy-blonde-angel-wash\/","url":"https:\/\/mybloomgroom.com\/product\/kevin-murphy-blonde-angel-wash\/","name":"KEVIN MURPHY BLONDE.ANGEL.WASH - BLOOM GROOM SALON","isPartOf":{"@id":"http:\/\/mybloomgroom.com\/#website"},"primaryImageOfPage":{"@id":"https:\/\/mybloomgroom.com\/product\/kevin-murphy-blonde-angel-wash\/#primaryimage"},"image":{"@id":"https:\/\/mybloomgroom.com\/product\/kevin-murphy-blonde-angel-wash\/#primaryimage"},"thumbnailUrl":"https:\/\/mybloomgroom.com\/wp-content\/uploads\/2023\/05\/blonde-angel-wash.jpeg","datePublished":"2024-01-01T14:16:42+00:00","dateModified":"2025-03-27T03:16:27+00:00","description":"Created with love for our blondes, this Lavender-infused, colour-enhancing shampoo is the secret to maintaining that \u2018fresh from the salon\u2019 blonde. From creamy to platinum, no blonde is left un-toned","breadcrumb":{"@id":"https:\/\/mybloomgroom.com\/product\/kevin-murphy-blonde-angel-wash\/#breadcrumb"},"inLanguage":"vi","potentialAction":[{"@type":"ReadAction","target":["https:\/\/mybloomgroom.com\/product\/kevin-murphy-blonde-angel-wash\/"]}]},{"@type":"ImageObject","inLanguage":"vi","@id":"https:\/\/mybloomgroom.com\/product\/kevin-murphy-blonde-angel-wash\/#primaryimage","url":"https:\/\/mybloomgroom.com\/wp-content\/uploads\/2023\/05\/blonde-angel-wash.jpeg","contentUrl":"https:\/\/mybloomgroom.com\/wp-content\/uploads\/2023\/05\/blonde-angel-wash.jpeg","width":1280,"height":1280},{"@type":"BreadcrumbList","@id":"https:\/\/mybloomgroom.com\/product\/kevin-murphy-blonde-angel-wash\/#breadcrumb","itemListElement":[{"@type":"ListItem","position":1,"name":"Home","item":"http:\/\/mybloomgroom.com\/"},{"@type":"ListItem","position":2,"name":"Salon Shop","item":"https:\/\/mybloomgroom.com\/salon-shop\/"},{"@type":"ListItem","position":3,"name":"KEVIN MURPHY BLONDE.ANGEL.WASH"}]},{"@type":"WebSite","@id":"http:\/\/mybloomgroom.com\/#website","url":"http:\/\/mybloomgroom.com\/","name":"BLOOM GROOM SALON","description":"Spa l\u00e0m \u0111\u1eb9p c\u1ee7a b\u1ea1n \u1edf S\u00e0i G\u00f2n","potentialAction":[{"@type":"SearchAction","target":{"@type":"EntryPoint","urlTemplate":"http:\/\/mybloomgroom.com\/?s={search_term_string}"},"query-input":{"@type":"PropertyValueSpecification","valueRequired":true,"valueName":"search_term_string"}}],"inLanguage":"vi"}]}},"_links":{"self":[{"href":"https:\/\/mybloomgroom.com\/vi\/wp-json\/wp\/v2\/product\/6777","targetHints":{"allow":["GET"]}}],"collection":[{"href":"https:\/\/mybloomgroom.com\/vi\/wp-json\/wp\/v2\/product"}],"about":[{"href":"https:\/\/mybloomgroom.com\/vi\/wp-json\/wp\/v2\/types\/product"}],"version-history":[{"count":0,"href":"https:\/\/mybloomgroom.com\/vi\/wp-json\/wp\/v2\/product\/6777\/revisions"}],"wp:featuredmedia":[{"embeddable":true,"href":"https:\/\/mybloomgroom.com\/vi\/wp-json\/wp\/v2\/media\/6778"}],"wp:attachment":[{"href":"https:\/\/mybloomgroom.com\/vi\/wp-json\/wp\/v2\/media?parent=6777"}],"wp:term":[{"taxonomy":"product_brand","embeddable":true,"href":"https:\/\/mybloomgroom.com\/vi\/wp-json\/wp\/v2\/product_brand?post=6777"},{"taxonomy":"product_cat","embeddable":true,"href":"https:\/\/mybloomgroom.com\/vi\/wp-json\/wp\/v2\/product_cat?post=6777"},{"taxonomy":"product_tag","embeddable":true,"href":"https:\/\/mybloomgroom.com\/vi\/wp-json\/wp\/v2\/product_tag?post=6777"}],"curies":[{"name":"wp","href":"https:\/\/api.w.org\/{rel}","templated":true}]}}