{"id":6117,"date":"2023-03-01T23:05:17","date_gmt":"2023-03-01T16:05:17","guid":{"rendered":"https:\/\/mybloomgroom.wamstore.com\/?post_type=product&#038;p=6117"},"modified":"2024-11-08T14:32:58","modified_gmt":"2024-11-08T07:32:58","slug":"color-fresh-mask-lilac-frost","status":"publish","type":"product","link":"https:\/\/mybloomgroom.com\/vi\/san-pham\/color-fresh-mask-lilac-frost\/","title":{"rendered":"WELLA Color Fresh Mask Lilac Frost"},"content":{"rendered":"","protected":false},"excerpt":{"rendered":"<p>Wella Professionals Color Fresh Mask l\u00e0 m\u1eb7t n\u1ea1 l\u1eafng \u0111\u1ecdng m\u00e0u kh\u00f4ng g\u00e2y h\u1ea1i \u0111\u1ec3 l\u00e0m m\u1edbi m\u00e0u s\u1eafc th\u1ea9m m\u1ef9 vi\u1ec7n c\u1ee7a b\u1ea1n. S\u1eed d\u1ee5ng c\u00e1i n\u00e0y t\u1ea1i nh\u00e0<span class=\"morecontent\">e \u0111i\u1ec1u tr\u1ecb h\u00e0ng tu\u1ea7n \u0111\u1ec3 d\u1ec5 d\u00e0ng t\u1ea1o t\u00f4ng Lilac Frost tr\u00ean t\u00f3c v\u00e0ng ch\u1ec9 trong 10 ph\u00fat! M\u00e0u t\u1ea1m th\u1eddi phai d\u1ea7n v\u00e0 c\u00e1c th\u00e0nh ph\u1ea7n ch\u0103m s\u00f3c phong ph\u00fa trong c\u00f4ng th\u1ee9c gi\u00fap t\u00f3c m\u1ec1m m\u01b0\u1ee3t v\u00e0 \u1ea9m m\u01b0\u1ee3t. K\u1ebft qu\u1ea3 m\u00e0u s\u1eafc c\u00f3 th\u1ec3 kh\u00e1c nhau t\u00f9y thu\u1ed9c v\u00e0o m\u1eb7t n\u1ea1 \u0111\u01b0\u1ee3c s\u1eed d\u1ee5ng v\u00e0 m\u1ee9c \u0111\u1ed9 c\u01a1 b\u1ea3n c\u0169ng nh\u01b0 \u0111\u1ed9 x\u1ed1p c\u1ee7a t\u00f3c \u2013 t\u00f3c c\u00e0ng s\u00e1ng th\u00ec m\u00e0u c\u00e0ng s\u00e1ng. Wella Color Fresh Mask \u0111\u01b0\u1ee3c l\u00e0m gi\u00e0u v\u1edbi d\u1ea7u b\u01a1 v\u00e0 \u0111\u01b0\u1ee3c b\u00e0o ch\u1ebf kh\u00f4ng c\u00f3 silicon ho\u1eb7c c\u00e1c th\u00e0nh ph\u1ea7n c\u00f3 ngu\u1ed3n g\u1ed1c t\u1eeb \u0111\u1ed9ng v\u1eadt. Ch\u00fang t\u00f4i khuy\u00ean b\u1ea1n n\u00ean s\u1eed d\u1ee5ng g\u0103ng tay khi \u00e1p d\u1ee5ng<\/span><\/p>","protected":false},"featured_media":6125,"template":"","meta":[],"product_brand":[],"product_cat":[162],"product_tag":[225,182,180,151],"class_list":{"0":"post-6117","1":"product","2":"type-product","3":"status-publish","4":"has-post-thumbnail","6":"product_cat-wella","7":"product_tag-all-hair-types","8":"product_tag-colour","9":"product_tag-treatment","10":"product_tag-wella","12":"first","13":"outofstock","14":"shipping-taxable","15":"purchasable","16":"product-type-simple"},"yoast_head":"<!-- This site is optimized with the Yoast SEO plugin v26.0 - https:\/\/yoast.com\/wordpress\/plugins\/seo\/ -->\n<title>WELLA Color Fresh Mask Lilac Frost - BLOOM GROOM SALON<\/title>\n<meta name=\"robots\" content=\"index, follow, max-snippet:-1, max-image-preview:large, max-video-preview:-1\" \/>\n<link rel=\"canonical\" href=\"https:\/\/mybloomgroom.com\/vi\/san-pham\/color-fresh-mask-lilac-frost\/\" \/>\n<meta property=\"og:locale\" content=\"vi_VN\" \/>\n<meta property=\"og:type\" content=\"article\" \/>\n<meta property=\"og:title\" content=\"WELLA Color Fresh Mask Lilac Frost - BLOOM GROOM SALON\" \/>\n<meta property=\"og:description\" content=\"Wella Professionals Color Fresh Mask is a zero-damage color-depositing mask to refresh your salon color. Use this at-home treatment weekly to easily create Lilac Frost tones in blonde hair in just 10 minutes! The temporary color fades gradually and the rich care ingredients in the formula leave the hair feeling smooth and moisturized. Color results can vary depending on the mask used and the base level and porosity of the hair \u2013 the lighter the hair the brighter the color. Wella Color Fresh Mask is enriched with avocado oil and is formulated without silicones or animal-derived ingredients. We recommend using gloves when applying\" \/>\n<meta property=\"og:url\" content=\"https:\/\/mybloomgroom.com\/vi\/san-pham\/color-fresh-mask-lilac-frost\/\" \/>\n<meta property=\"og:site_name\" content=\"BLOOM GROOM SALON\" \/>\n<meta property=\"article:modified_time\" content=\"2024-11-08T07:32:58+00:00\" \/>\n<meta property=\"og:image\" content=\"https:\/\/mybloomgroom.com\/wp-content\/uploads\/2023\/04\/color-fresh-mask-lilac-frost.jpg\" \/>\n\t<meta property=\"og:image:width\" content=\"1000\" \/>\n\t<meta property=\"og:image:height\" content=\"1000\" \/>\n\t<meta property=\"og:image:type\" content=\"image\/jpeg\" \/>\n<meta name=\"twitter:card\" content=\"summary_large_image\" \/>\n<script type=\"application\/ld+json\" class=\"yoast-schema-graph\">{\"@context\":\"https:\/\/schema.org\",\"@graph\":[{\"@type\":\"WebPage\",\"@id\":\"https:\/\/mybloomgroom.com\/product\/color-fresh-mask-lilac-frost\/\",\"url\":\"https:\/\/mybloomgroom.com\/product\/color-fresh-mask-lilac-frost\/\",\"name\":\"WELLA Color Fresh Mask Lilac Frost - BLOOM GROOM SALON\",\"isPartOf\":{\"@id\":\"https:\/\/mybloomgroom.com\/#website\"},\"primaryImageOfPage\":{\"@id\":\"https:\/\/mybloomgroom.com\/product\/color-fresh-mask-lilac-frost\/#primaryimage\"},\"image\":{\"@id\":\"https:\/\/mybloomgroom.com\/product\/color-fresh-mask-lilac-frost\/#primaryimage\"},\"thumbnailUrl\":\"https:\/\/mybloomgroom.com\/wp-content\/uploads\/2023\/04\/color-fresh-mask-lilac-frost.jpg\",\"datePublished\":\"2023-03-01T16:05:17+00:00\",\"dateModified\":\"2024-11-08T07:32:58+00:00\",\"breadcrumb\":{\"@id\":\"https:\/\/mybloomgroom.com\/product\/color-fresh-mask-lilac-frost\/#breadcrumb\"},\"inLanguage\":\"vi\",\"potentialAction\":[{\"@type\":\"ReadAction\",\"target\":[\"https:\/\/mybloomgroom.com\/product\/color-fresh-mask-lilac-frost\/\"]}]},{\"@type\":\"ImageObject\",\"inLanguage\":\"vi\",\"@id\":\"https:\/\/mybloomgroom.com\/product\/color-fresh-mask-lilac-frost\/#primaryimage\",\"url\":\"https:\/\/mybloomgroom.com\/wp-content\/uploads\/2023\/04\/color-fresh-mask-lilac-frost.jpg\",\"contentUrl\":\"https:\/\/mybloomgroom.com\/wp-content\/uploads\/2023\/04\/color-fresh-mask-lilac-frost.jpg\",\"width\":1000,\"height\":1000},{\"@type\":\"BreadcrumbList\",\"@id\":\"https:\/\/mybloomgroom.com\/product\/color-fresh-mask-lilac-frost\/#breadcrumb\",\"itemListElement\":[{\"@type\":\"ListItem\",\"position\":1,\"name\":\"Home\",\"item\":\"http:\/\/mybloomgroom.com\/\"},{\"@type\":\"ListItem\",\"position\":2,\"name\":\"Salon Shop\",\"item\":\"http:\/\/mybloomgroom.com\/salon-shop\/\"},{\"@type\":\"ListItem\",\"position\":3,\"name\":\"WELLA Color Fresh Mask Lilac Frost\"}]},{\"@type\":\"WebSite\",\"@id\":\"https:\/\/mybloomgroom.com\/#website\",\"url\":\"https:\/\/mybloomgroom.com\/\",\"name\":\"BLOOM GROOM SALON\",\"description\":\"Your beauty spa in Saigon\",\"potentialAction\":[{\"@type\":\"SearchAction\",\"target\":{\"@type\":\"EntryPoint\",\"urlTemplate\":\"https:\/\/mybloomgroom.com\/?s={search_term_string}\"},\"query-input\":{\"@type\":\"PropertyValueSpecification\",\"valueRequired\":true,\"valueName\":\"search_term_string\"}}],\"inLanguage\":\"vi\"}]}<\/script>\n<!-- \/ Yoast SEO plugin. -->","yoast_head_json":{"title":"WELLA Color Fresh Mask Lilac Frost - BLOOM GROOM SALON","robots":{"index":"index","follow":"follow","max-snippet":"max-snippet:-1","max-image-preview":"max-image-preview:large","max-video-preview":"max-video-preview:-1"},"canonical":"https:\/\/mybloomgroom.com\/vi\/san-pham\/color-fresh-mask-lilac-frost\/","og_locale":"vi_VN","og_type":"article","og_title":"WELLA Color Fresh Mask Lilac Frost - BLOOM GROOM SALON","og_description":"Wella Professionals Color Fresh Mask is a zero-damage color-depositing mask to refresh your salon color. Use this at-home treatment weekly to easily create Lilac Frost tones in blonde hair in just 10 minutes! The temporary color fades gradually and the rich care ingredients in the formula leave the hair feeling smooth and moisturized. Color results can vary depending on the mask used and the base level and porosity of the hair \u2013 the lighter the hair the brighter the color. Wella Color Fresh Mask is enriched with avocado oil and is formulated without silicones or animal-derived ingredients. We recommend using gloves when applying","og_url":"https:\/\/mybloomgroom.com\/vi\/san-pham\/color-fresh-mask-lilac-frost\/","og_site_name":"BLOOM GROOM SALON","article_modified_time":"2024-11-08T07:32:58+00:00","og_image":[{"width":1000,"height":1000,"url":"https:\/\/mybloomgroom.com\/wp-content\/uploads\/2023\/04\/color-fresh-mask-lilac-frost.jpg","type":"image\/jpeg"}],"twitter_card":"summary_large_image","schema":{"@context":"https:\/\/schema.org","@graph":[{"@type":"WebPage","@id":"https:\/\/mybloomgroom.com\/product\/color-fresh-mask-lilac-frost\/","url":"https:\/\/mybloomgroom.com\/product\/color-fresh-mask-lilac-frost\/","name":"WELLA Color Fresh Mask Lilac Frost - BLOOM GROOM SALON","isPartOf":{"@id":"https:\/\/mybloomgroom.com\/#website"},"primaryImageOfPage":{"@id":"https:\/\/mybloomgroom.com\/product\/color-fresh-mask-lilac-frost\/#primaryimage"},"image":{"@id":"https:\/\/mybloomgroom.com\/product\/color-fresh-mask-lilac-frost\/#primaryimage"},"thumbnailUrl":"https:\/\/mybloomgroom.com\/wp-content\/uploads\/2023\/04\/color-fresh-mask-lilac-frost.jpg","datePublished":"2023-03-01T16:05:17+00:00","dateModified":"2024-11-08T07:32:58+00:00","breadcrumb":{"@id":"https:\/\/mybloomgroom.com\/product\/color-fresh-mask-lilac-frost\/#breadcrumb"},"inLanguage":"vi","potentialAction":[{"@type":"ReadAction","target":["https:\/\/mybloomgroom.com\/product\/color-fresh-mask-lilac-frost\/"]}]},{"@type":"ImageObject","inLanguage":"vi","@id":"https:\/\/mybloomgroom.com\/product\/color-fresh-mask-lilac-frost\/#primaryimage","url":"https:\/\/mybloomgroom.com\/wp-content\/uploads\/2023\/04\/color-fresh-mask-lilac-frost.jpg","contentUrl":"https:\/\/mybloomgroom.com\/wp-content\/uploads\/2023\/04\/color-fresh-mask-lilac-frost.jpg","width":1000,"height":1000},{"@type":"BreadcrumbList","@id":"https:\/\/mybloomgroom.com\/product\/color-fresh-mask-lilac-frost\/#breadcrumb","itemListElement":[{"@type":"ListItem","position":1,"name":"Home","item":"http:\/\/mybloomgroom.com\/"},{"@type":"ListItem","position":2,"name":"Salon Shop","item":"http:\/\/mybloomgroom.com\/salon-shop\/"},{"@type":"ListItem","position":3,"name":"WELLA Color Fresh Mask Lilac Frost"}]},{"@type":"WebSite","@id":"https:\/\/mybloomgroom.com\/#website","url":"https:\/\/mybloomgroom.com\/","name":"BLOOM GROOM SALON","description":"Spa l\u00e0m \u0111\u1eb9p c\u1ee7a b\u1ea1n \u1edf S\u00e0i G\u00f2n","potentialAction":[{"@type":"SearchAction","target":{"@type":"EntryPoint","urlTemplate":"https:\/\/mybloomgroom.com\/?s={search_term_string}"},"query-input":{"@type":"PropertyValueSpecification","valueRequired":true,"valueName":"search_term_string"}}],"inLanguage":"vi"}]}},"_links":{"self":[{"href":"https:\/\/mybloomgroom.com\/vi\/wp-json\/wp\/v2\/product\/6117","targetHints":{"allow":["GET"]}}],"collection":[{"href":"https:\/\/mybloomgroom.com\/vi\/wp-json\/wp\/v2\/product"}],"about":[{"href":"https:\/\/mybloomgroom.com\/vi\/wp-json\/wp\/v2\/types\/product"}],"version-history":[{"count":0,"href":"https:\/\/mybloomgroom.com\/vi\/wp-json\/wp\/v2\/product\/6117\/revisions"}],"wp:featuredmedia":[{"embeddable":true,"href":"https:\/\/mybloomgroom.com\/vi\/wp-json\/wp\/v2\/media\/6125"}],"wp:attachment":[{"href":"https:\/\/mybloomgroom.com\/vi\/wp-json\/wp\/v2\/media?parent=6117"}],"wp:term":[{"taxonomy":"product_brand","embeddable":true,"href":"https:\/\/mybloomgroom.com\/vi\/wp-json\/wp\/v2\/product_brand?post=6117"},{"taxonomy":"product_cat","embeddable":true,"href":"https:\/\/mybloomgroom.com\/vi\/wp-json\/wp\/v2\/product_cat?post=6117"},{"taxonomy":"product_tag","embeddable":true,"href":"https:\/\/mybloomgroom.com\/vi\/wp-json\/wp\/v2\/product_tag?post=6117"}],"curies":[{"name":"wp","href":"https:\/\/api.w.org\/{rel}","templated":true}]}}