{"id":6110,"date":"2023-03-23T14:58:15","date_gmt":"2023-03-23T07:58:15","guid":{"rendered":"https:\/\/mybloomgroom.wamstore.com\/?post_type=product&#038;p=6110"},"modified":"2025-06-11T20:53:58","modified_gmt":"2025-06-11T13:53:58","slug":"perfect-defense","status":"publish","type":"product","link":"https:\/\/mybloomgroom.com\/vi\/san-pham\/perfect-defense\/","title":{"rendered":"MOROCCANOIL Ph\u00f2ng Th\u1ee7 Ho\u00e0n H\u1ea3o"},"content":{"rendered":"<h2 class=\"p1\">Perfect Defense Heat Protectant<\/h2>\n<h2 class=\"p1\">A no-hold spray that works with all hair types and styling tools to protect from heat up to 450\u00b0F\/230\u00b0C. For use on damp or dry hair<\/h2>","protected":false},"excerpt":{"rendered":"<p>Moroccanoil\u00ae Perfect Defense l\u00e0 b\u00ecnh x\u1ecbt kh\u00f4, kh\u00f4ng tr\u1ecdng l\u01b0\u1ee3ng, b\u00ecnh x\u1ecbt ch\u1ed1ng n\u00f3ng. C\u00f4ng th\u1ee9c nu\u00f4i d\u01b0\u1ee1ng, d\u1ea7u argan v\u00e0 vitamin n\u00e0y gi\u00fap t\u00e1i t\u1ea1o \u0111\u1ed9 \u1ea9m cho t\u00f3c \u0111\u1ed3ng th\u1eddi b\u1ea3o v\u1ec7 ch\u1ed1ng l\u1ea1i t\u00e1c h\u1ea1i c\u1ee7a vi\u1ec7c t\u1ea1o ki\u1ec3u b\u1eb1ng nhi\u1ec7t l\u00ean \u0111\u1ebfn 450\u2070F\/230\u2070C.<\/p>\n<p>Ng\u01b0\u1eddi chi\u1ebfn th\u1eafng, Gi\u1ea3i th\u01b0\u1edfng V\u1ebb \u0111\u1eb9p quy\u1ebfn r\u0169 2018, Chuy\u00ean gia ngh\u1ec9 ph\u00e9p t\u1ed1t nh\u1ea5t,\u00a0<em>S\u1ef1 h\u00e0o nho\u00e1ng<\/em>, 2018<\/p>\n<p>Ng\u01b0\u1eddi chi\u1ebfn th\u1eafng, Gi\u1ea3i th\u01b0\u1edfng S\u1ee9c kh\u1ecfe S\u1eafc \u0111\u1eb9p, S\u1ea3n ph\u1ea9m Ch\u0103m s\u00f3c T\u00f3c Ph\u1ea3i C\u00f3, Influenster.com, 2018<\/p>\n<p>Ng\u01b0\u1eddi chi\u1ebfn th\u1eafng, Gi\u1ea3i th\u01b0\u1edfng B\u00ecnh ch\u1ecdn c\u1ee7a Ng\u01b0\u1eddi \u0111\u00e1nh gi\u00e1: Ng\u01b0\u1eddi \u0111\u1eb9p xu\u1ea5t s\u1eafc nh\u1ea5t, Gi\u1ea3i th\u01b0\u1edfng V\u1ebb \u0111\u1eb9p S\u1ee9c kh\u1ecfe, Influenster.com, 2018<\/p>\n<p class=\"p1\"><b>Key Ingredients<\/b><\/p>\n<p class=\"p3\">ARGAN OIL<br \/>\nExtremely rich in tocopherols (Vitamin E), essential fatty acids, and antioxidants, this natural oil helps to nourish.<\/p>\n<p>PANTHENOL<br \/>\nA form of Vitamin B5 that hydrates and imparts a glossy finish.<\/p>","protected":false},"featured_media":5988,"template":"","meta":[],"product_brand":[],"product_cat":[47],"product_tag":[225,183,121,220,181],"class_list":{"0":"post-6110","1":"product","2":"type-product","3":"status-publish","4":"has-post-thumbnail","6":"product_cat-moroccanoil","7":"product_tag-all-hair-types","8":"product_tag-heat-protection","9":"product_tag-moroccanoil","10":"product_tag-spray","11":"product_tag-styling","13":"first","14":"outofstock","15":"shipping-taxable","16":"purchasable","17":"product-type-simple"},"yoast_head":"<!-- This site is optimized with the Yoast SEO plugin v26.0 - https:\/\/yoast.com\/wordpress\/plugins\/seo\/ -->\n<title>MOROCCANOIL Perfect Defense - BLOOM GROOM SALON<\/title>\n<meta name=\"description\" content=\"Moroccanoil\u00ae Perfect Defense is a weightless, dry aerosol, heat protective spray. This nourishing, argan oil and vitamin-fueled formula re-hydrates the hair while protecting against the damaging effects of heat styling up to 450\u2070F\/230\u2070C.\" \/>\n<meta name=\"robots\" content=\"index, follow, max-snippet:-1, max-image-preview:large, max-video-preview:-1\" \/>\n<link rel=\"canonical\" href=\"https:\/\/mybloomgroom.com\/vi\/san-pham\/perfect-defense\/\" \/>\n<meta property=\"og:locale\" content=\"vi_VN\" \/>\n<meta property=\"og:type\" content=\"article\" \/>\n<meta property=\"og:title\" content=\"MOROCCANOIL Perfect Defense - BLOOM GROOM SALON\" \/>\n<meta property=\"og:description\" content=\"Moroccanoil\u00ae Perfect Defense is a weightless, dry aerosol, heat protective spray. This nourishing, argan oil and vitamin-fueled formula re-hydrates the hair while protecting against the damaging effects of heat styling up to 450\u2070F\/230\u2070C.\" \/>\n<meta property=\"og:url\" content=\"https:\/\/mybloomgroom.com\/vi\/san-pham\/perfect-defense\/\" \/>\n<meta property=\"og:site_name\" content=\"BLOOM GROOM SALON\" \/>\n<meta property=\"article:modified_time\" content=\"2025-06-11T13:53:58+00:00\" \/>\n<meta property=\"og:image\" content=\"https:\/\/mybloomgroom.com\/wp-content\/uploads\/2023\/03\/perfect-defense.jpeg\" \/>\n\t<meta property=\"og:image:width\" content=\"1000\" \/>\n\t<meta property=\"og:image:height\" content=\"1000\" \/>\n\t<meta property=\"og:image:type\" content=\"image\/jpeg\" \/>\n<meta name=\"twitter:card\" content=\"summary_large_image\" \/>\n<meta name=\"twitter:label1\" content=\"\u01af\u1edbc t\u00ednh th\u1eddi gian \u0111\u1ecdc\" \/>\n\t<meta name=\"twitter:data1\" content=\"1 ph\u00fat\" \/>\n<script type=\"application\/ld+json\" class=\"yoast-schema-graph\">{\"@context\":\"https:\/\/schema.org\",\"@graph\":[{\"@type\":\"WebPage\",\"@id\":\"https:\/\/mybloomgroom.com\/vi\/san-pham\/perfect-defense\/\",\"url\":\"https:\/\/mybloomgroom.com\/vi\/san-pham\/perfect-defense\/\",\"name\":\"MOROCCANOIL Perfect Defense - BLOOM GROOM SALON\",\"isPartOf\":{\"@id\":\"http:\/\/mybloomgroom.com\/vi\/#website\"},\"primaryImageOfPage\":{\"@id\":\"https:\/\/mybloomgroom.com\/vi\/san-pham\/perfect-defense\/#primaryimage\"},\"image\":{\"@id\":\"https:\/\/mybloomgroom.com\/vi\/san-pham\/perfect-defense\/#primaryimage\"},\"thumbnailUrl\":\"https:\/\/mybloomgroom.com\/wp-content\/uploads\/2023\/03\/perfect-defense.jpeg\",\"datePublished\":\"2023-03-23T07:58:15+00:00\",\"dateModified\":\"2025-06-11T13:53:58+00:00\",\"description\":\"Moroccanoil\u00ae Perfect Defense is a weightless, dry aerosol, heat protective spray. This nourishing, argan oil and vitamin-fueled formula re-hydrates the hair while protecting against the damaging effects of heat styling up to 450\u2070F\/230\u2070C.\",\"breadcrumb\":{\"@id\":\"https:\/\/mybloomgroom.com\/vi\/san-pham\/perfect-defense\/#breadcrumb\"},\"inLanguage\":\"vi\",\"potentialAction\":[{\"@type\":\"ReadAction\",\"target\":[\"https:\/\/mybloomgroom.com\/vi\/san-pham\/perfect-defense\/\"]}]},{\"@type\":\"ImageObject\",\"inLanguage\":\"vi\",\"@id\":\"https:\/\/mybloomgroom.com\/vi\/san-pham\/perfect-defense\/#primaryimage\",\"url\":\"https:\/\/mybloomgroom.com\/wp-content\/uploads\/2023\/03\/perfect-defense.jpeg\",\"contentUrl\":\"https:\/\/mybloomgroom.com\/wp-content\/uploads\/2023\/03\/perfect-defense.jpeg\",\"width\":1000,\"height\":1000},{\"@type\":\"BreadcrumbList\",\"@id\":\"https:\/\/mybloomgroom.com\/vi\/san-pham\/perfect-defense\/#breadcrumb\",\"itemListElement\":[{\"@type\":\"ListItem\",\"position\":1,\"name\":\"Home\",\"item\":\"https:\/\/mybloomgroom.com\/\"},{\"@type\":\"ListItem\",\"position\":2,\"name\":\"Salon Shop\",\"item\":\"https:\/\/mybloomgroom.com\/salon-shop\/\"},{\"@type\":\"ListItem\",\"position\":3,\"name\":\"MOROCCANOIL Perfect Defense\"}]},{\"@type\":\"WebSite\",\"@id\":\"http:\/\/mybloomgroom.com\/vi\/#website\",\"url\":\"http:\/\/mybloomgroom.com\/vi\/\",\"name\":\"BLOOM GROOM SALON\",\"description\":\"Your beauty spa in Saigon\",\"potentialAction\":[{\"@type\":\"SearchAction\",\"target\":{\"@type\":\"EntryPoint\",\"urlTemplate\":\"http:\/\/mybloomgroom.com\/vi\/?s={search_term_string}\"},\"query-input\":{\"@type\":\"PropertyValueSpecification\",\"valueRequired\":true,\"valueName\":\"search_term_string\"}}],\"inLanguage\":\"vi\"}]}<\/script>\n<!-- \/ Yoast SEO plugin. -->","yoast_head_json":{"title":"MOROCCANOIL Perfect Defense - BLOOM GROOM SALON","description":"Moroccanoil\u00ae Perfect Defense l\u00e0 b\u00ecnh x\u1ecbt kh\u00f4, kh\u00f4ng tr\u1ecdng l\u01b0\u1ee3ng, b\u00ecnh x\u1ecbt ch\u1ed1ng n\u00f3ng. C\u00f4ng th\u1ee9c nu\u00f4i d\u01b0\u1ee1ng, d\u1ea7u argan v\u00e0 vitamin n\u00e0y gi\u00fap t\u00e1i t\u1ea1o \u0111\u1ed9 \u1ea9m cho t\u00f3c \u0111\u1ed3ng th\u1eddi b\u1ea3o v\u1ec7 ch\u1ed1ng l\u1ea1i t\u00e1c h\u1ea1i c\u1ee7a vi\u1ec7c t\u1ea1o ki\u1ec3u b\u1eb1ng nhi\u1ec7t l\u00ean \u0111\u1ebfn 450\u2070F\/230\u2070C.","robots":{"index":"index","follow":"follow","max-snippet":"max-snippet:-1","max-image-preview":"max-image-preview:large","max-video-preview":"max-video-preview:-1"},"canonical":"https:\/\/mybloomgroom.com\/vi\/san-pham\/perfect-defense\/","og_locale":"vi_VN","og_type":"article","og_title":"MOROCCANOIL Perfect Defense - BLOOM GROOM SALON","og_description":"Moroccanoil\u00ae Perfect Defense is a weightless, dry aerosol, heat protective spray. This nourishing, argan oil and vitamin-fueled formula re-hydrates the hair while protecting against the damaging effects of heat styling up to 450\u2070F\/230\u2070C.","og_url":"https:\/\/mybloomgroom.com\/vi\/san-pham\/perfect-defense\/","og_site_name":"BLOOM GROOM SALON","article_modified_time":"2025-06-11T13:53:58+00:00","og_image":[{"width":1000,"height":1000,"url":"https:\/\/mybloomgroom.com\/wp-content\/uploads\/2023\/03\/perfect-defense.jpeg","type":"image\/jpeg"}],"twitter_card":"summary_large_image","twitter_misc":{"\u01af\u1edbc t\u00ednh th\u1eddi gian \u0111\u1ecdc":"1 ph\u00fat"},"schema":{"@context":"https:\/\/schema.org","@graph":[{"@type":"WebPage","@id":"https:\/\/mybloomgroom.com\/vi\/san-pham\/perfect-defense\/","url":"https:\/\/mybloomgroom.com\/vi\/san-pham\/perfect-defense\/","name":"MOROCCANOIL Perfect Defense - BLOOM GROOM SALON","isPartOf":{"@id":"http:\/\/mybloomgroom.com\/vi\/#website"},"primaryImageOfPage":{"@id":"https:\/\/mybloomgroom.com\/vi\/san-pham\/perfect-defense\/#primaryimage"},"image":{"@id":"https:\/\/mybloomgroom.com\/vi\/san-pham\/perfect-defense\/#primaryimage"},"thumbnailUrl":"https:\/\/mybloomgroom.com\/wp-content\/uploads\/2023\/03\/perfect-defense.jpeg","datePublished":"2023-03-23T07:58:15+00:00","dateModified":"2025-06-11T13:53:58+00:00","description":"Moroccanoil\u00ae Perfect Defense l\u00e0 b\u00ecnh x\u1ecbt kh\u00f4, kh\u00f4ng tr\u1ecdng l\u01b0\u1ee3ng, b\u00ecnh x\u1ecbt ch\u1ed1ng n\u00f3ng. C\u00f4ng th\u1ee9c nu\u00f4i d\u01b0\u1ee1ng, d\u1ea7u argan v\u00e0 vitamin n\u00e0y gi\u00fap t\u00e1i t\u1ea1o \u0111\u1ed9 \u1ea9m cho t\u00f3c \u0111\u1ed3ng th\u1eddi b\u1ea3o v\u1ec7 ch\u1ed1ng l\u1ea1i t\u00e1c h\u1ea1i c\u1ee7a vi\u1ec7c t\u1ea1o ki\u1ec3u b\u1eb1ng nhi\u1ec7t l\u00ean \u0111\u1ebfn 450\u2070F\/230\u2070C.","breadcrumb":{"@id":"https:\/\/mybloomgroom.com\/vi\/san-pham\/perfect-defense\/#breadcrumb"},"inLanguage":"vi","potentialAction":[{"@type":"ReadAction","target":["https:\/\/mybloomgroom.com\/vi\/san-pham\/perfect-defense\/"]}]},{"@type":"ImageObject","inLanguage":"vi","@id":"https:\/\/mybloomgroom.com\/vi\/san-pham\/perfect-defense\/#primaryimage","url":"https:\/\/mybloomgroom.com\/wp-content\/uploads\/2023\/03\/perfect-defense.jpeg","contentUrl":"https:\/\/mybloomgroom.com\/wp-content\/uploads\/2023\/03\/perfect-defense.jpeg","width":1000,"height":1000},{"@type":"BreadcrumbList","@id":"https:\/\/mybloomgroom.com\/vi\/san-pham\/perfect-defense\/#breadcrumb","itemListElement":[{"@type":"ListItem","position":1,"name":"Home","item":"https:\/\/mybloomgroom.com\/"},{"@type":"ListItem","position":2,"name":"Salon Shop","item":"https:\/\/mybloomgroom.com\/salon-shop\/"},{"@type":"ListItem","position":3,"name":"MOROCCANOIL Perfect Defense"}]},{"@type":"WebSite","@id":"http:\/\/mybloomgroom.com\/vi\/#website","url":"http:\/\/mybloomgroom.com\/vi\/","name":"BLOOM GROOM SALON","description":"Spa l\u00e0m \u0111\u1eb9p c\u1ee7a b\u1ea1n \u1edf S\u00e0i G\u00f2n","potentialAction":[{"@type":"SearchAction","target":{"@type":"EntryPoint","urlTemplate":"http:\/\/mybloomgroom.com\/vi\/?s={search_term_string}"},"query-input":{"@type":"PropertyValueSpecification","valueRequired":true,"valueName":"search_term_string"}}],"inLanguage":"vi"}]}},"_links":{"self":[{"href":"https:\/\/mybloomgroom.com\/vi\/wp-json\/wp\/v2\/product\/6110","targetHints":{"allow":["GET"]}}],"collection":[{"href":"https:\/\/mybloomgroom.com\/vi\/wp-json\/wp\/v2\/product"}],"about":[{"href":"https:\/\/mybloomgroom.com\/vi\/wp-json\/wp\/v2\/types\/product"}],"version-history":[{"count":0,"href":"https:\/\/mybloomgroom.com\/vi\/wp-json\/wp\/v2\/product\/6110\/revisions"}],"wp:featuredmedia":[{"embeddable":true,"href":"https:\/\/mybloomgroom.com\/vi\/wp-json\/wp\/v2\/media\/5988"}],"wp:attachment":[{"href":"https:\/\/mybloomgroom.com\/vi\/wp-json\/wp\/v2\/media?parent=6110"}],"wp:term":[{"taxonomy":"product_brand","embeddable":true,"href":"https:\/\/mybloomgroom.com\/vi\/wp-json\/wp\/v2\/product_brand?post=6110"},{"taxonomy":"product_cat","embeddable":true,"href":"https:\/\/mybloomgroom.com\/vi\/wp-json\/wp\/v2\/product_cat?post=6110"},{"taxonomy":"product_tag","embeddable":true,"href":"https:\/\/mybloomgroom.com\/vi\/wp-json\/wp\/v2\/product_tag?post=6110"}],"curies":[{"name":"wp","href":"https:\/\/api.w.org\/{rel}","templated":true}]}}