{"id":6106,"date":"2023-03-23T14:52:41","date_gmt":"2023-03-23T07:52:41","guid":{"rendered":"https:\/\/mybloomgroom.wamstore.com\/?post_type=product&#038;p=6106"},"modified":"2025-06-11T20:54:55","modified_gmt":"2025-06-11T13:54:55","slug":"curl-defining-cream","status":"publish","type":"product","link":"https:\/\/mybloomgroom.com\/vi\/san-pham\/curl-defining-cream\/","title":{"rendered":"MOROCCANOIL Kem \u0110\u1ecbnh H\u00ecnh T\u00f3c Xo\u0103n"},"content":{"rendered":"<h2 class=\"product-short_description\">D\u00e0nh cho t\u00f3c xo\u0103n \u0111\u1ebfn g\u1ee3n s\u00f3ng<\/h2>","protected":false},"excerpt":{"rendered":"<p>D\u1ec5 d\u00e0ng k\u00edch ho\u1ea1t v\u00e0 x\u00e1c \u0111\u1ecbnh c\u00e1c l\u1ecdn t\u00f3c trong khi d\u01b0\u1ee1ng \u1ea9m cho t\u00f3c. Moroccanoil\u00ae Curl Defining Cream l\u00e0 m\u1ed9t trong nh\u1eefng s\u1ea3n ph\u1ea9m ph\u1ed5 bi\u1ebfn nh\u1ea5t c\u1ee7a ch\u00fang t\u00f4i d\u00e0nh cho t\u00f3c xo\u0103n. M\u00e1y t\u1ea1o l\u1ecdn xo\u0103n th\u1ea5m d\u1ea7u argan n\u00e0y c\u00f3 c\u00f4ng ngh\u1ec7 k\u00edch ho\u1ea1t nhi\u1ec7t ti\u00ean ti\u1ebfn cung c\u1ea5p h\u1ec7 s\u1ed1 ghi nh\u1edb \u0111\u1ed9 xo\u0103n \u0111\u1ec3 ch\u1ed1ng xo\u0103n c\u1ee9ng v\u00e0 t\u1ea1o ra nh\u1eefng l\u1ecdn t\u00f3c b\u1ed3ng b\u1ec1nh, tr\u00f4ng t\u1ef1 nhi\u00ean, \u0111\u01b0\u1ee3c x\u00e1c \u0111\u1ecbnh r\u00f5 r\u00e0ng v\u00e0 b\u1ec1n l\u00e2u. Ng\u01b0\u1eddi chi\u1ebfn th\u1eafng, Curl Defining, 2022, 2019 Gi\u1ea3i th\u01b0\u1edfng do \u0111\u1ed9c gi\u1ea3 Allure b\u00ecnh ch\u1ecdn<\/p>","protected":false},"featured_media":5974,"template":"","meta":[],"product_brand":[],"product_cat":[47],"product_tag":[213,232,121,181],"class_list":{"0":"post-6106","1":"product","2":"type-product","3":"status-publish","4":"has-post-thumbnail","6":"product_cat-moroccanoil","7":"product_tag-curly-hair","8":"product_tag-dry-hair","9":"product_tag-moroccanoil","10":"product_tag-styling","12":"first","13":"outofstock","14":"shipping-taxable","15":"purchasable","16":"product-type-simple"},"yoast_head":"<!-- This site is optimized with the Yoast SEO plugin v26.0 - https:\/\/yoast.com\/wordpress\/plugins\/seo\/ -->\n<title>MOROCCANOIL Curl Defining Cream - BLOOM GROOM SALON<\/title>\n<meta name=\"robots\" content=\"index, follow, max-snippet:-1, max-image-preview:large, max-video-preview:-1\" \/>\n<link rel=\"canonical\" href=\"https:\/\/mybloomgroom.com\/vi\/san-pham\/curl-defining-cream\/\" \/>\n<meta property=\"og:locale\" content=\"vi_VN\" \/>\n<meta property=\"og:type\" content=\"article\" \/>\n<meta property=\"og:title\" content=\"MOROCCANOIL Curl Defining Cream - BLOOM GROOM SALON\" \/>\n<meta property=\"og:description\" content=\"Easily activate and define curls while hydrating hair. Moroccanoil\u00ae Curl Defining Cream is one of our most popular products for curly hair. This argan oil-infused curl definer features an advanced heat-activated technology that provides a curl memory factor to fight frizz and create well-defined, natural-looking, bouncy curls that last. Winner, Curl Defining, 2022, 2019 Allure Readers&#039; Choice Awards\" \/>\n<meta property=\"og:url\" content=\"https:\/\/mybloomgroom.com\/vi\/san-pham\/curl-defining-cream\/\" \/>\n<meta property=\"og:site_name\" content=\"BLOOM GROOM SALON\" \/>\n<meta property=\"article:modified_time\" content=\"2025-06-11T13:54:55+00:00\" \/>\n<meta property=\"og:image\" content=\"https:\/\/mybloomgroom.com\/wp-content\/uploads\/2023\/03\/curl-defining-cream.jpeg\" \/>\n\t<meta property=\"og:image:width\" content=\"1000\" \/>\n\t<meta property=\"og:image:height\" content=\"1000\" \/>\n\t<meta property=\"og:image:type\" content=\"image\/jpeg\" \/>\n<meta name=\"twitter:card\" content=\"summary_large_image\" \/>\n<script type=\"application\/ld+json\" class=\"yoast-schema-graph\">{\"@context\":\"https:\/\/schema.org\",\"@graph\":[{\"@type\":\"WebPage\",\"@id\":\"https:\/\/mybloomgroom.com\/vi\/san-pham\/curl-defining-cream\/\",\"url\":\"https:\/\/mybloomgroom.com\/vi\/san-pham\/curl-defining-cream\/\",\"name\":\"MOROCCANOIL Curl Defining Cream - BLOOM GROOM SALON\",\"isPartOf\":{\"@id\":\"https:\/\/mybloomgroom.com\/#website\"},\"primaryImageOfPage\":{\"@id\":\"https:\/\/mybloomgroom.com\/vi\/san-pham\/curl-defining-cream\/#primaryimage\"},\"image\":{\"@id\":\"https:\/\/mybloomgroom.com\/vi\/san-pham\/curl-defining-cream\/#primaryimage\"},\"thumbnailUrl\":\"https:\/\/mybloomgroom.com\/wp-content\/uploads\/2023\/03\/curl-defining-cream.jpeg\",\"datePublished\":\"2023-03-23T07:52:41+00:00\",\"dateModified\":\"2025-06-11T13:54:55+00:00\",\"breadcrumb\":{\"@id\":\"https:\/\/mybloomgroom.com\/vi\/san-pham\/curl-defining-cream\/#breadcrumb\"},\"inLanguage\":\"vi\",\"potentialAction\":[{\"@type\":\"ReadAction\",\"target\":[\"https:\/\/mybloomgroom.com\/vi\/san-pham\/curl-defining-cream\/\"]}]},{\"@type\":\"ImageObject\",\"inLanguage\":\"vi\",\"@id\":\"https:\/\/mybloomgroom.com\/vi\/san-pham\/curl-defining-cream\/#primaryimage\",\"url\":\"https:\/\/mybloomgroom.com\/wp-content\/uploads\/2023\/03\/curl-defining-cream.jpeg\",\"contentUrl\":\"https:\/\/mybloomgroom.com\/wp-content\/uploads\/2023\/03\/curl-defining-cream.jpeg\",\"width\":1000,\"height\":1000},{\"@type\":\"BreadcrumbList\",\"@id\":\"https:\/\/mybloomgroom.com\/vi\/san-pham\/curl-defining-cream\/#breadcrumb\",\"itemListElement\":[{\"@type\":\"ListItem\",\"position\":1,\"name\":\"Home\",\"item\":\"https:\/\/mybloomgroom.com\/\"},{\"@type\":\"ListItem\",\"position\":2,\"name\":\"Salon Shop\",\"item\":\"https:\/\/mybloomgroom.com\/salon-shop\/\"},{\"@type\":\"ListItem\",\"position\":3,\"name\":\"MOROCCANOIL Curl Defining Cream\"}]},{\"@type\":\"WebSite\",\"@id\":\"https:\/\/mybloomgroom.com\/#website\",\"url\":\"https:\/\/mybloomgroom.com\/\",\"name\":\"BLOOM GROOM SALON\",\"description\":\"Your beauty spa in Saigon\",\"potentialAction\":[{\"@type\":\"SearchAction\",\"target\":{\"@type\":\"EntryPoint\",\"urlTemplate\":\"https:\/\/mybloomgroom.com\/?s={search_term_string}\"},\"query-input\":{\"@type\":\"PropertyValueSpecification\",\"valueRequired\":true,\"valueName\":\"search_term_string\"}}],\"inLanguage\":\"vi\"}]}<\/script>\n<!-- \/ Yoast SEO plugin. -->","yoast_head_json":{"title":"MOROCCANOIL Curl Defining Cream - BLOOM GROOM SALON","robots":{"index":"index","follow":"follow","max-snippet":"max-snippet:-1","max-image-preview":"max-image-preview:large","max-video-preview":"max-video-preview:-1"},"canonical":"https:\/\/mybloomgroom.com\/vi\/san-pham\/curl-defining-cream\/","og_locale":"vi_VN","og_type":"article","og_title":"MOROCCANOIL Curl Defining Cream - BLOOM GROOM SALON","og_description":"Easily activate and define curls while hydrating hair. Moroccanoil\u00ae Curl Defining Cream is one of our most popular products for curly hair. This argan oil-infused curl definer features an advanced heat-activated technology that provides a curl memory factor to fight frizz and create well-defined, natural-looking, bouncy curls that last. Winner, Curl Defining, 2022, 2019 Allure Readers' Choice Awards","og_url":"https:\/\/mybloomgroom.com\/vi\/san-pham\/curl-defining-cream\/","og_site_name":"BLOOM GROOM SALON","article_modified_time":"2025-06-11T13:54:55+00:00","og_image":[{"width":1000,"height":1000,"url":"https:\/\/mybloomgroom.com\/wp-content\/uploads\/2023\/03\/curl-defining-cream.jpeg","type":"image\/jpeg"}],"twitter_card":"summary_large_image","schema":{"@context":"https:\/\/schema.org","@graph":[{"@type":"WebPage","@id":"https:\/\/mybloomgroom.com\/vi\/san-pham\/curl-defining-cream\/","url":"https:\/\/mybloomgroom.com\/vi\/san-pham\/curl-defining-cream\/","name":"MOROCCANOIL Curl Defining Cream - BLOOM GROOM SALON","isPartOf":{"@id":"https:\/\/mybloomgroom.com\/#website"},"primaryImageOfPage":{"@id":"https:\/\/mybloomgroom.com\/vi\/san-pham\/curl-defining-cream\/#primaryimage"},"image":{"@id":"https:\/\/mybloomgroom.com\/vi\/san-pham\/curl-defining-cream\/#primaryimage"},"thumbnailUrl":"https:\/\/mybloomgroom.com\/wp-content\/uploads\/2023\/03\/curl-defining-cream.jpeg","datePublished":"2023-03-23T07:52:41+00:00","dateModified":"2025-06-11T13:54:55+00:00","breadcrumb":{"@id":"https:\/\/mybloomgroom.com\/vi\/san-pham\/curl-defining-cream\/#breadcrumb"},"inLanguage":"vi","potentialAction":[{"@type":"ReadAction","target":["https:\/\/mybloomgroom.com\/vi\/san-pham\/curl-defining-cream\/"]}]},{"@type":"ImageObject","inLanguage":"vi","@id":"https:\/\/mybloomgroom.com\/vi\/san-pham\/curl-defining-cream\/#primaryimage","url":"https:\/\/mybloomgroom.com\/wp-content\/uploads\/2023\/03\/curl-defining-cream.jpeg","contentUrl":"https:\/\/mybloomgroom.com\/wp-content\/uploads\/2023\/03\/curl-defining-cream.jpeg","width":1000,"height":1000},{"@type":"BreadcrumbList","@id":"https:\/\/mybloomgroom.com\/vi\/san-pham\/curl-defining-cream\/#breadcrumb","itemListElement":[{"@type":"ListItem","position":1,"name":"Home","item":"https:\/\/mybloomgroom.com\/"},{"@type":"ListItem","position":2,"name":"Salon Shop","item":"https:\/\/mybloomgroom.com\/salon-shop\/"},{"@type":"ListItem","position":3,"name":"MOROCCANOIL Curl Defining Cream"}]},{"@type":"WebSite","@id":"https:\/\/mybloomgroom.com\/#website","url":"https:\/\/mybloomgroom.com\/","name":"BLOOM GROOM SALON","description":"Spa l\u00e0m \u0111\u1eb9p c\u1ee7a b\u1ea1n \u1edf S\u00e0i G\u00f2n","potentialAction":[{"@type":"SearchAction","target":{"@type":"EntryPoint","urlTemplate":"https:\/\/mybloomgroom.com\/?s={search_term_string}"},"query-input":{"@type":"PropertyValueSpecification","valueRequired":true,"valueName":"search_term_string"}}],"inLanguage":"vi"}]}},"_links":{"self":[{"href":"https:\/\/mybloomgroom.com\/vi\/wp-json\/wp\/v2\/product\/6106","targetHints":{"allow":["GET"]}}],"collection":[{"href":"https:\/\/mybloomgroom.com\/vi\/wp-json\/wp\/v2\/product"}],"about":[{"href":"https:\/\/mybloomgroom.com\/vi\/wp-json\/wp\/v2\/types\/product"}],"version-history":[{"count":0,"href":"https:\/\/mybloomgroom.com\/vi\/wp-json\/wp\/v2\/product\/6106\/revisions"}],"wp:featuredmedia":[{"embeddable":true,"href":"https:\/\/mybloomgroom.com\/vi\/wp-json\/wp\/v2\/media\/5974"}],"wp:attachment":[{"href":"https:\/\/mybloomgroom.com\/vi\/wp-json\/wp\/v2\/media?parent=6106"}],"wp:term":[{"taxonomy":"product_brand","embeddable":true,"href":"https:\/\/mybloomgroom.com\/vi\/wp-json\/wp\/v2\/product_brand?post=6106"},{"taxonomy":"product_cat","embeddable":true,"href":"https:\/\/mybloomgroom.com\/vi\/wp-json\/wp\/v2\/product_cat?post=6106"},{"taxonomy":"product_tag","embeddable":true,"href":"https:\/\/mybloomgroom.com\/vi\/wp-json\/wp\/v2\/product_tag?post=6106"}],"curies":[{"name":"wp","href":"https:\/\/api.w.org\/{rel}","templated":true}]}}