{"id":6104,"date":"2023-03-23T14:50:14","date_gmt":"2023-03-23T07:50:14","guid":{"rendered":"https:\/\/mybloomgroom.wamstore.com\/?post_type=product&#038;p=6104"},"modified":"2025-03-27T10:22:01","modified_gmt":"2025-03-27T03:22:01","slug":"intense-curl-cream","status":"publish","type":"product","link":"https:\/\/mybloomgroom.com\/vi\/san-pham\/intense-curl-cream\/","title":{"rendered":"Kem U\u1ed1n T\u00f3c MOROCCANOIL"},"content":{"rendered":"<h2 class=\"product-short_description\">D\u00e0nh cho t\u00f3c xo\u0103n \u0111\u1ebfn g\u1ee3n s\u00f3ng<\/h2>","protected":false},"excerpt":{"rendered":"<p>\u0110\u1ec3 c\u00f3 nh\u1eefng l\u1ecdn t\u00f3c xo\u0103n v\u00e0 g\u1ee3n s\u00f3ng t\u1ef1 nhi\u00ean tr\u00f4ng \u00f3ng \u1ea3, v\u00e0o n\u1ebfp v\u00e0 \u0111\u1eb9p m\u1eaft, Moroccanoil\u00ae Intense Curl Cream l\u00e0 m\u1ed9t lo\u1ea1i d\u1ea7u x\u1ea3 gi\u00fap d\u01b0\u1ee1ng \u1ea9m v\u00e0 ch\u1ed1ng l\u1ea1i t\u00ecnh tr\u1ea1ng xo\u0103n c\u1ee9ng \u0111\u1ea7u m\u00e0 kh\u00f4ng g\u00e2y b\u1ebft d\u00ednh. \u0110\u01b0\u1ee3c k\u1ebft h\u1ee3p v\u1edbi d\u1ea7u argan nu\u00f4i d\u01b0\u1ee1ng v\u00e0 vitamin \u0111\u1ec3 gi\u1eef cho m\u00e1i t\u00f3c xo\u0103n v\u00e0 g\u1ee3n s\u00f3ng tr\u00f4ng ng\u1eadm n\u01b0\u1edbc v\u00e0 m\u1ec1m m\u1ea1i c\u1ea3 ng\u00e0y.<\/p>","protected":false},"featured_media":5981,"template":"","meta":[],"product_brand":[],"product_cat":[47],"product_tag":[213,231,232,224,121,181],"class_list":{"0":"post-6104","1":"product","2":"type-product","3":"status-publish","4":"has-post-thumbnail","6":"product_cat-moroccanoil","7":"product_tag-curly-hair","8":"product_tag-damaged-hair","9":"product_tag-dry-hair","10":"product_tag-leave-in","11":"product_tag-moroccanoil","12":"product_tag-styling","14":"first","15":"outofstock","16":"featured","17":"shipping-taxable","18":"purchasable","19":"product-type-simple"},"yoast_head":"<!-- This site is optimized with the Yoast SEO plugin v26.0 - https:\/\/yoast.com\/wordpress\/plugins\/seo\/ -->\n<title>MOROCCANOIL Intense Curl Cream - BLOOM GROOM SALON<\/title>\n<meta name=\"robots\" content=\"index, follow, max-snippet:-1, max-image-preview:large, max-video-preview:-1\" \/>\n<link rel=\"canonical\" href=\"https:\/\/mybloomgroom.com\/vi\/san-pham\/intense-curl-cream\/\" \/>\n<meta property=\"og:locale\" content=\"vi_VN\" \/>\n<meta property=\"og:type\" content=\"article\" \/>\n<meta property=\"og:title\" content=\"MOROCCANOIL Intense Curl Cream - BLOOM GROOM SALON\" \/>\n<meta property=\"og:description\" content=\"For natural curls and waves that look shiny, shapely and beautifully refreshed, Moroccanoil\u00ae Intense Curl Cream is a leave-in conditioner that moisturizes and fights stubborn frizz without stickiness. Infused with nourishing argan oil and vitamins to keep wavy and curly hair looking hydrated and touchably soft all day.\" \/>\n<meta property=\"og:url\" content=\"https:\/\/mybloomgroom.com\/vi\/san-pham\/intense-curl-cream\/\" \/>\n<meta property=\"og:site_name\" content=\"BLOOM GROOM SALON\" \/>\n<meta property=\"article:modified_time\" content=\"2025-03-27T03:22:01+00:00\" \/>\n<meta property=\"og:image\" content=\"https:\/\/mybloomgroom.com\/wp-content\/uploads\/2023\/03\/intense-curl-cream.jpeg\" \/>\n\t<meta property=\"og:image:width\" content=\"1000\" \/>\n\t<meta property=\"og:image:height\" content=\"1000\" \/>\n\t<meta property=\"og:image:type\" content=\"image\/jpeg\" \/>\n<meta name=\"twitter:card\" content=\"summary_large_image\" \/>\n<script type=\"application\/ld+json\" class=\"yoast-schema-graph\">{\"@context\":\"https:\/\/schema.org\",\"@graph\":[{\"@type\":\"WebPage\",\"@id\":\"https:\/\/mybloomgroom.com\/vi\/san-pham\/intense-curl-cream\/\",\"url\":\"https:\/\/mybloomgroom.com\/vi\/san-pham\/intense-curl-cream\/\",\"name\":\"MOROCCANOIL Intense Curl Cream - BLOOM GROOM SALON\",\"isPartOf\":{\"@id\":\"https:\/\/mybloomgroom.com\/vi\/#website\"},\"primaryImageOfPage\":{\"@id\":\"https:\/\/mybloomgroom.com\/vi\/san-pham\/intense-curl-cream\/#primaryimage\"},\"image\":{\"@id\":\"https:\/\/mybloomgroom.com\/vi\/san-pham\/intense-curl-cream\/#primaryimage\"},\"thumbnailUrl\":\"https:\/\/mybloomgroom.com\/wp-content\/uploads\/2023\/03\/intense-curl-cream.jpeg\",\"datePublished\":\"2023-03-23T07:50:14+00:00\",\"dateModified\":\"2025-03-27T03:22:01+00:00\",\"breadcrumb\":{\"@id\":\"https:\/\/mybloomgroom.com\/vi\/san-pham\/intense-curl-cream\/#breadcrumb\"},\"inLanguage\":\"vi\",\"potentialAction\":[{\"@type\":\"ReadAction\",\"target\":[\"https:\/\/mybloomgroom.com\/vi\/san-pham\/intense-curl-cream\/\"]}]},{\"@type\":\"ImageObject\",\"inLanguage\":\"vi\",\"@id\":\"https:\/\/mybloomgroom.com\/vi\/san-pham\/intense-curl-cream\/#primaryimage\",\"url\":\"https:\/\/mybloomgroom.com\/wp-content\/uploads\/2023\/03\/intense-curl-cream.jpeg\",\"contentUrl\":\"https:\/\/mybloomgroom.com\/wp-content\/uploads\/2023\/03\/intense-curl-cream.jpeg\",\"width\":1000,\"height\":1000},{\"@type\":\"BreadcrumbList\",\"@id\":\"https:\/\/mybloomgroom.com\/vi\/san-pham\/intense-curl-cream\/#breadcrumb\",\"itemListElement\":[{\"@type\":\"ListItem\",\"position\":1,\"name\":\"Home\",\"item\":\"https:\/\/mybloomgroom.com\/vi\/\"},{\"@type\":\"ListItem\",\"position\":2,\"name\":\"Salon Shop\",\"item\":\"https:\/\/mybloomgroom.com\/vi\/salon-shop\/\"},{\"@type\":\"ListItem\",\"position\":3,\"name\":\"MOROCCANOIL Intense Curl Cream\"}]},{\"@type\":\"WebSite\",\"@id\":\"https:\/\/mybloomgroom.com\/vi\/#website\",\"url\":\"https:\/\/mybloomgroom.com\/vi\/\",\"name\":\"BLOOM GROOM SALON\",\"description\":\"Your beauty spa in Saigon\",\"potentialAction\":[{\"@type\":\"SearchAction\",\"target\":{\"@type\":\"EntryPoint\",\"urlTemplate\":\"https:\/\/mybloomgroom.com\/vi\/?s={search_term_string}\"},\"query-input\":{\"@type\":\"PropertyValueSpecification\",\"valueRequired\":true,\"valueName\":\"search_term_string\"}}],\"inLanguage\":\"vi\"}]}<\/script>\n<!-- \/ Yoast SEO plugin. -->","yoast_head_json":{"title":"MOROCCANOIL Intense Curl Cream - BLOOM GROOM SALON","robots":{"index":"index","follow":"follow","max-snippet":"max-snippet:-1","max-image-preview":"max-image-preview:large","max-video-preview":"max-video-preview:-1"},"canonical":"https:\/\/mybloomgroom.com\/vi\/san-pham\/intense-curl-cream\/","og_locale":"vi_VN","og_type":"article","og_title":"MOROCCANOIL Intense Curl Cream - BLOOM GROOM SALON","og_description":"For natural curls and waves that look shiny, shapely and beautifully refreshed, Moroccanoil\u00ae Intense Curl Cream is a leave-in conditioner that moisturizes and fights stubborn frizz without stickiness. Infused with nourishing argan oil and vitamins to keep wavy and curly hair looking hydrated and touchably soft all day.","og_url":"https:\/\/mybloomgroom.com\/vi\/san-pham\/intense-curl-cream\/","og_site_name":"BLOOM GROOM SALON","article_modified_time":"2025-03-27T03:22:01+00:00","og_image":[{"width":1000,"height":1000,"url":"https:\/\/mybloomgroom.com\/wp-content\/uploads\/2023\/03\/intense-curl-cream.jpeg","type":"image\/jpeg"}],"twitter_card":"summary_large_image","schema":{"@context":"https:\/\/schema.org","@graph":[{"@type":"WebPage","@id":"https:\/\/mybloomgroom.com\/vi\/san-pham\/intense-curl-cream\/","url":"https:\/\/mybloomgroom.com\/vi\/san-pham\/intense-curl-cream\/","name":"MOROCCANOIL Intense Curl Cream - BLOOM GROOM SALON","isPartOf":{"@id":"https:\/\/mybloomgroom.com\/vi\/#website"},"primaryImageOfPage":{"@id":"https:\/\/mybloomgroom.com\/vi\/san-pham\/intense-curl-cream\/#primaryimage"},"image":{"@id":"https:\/\/mybloomgroom.com\/vi\/san-pham\/intense-curl-cream\/#primaryimage"},"thumbnailUrl":"https:\/\/mybloomgroom.com\/wp-content\/uploads\/2023\/03\/intense-curl-cream.jpeg","datePublished":"2023-03-23T07:50:14+00:00","dateModified":"2025-03-27T03:22:01+00:00","breadcrumb":{"@id":"https:\/\/mybloomgroom.com\/vi\/san-pham\/intense-curl-cream\/#breadcrumb"},"inLanguage":"vi","potentialAction":[{"@type":"ReadAction","target":["https:\/\/mybloomgroom.com\/vi\/san-pham\/intense-curl-cream\/"]}]},{"@type":"ImageObject","inLanguage":"vi","@id":"https:\/\/mybloomgroom.com\/vi\/san-pham\/intense-curl-cream\/#primaryimage","url":"https:\/\/mybloomgroom.com\/wp-content\/uploads\/2023\/03\/intense-curl-cream.jpeg","contentUrl":"https:\/\/mybloomgroom.com\/wp-content\/uploads\/2023\/03\/intense-curl-cream.jpeg","width":1000,"height":1000},{"@type":"BreadcrumbList","@id":"https:\/\/mybloomgroom.com\/vi\/san-pham\/intense-curl-cream\/#breadcrumb","itemListElement":[{"@type":"ListItem","position":1,"name":"Home","item":"https:\/\/mybloomgroom.com\/vi\/"},{"@type":"ListItem","position":2,"name":"Salon Shop","item":"https:\/\/mybloomgroom.com\/vi\/salon-shop\/"},{"@type":"ListItem","position":3,"name":"MOROCCANOIL Intense Curl Cream"}]},{"@type":"WebSite","@id":"https:\/\/mybloomgroom.com\/vi\/#website","url":"https:\/\/mybloomgroom.com\/vi\/","name":"BLOOM GROOM SALON","description":"Spa l\u00e0m \u0111\u1eb9p c\u1ee7a b\u1ea1n \u1edf S\u00e0i G\u00f2n","potentialAction":[{"@type":"SearchAction","target":{"@type":"EntryPoint","urlTemplate":"https:\/\/mybloomgroom.com\/vi\/?s={search_term_string}"},"query-input":{"@type":"PropertyValueSpecification","valueRequired":true,"valueName":"search_term_string"}}],"inLanguage":"vi"}]}},"_links":{"self":[{"href":"https:\/\/mybloomgroom.com\/vi\/wp-json\/wp\/v2\/product\/6104","targetHints":{"allow":["GET"]}}],"collection":[{"href":"https:\/\/mybloomgroom.com\/vi\/wp-json\/wp\/v2\/product"}],"about":[{"href":"https:\/\/mybloomgroom.com\/vi\/wp-json\/wp\/v2\/types\/product"}],"version-history":[{"count":0,"href":"https:\/\/mybloomgroom.com\/vi\/wp-json\/wp\/v2\/product\/6104\/revisions"}],"wp:featuredmedia":[{"embeddable":true,"href":"https:\/\/mybloomgroom.com\/vi\/wp-json\/wp\/v2\/media\/5981"}],"wp:attachment":[{"href":"https:\/\/mybloomgroom.com\/vi\/wp-json\/wp\/v2\/media?parent=6104"}],"wp:term":[{"taxonomy":"product_brand","embeddable":true,"href":"https:\/\/mybloomgroom.com\/vi\/wp-json\/wp\/v2\/product_brand?post=6104"},{"taxonomy":"product_cat","embeddable":true,"href":"https:\/\/mybloomgroom.com\/vi\/wp-json\/wp\/v2\/product_cat?post=6104"},{"taxonomy":"product_tag","embeddable":true,"href":"https:\/\/mybloomgroom.com\/vi\/wp-json\/wp\/v2\/product_tag?post=6104"}],"curies":[{"name":"wp","href":"https:\/\/api.w.org\/{rel}","templated":true}]}}