{"id":6100,"date":"2023-03-23T14:09:21","date_gmt":"2023-03-23T07:09:21","guid":{"rendered":"https:\/\/mybloomgroom.wamstore.com\/?post_type=product&#038;p=6100"},"modified":"2025-03-27T10:22:02","modified_gmt":"2025-03-27T03:22:02","slug":"hydrating-styling-cream","status":"publish","type":"product","link":"https:\/\/mybloomgroom.com\/vi\/san-pham\/hydrating-styling-cream\/","title":{"rendered":"Kem t\u1ea1o ki\u1ec3u d\u01b0\u1ee1ng \u1ea9m MOROCCANOIL"},"content":{"rendered":"<h2 class=\"product-short_description\">Cho m\u1ecdi lo\u1ea1i t\u00f3c<\/h2>","protected":false},"excerpt":{"rendered":"<p>Kem t\u1ea1o ki\u1ec3u d\u01b0\u1ee1ng \u1ea9m Moroccanoil\u00ae d\u01b0\u1ee1ng \u1ea9m, d\u01b0\u1ee1ng \u1ea9m v\u00e0 ph\u1ee5c h\u1ed3i t\u00f3c xo\u0103n. Lo\u1ea1i kem t\u1ea1o ki\u1ec3u t\u00f3c gi\u00e0u \u0111\u1ed9 \u1ea9m n\u00e0y t\u1ea1o c\u1ea3m gi\u00e1c m\u1ec1m m\u1ea1i, t\u1ef1 nhi\u00ean. Ho\u00e0n h\u1ea3o \u0111\u1ec3 s\u1ea5y kh\u00f4, l\u00e0m m\u01b0\u1ee3t t\u00f3c b\u1ed3ng b\u1ec1nh v\u00e0 l\u00e0m m\u1edbi phong c\u00e1ch v\u00e0o ng\u00e0y h\u00f4m sau, lo\u1ea1i kem t\u1ea1o ki\u1ec3u t\u00f3c ch\u1ee9a d\u1ea7u argan gi\u00e0u d\u01b0\u1ee1ng ch\u1ea5t n\u00e0y gi\u00fap t\u1ea1o th\u00eam \u0111\u1ed9 b\u00f3ng v\u00e0 n\u00e9t v\u1edbi \u0111\u1ed9 gi\u1eef n\u1ebfp m\u1ec1m m\u1ea1i.<\/p>\n<p>Ng\u01b0\u1eddi chi\u1ebfn th\u1eafng, Gi\u1ea3i th\u01b0\u1edfng V\u1ebb \u0111\u1eb9p To\u00e0n di\u1ec7n, 2018<\/p>","protected":false},"featured_media":5980,"template":"","meta":[],"product_brand":[],"product_cat":[47],"product_tag":[225,224,121,181,180],"class_list":{"0":"post-6100","1":"product","2":"type-product","3":"status-publish","4":"has-post-thumbnail","6":"product_cat-moroccanoil","7":"product_tag-all-hair-types","8":"product_tag-leave-in","9":"product_tag-moroccanoil","10":"product_tag-styling","11":"product_tag-treatment","13":"first","14":"outofstock","15":"shipping-taxable","16":"purchasable","17":"product-type-simple"},"yoast_head":"<!-- This site is optimized with the Yoast SEO plugin v26.0 - https:\/\/yoast.com\/wordpress\/plugins\/seo\/ -->\n<title>MOROCCANOIL Hydrating Styling Cream - BLOOM GROOM SALON<\/title>\n<meta name=\"robots\" content=\"index, follow, max-snippet:-1, max-image-preview:large, max-video-preview:-1\" \/>\n<link rel=\"canonical\" href=\"https:\/\/mybloomgroom.com\/vi\/san-pham\/hydrating-styling-cream\/\" \/>\n<meta property=\"og:locale\" content=\"vi_VN\" \/>\n<meta property=\"og:type\" content=\"article\" \/>\n<meta property=\"og:title\" content=\"MOROCCANOIL Hydrating Styling Cream - BLOOM GROOM SALON\" \/>\n<meta property=\"og:description\" content=\"Moroccanoil\u00ae Hydrating Styling Cream conditions, hydrates and tames frizzy hair. This leave-in, moisture-rich styling cream creates a soft, natural feel. Perfect for blow-drying, smoothing flyaways and refreshing styles the next day, this nourishing, argan oil-infused hair styling cream adds shine and definition with a soft hold.  Winner, Total Beauty Award, 2018\" \/>\n<meta property=\"og:url\" content=\"https:\/\/mybloomgroom.com\/vi\/san-pham\/hydrating-styling-cream\/\" \/>\n<meta property=\"og:site_name\" content=\"BLOOM GROOM SALON\" \/>\n<meta property=\"article:modified_time\" content=\"2025-03-27T03:22:02+00:00\" \/>\n<meta property=\"og:image\" content=\"https:\/\/mybloomgroom.com\/wp-content\/uploads\/2023\/03\/hydrating-styling-cream.jpeg\" \/>\n\t<meta property=\"og:image:width\" content=\"1000\" \/>\n\t<meta property=\"og:image:height\" content=\"1000\" \/>\n\t<meta property=\"og:image:type\" content=\"image\/jpeg\" \/>\n<meta name=\"twitter:card\" content=\"summary_large_image\" \/>\n<script type=\"application\/ld+json\" class=\"yoast-schema-graph\">{\"@context\":\"https:\/\/schema.org\",\"@graph\":[{\"@type\":\"WebPage\",\"@id\":\"https:\/\/mybloomgroom.com\/vi\/san-pham\/hydrating-styling-cream\/\",\"url\":\"https:\/\/mybloomgroom.com\/vi\/san-pham\/hydrating-styling-cream\/\",\"name\":\"MOROCCANOIL Hydrating Styling Cream - BLOOM GROOM SALON\",\"isPartOf\":{\"@id\":\"https:\/\/mybloomgroom.com\/vi\/#website\"},\"primaryImageOfPage\":{\"@id\":\"https:\/\/mybloomgroom.com\/vi\/san-pham\/hydrating-styling-cream\/#primaryimage\"},\"image\":{\"@id\":\"https:\/\/mybloomgroom.com\/vi\/san-pham\/hydrating-styling-cream\/#primaryimage\"},\"thumbnailUrl\":\"https:\/\/mybloomgroom.com\/wp-content\/uploads\/2023\/03\/hydrating-styling-cream.jpeg\",\"datePublished\":\"2023-03-23T07:09:21+00:00\",\"dateModified\":\"2025-03-27T03:22:02+00:00\",\"breadcrumb\":{\"@id\":\"https:\/\/mybloomgroom.com\/vi\/san-pham\/hydrating-styling-cream\/#breadcrumb\"},\"inLanguage\":\"vi\",\"potentialAction\":[{\"@type\":\"ReadAction\",\"target\":[\"https:\/\/mybloomgroom.com\/vi\/san-pham\/hydrating-styling-cream\/\"]}]},{\"@type\":\"ImageObject\",\"inLanguage\":\"vi\",\"@id\":\"https:\/\/mybloomgroom.com\/vi\/san-pham\/hydrating-styling-cream\/#primaryimage\",\"url\":\"https:\/\/mybloomgroom.com\/wp-content\/uploads\/2023\/03\/hydrating-styling-cream.jpeg\",\"contentUrl\":\"https:\/\/mybloomgroom.com\/wp-content\/uploads\/2023\/03\/hydrating-styling-cream.jpeg\",\"width\":1000,\"height\":1000},{\"@type\":\"BreadcrumbList\",\"@id\":\"https:\/\/mybloomgroom.com\/vi\/san-pham\/hydrating-styling-cream\/#breadcrumb\",\"itemListElement\":[{\"@type\":\"ListItem\",\"position\":1,\"name\":\"Home\",\"item\":\"http:\/\/mybloomgroom.com\/vi\/\"},{\"@type\":\"ListItem\",\"position\":2,\"name\":\"Salon Shop\",\"item\":\"http:\/\/mybloomgroom.com\/vi\/salon-shop\/\"},{\"@type\":\"ListItem\",\"position\":3,\"name\":\"MOROCCANOIL Hydrating Styling Cream\"}]},{\"@type\":\"WebSite\",\"@id\":\"https:\/\/mybloomgroom.com\/vi\/#website\",\"url\":\"https:\/\/mybloomgroom.com\/vi\/\",\"name\":\"BLOOM GROOM SALON\",\"description\":\"Your beauty spa in Saigon\",\"potentialAction\":[{\"@type\":\"SearchAction\",\"target\":{\"@type\":\"EntryPoint\",\"urlTemplate\":\"https:\/\/mybloomgroom.com\/vi\/?s={search_term_string}\"},\"query-input\":{\"@type\":\"PropertyValueSpecification\",\"valueRequired\":true,\"valueName\":\"search_term_string\"}}],\"inLanguage\":\"vi\"}]}<\/script>\n<!-- \/ Yoast SEO plugin. -->","yoast_head_json":{"title":"MOROCCANOIL Hydrating Styling Cream - BLOOM GROOM SALON","robots":{"index":"index","follow":"follow","max-snippet":"max-snippet:-1","max-image-preview":"max-image-preview:large","max-video-preview":"max-video-preview:-1"},"canonical":"https:\/\/mybloomgroom.com\/vi\/san-pham\/hydrating-styling-cream\/","og_locale":"vi_VN","og_type":"article","og_title":"MOROCCANOIL Hydrating Styling Cream - BLOOM GROOM SALON","og_description":"Moroccanoil\u00ae Hydrating Styling Cream conditions, hydrates and tames frizzy hair. This leave-in, moisture-rich styling cream creates a soft, natural feel. Perfect for blow-drying, smoothing flyaways and refreshing styles the next day, this nourishing, argan oil-infused hair styling cream adds shine and definition with a soft hold.  Winner, Total Beauty Award, 2018","og_url":"https:\/\/mybloomgroom.com\/vi\/san-pham\/hydrating-styling-cream\/","og_site_name":"BLOOM GROOM SALON","article_modified_time":"2025-03-27T03:22:02+00:00","og_image":[{"width":1000,"height":1000,"url":"https:\/\/mybloomgroom.com\/wp-content\/uploads\/2023\/03\/hydrating-styling-cream.jpeg","type":"image\/jpeg"}],"twitter_card":"summary_large_image","schema":{"@context":"https:\/\/schema.org","@graph":[{"@type":"WebPage","@id":"https:\/\/mybloomgroom.com\/vi\/san-pham\/hydrating-styling-cream\/","url":"https:\/\/mybloomgroom.com\/vi\/san-pham\/hydrating-styling-cream\/","name":"MOROCCANOIL Hydrating Styling Cream - BLOOM GROOM SALON","isPartOf":{"@id":"https:\/\/mybloomgroom.com\/vi\/#website"},"primaryImageOfPage":{"@id":"https:\/\/mybloomgroom.com\/vi\/san-pham\/hydrating-styling-cream\/#primaryimage"},"image":{"@id":"https:\/\/mybloomgroom.com\/vi\/san-pham\/hydrating-styling-cream\/#primaryimage"},"thumbnailUrl":"https:\/\/mybloomgroom.com\/wp-content\/uploads\/2023\/03\/hydrating-styling-cream.jpeg","datePublished":"2023-03-23T07:09:21+00:00","dateModified":"2025-03-27T03:22:02+00:00","breadcrumb":{"@id":"https:\/\/mybloomgroom.com\/vi\/san-pham\/hydrating-styling-cream\/#breadcrumb"},"inLanguage":"vi","potentialAction":[{"@type":"ReadAction","target":["https:\/\/mybloomgroom.com\/vi\/san-pham\/hydrating-styling-cream\/"]}]},{"@type":"ImageObject","inLanguage":"vi","@id":"https:\/\/mybloomgroom.com\/vi\/san-pham\/hydrating-styling-cream\/#primaryimage","url":"https:\/\/mybloomgroom.com\/wp-content\/uploads\/2023\/03\/hydrating-styling-cream.jpeg","contentUrl":"https:\/\/mybloomgroom.com\/wp-content\/uploads\/2023\/03\/hydrating-styling-cream.jpeg","width":1000,"height":1000},{"@type":"BreadcrumbList","@id":"https:\/\/mybloomgroom.com\/vi\/san-pham\/hydrating-styling-cream\/#breadcrumb","itemListElement":[{"@type":"ListItem","position":1,"name":"Home","item":"http:\/\/mybloomgroom.com\/vi\/"},{"@type":"ListItem","position":2,"name":"Salon Shop","item":"http:\/\/mybloomgroom.com\/vi\/salon-shop\/"},{"@type":"ListItem","position":3,"name":"MOROCCANOIL Hydrating Styling Cream"}]},{"@type":"WebSite","@id":"https:\/\/mybloomgroom.com\/vi\/#website","url":"https:\/\/mybloomgroom.com\/vi\/","name":"BLOOM GROOM SALON","description":"Spa l\u00e0m \u0111\u1eb9p c\u1ee7a b\u1ea1n \u1edf S\u00e0i G\u00f2n","potentialAction":[{"@type":"SearchAction","target":{"@type":"EntryPoint","urlTemplate":"https:\/\/mybloomgroom.com\/vi\/?s={search_term_string}"},"query-input":{"@type":"PropertyValueSpecification","valueRequired":true,"valueName":"search_term_string"}}],"inLanguage":"vi"}]}},"_links":{"self":[{"href":"https:\/\/mybloomgroom.com\/vi\/wp-json\/wp\/v2\/product\/6100","targetHints":{"allow":["GET"]}}],"collection":[{"href":"https:\/\/mybloomgroom.com\/vi\/wp-json\/wp\/v2\/product"}],"about":[{"href":"https:\/\/mybloomgroom.com\/vi\/wp-json\/wp\/v2\/types\/product"}],"version-history":[{"count":0,"href":"https:\/\/mybloomgroom.com\/vi\/wp-json\/wp\/v2\/product\/6100\/revisions"}],"wp:featuredmedia":[{"embeddable":true,"href":"https:\/\/mybloomgroom.com\/vi\/wp-json\/wp\/v2\/media\/5980"}],"wp:attachment":[{"href":"https:\/\/mybloomgroom.com\/vi\/wp-json\/wp\/v2\/media?parent=6100"}],"wp:term":[{"taxonomy":"product_brand","embeddable":true,"href":"https:\/\/mybloomgroom.com\/vi\/wp-json\/wp\/v2\/product_brand?post=6100"},{"taxonomy":"product_cat","embeddable":true,"href":"https:\/\/mybloomgroom.com\/vi\/wp-json\/wp\/v2\/product_cat?post=6100"},{"taxonomy":"product_tag","embeddable":true,"href":"https:\/\/mybloomgroom.com\/vi\/wp-json\/wp\/v2\/product_tag?post=6100"}],"curies":[{"name":"wp","href":"https:\/\/api.w.org\/{rel}","templated":true}]}}