{"id":6084,"date":"2023-04-12T12:47:14","date_gmt":"2023-04-12T05:47:14","guid":{"rendered":"https:\/\/mybloomgroom.wamstore.com\/?post_type=product&#038;p=6084"},"modified":"2025-03-27T10:21:12","modified_gmt":"2025-03-27T03:21:12","slug":"dry-shampoo-light-tones","status":"publish","type":"product","link":"https:\/\/mybloomgroom.com\/vi\/san-pham\/dry-shampoo-light-tones\/","title":{"rendered":"D\u1ea7u G\u1ed9i Kh\u00f4 MOROCCANOIL T\u00f4ng M\u00e0u Nh\u1eb9"},"content":{"rendered":"<h2>Cho m\u1ecdi lo\u1ea1i t\u00f3c<\/h2>","protected":false},"excerpt":{"rendered":"<p>M\u00e0u t\u00f3c l\u00e0 c\u00e1 nh\u00e2n. D\u1ea7u g\u1ed9i kh\u00f4 c\u0169ng v\u1eady. \u0110\u00e1p \u1ee9ng nhu c\u1ea7u ph\u1ed5 bi\u1ebfn, Moroccanoil\u00ae ra m\u1eaft s\u1ea3n ph\u1ea9m d\u1ea7u g\u1ed9i kh\u00f4 \u0111\u1ea7u ti\u00ean v\u1edbi hai c\u00f4ng th\u1ee9c, d\u00e0nh cho T\u00f4ng M\u00e0u T\u00f3c S\u00e1ng v\u00e0 T\u00f4ng M\u00e0u T\u00f3c T\u1ed1i.<\/p>\n<p>D\u1ea7u g\u1ed9i kh\u00f4 Moroccanoil Light Tones ch\u1ee9a tinh b\u1ed9t g\u1ea1o si\u00eau m\u1ecbn gi\u00fap h\u1ea5p th\u1ee5 d\u1ea7u, ch\u1ea5t t\u00edch t\u1ee5 v\u00e0 m\u00f9i h\u00f4i, gi\u00fap t\u00f3c \u0111\u01b0\u1ee3c l\u00e0m s\u1ea1ch v\u00e0 s\u1ea3ng kho\u00e1i t\u1ee9c th\u00ec. C\u00f4ng th\u1ee9c th\u1ea5m d\u1ea7u argan, ch\u1ed1ng tia c\u1ef1c t\u00edm c\u00f3 ch\u1ee9a c\u00e1c s\u1eafc th\u00e1i t\u00edm tinh t\u1ebf \u0111\u1ec3 c\u00e2n b\u1eb1ng \u0111\u1ed9 \u0111\u1ed3ng thau tr\u00ean m\u00e1i t\u00f3c v\u00e0ng v\u00e0 mang l\u1ea1i v\u1ebb \u0111\u1eb9p ho\u00e0n h\u1ea3o nh\u1ea5t cho c\u00e1c t\u00f4ng m\u00e0u s\u00e1ng.<\/p>\n<p>GI\u1ea2I TH\u01af\u1edeNG Gi\u1ea3i th\u01b0\u1edfng L\u1ef1a ch\u1ecdn c\u1ee7a Bi\u00ean t\u1eadp vi\u00ean, TotalBeauty.com, Gi\u1ea3i th\u01b0\u1edfng S\u1eafc \u0111\u1eb9p, 2016<\/p>","protected":false},"featured_media":5969,"template":"","meta":[],"product_brand":[],"product_cat":[47],"product_tag":[225,226,121,178,220,181],"class_list":{"0":"post-6084","1":"product","2":"type-product","3":"status-publish","4":"has-post-thumbnail","6":"product_cat-moroccanoil","7":"product_tag-all-hair-types","8":"product_tag-blonde-hair","9":"product_tag-moroccanoil","10":"product_tag-shampoo","11":"product_tag-spray","12":"product_tag-styling","14":"first","15":"outofstock","16":"featured","17":"shipping-taxable","18":"purchasable","19":"product-type-simple"},"yoast_head":"<!-- This site is optimized with the Yoast SEO plugin v26.0 - https:\/\/yoast.com\/wordpress\/plugins\/seo\/ -->\n<title>MOROCCANOIL Dry Shampoo Light Tones - BLOOM GROOM SALON<\/title>\n<meta name=\"robots\" content=\"index, follow, max-snippet:-1, max-image-preview:large, max-video-preview:-1\" \/>\n<link rel=\"canonical\" href=\"http:\/\/mybloomgroom.com\/vi\/san-pham\/dry-shampoo-light-tones\/\" \/>\n<meta property=\"og:locale\" content=\"vi_VN\" \/>\n<meta property=\"og:type\" content=\"article\" \/>\n<meta property=\"og:title\" content=\"MOROCCANOIL Dry Shampoo Light Tones - BLOOM GROOM SALON\" \/>\n<meta property=\"og:description\" content=\"Hair color is personal. Dry shampoo should be too. By popular demand, Moroccanoil\u00ae launches its first-ever dry shampoo in two formulas, for Light Hair Tones and for Dark Hair Tones.  Moroccanoil Dry Shampoo Light Tones contains ultra-fine rice starch that absorbs oil, buildup and odor, leaving hair instantly cleansed and refreshed. UV-protecting, argan oil-infused formula contains subtle violet undertones to balance brassiness in blonde hair and bring out the best in light tones.  AWARD Editor&#039;s Pick Award, TotalBeauty.com, Beauty Awards, 2016\" \/>\n<meta property=\"og:url\" content=\"http:\/\/mybloomgroom.com\/vi\/san-pham\/dry-shampoo-light-tones\/\" \/>\n<meta property=\"og:site_name\" content=\"BLOOM GROOM SALON\" \/>\n<meta property=\"article:modified_time\" content=\"2025-03-27T03:21:12+00:00\" \/>\n<meta property=\"og:image\" content=\"http:\/\/mybloomgroom.com\/wp-content\/uploads\/2023\/03\/dry-shampoo-light.jpeg\" \/>\n\t<meta property=\"og:image:width\" content=\"1000\" \/>\n\t<meta property=\"og:image:height\" content=\"1000\" \/>\n\t<meta property=\"og:image:type\" content=\"image\/jpeg\" \/>\n<meta name=\"twitter:card\" content=\"summary_large_image\" \/>\n<script type=\"application\/ld+json\" class=\"yoast-schema-graph\">{\"@context\":\"https:\/\/schema.org\",\"@graph\":[{\"@type\":\"WebPage\",\"@id\":\"http:\/\/mybloomgroom.com\/product\/dry-shampoo-light-tones\/\",\"url\":\"http:\/\/mybloomgroom.com\/product\/dry-shampoo-light-tones\/\",\"name\":\"MOROCCANOIL Dry Shampoo Light Tones - BLOOM GROOM SALON\",\"isPartOf\":{\"@id\":\"https:\/\/mybloomgroom.com\/vi\/#website\"},\"primaryImageOfPage\":{\"@id\":\"http:\/\/mybloomgroom.com\/product\/dry-shampoo-light-tones\/#primaryimage\"},\"image\":{\"@id\":\"http:\/\/mybloomgroom.com\/product\/dry-shampoo-light-tones\/#primaryimage\"},\"thumbnailUrl\":\"https:\/\/mybloomgroom.com\/wp-content\/uploads\/2023\/03\/dry-shampoo-light.jpeg\",\"datePublished\":\"2023-04-12T05:47:14+00:00\",\"dateModified\":\"2025-03-27T03:21:12+00:00\",\"breadcrumb\":{\"@id\":\"http:\/\/mybloomgroom.com\/product\/dry-shampoo-light-tones\/#breadcrumb\"},\"inLanguage\":\"vi\",\"potentialAction\":[{\"@type\":\"ReadAction\",\"target\":[\"http:\/\/mybloomgroom.com\/product\/dry-shampoo-light-tones\/\"]}]},{\"@type\":\"ImageObject\",\"inLanguage\":\"vi\",\"@id\":\"http:\/\/mybloomgroom.com\/product\/dry-shampoo-light-tones\/#primaryimage\",\"url\":\"https:\/\/mybloomgroom.com\/wp-content\/uploads\/2023\/03\/dry-shampoo-light.jpeg\",\"contentUrl\":\"https:\/\/mybloomgroom.com\/wp-content\/uploads\/2023\/03\/dry-shampoo-light.jpeg\",\"width\":1000,\"height\":1000},{\"@type\":\"BreadcrumbList\",\"@id\":\"http:\/\/mybloomgroom.com\/product\/dry-shampoo-light-tones\/#breadcrumb\",\"itemListElement\":[{\"@type\":\"ListItem\",\"position\":1,\"name\":\"Home\",\"item\":\"https:\/\/mybloomgroom.com\/vi\/\"},{\"@type\":\"ListItem\",\"position\":2,\"name\":\"Salon Shop\",\"item\":\"https:\/\/mybloomgroom.com\/vi\/salon-shop\/\"},{\"@type\":\"ListItem\",\"position\":3,\"name\":\"MOROCCANOIL Dry Shampoo Light Tones\"}]},{\"@type\":\"WebSite\",\"@id\":\"https:\/\/mybloomgroom.com\/vi\/#website\",\"url\":\"https:\/\/mybloomgroom.com\/vi\/\",\"name\":\"BLOOM GROOM SALON\",\"description\":\"Your beauty spa in Saigon\",\"potentialAction\":[{\"@type\":\"SearchAction\",\"target\":{\"@type\":\"EntryPoint\",\"urlTemplate\":\"https:\/\/mybloomgroom.com\/vi\/?s={search_term_string}\"},\"query-input\":{\"@type\":\"PropertyValueSpecification\",\"valueRequired\":true,\"valueName\":\"search_term_string\"}}],\"inLanguage\":\"vi\"}]}<\/script>\n<!-- \/ Yoast SEO plugin. -->","yoast_head_json":{"title":"MOROCCANOIL Dry Shampoo Light Tones - BLOOM GROOM SALON","robots":{"index":"index","follow":"follow","max-snippet":"max-snippet:-1","max-image-preview":"max-image-preview:large","max-video-preview":"max-video-preview:-1"},"canonical":"http:\/\/mybloomgroom.com\/vi\/san-pham\/dry-shampoo-light-tones\/","og_locale":"vi_VN","og_type":"article","og_title":"MOROCCANOIL Dry Shampoo Light Tones - BLOOM GROOM SALON","og_description":"Hair color is personal. Dry shampoo should be too. By popular demand, Moroccanoil\u00ae launches its first-ever dry shampoo in two formulas, for Light Hair Tones and for Dark Hair Tones.  Moroccanoil Dry Shampoo Light Tones contains ultra-fine rice starch that absorbs oil, buildup and odor, leaving hair instantly cleansed and refreshed. UV-protecting, argan oil-infused formula contains subtle violet undertones to balance brassiness in blonde hair and bring out the best in light tones.  AWARD Editor's Pick Award, TotalBeauty.com, Beauty Awards, 2016","og_url":"http:\/\/mybloomgroom.com\/vi\/san-pham\/dry-shampoo-light-tones\/","og_site_name":"BLOOM GROOM SALON","article_modified_time":"2025-03-27T03:21:12+00:00","og_image":[{"width":1000,"height":1000,"url":"http:\/\/mybloomgroom.com\/wp-content\/uploads\/2023\/03\/dry-shampoo-light.jpeg","type":"image\/jpeg"}],"twitter_card":"summary_large_image","schema":{"@context":"https:\/\/schema.org","@graph":[{"@type":"WebPage","@id":"http:\/\/mybloomgroom.com\/product\/dry-shampoo-light-tones\/","url":"http:\/\/mybloomgroom.com\/product\/dry-shampoo-light-tones\/","name":"MOROCCANOIL Dry Shampoo Light Tones - BLOOM GROOM SALON","isPartOf":{"@id":"https:\/\/mybloomgroom.com\/vi\/#website"},"primaryImageOfPage":{"@id":"http:\/\/mybloomgroom.com\/product\/dry-shampoo-light-tones\/#primaryimage"},"image":{"@id":"http:\/\/mybloomgroom.com\/product\/dry-shampoo-light-tones\/#primaryimage"},"thumbnailUrl":"https:\/\/mybloomgroom.com\/wp-content\/uploads\/2023\/03\/dry-shampoo-light.jpeg","datePublished":"2023-04-12T05:47:14+00:00","dateModified":"2025-03-27T03:21:12+00:00","breadcrumb":{"@id":"http:\/\/mybloomgroom.com\/product\/dry-shampoo-light-tones\/#breadcrumb"},"inLanguage":"vi","potentialAction":[{"@type":"ReadAction","target":["http:\/\/mybloomgroom.com\/product\/dry-shampoo-light-tones\/"]}]},{"@type":"ImageObject","inLanguage":"vi","@id":"http:\/\/mybloomgroom.com\/product\/dry-shampoo-light-tones\/#primaryimage","url":"https:\/\/mybloomgroom.com\/wp-content\/uploads\/2023\/03\/dry-shampoo-light.jpeg","contentUrl":"https:\/\/mybloomgroom.com\/wp-content\/uploads\/2023\/03\/dry-shampoo-light.jpeg","width":1000,"height":1000},{"@type":"BreadcrumbList","@id":"http:\/\/mybloomgroom.com\/product\/dry-shampoo-light-tones\/#breadcrumb","itemListElement":[{"@type":"ListItem","position":1,"name":"Home","item":"https:\/\/mybloomgroom.com\/vi\/"},{"@type":"ListItem","position":2,"name":"Salon Shop","item":"https:\/\/mybloomgroom.com\/vi\/salon-shop\/"},{"@type":"ListItem","position":3,"name":"MOROCCANOIL Dry Shampoo Light Tones"}]},{"@type":"WebSite","@id":"https:\/\/mybloomgroom.com\/vi\/#website","url":"https:\/\/mybloomgroom.com\/vi\/","name":"BLOOM GROOM SALON","description":"Spa l\u00e0m \u0111\u1eb9p c\u1ee7a b\u1ea1n \u1edf S\u00e0i G\u00f2n","potentialAction":[{"@type":"SearchAction","target":{"@type":"EntryPoint","urlTemplate":"https:\/\/mybloomgroom.com\/vi\/?s={search_term_string}"},"query-input":{"@type":"PropertyValueSpecification","valueRequired":true,"valueName":"search_term_string"}}],"inLanguage":"vi"}]}},"_links":{"self":[{"href":"https:\/\/mybloomgroom.com\/vi\/wp-json\/wp\/v2\/product\/6084","targetHints":{"allow":["GET"]}}],"collection":[{"href":"https:\/\/mybloomgroom.com\/vi\/wp-json\/wp\/v2\/product"}],"about":[{"href":"https:\/\/mybloomgroom.com\/vi\/wp-json\/wp\/v2\/types\/product"}],"version-history":[{"count":0,"href":"https:\/\/mybloomgroom.com\/vi\/wp-json\/wp\/v2\/product\/6084\/revisions"}],"wp:featuredmedia":[{"embeddable":true,"href":"https:\/\/mybloomgroom.com\/vi\/wp-json\/wp\/v2\/media\/5969"}],"wp:attachment":[{"href":"https:\/\/mybloomgroom.com\/vi\/wp-json\/wp\/v2\/media?parent=6084"}],"wp:term":[{"taxonomy":"product_brand","embeddable":true,"href":"https:\/\/mybloomgroom.com\/vi\/wp-json\/wp\/v2\/product_brand?post=6084"},{"taxonomy":"product_cat","embeddable":true,"href":"https:\/\/mybloomgroom.com\/vi\/wp-json\/wp\/v2\/product_cat?post=6084"},{"taxonomy":"product_tag","embeddable":true,"href":"https:\/\/mybloomgroom.com\/vi\/wp-json\/wp\/v2\/product_tag?post=6084"}],"curies":[{"name":"wp","href":"https:\/\/api.w.org\/{rel}","templated":true}]}}