{"id":6082,"date":"2023-04-12T13:06:27","date_gmt":"2023-04-12T06:06:27","guid":{"rendered":"https:\/\/mybloomgroom.wamstore.com\/?post_type=product&#038;p=6082"},"modified":"2025-03-27T10:21:12","modified_gmt":"2025-03-27T03:21:12","slug":"restorative-hair-mask","status":"publish","type":"product","link":"https:\/\/mybloomgroom.com\/vi\/san-pham\/restorative-hair-mask\/","title":{"rendered":"M\u1eb7t N\u1ea1 Ph\u1ee5c H\u1ed3i T\u00f3c MOROCCANOIL"},"content":{"rendered":"<h2>D\u00e0nh cho t\u00f3c y\u1ebfu v\u00e0 h\u01b0 t\u1ed5n<\/h2>","protected":false},"excerpt":{"rendered":"<p>\u0110\u1ed1i v\u1edbi t\u00f3c h\u01b0 t\u1ed5n c\u1ea7n ph\u1ee5c h\u1ed3i, M\u1eb7t n\u1ea1 ph\u1ee5c h\u1ed3i t\u00f3c Moroccanoil\u00ae l\u00e0 ph\u01b0\u01a1ng ph\u00e1p \u0111i\u1ec1u tr\u1ecb k\u00e9o d\u00e0i 5\u20137 ph\u00fat \u0111\u1ec3 s\u1eed d\u1ee5ng cho t\u00f3c h\u01b0 t\u1ed5n do x\u1eed l\u00fd h\u00f3a ch\u1ea5t ho\u1eb7c t\u1ea1o ki\u1ec3u b\u1eb1ng nhi\u1ec7t. C\u00f4ng th\u1ee9c hi\u1ec7u su\u1ea5t cao c\u1ee7a n\u00f3 c\u00f3 ch\u1ee9a d\u1ea7u argan, b\u01a1 h\u1ea1t m\u1ee1 v\u00e0 protein th\u1ef1c v\u1eadt gi\u00fap t\u00f3c ch\u1eafc kh\u1ecfe, t\u0103ng \u0111\u1ed9 \u0111\u00e0n h\u1ed3i v\u00e0 mang l\u1ea1i v\u1ebb ngo\u00e0i kh\u1ecfe m\u1ea1nh h\u01a1n.<\/p>\n<p>S\u1eed d\u1ee5ng m\u1ed9t l\u1ea7n m\u1ed9t tu\u1ea7n v\u00e0 \u00edt th\u01b0\u1eddng xuy\u00ean h\u01a1n khi t\u00f3c \u0111\u01b0\u1ee3c c\u1ea3i thi\u1ec7n.<\/p>","protected":false},"featured_media":5990,"template":"","meta":[],"product_brand":[],"product_cat":[47],"product_tag":[225,231,232,121,180],"class_list":{"0":"post-6082","1":"product","2":"type-product","3":"status-publish","4":"has-post-thumbnail","6":"product_cat-moroccanoil","7":"product_tag-all-hair-types","8":"product_tag-damaged-hair","9":"product_tag-dry-hair","10":"product_tag-moroccanoil","11":"product_tag-treatment","13":"first","14":"outofstock","15":"shipping-taxable","16":"purchasable","17":"product-type-simple"},"yoast_head":"<!-- This site is optimized with the Yoast SEO plugin v26.0 - https:\/\/yoast.com\/wordpress\/plugins\/seo\/ -->\n<title>MOROCCANOIL Restorative Hair Mask - BLOOM GROOM SALON<\/title>\n<meta name=\"robots\" content=\"index, follow, max-snippet:-1, max-image-preview:large, max-video-preview:-1\" \/>\n<link rel=\"canonical\" href=\"http:\/\/mybloomgroom.com\/vi\/san-pham\/restorative-hair-mask\/\" \/>\n<meta property=\"og:locale\" content=\"vi_VN\" \/>\n<meta property=\"og:type\" content=\"article\" \/>\n<meta property=\"og:title\" content=\"MOROCCANOIL Restorative Hair Mask - BLOOM GROOM SALON\" \/>\n<meta property=\"og:description\" content=\"For damaged hair in need of repair, Moroccanoil\u00ae Restorative Hair Mask is a 5\u20137-minute treatment for use on hair damaged by chemical treatments or heat styling. Its high-performance formula contains argan oil, shea butter, and vegetable proteins that help fortify hair, increase elasticity, and promote a healthier look and feel.  Use once a week and less frequently as hair improves.\" \/>\n<meta property=\"og:url\" content=\"http:\/\/mybloomgroom.com\/vi\/san-pham\/restorative-hair-mask\/\" \/>\n<meta property=\"og:site_name\" content=\"BLOOM GROOM SALON\" \/>\n<meta property=\"article:modified_time\" content=\"2025-03-27T03:21:12+00:00\" \/>\n<meta property=\"og:image\" content=\"http:\/\/mybloomgroom.com\/wp-content\/uploads\/2023\/03\/repair-mask.jpeg\" \/>\n\t<meta property=\"og:image:width\" content=\"1000\" \/>\n\t<meta property=\"og:image:height\" content=\"1000\" \/>\n\t<meta property=\"og:image:type\" content=\"image\/jpeg\" \/>\n<meta name=\"twitter:card\" content=\"summary_large_image\" \/>\n<script type=\"application\/ld+json\" class=\"yoast-schema-graph\">{\"@context\":\"https:\/\/schema.org\",\"@graph\":[{\"@type\":\"WebPage\",\"@id\":\"http:\/\/mybloomgroom.com\/product\/restorative-hair-mask\/\",\"url\":\"http:\/\/mybloomgroom.com\/product\/restorative-hair-mask\/\",\"name\":\"MOROCCANOIL Restorative Hair Mask - BLOOM GROOM SALON\",\"isPartOf\":{\"@id\":\"https:\/\/mybloomgroom.com\/#website\"},\"primaryImageOfPage\":{\"@id\":\"http:\/\/mybloomgroom.com\/product\/restorative-hair-mask\/#primaryimage\"},\"image\":{\"@id\":\"http:\/\/mybloomgroom.com\/product\/restorative-hair-mask\/#primaryimage\"},\"thumbnailUrl\":\"https:\/\/mybloomgroom.com\/wp-content\/uploads\/2023\/03\/repair-mask.jpeg\",\"datePublished\":\"2023-04-12T06:06:27+00:00\",\"dateModified\":\"2025-03-27T03:21:12+00:00\",\"breadcrumb\":{\"@id\":\"http:\/\/mybloomgroom.com\/product\/restorative-hair-mask\/#breadcrumb\"},\"inLanguage\":\"vi\",\"potentialAction\":[{\"@type\":\"ReadAction\",\"target\":[\"http:\/\/mybloomgroom.com\/product\/restorative-hair-mask\/\"]}]},{\"@type\":\"ImageObject\",\"inLanguage\":\"vi\",\"@id\":\"http:\/\/mybloomgroom.com\/product\/restorative-hair-mask\/#primaryimage\",\"url\":\"https:\/\/mybloomgroom.com\/wp-content\/uploads\/2023\/03\/repair-mask.jpeg\",\"contentUrl\":\"https:\/\/mybloomgroom.com\/wp-content\/uploads\/2023\/03\/repair-mask.jpeg\",\"width\":1000,\"height\":1000},{\"@type\":\"BreadcrumbList\",\"@id\":\"http:\/\/mybloomgroom.com\/product\/restorative-hair-mask\/#breadcrumb\",\"itemListElement\":[{\"@type\":\"ListItem\",\"position\":1,\"name\":\"Home\",\"item\":\"https:\/\/mybloomgroom.com\/\"},{\"@type\":\"ListItem\",\"position\":2,\"name\":\"Salon Shop\",\"item\":\"https:\/\/mybloomgroom.com\/salon-shop\/\"},{\"@type\":\"ListItem\",\"position\":3,\"name\":\"MOROCCANOIL Restorative Hair Mask\"}]},{\"@type\":\"WebSite\",\"@id\":\"https:\/\/mybloomgroom.com\/#website\",\"url\":\"https:\/\/mybloomgroom.com\/\",\"name\":\"BLOOM GROOM SALON\",\"description\":\"Your beauty spa in Saigon\",\"potentialAction\":[{\"@type\":\"SearchAction\",\"target\":{\"@type\":\"EntryPoint\",\"urlTemplate\":\"https:\/\/mybloomgroom.com\/?s={search_term_string}\"},\"query-input\":{\"@type\":\"PropertyValueSpecification\",\"valueRequired\":true,\"valueName\":\"search_term_string\"}}],\"inLanguage\":\"vi\"}]}<\/script>\n<!-- \/ Yoast SEO plugin. -->","yoast_head_json":{"title":"MOROCCANOIL Restorative Hair Mask - BLOOM GROOM SALON","robots":{"index":"index","follow":"follow","max-snippet":"max-snippet:-1","max-image-preview":"max-image-preview:large","max-video-preview":"max-video-preview:-1"},"canonical":"http:\/\/mybloomgroom.com\/vi\/san-pham\/restorative-hair-mask\/","og_locale":"vi_VN","og_type":"article","og_title":"MOROCCANOIL Restorative Hair Mask - BLOOM GROOM SALON","og_description":"For damaged hair in need of repair, Moroccanoil\u00ae Restorative Hair Mask is a 5\u20137-minute treatment for use on hair damaged by chemical treatments or heat styling. Its high-performance formula contains argan oil, shea butter, and vegetable proteins that help fortify hair, increase elasticity, and promote a healthier look and feel.  Use once a week and less frequently as hair improves.","og_url":"http:\/\/mybloomgroom.com\/vi\/san-pham\/restorative-hair-mask\/","og_site_name":"BLOOM GROOM SALON","article_modified_time":"2025-03-27T03:21:12+00:00","og_image":[{"width":1000,"height":1000,"url":"http:\/\/mybloomgroom.com\/wp-content\/uploads\/2023\/03\/repair-mask.jpeg","type":"image\/jpeg"}],"twitter_card":"summary_large_image","schema":{"@context":"https:\/\/schema.org","@graph":[{"@type":"WebPage","@id":"http:\/\/mybloomgroom.com\/product\/restorative-hair-mask\/","url":"http:\/\/mybloomgroom.com\/product\/restorative-hair-mask\/","name":"MOROCCANOIL Restorative Hair Mask - BLOOM GROOM SALON","isPartOf":{"@id":"https:\/\/mybloomgroom.com\/#website"},"primaryImageOfPage":{"@id":"http:\/\/mybloomgroom.com\/product\/restorative-hair-mask\/#primaryimage"},"image":{"@id":"http:\/\/mybloomgroom.com\/product\/restorative-hair-mask\/#primaryimage"},"thumbnailUrl":"https:\/\/mybloomgroom.com\/wp-content\/uploads\/2023\/03\/repair-mask.jpeg","datePublished":"2023-04-12T06:06:27+00:00","dateModified":"2025-03-27T03:21:12+00:00","breadcrumb":{"@id":"http:\/\/mybloomgroom.com\/product\/restorative-hair-mask\/#breadcrumb"},"inLanguage":"vi","potentialAction":[{"@type":"ReadAction","target":["http:\/\/mybloomgroom.com\/product\/restorative-hair-mask\/"]}]},{"@type":"ImageObject","inLanguage":"vi","@id":"http:\/\/mybloomgroom.com\/product\/restorative-hair-mask\/#primaryimage","url":"https:\/\/mybloomgroom.com\/wp-content\/uploads\/2023\/03\/repair-mask.jpeg","contentUrl":"https:\/\/mybloomgroom.com\/wp-content\/uploads\/2023\/03\/repair-mask.jpeg","width":1000,"height":1000},{"@type":"BreadcrumbList","@id":"http:\/\/mybloomgroom.com\/product\/restorative-hair-mask\/#breadcrumb","itemListElement":[{"@type":"ListItem","position":1,"name":"Home","item":"https:\/\/mybloomgroom.com\/"},{"@type":"ListItem","position":2,"name":"Salon Shop","item":"https:\/\/mybloomgroom.com\/salon-shop\/"},{"@type":"ListItem","position":3,"name":"MOROCCANOIL Restorative Hair Mask"}]},{"@type":"WebSite","@id":"https:\/\/mybloomgroom.com\/#website","url":"https:\/\/mybloomgroom.com\/","name":"BLOOM GROOM SALON","description":"Spa l\u00e0m \u0111\u1eb9p c\u1ee7a b\u1ea1n \u1edf S\u00e0i G\u00f2n","potentialAction":[{"@type":"SearchAction","target":{"@type":"EntryPoint","urlTemplate":"https:\/\/mybloomgroom.com\/?s={search_term_string}"},"query-input":{"@type":"PropertyValueSpecification","valueRequired":true,"valueName":"search_term_string"}}],"inLanguage":"vi"}]}},"_links":{"self":[{"href":"https:\/\/mybloomgroom.com\/vi\/wp-json\/wp\/v2\/product\/6082","targetHints":{"allow":["GET"]}}],"collection":[{"href":"https:\/\/mybloomgroom.com\/vi\/wp-json\/wp\/v2\/product"}],"about":[{"href":"https:\/\/mybloomgroom.com\/vi\/wp-json\/wp\/v2\/types\/product"}],"version-history":[{"count":0,"href":"https:\/\/mybloomgroom.com\/vi\/wp-json\/wp\/v2\/product\/6082\/revisions"}],"wp:featuredmedia":[{"embeddable":true,"href":"https:\/\/mybloomgroom.com\/vi\/wp-json\/wp\/v2\/media\/5990"}],"wp:attachment":[{"href":"https:\/\/mybloomgroom.com\/vi\/wp-json\/wp\/v2\/media?parent=6082"}],"wp:term":[{"taxonomy":"product_brand","embeddable":true,"href":"https:\/\/mybloomgroom.com\/vi\/wp-json\/wp\/v2\/product_brand?post=6082"},{"taxonomy":"product_cat","embeddable":true,"href":"https:\/\/mybloomgroom.com\/vi\/wp-json\/wp\/v2\/product_cat?post=6082"},{"taxonomy":"product_tag","embeddable":true,"href":"https:\/\/mybloomgroom.com\/vi\/wp-json\/wp\/v2\/product_tag?post=6082"}],"curies":[{"name":"wp","href":"https:\/\/api.w.org\/{rel}","templated":true}]}}