{"id":6078,"date":"2023-04-12T13:03:54","date_gmt":"2023-04-12T06:03:54","guid":{"rendered":"https:\/\/mybloomgroom.wamstore.com\/?post_type=product&#038;p=6078"},"modified":"2025-03-27T10:21:12","modified_gmt":"2025-03-27T03:21:12","slug":"intense-hydrating-mask","status":"publish","type":"product","link":"https:\/\/mybloomgroom.com\/vi\/san-pham\/intense-hydrating-mask\/","title":{"rendered":"MOROCCANOIL M\u1eb7t N\u1ea1 D\u01b0\u1ee1ng \u1ea8m Chuy\u00ean S\u00e2u"},"content":{"rendered":"<h2 class=\"product-short_description\">D\u00e0nh cho t\u00f3c kh\u00f4 v\u1eeba \u0111\u1ebfn d\u00e0y<\/h2>","protected":false},"excerpt":{"rendered":"<p>H\u00e3y t\u1ef1 th\u01b0\u1edfng cho m\u00ecnh m\u1ed9t lo\u1ea1i m\u1eb7t n\u1ea1 ph\u1ee5c h\u1ed3i t\u00f3c nhanh ch\u00f3ng trong n\u0103m ph\u00fat. M\u1eb7t N\u1ea1 D\u01b0\u1ee1ng \u1ea8m Chuy\u00ean S\u00e2u Moroccanoil\u00ae l\u00e0 m\u1ed9t lo\u1ea1i d\u1ea7u d\u01b0\u1ee1ng s\u00e2u hi\u1ec7u qu\u1ea3 cao, \u0111\u1eadm \u0111\u1eb7c v\u00e0 d\u1ea1ng kem \u0111\u01b0\u1ee3c b\u00e0o ch\u1ebf d\u00e0nh cho t\u00f3c kh\u00f4, trung b\u00ecnh \u0111\u1ebfn d\u00e0y. \u0110\u01b0\u1ee3c pha tr\u1ed9n v\u1edbi d\u1ea7u argan gi\u00e0u ch\u1ea5t ch\u1ed1ng oxy h\u00f3a v\u00e0 c\u00e1c th\u00e0nh ph\u1ea7n nu\u00f4i d\u01b0\u1ee1ng, n\u00f3 hydrat h\u00f3a v\u00e0 \u0111i\u1ec1u ki\u1ec7n \u0111\u1ed3ng th\u1eddi c\u1ea3i thi\u1ec7n \u0111\u00e1ng k\u1ec3 k\u1ebft c\u1ea5u, \u0111\u1ed9 \u0111\u00e0n h\u1ed3i, \u0111\u1ed9 b\u00f3ng v\u00e0 kh\u1ea3 n\u0103ng qu\u1ea3n l\u00fd c\u1ee7a t\u00f3c.<\/p>\n<p>Ng\u01b0\u1eddi chi\u1ebfn th\u1eafng, Gi\u1ea3i th\u01b0\u1edfng B\u00ecnh ch\u1ecdn c\u1ee7a Ng\u01b0\u1eddi \u0111\u00e1nh gi\u00e1: Ng\u01b0\u1eddi \u0111\u1eb9p xu\u1ea5t s\u1eafc nh\u1ea5t, M\u1eb7t n\u1ea1 d\u01b0\u1ee1ng t\u00f3c sang tr\u1ecdng nh\u1ea5t, Influenster.com, 2018<\/p>","protected":false},"featured_media":5982,"template":"","meta":[],"product_brand":[],"product_cat":[47],"product_tag":[231,232,121,180],"class_list":{"0":"post-6078","1":"product","2":"type-product","3":"status-publish","4":"has-post-thumbnail","6":"product_cat-moroccanoil","7":"product_tag-damaged-hair","8":"product_tag-dry-hair","9":"product_tag-moroccanoil","10":"product_tag-treatment","12":"first","13":"outofstock","14":"featured","15":"shipping-taxable","16":"purchasable","17":"product-type-simple"},"yoast_head":"<!-- This site is optimized with the Yoast SEO plugin v26.0 - https:\/\/yoast.com\/wordpress\/plugins\/seo\/ -->\n<title>MOROCCANOIL Intense Hydrating Mask - BLOOM GROOM SALON<\/title>\n<meta name=\"robots\" content=\"index, follow, max-snippet:-1, max-image-preview:large, max-video-preview:-1\" \/>\n<link rel=\"canonical\" href=\"https:\/\/mybloomgroom.com\/vi\/san-pham\/intense-hydrating-mask\/\" \/>\n<meta property=\"og:locale\" content=\"vi_VN\" \/>\n<meta property=\"og:type\" content=\"article\" \/>\n<meta property=\"og:title\" content=\"MOROCCANOIL Intense Hydrating Mask - BLOOM GROOM SALON\" \/>\n<meta property=\"og:description\" content=\"Treat yourself to a quick, reviving five-minute hair mask. Moroccanoil\u00ae Intense Hydrating Mask is a high-performance, rich and creamy deep conditioner formulated for medium to thick, dry hair. Infused with antioxidant-rich argan oil and nourishing ingredients, it hydrates and conditions while dramatically improving hair&#039;s texture, elasticity, shine and manageability.  Winner, Reviewer&#039;s Choice Awards: Best in Beauty, Best Luxury Hair Mask, Influenster.com, 2018\" \/>\n<meta property=\"og:url\" content=\"https:\/\/mybloomgroom.com\/vi\/san-pham\/intense-hydrating-mask\/\" \/>\n<meta property=\"og:site_name\" content=\"BLOOM GROOM SALON\" \/>\n<meta property=\"article:modified_time\" content=\"2025-03-27T03:21:12+00:00\" \/>\n<meta property=\"og:image\" content=\"https:\/\/mybloomgroom.com\/wp-content\/uploads\/2023\/03\/intense-hydrating-mask.jpeg\" \/>\n\t<meta property=\"og:image:width\" content=\"1000\" \/>\n\t<meta property=\"og:image:height\" content=\"1000\" \/>\n\t<meta property=\"og:image:type\" content=\"image\/jpeg\" \/>\n<meta name=\"twitter:card\" content=\"summary_large_image\" \/>\n<script type=\"application\/ld+json\" class=\"yoast-schema-graph\">{\"@context\":\"https:\/\/schema.org\",\"@graph\":[{\"@type\":\"WebPage\",\"@id\":\"https:\/\/mybloomgroom.com\/product\/intense-hydrating-mask\/\",\"url\":\"https:\/\/mybloomgroom.com\/product\/intense-hydrating-mask\/\",\"name\":\"MOROCCANOIL Intense Hydrating Mask - BLOOM GROOM SALON\",\"isPartOf\":{\"@id\":\"https:\/\/mybloomgroom.com\/#website\"},\"primaryImageOfPage\":{\"@id\":\"https:\/\/mybloomgroom.com\/product\/intense-hydrating-mask\/#primaryimage\"},\"image\":{\"@id\":\"https:\/\/mybloomgroom.com\/product\/intense-hydrating-mask\/#primaryimage\"},\"thumbnailUrl\":\"https:\/\/mybloomgroom.com\/wp-content\/uploads\/2023\/03\/intense-hydrating-mask.jpeg\",\"datePublished\":\"2023-04-12T06:03:54+00:00\",\"dateModified\":\"2025-03-27T03:21:12+00:00\",\"breadcrumb\":{\"@id\":\"https:\/\/mybloomgroom.com\/product\/intense-hydrating-mask\/#breadcrumb\"},\"inLanguage\":\"vi\",\"potentialAction\":[{\"@type\":\"ReadAction\",\"target\":[\"https:\/\/mybloomgroom.com\/product\/intense-hydrating-mask\/\"]}]},{\"@type\":\"ImageObject\",\"inLanguage\":\"vi\",\"@id\":\"https:\/\/mybloomgroom.com\/product\/intense-hydrating-mask\/#primaryimage\",\"url\":\"https:\/\/mybloomgroom.com\/wp-content\/uploads\/2023\/03\/intense-hydrating-mask.jpeg\",\"contentUrl\":\"https:\/\/mybloomgroom.com\/wp-content\/uploads\/2023\/03\/intense-hydrating-mask.jpeg\",\"width\":1000,\"height\":1000},{\"@type\":\"BreadcrumbList\",\"@id\":\"https:\/\/mybloomgroom.com\/product\/intense-hydrating-mask\/#breadcrumb\",\"itemListElement\":[{\"@type\":\"ListItem\",\"position\":1,\"name\":\"Home\",\"item\":\"https:\/\/mybloomgroom.com\/\"},{\"@type\":\"ListItem\",\"position\":2,\"name\":\"Salon Shop\",\"item\":\"https:\/\/mybloomgroom.com\/salon-shop\/\"},{\"@type\":\"ListItem\",\"position\":3,\"name\":\"MOROCCANOIL Intense Hydrating Mask\"}]},{\"@type\":\"WebSite\",\"@id\":\"https:\/\/mybloomgroom.com\/#website\",\"url\":\"https:\/\/mybloomgroom.com\/\",\"name\":\"BLOOM GROOM SALON\",\"description\":\"Your beauty spa in Saigon\",\"potentialAction\":[{\"@type\":\"SearchAction\",\"target\":{\"@type\":\"EntryPoint\",\"urlTemplate\":\"https:\/\/mybloomgroom.com\/?s={search_term_string}\"},\"query-input\":{\"@type\":\"PropertyValueSpecification\",\"valueRequired\":true,\"valueName\":\"search_term_string\"}}],\"inLanguage\":\"vi\"}]}<\/script>\n<!-- \/ Yoast SEO plugin. -->","yoast_head_json":{"title":"MOROCCANOIL Intense Hydrating Mask - BLOOM GROOM SALON","robots":{"index":"index","follow":"follow","max-snippet":"max-snippet:-1","max-image-preview":"max-image-preview:large","max-video-preview":"max-video-preview:-1"},"canonical":"https:\/\/mybloomgroom.com\/vi\/san-pham\/intense-hydrating-mask\/","og_locale":"vi_VN","og_type":"article","og_title":"MOROCCANOIL Intense Hydrating Mask - BLOOM GROOM SALON","og_description":"Treat yourself to a quick, reviving five-minute hair mask. Moroccanoil\u00ae Intense Hydrating Mask is a high-performance, rich and creamy deep conditioner formulated for medium to thick, dry hair. Infused with antioxidant-rich argan oil and nourishing ingredients, it hydrates and conditions while dramatically improving hair's texture, elasticity, shine and manageability.  Winner, Reviewer's Choice Awards: Best in Beauty, Best Luxury Hair Mask, Influenster.com, 2018","og_url":"https:\/\/mybloomgroom.com\/vi\/san-pham\/intense-hydrating-mask\/","og_site_name":"BLOOM GROOM SALON","article_modified_time":"2025-03-27T03:21:12+00:00","og_image":[{"width":1000,"height":1000,"url":"https:\/\/mybloomgroom.com\/wp-content\/uploads\/2023\/03\/intense-hydrating-mask.jpeg","type":"image\/jpeg"}],"twitter_card":"summary_large_image","schema":{"@context":"https:\/\/schema.org","@graph":[{"@type":"WebPage","@id":"https:\/\/mybloomgroom.com\/product\/intense-hydrating-mask\/","url":"https:\/\/mybloomgroom.com\/product\/intense-hydrating-mask\/","name":"MOROCCANOIL Intense Hydrating Mask - BLOOM GROOM SALON","isPartOf":{"@id":"https:\/\/mybloomgroom.com\/#website"},"primaryImageOfPage":{"@id":"https:\/\/mybloomgroom.com\/product\/intense-hydrating-mask\/#primaryimage"},"image":{"@id":"https:\/\/mybloomgroom.com\/product\/intense-hydrating-mask\/#primaryimage"},"thumbnailUrl":"https:\/\/mybloomgroom.com\/wp-content\/uploads\/2023\/03\/intense-hydrating-mask.jpeg","datePublished":"2023-04-12T06:03:54+00:00","dateModified":"2025-03-27T03:21:12+00:00","breadcrumb":{"@id":"https:\/\/mybloomgroom.com\/product\/intense-hydrating-mask\/#breadcrumb"},"inLanguage":"vi","potentialAction":[{"@type":"ReadAction","target":["https:\/\/mybloomgroom.com\/product\/intense-hydrating-mask\/"]}]},{"@type":"ImageObject","inLanguage":"vi","@id":"https:\/\/mybloomgroom.com\/product\/intense-hydrating-mask\/#primaryimage","url":"https:\/\/mybloomgroom.com\/wp-content\/uploads\/2023\/03\/intense-hydrating-mask.jpeg","contentUrl":"https:\/\/mybloomgroom.com\/wp-content\/uploads\/2023\/03\/intense-hydrating-mask.jpeg","width":1000,"height":1000},{"@type":"BreadcrumbList","@id":"https:\/\/mybloomgroom.com\/product\/intense-hydrating-mask\/#breadcrumb","itemListElement":[{"@type":"ListItem","position":1,"name":"Home","item":"https:\/\/mybloomgroom.com\/"},{"@type":"ListItem","position":2,"name":"Salon Shop","item":"https:\/\/mybloomgroom.com\/salon-shop\/"},{"@type":"ListItem","position":3,"name":"MOROCCANOIL Intense Hydrating Mask"}]},{"@type":"WebSite","@id":"https:\/\/mybloomgroom.com\/#website","url":"https:\/\/mybloomgroom.com\/","name":"BLOOM GROOM SALON","description":"Spa l\u00e0m \u0111\u1eb9p c\u1ee7a b\u1ea1n \u1edf S\u00e0i G\u00f2n","potentialAction":[{"@type":"SearchAction","target":{"@type":"EntryPoint","urlTemplate":"https:\/\/mybloomgroom.com\/?s={search_term_string}"},"query-input":{"@type":"PropertyValueSpecification","valueRequired":true,"valueName":"search_term_string"}}],"inLanguage":"vi"}]}},"_links":{"self":[{"href":"https:\/\/mybloomgroom.com\/vi\/wp-json\/wp\/v2\/product\/6078","targetHints":{"allow":["GET"]}}],"collection":[{"href":"https:\/\/mybloomgroom.com\/vi\/wp-json\/wp\/v2\/product"}],"about":[{"href":"https:\/\/mybloomgroom.com\/vi\/wp-json\/wp\/v2\/types\/product"}],"version-history":[{"count":0,"href":"https:\/\/mybloomgroom.com\/vi\/wp-json\/wp\/v2\/product\/6078\/revisions"}],"wp:featuredmedia":[{"embeddable":true,"href":"https:\/\/mybloomgroom.com\/vi\/wp-json\/wp\/v2\/media\/5982"}],"wp:attachment":[{"href":"https:\/\/mybloomgroom.com\/vi\/wp-json\/wp\/v2\/media?parent=6078"}],"wp:term":[{"taxonomy":"product_brand","embeddable":true,"href":"https:\/\/mybloomgroom.com\/vi\/wp-json\/wp\/v2\/product_brand?post=6078"},{"taxonomy":"product_cat","embeddable":true,"href":"https:\/\/mybloomgroom.com\/vi\/wp-json\/wp\/v2\/product_cat?post=6078"},{"taxonomy":"product_tag","embeddable":true,"href":"https:\/\/mybloomgroom.com\/vi\/wp-json\/wp\/v2\/product_tag?post=6078"}],"curies":[{"name":"wp","href":"https:\/\/api.w.org\/{rel}","templated":true}]}}