{"id":6074,"date":"2023-04-12T13:02:17","date_gmt":"2023-04-12T06:02:17","guid":{"rendered":"https:\/\/mybloomgroom.wamstore.com\/?post_type=product&#038;p=6074"},"modified":"2025-03-27T10:21:12","modified_gmt":"2025-03-27T03:21:12","slug":"smoothing-shampoo","status":"publish","type":"product","link":"https:\/\/mybloomgroom.com\/vi\/san-pham\/smoothing-shampoo\/","title":{"rendered":"D\u1ea7u G\u1ed9i M\u01b0\u1ee3t M\u01b0\u1ee3t MOROCCANOIL"},"content":{"rendered":"<h2>D\u00e0nh cho t\u00f3c ngang b\u01b0\u1edbng v\u00e0 xo\u0103n<\/h2>","protected":false},"excerpt":{"rendered":"<p>C\u00f3 \u0111\u01b0\u1ee3c m\u00e1i t\u00f3c m\u1ec1m m\u01b0\u1ee3t v\u00e0 ch\u1ebf ng\u1ef1 k\u1ebft c\u1ea5u xo\u0103n c\u1ee9ng b\u1eb1ng c\u00f4ng th\u1ee9c l\u00e0m s\u1ea1ch nh\u1eb9 nh\u00e0ng n\u00e0y. D\u1ea7u g\u1ed9i Moroccanoil AminoRenew TM Smoothing, n\u1ed5i b\u1eadt v\u1edbi th\u00e0nh ph\u1ea7n \u0111\u1ed9c quy\u1ec1n c\u1ee7a ch\u00fang t\u00f4i, ph\u1ee5c h\u1ed3i c\u00e1c axit amin b\u1ecb c\u1ea1n ki\u1ec7t \u0111\u1ec3 gi\u00fap t\u00f3c ch\u1eafc kh\u1ecfe v\u00e0 m\u1ec1m m\u01b0\u1ee3t \u0111\u1ed3ng th\u1eddi \u0111i\u1ec1u ch\u1ec9nh c\u1ea5u tr\u00fac keratin t\u1ef1 nhi\u00ean c\u1ee7a t\u00f3c. \u0110\u01b0\u1ee3c chi\u1ebft xu\u1ea5t t\u1eeb d\u1ea7u argan v\u00e0 b\u01a1 argan, lo\u1ea1i d\u1ea7u g\u1ed9i d\u01b0\u1ee1ng \u1ea9m n\u00e0y mang \u0111\u1ebfn cho b\u1ea1n m\u00e1i t\u00f3c m\u01b0\u1ee3t m\u00e0, kh\u1ecfe m\u1ea1nh v\u00e0 d\u1ec5 v\u00e0o n\u1ebfp h\u01a1n. Khi s\u1eed d\u1ee5ng v\u1edbi d\u1ea7u x\u1ea3 Moroccanoil\u00ae AminoRenew TM Smoothing, k\u1ebft qu\u1ea3 c\u00f3 th\u1ec3 k\u00e9o d\u00e0i \u0111\u1ebfn 72 gi\u1edd. C\u00e1c l\u1ee3i \u00edch d\u01b0\u1ee1ng \u1ea9m c\u1ee7a d\u1ea7u argan l\u00e0m cho n\u00f3 tr\u1edf th\u00e0nh m\u1ed9t lo\u1ea1i d\u1ea7u g\u1ed9i l\u00fd t\u01b0\u1edfng cho t\u00f3c ngang b\u01b0\u1edbng ho\u1eb7c xo\u0103n.<\/p>","protected":false},"featured_media":5995,"template":"","meta":[],"product_brand":[],"product_cat":[47],"product_tag":[232,121,178],"class_list":{"0":"post-6074","1":"product","2":"type-product","3":"status-publish","4":"has-post-thumbnail","6":"product_cat-moroccanoil","7":"product_tag-dry-hair","8":"product_tag-moroccanoil","9":"product_tag-shampoo","11":"first","12":"outofstock","13":"shipping-taxable","14":"purchasable","15":"product-type-simple"},"yoast_head":"<!-- This site is optimized with the Yoast SEO plugin v26.0 - https:\/\/yoast.com\/wordpress\/plugins\/seo\/ -->\n<title>MOROCCANOIL Smoothing Shampoo - BLOOM GROOM SALON<\/title>\n<meta name=\"robots\" content=\"index, follow, max-snippet:-1, max-image-preview:large, max-video-preview:-1\" \/>\n<link rel=\"canonical\" href=\"https:\/\/mybloomgroom.com\/vi\/san-pham\/smoothing-shampoo\/\" \/>\n<meta property=\"og:locale\" content=\"vi_VN\" \/>\n<meta property=\"og:type\" content=\"article\" \/>\n<meta property=\"og:title\" content=\"MOROCCANOIL Smoothing Shampoo - BLOOM GROOM SALON\" \/>\n<meta property=\"og:description\" content=\"Get smooth hair and tame unruly, frizzy texture with this gentle cleansing formula. Moroccanoil AminoRenew TM Smoothing Shampoo, featuring our proprietary ingredient, restores depleted amino acids to strengthen and smooth hair while aligning its natural keratin structure. Infused with argan oil and argan butter, this hydrating shampoo gives you more manageable, healthy-looking, smooth hair. When used with Moroccanoil\u00ae AminoRenew TM Smoothing Conditioner, results can last up to 72 hours. The hydrating benefits of argan oil make this an ideal shampoo for unruly or frizzy hair.\" \/>\n<meta property=\"og:url\" content=\"https:\/\/mybloomgroom.com\/vi\/san-pham\/smoothing-shampoo\/\" \/>\n<meta property=\"og:site_name\" content=\"BLOOM GROOM SALON\" \/>\n<meta property=\"article:modified_time\" content=\"2025-03-27T03:21:12+00:00\" \/>\n<meta property=\"og:image\" content=\"https:\/\/mybloomgroom.com\/wp-content\/uploads\/2023\/03\/smoothing-shampoo.jpeg\" \/>\n\t<meta property=\"og:image:width\" content=\"1000\" \/>\n\t<meta property=\"og:image:height\" content=\"1000\" \/>\n\t<meta property=\"og:image:type\" content=\"image\/jpeg\" \/>\n<meta name=\"twitter:card\" content=\"summary_large_image\" \/>\n<script type=\"application\/ld+json\" class=\"yoast-schema-graph\">{\"@context\":\"https:\/\/schema.org\",\"@graph\":[{\"@type\":\"WebPage\",\"@id\":\"https:\/\/mybloomgroom.com\/vi\/san-pham\/smoothing-shampoo\/\",\"url\":\"https:\/\/mybloomgroom.com\/vi\/san-pham\/smoothing-shampoo\/\",\"name\":\"MOROCCANOIL Smoothing Shampoo - BLOOM GROOM SALON\",\"isPartOf\":{\"@id\":\"https:\/\/mybloomgroom.com\/vi\/#website\"},\"primaryImageOfPage\":{\"@id\":\"https:\/\/mybloomgroom.com\/vi\/san-pham\/smoothing-shampoo\/#primaryimage\"},\"image\":{\"@id\":\"https:\/\/mybloomgroom.com\/vi\/san-pham\/smoothing-shampoo\/#primaryimage\"},\"thumbnailUrl\":\"https:\/\/mybloomgroom.com\/wp-content\/uploads\/2023\/03\/smoothing-shampoo.jpeg\",\"datePublished\":\"2023-04-12T06:02:17+00:00\",\"dateModified\":\"2025-03-27T03:21:12+00:00\",\"breadcrumb\":{\"@id\":\"https:\/\/mybloomgroom.com\/vi\/san-pham\/smoothing-shampoo\/#breadcrumb\"},\"inLanguage\":\"vi\",\"potentialAction\":[{\"@type\":\"ReadAction\",\"target\":[\"https:\/\/mybloomgroom.com\/vi\/san-pham\/smoothing-shampoo\/\"]}]},{\"@type\":\"ImageObject\",\"inLanguage\":\"vi\",\"@id\":\"https:\/\/mybloomgroom.com\/vi\/san-pham\/smoothing-shampoo\/#primaryimage\",\"url\":\"https:\/\/mybloomgroom.com\/wp-content\/uploads\/2023\/03\/smoothing-shampoo.jpeg\",\"contentUrl\":\"https:\/\/mybloomgroom.com\/wp-content\/uploads\/2023\/03\/smoothing-shampoo.jpeg\",\"width\":1000,\"height\":1000},{\"@type\":\"BreadcrumbList\",\"@id\":\"https:\/\/mybloomgroom.com\/vi\/san-pham\/smoothing-shampoo\/#breadcrumb\",\"itemListElement\":[{\"@type\":\"ListItem\",\"position\":1,\"name\":\"Home\",\"item\":\"https:\/\/mybloomgroom.com\/vi\/\"},{\"@type\":\"ListItem\",\"position\":2,\"name\":\"Salon Shop\",\"item\":\"https:\/\/mybloomgroom.com\/vi\/salon-shop\/\"},{\"@type\":\"ListItem\",\"position\":3,\"name\":\"MOROCCANOIL Smoothing Shampoo\"}]},{\"@type\":\"WebSite\",\"@id\":\"https:\/\/mybloomgroom.com\/vi\/#website\",\"url\":\"https:\/\/mybloomgroom.com\/vi\/\",\"name\":\"BLOOM GROOM SALON\",\"description\":\"Your beauty spa in Saigon\",\"potentialAction\":[{\"@type\":\"SearchAction\",\"target\":{\"@type\":\"EntryPoint\",\"urlTemplate\":\"https:\/\/mybloomgroom.com\/vi\/?s={search_term_string}\"},\"query-input\":{\"@type\":\"PropertyValueSpecification\",\"valueRequired\":true,\"valueName\":\"search_term_string\"}}],\"inLanguage\":\"vi\"}]}<\/script>\n<!-- \/ Yoast SEO plugin. -->","yoast_head_json":{"title":"MOROCCANOIL Smoothing Shampoo - BLOOM GROOM SALON","robots":{"index":"index","follow":"follow","max-snippet":"max-snippet:-1","max-image-preview":"max-image-preview:large","max-video-preview":"max-video-preview:-1"},"canonical":"https:\/\/mybloomgroom.com\/vi\/san-pham\/smoothing-shampoo\/","og_locale":"vi_VN","og_type":"article","og_title":"MOROCCANOIL Smoothing Shampoo - BLOOM GROOM SALON","og_description":"Get smooth hair and tame unruly, frizzy texture with this gentle cleansing formula. Moroccanoil AminoRenew TM Smoothing Shampoo, featuring our proprietary ingredient, restores depleted amino acids to strengthen and smooth hair while aligning its natural keratin structure. Infused with argan oil and argan butter, this hydrating shampoo gives you more manageable, healthy-looking, smooth hair. When used with Moroccanoil\u00ae AminoRenew TM Smoothing Conditioner, results can last up to 72 hours. The hydrating benefits of argan oil make this an ideal shampoo for unruly or frizzy hair.","og_url":"https:\/\/mybloomgroom.com\/vi\/san-pham\/smoothing-shampoo\/","og_site_name":"BLOOM GROOM SALON","article_modified_time":"2025-03-27T03:21:12+00:00","og_image":[{"width":1000,"height":1000,"url":"https:\/\/mybloomgroom.com\/wp-content\/uploads\/2023\/03\/smoothing-shampoo.jpeg","type":"image\/jpeg"}],"twitter_card":"summary_large_image","schema":{"@context":"https:\/\/schema.org","@graph":[{"@type":"WebPage","@id":"https:\/\/mybloomgroom.com\/vi\/san-pham\/smoothing-shampoo\/","url":"https:\/\/mybloomgroom.com\/vi\/san-pham\/smoothing-shampoo\/","name":"MOROCCANOIL Smoothing Shampoo - BLOOM GROOM SALON","isPartOf":{"@id":"https:\/\/mybloomgroom.com\/vi\/#website"},"primaryImageOfPage":{"@id":"https:\/\/mybloomgroom.com\/vi\/san-pham\/smoothing-shampoo\/#primaryimage"},"image":{"@id":"https:\/\/mybloomgroom.com\/vi\/san-pham\/smoothing-shampoo\/#primaryimage"},"thumbnailUrl":"https:\/\/mybloomgroom.com\/wp-content\/uploads\/2023\/03\/smoothing-shampoo.jpeg","datePublished":"2023-04-12T06:02:17+00:00","dateModified":"2025-03-27T03:21:12+00:00","breadcrumb":{"@id":"https:\/\/mybloomgroom.com\/vi\/san-pham\/smoothing-shampoo\/#breadcrumb"},"inLanguage":"vi","potentialAction":[{"@type":"ReadAction","target":["https:\/\/mybloomgroom.com\/vi\/san-pham\/smoothing-shampoo\/"]}]},{"@type":"ImageObject","inLanguage":"vi","@id":"https:\/\/mybloomgroom.com\/vi\/san-pham\/smoothing-shampoo\/#primaryimage","url":"https:\/\/mybloomgroom.com\/wp-content\/uploads\/2023\/03\/smoothing-shampoo.jpeg","contentUrl":"https:\/\/mybloomgroom.com\/wp-content\/uploads\/2023\/03\/smoothing-shampoo.jpeg","width":1000,"height":1000},{"@type":"BreadcrumbList","@id":"https:\/\/mybloomgroom.com\/vi\/san-pham\/smoothing-shampoo\/#breadcrumb","itemListElement":[{"@type":"ListItem","position":1,"name":"Home","item":"https:\/\/mybloomgroom.com\/vi\/"},{"@type":"ListItem","position":2,"name":"Salon Shop","item":"https:\/\/mybloomgroom.com\/vi\/salon-shop\/"},{"@type":"ListItem","position":3,"name":"MOROCCANOIL Smoothing Shampoo"}]},{"@type":"WebSite","@id":"https:\/\/mybloomgroom.com\/vi\/#website","url":"https:\/\/mybloomgroom.com\/vi\/","name":"BLOOM GROOM SALON","description":"Spa l\u00e0m \u0111\u1eb9p c\u1ee7a b\u1ea1n \u1edf S\u00e0i G\u00f2n","potentialAction":[{"@type":"SearchAction","target":{"@type":"EntryPoint","urlTemplate":"https:\/\/mybloomgroom.com\/vi\/?s={search_term_string}"},"query-input":{"@type":"PropertyValueSpecification","valueRequired":true,"valueName":"search_term_string"}}],"inLanguage":"vi"}]}},"_links":{"self":[{"href":"https:\/\/mybloomgroom.com\/vi\/wp-json\/wp\/v2\/product\/6074","targetHints":{"allow":["GET"]}}],"collection":[{"href":"https:\/\/mybloomgroom.com\/vi\/wp-json\/wp\/v2\/product"}],"about":[{"href":"https:\/\/mybloomgroom.com\/vi\/wp-json\/wp\/v2\/types\/product"}],"version-history":[{"count":0,"href":"https:\/\/mybloomgroom.com\/vi\/wp-json\/wp\/v2\/product\/6074\/revisions"}],"wp:featuredmedia":[{"embeddable":true,"href":"https:\/\/mybloomgroom.com\/vi\/wp-json\/wp\/v2\/media\/5995"}],"wp:attachment":[{"href":"https:\/\/mybloomgroom.com\/vi\/wp-json\/wp\/v2\/media?parent=6074"}],"wp:term":[{"taxonomy":"product_brand","embeddable":true,"href":"https:\/\/mybloomgroom.com\/vi\/wp-json\/wp\/v2\/product_brand?post=6074"},{"taxonomy":"product_cat","embeddable":true,"href":"https:\/\/mybloomgroom.com\/vi\/wp-json\/wp\/v2\/product_cat?post=6074"},{"taxonomy":"product_tag","embeddable":true,"href":"https:\/\/mybloomgroom.com\/vi\/wp-json\/wp\/v2\/product_tag?post=6074"}],"curies":[{"name":"wp","href":"https:\/\/api.w.org\/{rel}","templated":true}]}}