{"id":5824,"date":"2023-04-13T20:54:54","date_gmt":"2023-04-13T13:54:54","guid":{"rendered":"https:\/\/mybloomgroom.wamstore.com\/?post_type=product&#038;p=5824"},"modified":"2025-08-30T09:10:26","modified_gmt":"2025-08-30T02:10:26","slug":"love-curl-conditioner","status":"publish","type":"product","link":"https:\/\/mybloomgroom.com\/vi\/san-pham\/love-curl-conditioner\/","title":{"rendered":"D\u1ea7u X\u1ea3 DAVINES LOVE CURL"},"content":{"rendered":"<h2 class=\"product-short_description\">Protein-rich hair conditioner for curly hair<\/h2>","protected":false},"excerpt":{"rendered":"<p>Conditioner to enhance and control wavy or curly hair. Its formula makes the hair soft and light giving elasticity and volume without weighing it down.<\/p>\n<p><label class=\"accordion__label\" for=\"benefits\"><span class=\"accordion__title\">Nh\u1eefng l\u1ee3i \u00edch<\/span><\/label><\/p>\n<div class=\"accordion__text container\">\n<div class=\"specifics\">\n<div class=\"specifics__wrapper\">\n<div class=\"specifics__item\">\n<div class=\"specifics__list\">It moisturizes and nourishes wavy and curly hair.<br \/>\nElastic, voluminous and controlled hair.<br \/>\nSoft, light and shiny hair.<br \/>\nRich in proteins and Vitamins B to give elasticity and volume.<br \/>\nHo\u1ea1t ch\u1ea5t t\u1ef1 nhi\u00ean.<\/div>\n<\/div>\n<div class=\"specifics__item\"><span class=\"additional-title-mobile\">Th\u00f4ng tin b\u1ed5 sung<\/span><\/p>\n<div class=\"specifics__list\">Thu \u0111\u01b0\u1ee3c b\u1eb1ng n\u0103ng l\u01b0\u1ee3ng s\u1ea1ch 100%. Kh\u00f4ng t\u00e1c \u0111\u1ed9ng, bao b\u00ec thi\u1ebft y\u1ebfu v\u00e0 c\u00f3 th\u1ec3 t\u00e1i ch\u1ebf.<\/div>\n<\/div>\n<\/div>\n<\/div>\n<\/div>","protected":false},"featured_media":5779,"template":"","meta":[],"product_brand":[],"product_cat":[39],"product_tag":[179,213,70],"class_list":{"0":"post-5824","1":"product","2":"type-product","3":"status-publish","4":"has-post-thumbnail","6":"product_cat-davines","7":"product_tag-conditioner","8":"product_tag-curly-hair","9":"product_tag-davines","11":"first","12":"instock","13":"shipping-taxable","14":"purchasable","15":"product-type-simple"},"yoast_head":"<!-- This site is optimized with the Yoast SEO plugin v26.0 - https:\/\/yoast.com\/wordpress\/plugins\/seo\/ -->\n<title>DAVINES LOVE CURL Conditioner - BLOOM GROOM SALON<\/title>\n<meta name=\"robots\" content=\"index, follow, max-snippet:-1, max-image-preview:large, max-video-preview:-1\" \/>\n<link rel=\"canonical\" href=\"https:\/\/mybloomgroom.com\/vi\/san-pham\/love-curl-conditioner\/\" \/>\n<meta property=\"og:locale\" content=\"vi_VN\" \/>\n<meta property=\"og:type\" content=\"article\" \/>\n<meta property=\"og:title\" content=\"DAVINES LOVE CURL Conditioner - BLOOM GROOM SALON\" \/>\n<meta property=\"og:description\" content=\"Conditioner to enhance and control wavy or curly hair. Its formula makes the hair soft and light giving elasticity and volume without weighing it down.  Benefits     It moisturizes and nourishes wavy and curly hair. Elastic, voluminous and controlled hair. Soft, light and shiny hair. Rich in proteins and Vitamins B to give elasticity and volume. Natural active ingredients.  Additional Info Obtained with 100% clean energy. Zero impact, essential and recyclable packaging.\" \/>\n<meta property=\"og:url\" content=\"https:\/\/mybloomgroom.com\/vi\/san-pham\/love-curl-conditioner\/\" \/>\n<meta property=\"og:site_name\" content=\"BLOOM GROOM SALON\" \/>\n<meta property=\"article:modified_time\" content=\"2025-08-30T02:10:26+00:00\" \/>\n<meta property=\"og:image\" content=\"https:\/\/mybloomgroom.com\/wp-content\/uploads\/2023\/03\/love-curl-conditioner.png\" \/>\n\t<meta property=\"og:image:width\" content=\"1080\" \/>\n\t<meta property=\"og:image:height\" content=\"1080\" \/>\n\t<meta property=\"og:image:type\" content=\"image\/png\" \/>\n<meta name=\"twitter:card\" content=\"summary_large_image\" \/>\n<script type=\"application\/ld+json\" class=\"yoast-schema-graph\">{\"@context\":\"https:\/\/schema.org\",\"@graph\":[{\"@type\":\"WebPage\",\"@id\":\"https:\/\/mybloomgroom.com\/vi\/san-pham\/love-curl-conditioner\/\",\"url\":\"https:\/\/mybloomgroom.com\/vi\/san-pham\/love-curl-conditioner\/\",\"name\":\"DAVINES LOVE CURL Conditioner - BLOOM GROOM SALON\",\"isPartOf\":{\"@id\":\"https:\/\/mybloomgroom.com\/#website\"},\"primaryImageOfPage\":{\"@id\":\"https:\/\/mybloomgroom.com\/vi\/san-pham\/love-curl-conditioner\/#primaryimage\"},\"image\":{\"@id\":\"https:\/\/mybloomgroom.com\/vi\/san-pham\/love-curl-conditioner\/#primaryimage\"},\"thumbnailUrl\":\"https:\/\/mybloomgroom.com\/wp-content\/uploads\/2023\/03\/love-curl-conditioner.png\",\"datePublished\":\"2023-04-13T13:54:54+00:00\",\"dateModified\":\"2025-08-30T02:10:26+00:00\",\"breadcrumb\":{\"@id\":\"https:\/\/mybloomgroom.com\/vi\/san-pham\/love-curl-conditioner\/#breadcrumb\"},\"inLanguage\":\"vi\",\"potentialAction\":[{\"@type\":\"ReadAction\",\"target\":[\"https:\/\/mybloomgroom.com\/vi\/san-pham\/love-curl-conditioner\/\"]}]},{\"@type\":\"ImageObject\",\"inLanguage\":\"vi\",\"@id\":\"https:\/\/mybloomgroom.com\/vi\/san-pham\/love-curl-conditioner\/#primaryimage\",\"url\":\"https:\/\/mybloomgroom.com\/wp-content\/uploads\/2023\/03\/love-curl-conditioner.png\",\"contentUrl\":\"https:\/\/mybloomgroom.com\/wp-content\/uploads\/2023\/03\/love-curl-conditioner.png\",\"width\":1080,\"height\":1080,\"caption\":\"Davines LOVE Curl mask \u2013 Bloom Groom Hair Salon Saigon\"},{\"@type\":\"BreadcrumbList\",\"@id\":\"https:\/\/mybloomgroom.com\/vi\/san-pham\/love-curl-conditioner\/#breadcrumb\",\"itemListElement\":[{\"@type\":\"ListItem\",\"position\":1,\"name\":\"Home\",\"item\":\"https:\/\/mybloomgroom.com\/\"},{\"@type\":\"ListItem\",\"position\":2,\"name\":\"Salon Shop\",\"item\":\"https:\/\/mybloomgroom.com\/salon-shop\/\"},{\"@type\":\"ListItem\",\"position\":3,\"name\":\"DAVINES LOVE CURL Conditioner\"}]},{\"@type\":\"WebSite\",\"@id\":\"https:\/\/mybloomgroom.com\/#website\",\"url\":\"https:\/\/mybloomgroom.com\/\",\"name\":\"BLOOM GROOM SALON\",\"description\":\"Your beauty spa in Saigon\",\"potentialAction\":[{\"@type\":\"SearchAction\",\"target\":{\"@type\":\"EntryPoint\",\"urlTemplate\":\"https:\/\/mybloomgroom.com\/?s={search_term_string}\"},\"query-input\":{\"@type\":\"PropertyValueSpecification\",\"valueRequired\":true,\"valueName\":\"search_term_string\"}}],\"inLanguage\":\"vi\"}]}<\/script>\n<!-- \/ Yoast SEO plugin. -->","yoast_head_json":{"title":"DAVINES LOVE CURL Conditioner - BLOOM GROOM SALON","robots":{"index":"index","follow":"follow","max-snippet":"max-snippet:-1","max-image-preview":"max-image-preview:large","max-video-preview":"max-video-preview:-1"},"canonical":"https:\/\/mybloomgroom.com\/vi\/san-pham\/love-curl-conditioner\/","og_locale":"vi_VN","og_type":"article","og_title":"DAVINES LOVE CURL Conditioner - BLOOM GROOM SALON","og_description":"Conditioner to enhance and control wavy or curly hair. Its formula makes the hair soft and light giving elasticity and volume without weighing it down.  Benefits     It moisturizes and nourishes wavy and curly hair. Elastic, voluminous and controlled hair. Soft, light and shiny hair. Rich in proteins and Vitamins B to give elasticity and volume. Natural active ingredients.  Additional Info Obtained with 100% clean energy. Zero impact, essential and recyclable packaging.","og_url":"https:\/\/mybloomgroom.com\/vi\/san-pham\/love-curl-conditioner\/","og_site_name":"BLOOM GROOM SALON","article_modified_time":"2025-08-30T02:10:26+00:00","og_image":[{"width":1080,"height":1080,"url":"https:\/\/mybloomgroom.com\/wp-content\/uploads\/2023\/03\/love-curl-conditioner.png","type":"image\/png"}],"twitter_card":"summary_large_image","schema":{"@context":"https:\/\/schema.org","@graph":[{"@type":"WebPage","@id":"https:\/\/mybloomgroom.com\/vi\/san-pham\/love-curl-conditioner\/","url":"https:\/\/mybloomgroom.com\/vi\/san-pham\/love-curl-conditioner\/","name":"DAVINES LOVE CURL Conditioner - BLOOM GROOM SALON","isPartOf":{"@id":"https:\/\/mybloomgroom.com\/#website"},"primaryImageOfPage":{"@id":"https:\/\/mybloomgroom.com\/vi\/san-pham\/love-curl-conditioner\/#primaryimage"},"image":{"@id":"https:\/\/mybloomgroom.com\/vi\/san-pham\/love-curl-conditioner\/#primaryimage"},"thumbnailUrl":"https:\/\/mybloomgroom.com\/wp-content\/uploads\/2023\/03\/love-curl-conditioner.png","datePublished":"2023-04-13T13:54:54+00:00","dateModified":"2025-08-30T02:10:26+00:00","breadcrumb":{"@id":"https:\/\/mybloomgroom.com\/vi\/san-pham\/love-curl-conditioner\/#breadcrumb"},"inLanguage":"vi","potentialAction":[{"@type":"ReadAction","target":["https:\/\/mybloomgroom.com\/vi\/san-pham\/love-curl-conditioner\/"]}]},{"@type":"ImageObject","inLanguage":"vi","@id":"https:\/\/mybloomgroom.com\/vi\/san-pham\/love-curl-conditioner\/#primaryimage","url":"https:\/\/mybloomgroom.com\/wp-content\/uploads\/2023\/03\/love-curl-conditioner.png","contentUrl":"https:\/\/mybloomgroom.com\/wp-content\/uploads\/2023\/03\/love-curl-conditioner.png","width":1080,"height":1080,"caption":"Davines LOVE Curl mask \u2013 Bloom Groom Hair Salon Saigon"},{"@type":"BreadcrumbList","@id":"https:\/\/mybloomgroom.com\/vi\/san-pham\/love-curl-conditioner\/#breadcrumb","itemListElement":[{"@type":"ListItem","position":1,"name":"Home","item":"https:\/\/mybloomgroom.com\/"},{"@type":"ListItem","position":2,"name":"Salon Shop","item":"https:\/\/mybloomgroom.com\/salon-shop\/"},{"@type":"ListItem","position":3,"name":"DAVINES LOVE CURL Conditioner"}]},{"@type":"WebSite","@id":"https:\/\/mybloomgroom.com\/#website","url":"https:\/\/mybloomgroom.com\/","name":"BLOOM GROOM SALON","description":"Spa l\u00e0m \u0111\u1eb9p c\u1ee7a b\u1ea1n \u1edf S\u00e0i G\u00f2n","potentialAction":[{"@type":"SearchAction","target":{"@type":"EntryPoint","urlTemplate":"https:\/\/mybloomgroom.com\/?s={search_term_string}"},"query-input":{"@type":"PropertyValueSpecification","valueRequired":true,"valueName":"search_term_string"}}],"inLanguage":"vi"}]}},"_links":{"self":[{"href":"https:\/\/mybloomgroom.com\/vi\/wp-json\/wp\/v2\/product\/5824","targetHints":{"allow":["GET"]}}],"collection":[{"href":"https:\/\/mybloomgroom.com\/vi\/wp-json\/wp\/v2\/product"}],"about":[{"href":"https:\/\/mybloomgroom.com\/vi\/wp-json\/wp\/v2\/types\/product"}],"version-history":[{"count":0,"href":"https:\/\/mybloomgroom.com\/vi\/wp-json\/wp\/v2\/product\/5824\/revisions"}],"wp:featuredmedia":[{"embeddable":true,"href":"https:\/\/mybloomgroom.com\/vi\/wp-json\/wp\/v2\/media\/5779"}],"wp:attachment":[{"href":"https:\/\/mybloomgroom.com\/vi\/wp-json\/wp\/v2\/media?parent=5824"}],"wp:term":[{"taxonomy":"product_brand","embeddable":true,"href":"https:\/\/mybloomgroom.com\/vi\/wp-json\/wp\/v2\/product_brand?post=5824"},{"taxonomy":"product_cat","embeddable":true,"href":"https:\/\/mybloomgroom.com\/vi\/wp-json\/wp\/v2\/product_cat?post=5824"},{"taxonomy":"product_tag","embeddable":true,"href":"https:\/\/mybloomgroom.com\/vi\/wp-json\/wp\/v2\/product_tag?post=5824"}],"curies":[{"name":"wp","href":"https:\/\/api.w.org\/{rel}","templated":true}]}}