{"id":5820,"date":"2023-04-13T15:52:26","date_gmt":"2023-04-13T08:52:26","guid":{"rendered":"https:\/\/mybloomgroom.wamstore.com\/?post_type=product&#038;p=5820"},"modified":"2025-08-30T09:12:14","modified_gmt":"2025-08-30T02:12:14","slug":"love-conditioner","status":"publish","type":"product","link":"https:\/\/mybloomgroom.com\/vi\/san-pham\/love-conditioner\/","title":{"rendered":"DAVINES LOVE Smoothing Conditioner"},"content":{"rendered":"<h2 class=\"product-short_description\">D\u1ea7u X\u1ea3 Ch\u1ed1ng Xo\u0103n M\u01b0\u1ee3t<\/h2>","protected":false},"excerpt":{"rendered":"<p>D\u1ea7u x\u1ea3 \u0111\u1ec3 ki\u1ec3m so\u00e1t t\u00f3c xo\u0103n ho\u1eb7c xo\u0103n. C\u00f4ng th\u1ee9c d\u01b0\u1ee1ng \u1ea9m gi\u00fap t\u00f3c ph\u1ee5c h\u1ed3i \u0111\u1ed9 \u0111\u00e0n h\u1ed3i, lo\u1ea1i b\u1ecf hi\u1ec7u \u1ee9ng xo\u0103n c\u1ee9ng v\u00e0 l\u00e0m cho t\u00f3c b\u00f3ng m\u01b0\u1ee3t.<\/p>\n<p><label class=\"accordion__label\" for=\"benefits\"><span class=\"accordion__title\">Nh\u1eefng l\u1ee3i \u00edch<\/span><\/label><\/p>\n<div class=\"accordion__text container\">\n<div class=\"specifics\">\n<div class=\"specifics__wrapper\">\n<div class=\"specifics__item\">\n<div class=\"specifics__list\">N\u00f3 thu\u1ea7n h\u00f3a t\u00f3c ngang b\u01b0\u1edbng v\u00e0 xo\u0103n.<br \/>\nT\u00f3c m\u01b0\u1ee3t m\u00e0, \u0111\u00e0n h\u1ed3i v\u00e0 s\u00e1ng b\u00f3ng.<br \/>\nN\u00f3 lo\u1ea1i b\u1ecf hi\u1ec7u \u1ee9ng xo\u0103n.<br \/>\nHo\u1ea1t ch\u1ea5t t\u1ef1 nhi\u00ean.<\/div>\n<\/div>\n<div class=\"specifics__item\"><span class=\"additional-title-mobile\">Th\u00f4ng tin b\u1ed5 sung<\/span><\/p>\n<div class=\"specifics__list\">Thu \u0111\u01b0\u1ee3c b\u1eb1ng n\u0103ng l\u01b0\u1ee3ng s\u1ea1ch 100%. Kh\u00f4ng t\u00e1c \u0111\u1ed9ng, bao b\u00ec thi\u1ebft y\u1ebfu v\u00e0 c\u00f3 th\u1ec3 t\u00e1i ch\u1ebf.<\/div>\n<\/div>\n<\/div>\n<\/div>\n<\/div>","protected":false},"featured_media":5821,"template":"","meta":[],"product_brand":[],"product_cat":[39],"product_tag":[179,70,232],"class_list":{"0":"post-5820","1":"product","2":"type-product","3":"status-publish","4":"has-post-thumbnail","6":"product_cat-davines","7":"product_tag-conditioner","8":"product_tag-davines","9":"product_tag-dry-hair","11":"first","12":"instock","13":"shipping-taxable","14":"purchasable","15":"product-type-simple"},"yoast_head":"<!-- This site is optimized with the Yoast SEO plugin v26.0 - https:\/\/yoast.com\/wordpress\/plugins\/seo\/ -->\n<title>DAVINES LOVE Smoothing Conditioner - BLOOM GROOM SALON<\/title>\n<meta name=\"robots\" content=\"index, follow, max-snippet:-1, max-image-preview:large, max-video-preview:-1\" \/>\n<link rel=\"canonical\" href=\"https:\/\/mybloomgroom.com\/vi\/san-pham\/love-conditioner\/\" \/>\n<meta property=\"og:locale\" content=\"vi_VN\" \/>\n<meta property=\"og:type\" content=\"article\" \/>\n<meta property=\"og:title\" content=\"DAVINES LOVE Smoothing Conditioner - BLOOM GROOM SALON\" \/>\n<meta property=\"og:description\" content=\"Conditioner to control frizzy or curly hair. The conditioning formula moisturizes the hair and helps it restore elasticity eliminating the frizz effect and making the hair shiny.  Benefits     It tames unruly and frizzy hair. Smooth, elastic and shiny hair. It eliminates the frizzy effect. Natural active ingredients.  Additional Info Obtained with 100% clean energy. Zero impact, essential and recyclable packaging.\" \/>\n<meta property=\"og:url\" content=\"https:\/\/mybloomgroom.com\/vi\/san-pham\/love-conditioner\/\" \/>\n<meta property=\"og:site_name\" content=\"BLOOM GROOM SALON\" \/>\n<meta property=\"article:modified_time\" content=\"2025-08-30T02:12:14+00:00\" \/>\n<meta property=\"og:image\" content=\"https:\/\/mybloomgroom.com\/wp-content\/uploads\/2023\/03\/love-smoothing-conditioner.jpg\" \/>\n\t<meta property=\"og:image:width\" content=\"1080\" \/>\n\t<meta property=\"og:image:height\" content=\"1080\" \/>\n\t<meta property=\"og:image:type\" content=\"image\/jpeg\" \/>\n<meta name=\"twitter:card\" content=\"summary_large_image\" \/>\n<script type=\"application\/ld+json\" class=\"yoast-schema-graph\">{\"@context\":\"https:\/\/schema.org\",\"@graph\":[{\"@type\":\"WebPage\",\"@id\":\"https:\/\/mybloomgroom.com\/vi\/san-pham\/love-conditioner\/\",\"url\":\"https:\/\/mybloomgroom.com\/vi\/san-pham\/love-conditioner\/\",\"name\":\"DAVINES LOVE Smoothing Conditioner - BLOOM GROOM SALON\",\"isPartOf\":{\"@id\":\"https:\/\/mybloomgroom.com\/#website\"},\"primaryImageOfPage\":{\"@id\":\"https:\/\/mybloomgroom.com\/vi\/san-pham\/love-conditioner\/#primaryimage\"},\"image\":{\"@id\":\"https:\/\/mybloomgroom.com\/vi\/san-pham\/love-conditioner\/#primaryimage\"},\"thumbnailUrl\":\"https:\/\/mybloomgroom.com\/wp-content\/uploads\/2023\/03\/love-smoothing-conditioner.jpg\",\"datePublished\":\"2023-04-13T08:52:26+00:00\",\"dateModified\":\"2025-08-30T02:12:14+00:00\",\"breadcrumb\":{\"@id\":\"https:\/\/mybloomgroom.com\/vi\/san-pham\/love-conditioner\/#breadcrumb\"},\"inLanguage\":\"vi\",\"potentialAction\":[{\"@type\":\"ReadAction\",\"target\":[\"https:\/\/mybloomgroom.com\/vi\/san-pham\/love-conditioner\/\"]}]},{\"@type\":\"ImageObject\",\"inLanguage\":\"vi\",\"@id\":\"https:\/\/mybloomgroom.com\/vi\/san-pham\/love-conditioner\/#primaryimage\",\"url\":\"https:\/\/mybloomgroom.com\/wp-content\/uploads\/2023\/03\/love-smoothing-conditioner.jpg\",\"contentUrl\":\"https:\/\/mybloomgroom.com\/wp-content\/uploads\/2023\/03\/love-smoothing-conditioner.jpg\",\"width\":1080,\"height\":1080,\"caption\":\"Davines LOVE Smoothing shampoo and conditioner \u2013 Bloom Groom Saigon\"},{\"@type\":\"BreadcrumbList\",\"@id\":\"https:\/\/mybloomgroom.com\/vi\/san-pham\/love-conditioner\/#breadcrumb\",\"itemListElement\":[{\"@type\":\"ListItem\",\"position\":1,\"name\":\"Home\",\"item\":\"https:\/\/mybloomgroom.com\/\"},{\"@type\":\"ListItem\",\"position\":2,\"name\":\"Salon Shop\",\"item\":\"https:\/\/mybloomgroom.com\/salon-shop\/\"},{\"@type\":\"ListItem\",\"position\":3,\"name\":\"DAVINES LOVE Smoothing Conditioner\"}]},{\"@type\":\"WebSite\",\"@id\":\"https:\/\/mybloomgroom.com\/#website\",\"url\":\"https:\/\/mybloomgroom.com\/\",\"name\":\"BLOOM GROOM SALON\",\"description\":\"Your beauty spa in Saigon\",\"potentialAction\":[{\"@type\":\"SearchAction\",\"target\":{\"@type\":\"EntryPoint\",\"urlTemplate\":\"https:\/\/mybloomgroom.com\/?s={search_term_string}\"},\"query-input\":{\"@type\":\"PropertyValueSpecification\",\"valueRequired\":true,\"valueName\":\"search_term_string\"}}],\"inLanguage\":\"vi\"}]}<\/script>\n<!-- \/ Yoast SEO plugin. -->","yoast_head_json":{"title":"DAVINES LOVE Smoothing Conditioner - BLOOM GROOM SALON","robots":{"index":"index","follow":"follow","max-snippet":"max-snippet:-1","max-image-preview":"max-image-preview:large","max-video-preview":"max-video-preview:-1"},"canonical":"https:\/\/mybloomgroom.com\/vi\/san-pham\/love-conditioner\/","og_locale":"vi_VN","og_type":"article","og_title":"DAVINES LOVE Smoothing Conditioner - BLOOM GROOM SALON","og_description":"Conditioner to control frizzy or curly hair. The conditioning formula moisturizes the hair and helps it restore elasticity eliminating the frizz effect and making the hair shiny.  Benefits     It tames unruly and frizzy hair. Smooth, elastic and shiny hair. It eliminates the frizzy effect. Natural active ingredients.  Additional Info Obtained with 100% clean energy. Zero impact, essential and recyclable packaging.","og_url":"https:\/\/mybloomgroom.com\/vi\/san-pham\/love-conditioner\/","og_site_name":"BLOOM GROOM SALON","article_modified_time":"2025-08-30T02:12:14+00:00","og_image":[{"width":1080,"height":1080,"url":"https:\/\/mybloomgroom.com\/wp-content\/uploads\/2023\/03\/love-smoothing-conditioner.jpg","type":"image\/jpeg"}],"twitter_card":"summary_large_image","schema":{"@context":"https:\/\/schema.org","@graph":[{"@type":"WebPage","@id":"https:\/\/mybloomgroom.com\/vi\/san-pham\/love-conditioner\/","url":"https:\/\/mybloomgroom.com\/vi\/san-pham\/love-conditioner\/","name":"DAVINES LOVE Smoothing Conditioner - BLOOM GROOM SALON","isPartOf":{"@id":"https:\/\/mybloomgroom.com\/#website"},"primaryImageOfPage":{"@id":"https:\/\/mybloomgroom.com\/vi\/san-pham\/love-conditioner\/#primaryimage"},"image":{"@id":"https:\/\/mybloomgroom.com\/vi\/san-pham\/love-conditioner\/#primaryimage"},"thumbnailUrl":"https:\/\/mybloomgroom.com\/wp-content\/uploads\/2023\/03\/love-smoothing-conditioner.jpg","datePublished":"2023-04-13T08:52:26+00:00","dateModified":"2025-08-30T02:12:14+00:00","breadcrumb":{"@id":"https:\/\/mybloomgroom.com\/vi\/san-pham\/love-conditioner\/#breadcrumb"},"inLanguage":"vi","potentialAction":[{"@type":"ReadAction","target":["https:\/\/mybloomgroom.com\/vi\/san-pham\/love-conditioner\/"]}]},{"@type":"ImageObject","inLanguage":"vi","@id":"https:\/\/mybloomgroom.com\/vi\/san-pham\/love-conditioner\/#primaryimage","url":"https:\/\/mybloomgroom.com\/wp-content\/uploads\/2023\/03\/love-smoothing-conditioner.jpg","contentUrl":"https:\/\/mybloomgroom.com\/wp-content\/uploads\/2023\/03\/love-smoothing-conditioner.jpg","width":1080,"height":1080,"caption":"Davines LOVE Smoothing shampoo and conditioner \u2013 Bloom Groom Saigon"},{"@type":"BreadcrumbList","@id":"https:\/\/mybloomgroom.com\/vi\/san-pham\/love-conditioner\/#breadcrumb","itemListElement":[{"@type":"ListItem","position":1,"name":"Home","item":"https:\/\/mybloomgroom.com\/"},{"@type":"ListItem","position":2,"name":"Salon Shop","item":"https:\/\/mybloomgroom.com\/salon-shop\/"},{"@type":"ListItem","position":3,"name":"DAVINES LOVE Smoothing Conditioner"}]},{"@type":"WebSite","@id":"https:\/\/mybloomgroom.com\/#website","url":"https:\/\/mybloomgroom.com\/","name":"BLOOM GROOM SALON","description":"Spa l\u00e0m \u0111\u1eb9p c\u1ee7a b\u1ea1n \u1edf S\u00e0i G\u00f2n","potentialAction":[{"@type":"SearchAction","target":{"@type":"EntryPoint","urlTemplate":"https:\/\/mybloomgroom.com\/?s={search_term_string}"},"query-input":{"@type":"PropertyValueSpecification","valueRequired":true,"valueName":"search_term_string"}}],"inLanguage":"vi"}]}},"_links":{"self":[{"href":"https:\/\/mybloomgroom.com\/vi\/wp-json\/wp\/v2\/product\/5820","targetHints":{"allow":["GET"]}}],"collection":[{"href":"https:\/\/mybloomgroom.com\/vi\/wp-json\/wp\/v2\/product"}],"about":[{"href":"https:\/\/mybloomgroom.com\/vi\/wp-json\/wp\/v2\/types\/product"}],"version-history":[{"count":0,"href":"https:\/\/mybloomgroom.com\/vi\/wp-json\/wp\/v2\/product\/5820\/revisions"}],"wp:featuredmedia":[{"embeddable":true,"href":"https:\/\/mybloomgroom.com\/vi\/wp-json\/wp\/v2\/media\/5821"}],"wp:attachment":[{"href":"https:\/\/mybloomgroom.com\/vi\/wp-json\/wp\/v2\/media?parent=5820"}],"wp:term":[{"taxonomy":"product_brand","embeddable":true,"href":"https:\/\/mybloomgroom.com\/vi\/wp-json\/wp\/v2\/product_brand?post=5820"},{"taxonomy":"product_cat","embeddable":true,"href":"https:\/\/mybloomgroom.com\/vi\/wp-json\/wp\/v2\/product_cat?post=5820"},{"taxonomy":"product_tag","embeddable":true,"href":"https:\/\/mybloomgroom.com\/vi\/wp-json\/wp\/v2\/product_tag?post=5820"}],"curies":[{"name":"wp","href":"https:\/\/api.w.org\/{rel}","templated":true}]}}