{"id":5809,"date":"2023-04-13T17:30:50","date_gmt":"2023-04-13T10:30:50","guid":{"rendered":"https:\/\/mybloomgroom.wamstore.com\/?post_type=product&#038;p=5809"},"modified":"2025-08-30T09:10:50","modified_gmt":"2025-08-30T02:10:50","slug":"minu-shampoo","status":"publish","type":"product","link":"https:\/\/mybloomgroom.com\/vi\/san-pham\/minu-shampoo\/","title":{"rendered":"D\u1ea7u g\u1ed9i DAVINES MINU"},"content":{"rendered":"<h2 class=\"product-short_description\">Protective Shampoo for Colored Hair<\/h2>","protected":false},"excerpt":{"rendered":"<p>Specific shampoo for coloured hair. Its formula, characterized by a rich and full-bodied foam, gently cleanses the hair, protecting the colour and keeping it shiny for longer.<\/p>\n<p><label class=\"accordion__label\" for=\"benefits\"><span class=\"accordion__title\">Nh\u1eefng l\u1ee3i \u00edch<\/span><\/label><\/p>\n<div class=\"accordion__text container\">\n<div class=\"specifics\">\n<div class=\"specifics__wrapper\">\n<div class=\"specifics__item\">\n<div class=\"specifics__list\">Protection of cosmetic colour.<br \/>\nBrighter colour for longer.<br \/>\nHydrated, soft and silky hair.<br \/>\nHo\u1ea1t ch\u1ea5t t\u1ef1 nhi\u00ean.<\/div>\n<\/div>\n<div class=\"specifics__item\"><span class=\"additional-title-mobile\">Th\u00f4ng tin b\u1ed5 sung<\/span><\/p>\n<div class=\"specifics__list\">Thu \u0111\u01b0\u1ee3c b\u1eb1ng n\u0103ng l\u01b0\u1ee3ng s\u1ea1ch 100%. Kh\u00f4ng t\u00e1c \u0111\u1ed9ng, bao b\u00ec thi\u1ebft y\u1ebfu v\u00e0 c\u00f3 th\u1ec3 t\u00e1i ch\u1ebf.<\/div>\n<\/div>\n<\/div>\n<\/div>\n<\/div>","protected":false},"featured_media":5784,"template":"","meta":[],"product_brand":[],"product_cat":[39],"product_tag":[230,70,178],"class_list":{"0":"post-5809","1":"product","2":"type-product","3":"status-publish","4":"has-post-thumbnail","6":"product_cat-davines","7":"product_tag-coloured-hair","8":"product_tag-davines","9":"product_tag-shampoo","11":"first","12":"instock","13":"shipping-taxable","14":"purchasable","15":"product-type-simple"},"yoast_head":"<!-- This site is optimized with the Yoast SEO plugin v26.0 - https:\/\/yoast.com\/wordpress\/plugins\/seo\/ -->\n<title>DAVINES MINU Shampoo - BLOOM GROOM SALON<\/title>\n<meta name=\"robots\" content=\"index, follow, max-snippet:-1, max-image-preview:large, max-video-preview:-1\" \/>\n<link rel=\"canonical\" href=\"http:\/\/mybloomgroom.com\/vi\/san-pham\/minu-shampoo\/\" \/>\n<meta property=\"og:locale\" content=\"vi_VN\" \/>\n<meta property=\"og:type\" content=\"article\" \/>\n<meta property=\"og:title\" content=\"DAVINES MINU Shampoo - BLOOM GROOM SALON\" \/>\n<meta property=\"og:description\" content=\"Specific shampoo for coloured hair. Its formula, characterized by a rich and full-bodied foam, gently cleanses the hair, protecting the colour and keeping it shiny for longer.  Benefits     Protection of cosmetic colour. Brighter colour for longer. Hydrated, soft and silky hair. Natural active ingredients.  Additional Info Obtained with 100% clean energy. Zero impact, essential and recyclable packaging.\" \/>\n<meta property=\"og:url\" content=\"http:\/\/mybloomgroom.com\/vi\/san-pham\/minu-shampoo\/\" \/>\n<meta property=\"og:site_name\" content=\"BLOOM GROOM SALON\" \/>\n<meta property=\"article:modified_time\" content=\"2025-08-30T02:10:50+00:00\" \/>\n<meta property=\"og:image\" content=\"http:\/\/mybloomgroom.com\/wp-content\/uploads\/2023\/03\/minu-shampoo.png\" \/>\n\t<meta property=\"og:image:width\" content=\"1080\" \/>\n\t<meta property=\"og:image:height\" content=\"1080\" \/>\n\t<meta property=\"og:image:type\" content=\"image\/png\" \/>\n<meta name=\"twitter:card\" content=\"summary_large_image\" \/>\n<script type=\"application\/ld+json\" class=\"yoast-schema-graph\">{\"@context\":\"https:\/\/schema.org\",\"@graph\":[{\"@type\":\"WebPage\",\"@id\":\"http:\/\/mybloomgroom.com\/product\/minu-shampoo\/\",\"url\":\"http:\/\/mybloomgroom.com\/product\/minu-shampoo\/\",\"name\":\"DAVINES MINU Shampoo - BLOOM GROOM SALON\",\"isPartOf\":{\"@id\":\"https:\/\/mybloomgroom.com\/#website\"},\"primaryImageOfPage\":{\"@id\":\"http:\/\/mybloomgroom.com\/product\/minu-shampoo\/#primaryimage\"},\"image\":{\"@id\":\"http:\/\/mybloomgroom.com\/product\/minu-shampoo\/#primaryimage\"},\"thumbnailUrl\":\"https:\/\/mybloomgroom.com\/wp-content\/uploads\/2023\/03\/minu-shampoo.png\",\"datePublished\":\"2023-04-13T10:30:50+00:00\",\"dateModified\":\"2025-08-30T02:10:50+00:00\",\"breadcrumb\":{\"@id\":\"http:\/\/mybloomgroom.com\/product\/minu-shampoo\/#breadcrumb\"},\"inLanguage\":\"vi\",\"potentialAction\":[{\"@type\":\"ReadAction\",\"target\":[\"http:\/\/mybloomgroom.com\/product\/minu-shampoo\/\"]}]},{\"@type\":\"ImageObject\",\"inLanguage\":\"vi\",\"@id\":\"http:\/\/mybloomgroom.com\/product\/minu-shampoo\/#primaryimage\",\"url\":\"https:\/\/mybloomgroom.com\/wp-content\/uploads\/2023\/03\/minu-shampoo.png\",\"contentUrl\":\"https:\/\/mybloomgroom.com\/wp-content\/uploads\/2023\/03\/minu-shampoo.png\",\"width\":1080,\"height\":1080,\"caption\":\"Davines OI, MINU, and NOUNOU ranges \u2013 Bloom Groom Hair Salon Saigon\"},{\"@type\":\"BreadcrumbList\",\"@id\":\"http:\/\/mybloomgroom.com\/product\/minu-shampoo\/#breadcrumb\",\"itemListElement\":[{\"@type\":\"ListItem\",\"position\":1,\"name\":\"Home\",\"item\":\"https:\/\/mybloomgroom.com\/\"},{\"@type\":\"ListItem\",\"position\":2,\"name\":\"Salon Shop\",\"item\":\"https:\/\/mybloomgroom.com\/salon-shop\/\"},{\"@type\":\"ListItem\",\"position\":3,\"name\":\"DAVINES MINU Shampoo\"}]},{\"@type\":\"WebSite\",\"@id\":\"https:\/\/mybloomgroom.com\/#website\",\"url\":\"https:\/\/mybloomgroom.com\/\",\"name\":\"BLOOM GROOM SALON\",\"description\":\"Your beauty spa in Saigon\",\"potentialAction\":[{\"@type\":\"SearchAction\",\"target\":{\"@type\":\"EntryPoint\",\"urlTemplate\":\"https:\/\/mybloomgroom.com\/?s={search_term_string}\"},\"query-input\":{\"@type\":\"PropertyValueSpecification\",\"valueRequired\":true,\"valueName\":\"search_term_string\"}}],\"inLanguage\":\"vi\"}]}<\/script>\n<!-- \/ Yoast SEO plugin. -->","yoast_head_json":{"title":"DAVINES MINU Shampoo - BLOOM GROOM SALON","robots":{"index":"index","follow":"follow","max-snippet":"max-snippet:-1","max-image-preview":"max-image-preview:large","max-video-preview":"max-video-preview:-1"},"canonical":"http:\/\/mybloomgroom.com\/vi\/san-pham\/minu-shampoo\/","og_locale":"vi_VN","og_type":"article","og_title":"DAVINES MINU Shampoo - BLOOM GROOM SALON","og_description":"Specific shampoo for coloured hair. Its formula, characterized by a rich and full-bodied foam, gently cleanses the hair, protecting the colour and keeping it shiny for longer.  Benefits     Protection of cosmetic colour. Brighter colour for longer. Hydrated, soft and silky hair. Natural active ingredients.  Additional Info Obtained with 100% clean energy. Zero impact, essential and recyclable packaging.","og_url":"http:\/\/mybloomgroom.com\/vi\/san-pham\/minu-shampoo\/","og_site_name":"BLOOM GROOM SALON","article_modified_time":"2025-08-30T02:10:50+00:00","og_image":[{"width":1080,"height":1080,"url":"http:\/\/mybloomgroom.com\/wp-content\/uploads\/2023\/03\/minu-shampoo.png","type":"image\/png"}],"twitter_card":"summary_large_image","schema":{"@context":"https:\/\/schema.org","@graph":[{"@type":"WebPage","@id":"http:\/\/mybloomgroom.com\/product\/minu-shampoo\/","url":"http:\/\/mybloomgroom.com\/product\/minu-shampoo\/","name":"DAVINES MINU Shampoo - BLOOM GROOM SALON","isPartOf":{"@id":"https:\/\/mybloomgroom.com\/#website"},"primaryImageOfPage":{"@id":"http:\/\/mybloomgroom.com\/product\/minu-shampoo\/#primaryimage"},"image":{"@id":"http:\/\/mybloomgroom.com\/product\/minu-shampoo\/#primaryimage"},"thumbnailUrl":"https:\/\/mybloomgroom.com\/wp-content\/uploads\/2023\/03\/minu-shampoo.png","datePublished":"2023-04-13T10:30:50+00:00","dateModified":"2025-08-30T02:10:50+00:00","breadcrumb":{"@id":"http:\/\/mybloomgroom.com\/product\/minu-shampoo\/#breadcrumb"},"inLanguage":"vi","potentialAction":[{"@type":"ReadAction","target":["http:\/\/mybloomgroom.com\/product\/minu-shampoo\/"]}]},{"@type":"ImageObject","inLanguage":"vi","@id":"http:\/\/mybloomgroom.com\/product\/minu-shampoo\/#primaryimage","url":"https:\/\/mybloomgroom.com\/wp-content\/uploads\/2023\/03\/minu-shampoo.png","contentUrl":"https:\/\/mybloomgroom.com\/wp-content\/uploads\/2023\/03\/minu-shampoo.png","width":1080,"height":1080,"caption":"Davines OI, MINU, and NOUNOU ranges \u2013 Bloom Groom Hair Salon Saigon"},{"@type":"BreadcrumbList","@id":"http:\/\/mybloomgroom.com\/product\/minu-shampoo\/#breadcrumb","itemListElement":[{"@type":"ListItem","position":1,"name":"Home","item":"https:\/\/mybloomgroom.com\/"},{"@type":"ListItem","position":2,"name":"Salon Shop","item":"https:\/\/mybloomgroom.com\/salon-shop\/"},{"@type":"ListItem","position":3,"name":"DAVINES MINU Shampoo"}]},{"@type":"WebSite","@id":"https:\/\/mybloomgroom.com\/#website","url":"https:\/\/mybloomgroom.com\/","name":"BLOOM GROOM SALON","description":"Spa l\u00e0m \u0111\u1eb9p c\u1ee7a b\u1ea1n \u1edf S\u00e0i G\u00f2n","potentialAction":[{"@type":"SearchAction","target":{"@type":"EntryPoint","urlTemplate":"https:\/\/mybloomgroom.com\/?s={search_term_string}"},"query-input":{"@type":"PropertyValueSpecification","valueRequired":true,"valueName":"search_term_string"}}],"inLanguage":"vi"}]}},"_links":{"self":[{"href":"https:\/\/mybloomgroom.com\/vi\/wp-json\/wp\/v2\/product\/5809","targetHints":{"allow":["GET"]}}],"collection":[{"href":"https:\/\/mybloomgroom.com\/vi\/wp-json\/wp\/v2\/product"}],"about":[{"href":"https:\/\/mybloomgroom.com\/vi\/wp-json\/wp\/v2\/types\/product"}],"version-history":[{"count":0,"href":"https:\/\/mybloomgroom.com\/vi\/wp-json\/wp\/v2\/product\/5809\/revisions"}],"wp:featuredmedia":[{"embeddable":true,"href":"https:\/\/mybloomgroom.com\/vi\/wp-json\/wp\/v2\/media\/5784"}],"wp:attachment":[{"href":"https:\/\/mybloomgroom.com\/vi\/wp-json\/wp\/v2\/media?parent=5809"}],"wp:term":[{"taxonomy":"product_brand","embeddable":true,"href":"https:\/\/mybloomgroom.com\/vi\/wp-json\/wp\/v2\/product_brand?post=5809"},{"taxonomy":"product_cat","embeddable":true,"href":"https:\/\/mybloomgroom.com\/vi\/wp-json\/wp\/v2\/product_cat?post=5809"},{"taxonomy":"product_tag","embeddable":true,"href":"https:\/\/mybloomgroom.com\/vi\/wp-json\/wp\/v2\/product_tag?post=5809"}],"curies":[{"name":"wp","href":"https:\/\/api.w.org\/{rel}","templated":true}]}}