{"id":5803,"date":"2024-01-02T16:59:35","date_gmt":"2024-01-02T09:59:35","guid":{"rendered":"https:\/\/mybloomgroom.wamstore.com\/?post_type=product&#038;p=5803"},"modified":"2025-08-30T08:48:23","modified_gmt":"2025-08-30T01:48:23","slug":"nounou-shampoo","status":"publish","type":"product","link":"https:\/\/mybloomgroom.com\/vi\/san-pham\/nounou-shampoo\/","title":{"rendered":"D\u1ea7u g\u1ed9i DAVINES NOUNOU"},"content":{"rendered":"<h2 class=\"product-short_description\">Nourishing Shampoo for highly processed or brittle hair<\/h2>","protected":false},"excerpt":{"rendered":"<p>Shampoo for bleached, permed or relaxed hair. The rich formula gently cleanses treated hair, giving it deep nourishment, hydration and restoring its natural softness.<\/p>\n<p><label class=\"accordion__label\" for=\"benefits\"><span class=\"accordion__title\">Nh\u1eefng l\u1ee3i \u00edch<\/span><\/label><\/p>\n<div class=\"accordion__text container\">\n<div class=\"specifics\">\n<div class=\"specifics__wrapper\">\n<div class=\"specifics__item\">\n<div class=\"specifics__list\">Nu\u00f4i d\u01b0\u1ee1ng s\u00e2u cho t\u00f3c \u0111\u00e3 qua x\u1eed l\u00fd v\u00e0 r\u1ea5t kh\u00f4.<br \/>\nStrong shine-giving effect.<br \/>\nGentle cleansing.<br \/>\nSoft and silky hair.<br \/>\nHo\u1ea1t ch\u1ea5t t\u1ef1 nhi\u00ean<\/p>\n<\/div>\n<\/div>\n<div class=\"specifics__item\"><span class=\"additional-title-mobile\">Th\u00f4ng tin b\u1ed5 sung<\/span><\/p>\n<div class=\"specifics__list\">Thu \u0111\u01b0\u1ee3c b\u1eb1ng n\u0103ng l\u01b0\u1ee3ng s\u1ea1ch 100%. Kh\u00f4ng t\u00e1c \u0111\u1ed9ng, bao b\u00ec thi\u1ebft y\u1ebfu v\u00e0 c\u00f3 th\u1ec3 t\u00e1i ch\u1ebf.<\/div>\n<\/div>\n<\/div>\n<\/div>\n<\/div>","protected":false},"featured_media":5787,"template":"","meta":[],"product_brand":[],"product_cat":[39],"product_tag":[231,70,178],"class_list":{"0":"post-5803","1":"product","2":"type-product","3":"status-publish","4":"has-post-thumbnail","6":"product_cat-davines","7":"product_tag-damaged-hair","8":"product_tag-davines","9":"product_tag-shampoo","11":"first","12":"instock","13":"shipping-taxable","14":"purchasable","15":"product-type-simple"},"yoast_head":"<!-- This site is optimized with the Yoast SEO plugin v26.0 - https:\/\/yoast.com\/wordpress\/plugins\/seo\/ -->\n<title>DAVINES NOUNOU Shampoo - BLOOM GROOM SALON<\/title>\n<meta name=\"robots\" content=\"index, follow, max-snippet:-1, max-image-preview:large, max-video-preview:-1\" \/>\n<link rel=\"canonical\" href=\"https:\/\/mybloomgroom.com\/vi\/san-pham\/nounou-shampoo\/\" \/>\n<meta property=\"og:locale\" content=\"vi_VN\" \/>\n<meta property=\"og:type\" content=\"article\" \/>\n<meta property=\"og:title\" content=\"DAVINES NOUNOU Shampoo - BLOOM GROOM SALON\" \/>\n<meta property=\"og:description\" content=\"Shampoo for bleached, permed or relaxed hair. The rich formula gently cleanses treated hair, giving it deep nourishment, hydration and restoring its natural softness.  Benefits     Deep nourishment for treated and very dry hair. Strong shine-giving effect. Gentle cleansing. Soft and silky hair. Natural active ingredients    Additional Info Obtained with 100% clean energy. Zero impact, essential and recyclable packaging.\" \/>\n<meta property=\"og:url\" content=\"https:\/\/mybloomgroom.com\/vi\/san-pham\/nounou-shampoo\/\" \/>\n<meta property=\"og:site_name\" content=\"BLOOM GROOM SALON\" \/>\n<meta property=\"article:modified_time\" content=\"2025-08-30T01:48:23+00:00\" \/>\n<meta property=\"og:image\" content=\"https:\/\/mybloomgroom.com\/wp-content\/uploads\/2023\/03\/nou-nou-shampoo.png\" \/>\n\t<meta property=\"og:image:width\" content=\"1080\" \/>\n\t<meta property=\"og:image:height\" content=\"1080\" \/>\n\t<meta property=\"og:image:type\" content=\"image\/png\" \/>\n<meta name=\"twitter:card\" content=\"summary_large_image\" \/>\n<script type=\"application\/ld+json\" class=\"yoast-schema-graph\">{\"@context\":\"https:\/\/schema.org\",\"@graph\":[{\"@type\":\"WebPage\",\"@id\":\"https:\/\/mybloomgroom.com\/vi\/san-pham\/nounou-shampoo\/\",\"url\":\"https:\/\/mybloomgroom.com\/vi\/san-pham\/nounou-shampoo\/\",\"name\":\"DAVINES NOUNOU Shampoo - BLOOM GROOM SALON\",\"isPartOf\":{\"@id\":\"https:\/\/mybloomgroom.com\/#website\"},\"primaryImageOfPage\":{\"@id\":\"https:\/\/mybloomgroom.com\/vi\/san-pham\/nounou-shampoo\/#primaryimage\"},\"image\":{\"@id\":\"https:\/\/mybloomgroom.com\/vi\/san-pham\/nounou-shampoo\/#primaryimage\"},\"thumbnailUrl\":\"https:\/\/mybloomgroom.com\/wp-content\/uploads\/2023\/03\/nou-nou-shampoo.png\",\"datePublished\":\"2024-01-02T09:59:35+00:00\",\"dateModified\":\"2025-08-30T01:48:23+00:00\",\"breadcrumb\":{\"@id\":\"https:\/\/mybloomgroom.com\/vi\/san-pham\/nounou-shampoo\/#breadcrumb\"},\"inLanguage\":\"vi\",\"potentialAction\":[{\"@type\":\"ReadAction\",\"target\":[\"https:\/\/mybloomgroom.com\/vi\/san-pham\/nounou-shampoo\/\"]}]},{\"@type\":\"ImageObject\",\"inLanguage\":\"vi\",\"@id\":\"https:\/\/mybloomgroom.com\/vi\/san-pham\/nounou-shampoo\/#primaryimage\",\"url\":\"https:\/\/mybloomgroom.com\/wp-content\/uploads\/2023\/03\/nou-nou-shampoo.png\",\"contentUrl\":\"https:\/\/mybloomgroom.com\/wp-content\/uploads\/2023\/03\/nou-nou-shampoo.png\",\"width\":1080,\"height\":1080,\"caption\":\"Davines NOUNOU nourishing shampoo for damaged hair \u2013 Bloom Groom Saigon\"},{\"@type\":\"BreadcrumbList\",\"@id\":\"https:\/\/mybloomgroom.com\/vi\/san-pham\/nounou-shampoo\/#breadcrumb\",\"itemListElement\":[{\"@type\":\"ListItem\",\"position\":1,\"name\":\"Home\",\"item\":\"https:\/\/mybloomgroom.com\/\"},{\"@type\":\"ListItem\",\"position\":2,\"name\":\"Salon Shop\",\"item\":\"https:\/\/mybloomgroom.com\/salon-shop\/\"},{\"@type\":\"ListItem\",\"position\":3,\"name\":\"DAVINES NOUNOU Shampoo\"}]},{\"@type\":\"WebSite\",\"@id\":\"https:\/\/mybloomgroom.com\/#website\",\"url\":\"https:\/\/mybloomgroom.com\/\",\"name\":\"BLOOM GROOM SALON\",\"description\":\"Your beauty spa in Saigon\",\"potentialAction\":[{\"@type\":\"SearchAction\",\"target\":{\"@type\":\"EntryPoint\",\"urlTemplate\":\"https:\/\/mybloomgroom.com\/?s={search_term_string}\"},\"query-input\":{\"@type\":\"PropertyValueSpecification\",\"valueRequired\":true,\"valueName\":\"search_term_string\"}}],\"inLanguage\":\"vi\"}]}<\/script>\n<!-- \/ Yoast SEO plugin. -->","yoast_head_json":{"title":"DAVINES NOUNOU Shampoo - BLOOM GROOM SALON","robots":{"index":"index","follow":"follow","max-snippet":"max-snippet:-1","max-image-preview":"max-image-preview:large","max-video-preview":"max-video-preview:-1"},"canonical":"https:\/\/mybloomgroom.com\/vi\/san-pham\/nounou-shampoo\/","og_locale":"vi_VN","og_type":"article","og_title":"DAVINES NOUNOU Shampoo - BLOOM GROOM SALON","og_description":"Shampoo for bleached, permed or relaxed hair. The rich formula gently cleanses treated hair, giving it deep nourishment, hydration and restoring its natural softness.  Benefits     Deep nourishment for treated and very dry hair. Strong shine-giving effect. Gentle cleansing. Soft and silky hair. Natural active ingredients    Additional Info Obtained with 100% clean energy. Zero impact, essential and recyclable packaging.","og_url":"https:\/\/mybloomgroom.com\/vi\/san-pham\/nounou-shampoo\/","og_site_name":"BLOOM GROOM SALON","article_modified_time":"2025-08-30T01:48:23+00:00","og_image":[{"width":1080,"height":1080,"url":"https:\/\/mybloomgroom.com\/wp-content\/uploads\/2023\/03\/nou-nou-shampoo.png","type":"image\/png"}],"twitter_card":"summary_large_image","schema":{"@context":"https:\/\/schema.org","@graph":[{"@type":"WebPage","@id":"https:\/\/mybloomgroom.com\/vi\/san-pham\/nounou-shampoo\/","url":"https:\/\/mybloomgroom.com\/vi\/san-pham\/nounou-shampoo\/","name":"DAVINES NOUNOU Shampoo - BLOOM GROOM SALON","isPartOf":{"@id":"https:\/\/mybloomgroom.com\/#website"},"primaryImageOfPage":{"@id":"https:\/\/mybloomgroom.com\/vi\/san-pham\/nounou-shampoo\/#primaryimage"},"image":{"@id":"https:\/\/mybloomgroom.com\/vi\/san-pham\/nounou-shampoo\/#primaryimage"},"thumbnailUrl":"https:\/\/mybloomgroom.com\/wp-content\/uploads\/2023\/03\/nou-nou-shampoo.png","datePublished":"2024-01-02T09:59:35+00:00","dateModified":"2025-08-30T01:48:23+00:00","breadcrumb":{"@id":"https:\/\/mybloomgroom.com\/vi\/san-pham\/nounou-shampoo\/#breadcrumb"},"inLanguage":"vi","potentialAction":[{"@type":"ReadAction","target":["https:\/\/mybloomgroom.com\/vi\/san-pham\/nounou-shampoo\/"]}]},{"@type":"ImageObject","inLanguage":"vi","@id":"https:\/\/mybloomgroom.com\/vi\/san-pham\/nounou-shampoo\/#primaryimage","url":"https:\/\/mybloomgroom.com\/wp-content\/uploads\/2023\/03\/nou-nou-shampoo.png","contentUrl":"https:\/\/mybloomgroom.com\/wp-content\/uploads\/2023\/03\/nou-nou-shampoo.png","width":1080,"height":1080,"caption":"Davines NOUNOU nourishing shampoo for damaged hair \u2013 Bloom Groom Saigon"},{"@type":"BreadcrumbList","@id":"https:\/\/mybloomgroom.com\/vi\/san-pham\/nounou-shampoo\/#breadcrumb","itemListElement":[{"@type":"ListItem","position":1,"name":"Home","item":"https:\/\/mybloomgroom.com\/"},{"@type":"ListItem","position":2,"name":"Salon Shop","item":"https:\/\/mybloomgroom.com\/salon-shop\/"},{"@type":"ListItem","position":3,"name":"DAVINES NOUNOU Shampoo"}]},{"@type":"WebSite","@id":"https:\/\/mybloomgroom.com\/#website","url":"https:\/\/mybloomgroom.com\/","name":"BLOOM GROOM SALON","description":"Spa l\u00e0m \u0111\u1eb9p c\u1ee7a b\u1ea1n \u1edf S\u00e0i G\u00f2n","potentialAction":[{"@type":"SearchAction","target":{"@type":"EntryPoint","urlTemplate":"https:\/\/mybloomgroom.com\/?s={search_term_string}"},"query-input":{"@type":"PropertyValueSpecification","valueRequired":true,"valueName":"search_term_string"}}],"inLanguage":"vi"}]}},"_links":{"self":[{"href":"https:\/\/mybloomgroom.com\/vi\/wp-json\/wp\/v2\/product\/5803","targetHints":{"allow":["GET"]}}],"collection":[{"href":"https:\/\/mybloomgroom.com\/vi\/wp-json\/wp\/v2\/product"}],"about":[{"href":"https:\/\/mybloomgroom.com\/vi\/wp-json\/wp\/v2\/types\/product"}],"version-history":[{"count":0,"href":"https:\/\/mybloomgroom.com\/vi\/wp-json\/wp\/v2\/product\/5803\/revisions"}],"wp:featuredmedia":[{"embeddable":true,"href":"https:\/\/mybloomgroom.com\/vi\/wp-json\/wp\/v2\/media\/5787"}],"wp:attachment":[{"href":"https:\/\/mybloomgroom.com\/vi\/wp-json\/wp\/v2\/media?parent=5803"}],"wp:term":[{"taxonomy":"product_brand","embeddable":true,"href":"https:\/\/mybloomgroom.com\/vi\/wp-json\/wp\/v2\/product_brand?post=5803"},{"taxonomy":"product_cat","embeddable":true,"href":"https:\/\/mybloomgroom.com\/vi\/wp-json\/wp\/v2\/product_cat?post=5803"},{"taxonomy":"product_tag","embeddable":true,"href":"https:\/\/mybloomgroom.com\/vi\/wp-json\/wp\/v2\/product_tag?post=5803"}],"curies":[{"name":"wp","href":"https:\/\/api.w.org\/{rel}","templated":true}]}}