{"id":5796,"date":"2023-04-20T16:55:45","date_gmt":"2023-04-20T09:55:45","guid":{"rendered":"https:\/\/mybloomgroom.wamstore.com\/?post_type=product&#038;p=5796"},"modified":"2025-08-30T09:01:39","modified_gmt":"2025-08-30T02:01:39","slug":"oi-oil","status":"publish","type":"product","link":"https:\/\/mybloomgroom.com\/vi\/san-pham\/oi-oil\/","title":{"rendered":"DAVINES OI Oil 50ml"},"content":{"rendered":"<h2 class=\"product-short_description\">D\u1ea7u ch\u1ed1ng xo\u0103n cho t\u00f3c kh\u00f4<\/h2>","protected":false},"excerpt":{"rendered":"<p>D\u1ea7u \u0111a ch\u1ee9c n\u0103ng, t\u0103ng \u0111\u1ed9 b\u00f3ng v\u00e0 m\u1ec1m cho t\u00f3c \u0111\u1ed3ng th\u1eddi g\u1ee1 r\u1ed1i v\u00e0 ch\u1ed1ng xo\u0103n c\u1ee9ng, ho\u1ea1t \u0111\u1ed9ng \u0111\u1eb7c bi\u1ec7t hi\u1ec7u qu\u1ea3 tr\u00ean t\u00f3c th\u00f4 ho\u1eb7c kh\u00f4. C\u1ea5u tr\u00fac t\u00f3c \u0111\u01b0\u1ee3c b\u1ea3o v\u1ec7 m\u00e0 kh\u00f4ng l\u00e0m n\u1eb7ng t\u00f3c.<\/p>\n<p><label class=\"accordion__label\" for=\"benefits\"><span class=\"accordion__title\">Nh\u1eefng l\u1ee3i \u00edch<\/span><\/label><\/p>\n<div class=\"accordion__text container\">\n<div class=\"specifics\">\n<div class=\"specifics__wrapper\">\n<div class=\"specifics__item\">\n<div class=\"specifics__list\">T\u00f3c s\u00e1ng b\u00f3ng, ng\u1eadm n\u01b0\u1edbc, kh\u00f4ng xo\u0103n c\u1ee9ng v\u00e0 \u0111\u01b0\u1ee3c b\u1ea3o v\u1ec7 kh\u1ecfi c\u00e1c y\u1ebfu t\u1ed1 t\u1ea1o ki\u1ec3u v\u00e0 m\u00f4i tr\u01b0\u1eddng.<br \/>\nH\u01b0\u01a1ng th\u01a1m dai d\u1eb3ng.<\/div>\n<\/div>\n<\/div>\n<\/div>\n<\/div>","protected":false},"featured_media":5798,"template":"","meta":[],"product_brand":[],"product_cat":[39],"product_tag":[225,70,183,228,181,180],"class_list":{"0":"post-5796","1":"product","2":"type-product","3":"status-publish","4":"has-post-thumbnail","6":"product_cat-davines","7":"product_tag-all-hair-types","8":"product_tag-davines","9":"product_tag-heat-protection","10":"product_tag-oil","11":"product_tag-styling","12":"product_tag-treatment","14":"first","15":"instock","16":"shipping-taxable","17":"purchasable","18":"product-type-simple"},"yoast_head":"<!-- This site is optimized with the Yoast SEO plugin v26.0 - https:\/\/yoast.com\/wordpress\/plugins\/seo\/ -->\n<title>DAVINES OI Oil 50ml - BLOOM GROOM SALON<\/title>\n<meta name=\"description\" content=\"Multi-function oil, adds shine and softness to hair while also detangling and fighting frizz, working especially well on coarse or dry hair.\" \/>\n<meta name=\"robots\" content=\"index, follow, max-snippet:-1, max-image-preview:large, max-video-preview:-1\" \/>\n<link rel=\"canonical\" href=\"https:\/\/mybloomgroom.com\/vi\/san-pham\/oi-oil\/\" \/>\n<meta property=\"og:locale\" content=\"vi_VN\" \/>\n<meta property=\"og:type\" content=\"article\" \/>\n<meta property=\"og:title\" content=\"DAVINES OI Oil 50ml - BLOOM GROOM SALON\" \/>\n<meta property=\"og:description\" content=\"Multi-function oil, adds shine and softness to hair while also detangling and fighting frizz, working especially well on coarse or dry hair.\" \/>\n<meta property=\"og:url\" content=\"https:\/\/mybloomgroom.com\/vi\/san-pham\/oi-oil\/\" \/>\n<meta property=\"og:site_name\" content=\"BLOOM GROOM SALON\" \/>\n<meta property=\"article:modified_time\" content=\"2025-08-30T02:01:39+00:00\" \/>\n<meta property=\"og:image\" content=\"https:\/\/mybloomgroom.com\/wp-content\/uploads\/2023\/03\/oi-oil-50-ml.jpg\" \/>\n\t<meta property=\"og:image:width\" content=\"1080\" \/>\n\t<meta property=\"og:image:height\" content=\"1080\" \/>\n\t<meta property=\"og:image:type\" content=\"image\/jpeg\" \/>\n<meta name=\"twitter:card\" content=\"summary_large_image\" \/>\n<meta name=\"twitter:label1\" content=\"\u01af\u1edbc t\u00ednh th\u1eddi gian \u0111\u1ecdc\" \/>\n\t<meta name=\"twitter:data1\" content=\"1 ph\u00fat\" \/>\n<script type=\"application\/ld+json\" class=\"yoast-schema-graph\">{\"@context\":\"https:\/\/schema.org\",\"@graph\":[{\"@type\":\"WebPage\",\"@id\":\"https:\/\/mybloomgroom.com\/vi\/san-pham\/oi-oil\/\",\"url\":\"https:\/\/mybloomgroom.com\/vi\/san-pham\/oi-oil\/\",\"name\":\"DAVINES OI Oil 50ml - BLOOM GROOM SALON\",\"isPartOf\":{\"@id\":\"https:\/\/mybloomgroom.com\/vi\/#website\"},\"primaryImageOfPage\":{\"@id\":\"https:\/\/mybloomgroom.com\/vi\/san-pham\/oi-oil\/#primaryimage\"},\"image\":{\"@id\":\"https:\/\/mybloomgroom.com\/vi\/san-pham\/oi-oil\/#primaryimage\"},\"thumbnailUrl\":\"https:\/\/mybloomgroom.com\/wp-content\/uploads\/2023\/03\/oi-oil-50-ml.jpg\",\"datePublished\":\"2023-04-20T09:55:45+00:00\",\"dateModified\":\"2025-08-30T02:01:39+00:00\",\"description\":\"Multi-function oil, adds shine and softness to hair while also detangling and fighting frizz, working especially well on coarse or dry hair.\",\"breadcrumb\":{\"@id\":\"https:\/\/mybloomgroom.com\/vi\/san-pham\/oi-oil\/#breadcrumb\"},\"inLanguage\":\"vi\",\"potentialAction\":[{\"@type\":\"ReadAction\",\"target\":[\"https:\/\/mybloomgroom.com\/vi\/san-pham\/oi-oil\/\"]}]},{\"@type\":\"ImageObject\",\"inLanguage\":\"vi\",\"@id\":\"https:\/\/mybloomgroom.com\/vi\/san-pham\/oi-oil\/#primaryimage\",\"url\":\"https:\/\/mybloomgroom.com\/wp-content\/uploads\/2023\/03\/oi-oil-50-ml.jpg\",\"contentUrl\":\"https:\/\/mybloomgroom.com\/wp-content\/uploads\/2023\/03\/oi-oil-50-ml.jpg\",\"width\":1080,\"height\":1080,\"caption\":\"Davines OI hair butter \u2013 Bloom Groom Salon Saigon\"},{\"@type\":\"BreadcrumbList\",\"@id\":\"https:\/\/mybloomgroom.com\/vi\/san-pham\/oi-oil\/#breadcrumb\",\"itemListElement\":[{\"@type\":\"ListItem\",\"position\":1,\"name\":\"Home\",\"item\":\"https:\/\/mybloomgroom.com\/vi\/\"},{\"@type\":\"ListItem\",\"position\":2,\"name\":\"Salon Shop\",\"item\":\"https:\/\/mybloomgroom.com\/vi\/salon-shop\/\"},{\"@type\":\"ListItem\",\"position\":3,\"name\":\"DAVINES OI Oil 50ml\"}]},{\"@type\":\"WebSite\",\"@id\":\"https:\/\/mybloomgroom.com\/vi\/#website\",\"url\":\"https:\/\/mybloomgroom.com\/vi\/\",\"name\":\"BLOOM GROOM SALON\",\"description\":\"Your beauty spa in Saigon\",\"potentialAction\":[{\"@type\":\"SearchAction\",\"target\":{\"@type\":\"EntryPoint\",\"urlTemplate\":\"https:\/\/mybloomgroom.com\/vi\/?s={search_term_string}\"},\"query-input\":{\"@type\":\"PropertyValueSpecification\",\"valueRequired\":true,\"valueName\":\"search_term_string\"}}],\"inLanguage\":\"vi\"}]}<\/script>\n<!-- \/ Yoast SEO plugin. -->","yoast_head_json":{"title":"DAVINES OI Oil 50ml - BLOOM GROOM SALON","description":"Multi-function oil, adds shine and softness to hair while also detangling and fighting frizz, working especially well on coarse or dry hair.","robots":{"index":"index","follow":"follow","max-snippet":"max-snippet:-1","max-image-preview":"max-image-preview:large","max-video-preview":"max-video-preview:-1"},"canonical":"https:\/\/mybloomgroom.com\/vi\/san-pham\/oi-oil\/","og_locale":"vi_VN","og_type":"article","og_title":"DAVINES OI Oil 50ml - BLOOM GROOM SALON","og_description":"Multi-function oil, adds shine and softness to hair while also detangling and fighting frizz, working especially well on coarse or dry hair.","og_url":"https:\/\/mybloomgroom.com\/vi\/san-pham\/oi-oil\/","og_site_name":"BLOOM GROOM SALON","article_modified_time":"2025-08-30T02:01:39+00:00","og_image":[{"width":1080,"height":1080,"url":"https:\/\/mybloomgroom.com\/wp-content\/uploads\/2023\/03\/oi-oil-50-ml.jpg","type":"image\/jpeg"}],"twitter_card":"summary_large_image","twitter_misc":{"\u01af\u1edbc t\u00ednh th\u1eddi gian \u0111\u1ecdc":"1 ph\u00fat"},"schema":{"@context":"https:\/\/schema.org","@graph":[{"@type":"WebPage","@id":"https:\/\/mybloomgroom.com\/vi\/san-pham\/oi-oil\/","url":"https:\/\/mybloomgroom.com\/vi\/san-pham\/oi-oil\/","name":"DAVINES OI Oil 50ml - BLOOM GROOM SALON","isPartOf":{"@id":"https:\/\/mybloomgroom.com\/vi\/#website"},"primaryImageOfPage":{"@id":"https:\/\/mybloomgroom.com\/vi\/san-pham\/oi-oil\/#primaryimage"},"image":{"@id":"https:\/\/mybloomgroom.com\/vi\/san-pham\/oi-oil\/#primaryimage"},"thumbnailUrl":"https:\/\/mybloomgroom.com\/wp-content\/uploads\/2023\/03\/oi-oil-50-ml.jpg","datePublished":"2023-04-20T09:55:45+00:00","dateModified":"2025-08-30T02:01:39+00:00","description":"Multi-function oil, adds shine and softness to hair while also detangling and fighting frizz, working especially well on coarse or dry hair.","breadcrumb":{"@id":"https:\/\/mybloomgroom.com\/vi\/san-pham\/oi-oil\/#breadcrumb"},"inLanguage":"vi","potentialAction":[{"@type":"ReadAction","target":["https:\/\/mybloomgroom.com\/vi\/san-pham\/oi-oil\/"]}]},{"@type":"ImageObject","inLanguage":"vi","@id":"https:\/\/mybloomgroom.com\/vi\/san-pham\/oi-oil\/#primaryimage","url":"https:\/\/mybloomgroom.com\/wp-content\/uploads\/2023\/03\/oi-oil-50-ml.jpg","contentUrl":"https:\/\/mybloomgroom.com\/wp-content\/uploads\/2023\/03\/oi-oil-50-ml.jpg","width":1080,"height":1080,"caption":"Davines OI hair butter \u2013 Bloom Groom Salon Saigon"},{"@type":"BreadcrumbList","@id":"https:\/\/mybloomgroom.com\/vi\/san-pham\/oi-oil\/#breadcrumb","itemListElement":[{"@type":"ListItem","position":1,"name":"Home","item":"https:\/\/mybloomgroom.com\/vi\/"},{"@type":"ListItem","position":2,"name":"Salon Shop","item":"https:\/\/mybloomgroom.com\/vi\/salon-shop\/"},{"@type":"ListItem","position":3,"name":"DAVINES OI Oil 50ml"}]},{"@type":"WebSite","@id":"https:\/\/mybloomgroom.com\/vi\/#website","url":"https:\/\/mybloomgroom.com\/vi\/","name":"BLOOM GROOM SALON","description":"Spa l\u00e0m \u0111\u1eb9p c\u1ee7a b\u1ea1n \u1edf S\u00e0i G\u00f2n","potentialAction":[{"@type":"SearchAction","target":{"@type":"EntryPoint","urlTemplate":"https:\/\/mybloomgroom.com\/vi\/?s={search_term_string}"},"query-input":{"@type":"PropertyValueSpecification","valueRequired":true,"valueName":"search_term_string"}}],"inLanguage":"vi"}]}},"_links":{"self":[{"href":"https:\/\/mybloomgroom.com\/vi\/wp-json\/wp\/v2\/product\/5796","targetHints":{"allow":["GET"]}}],"collection":[{"href":"https:\/\/mybloomgroom.com\/vi\/wp-json\/wp\/v2\/product"}],"about":[{"href":"https:\/\/mybloomgroom.com\/vi\/wp-json\/wp\/v2\/types\/product"}],"version-history":[{"count":0,"href":"https:\/\/mybloomgroom.com\/vi\/wp-json\/wp\/v2\/product\/5796\/revisions"}],"wp:featuredmedia":[{"embeddable":true,"href":"https:\/\/mybloomgroom.com\/vi\/wp-json\/wp\/v2\/media\/5798"}],"wp:attachment":[{"href":"https:\/\/mybloomgroom.com\/vi\/wp-json\/wp\/v2\/media?parent=5796"}],"wp:term":[{"taxonomy":"product_brand","embeddable":true,"href":"https:\/\/mybloomgroom.com\/vi\/wp-json\/wp\/v2\/product_brand?post=5796"},{"taxonomy":"product_cat","embeddable":true,"href":"https:\/\/mybloomgroom.com\/vi\/wp-json\/wp\/v2\/product_cat?post=5796"},{"taxonomy":"product_tag","embeddable":true,"href":"https:\/\/mybloomgroom.com\/vi\/wp-json\/wp\/v2\/product_tag?post=5796"}],"curies":[{"name":"wp","href":"https:\/\/api.w.org\/{rel}","templated":true}]}}