{"id":5794,"date":"2023-04-20T16:56:00","date_gmt":"2023-04-20T09:56:00","guid":{"rendered":"https:\/\/mybloomgroom.wamstore.com\/?post_type=product&#038;p=5794"},"modified":"2025-08-30T09:00:47","modified_gmt":"2025-08-30T02:00:47","slug":"oi-all-in-one-milk","status":"publish","type":"product","link":"https:\/\/mybloomgroom.com\/vi\/san-pham\/oi-all-in-one-milk\/","title":{"rendered":"S\u1eefa DAVINES OI All In One"},"content":{"rendered":"<h2 class=\"product-short_description\">S\u1eefa d\u01b0\u1ee1ng \u1ea9m cho t\u00f3c \u0111\u1ec3 gi\u1ea3m xo\u0103n c\u1ee9ng<\/h2>","protected":false},"excerpt":{"rendered":"<p>Light OI All In One Milk l\u00e0 s\u1ea3n ph\u1ea9m x\u1ecbt d\u01b0\u1ee1ng \u0111a ch\u1ee9c n\u0103ng gi\u00fap l\u00e0m m\u1ec1m, g\u1ee1 r\u1ed1i, ki\u1ec3m so\u00e1t xo\u0103n c\u1ee9ng v\u00e0 b\u1ea3o v\u1ec7 t\u00f3c kh\u1ecfi nhi\u1ec7t.<\/p>\n<p><label class=\"accordion__label\" for=\"benefits\"><span class=\"accordion__title\">Nh\u1eefng l\u1ee3i \u00edch<\/span><\/label><\/p>\n<div class=\"accordion__text container\">\n<div class=\"specifics\">\n<div class=\"specifics__wrapper\">\n<div class=\"specifics__item\">\n<div class=\"specifics__list\">T\u00f3c si\u00eau s\u00e1ng v\u00e0 m\u1ec1m.<br \/>\nHi\u1ec7u qu\u1ea3 d\u01b0\u1ee1ng \u1ea9m ch\u1ed1ng r\u1ed1i v\u00e0 ch\u1ed1ng xo\u0103n c\u1ee9ng.<br \/>\nCh\u1ed1ng oxy h\u00f3a v\u00e0 b\u1ea3o v\u1ec7 nhi\u1ec7t.<br \/>\nN\u01b0\u1edbc hoa dai d\u1eb3ng.<\/div>\n<\/div>\n<\/div>\n<\/div>\n<\/div>","protected":false},"featured_media":5788,"template":"","meta":[],"product_brand":[],"product_cat":[39],"product_tag":[225,183,220,181,180],"class_list":{"0":"post-5794","1":"product","2":"type-product","3":"status-publish","4":"has-post-thumbnail","6":"product_cat-davines","7":"product_tag-all-hair-types","8":"product_tag-heat-protection","9":"product_tag-spray","10":"product_tag-styling","11":"product_tag-treatment","13":"first","14":"instock","15":"featured","16":"shipping-taxable","17":"purchasable","18":"product-type-simple"},"yoast_head":"<!-- This site is optimized with the Yoast SEO plugin v26.0 - https:\/\/yoast.com\/wordpress\/plugins\/seo\/ -->\n<title>DAVINES OI All In One Milk - BLOOM GROOM SALON<\/title>\n<meta name=\"description\" content=\"Lightweight OI All In One Milk is a multi-function leave-in spray treatment that softens, detangles, controls frizz and protects the hair from heat.\" \/>\n<meta name=\"robots\" content=\"index, follow, max-snippet:-1, max-image-preview:large, max-video-preview:-1\" \/>\n<link rel=\"canonical\" href=\"https:\/\/mybloomgroom.com\/vi\/san-pham\/oi-all-in-one-milk\/\" \/>\n<meta property=\"og:locale\" content=\"vi_VN\" \/>\n<meta property=\"og:type\" content=\"article\" \/>\n<meta property=\"og:title\" content=\"DAVINES OI All In One Milk - BLOOM GROOM SALON\" \/>\n<meta property=\"og:description\" content=\"Lightweight OI All In One Milk is a multi-function leave-in spray treatment that softens, detangles, controls frizz and protects the hair from heat.\" \/>\n<meta property=\"og:url\" content=\"https:\/\/mybloomgroom.com\/vi\/san-pham\/oi-all-in-one-milk\/\" \/>\n<meta property=\"og:site_name\" content=\"BLOOM GROOM SALON\" \/>\n<meta property=\"article:modified_time\" content=\"2025-08-30T02:00:47+00:00\" \/>\n<meta property=\"og:image\" content=\"https:\/\/mybloomgroom.com\/wp-content\/uploads\/2023\/03\/oi-all-in-one-milk.png\" \/>\n\t<meta property=\"og:image:width\" content=\"1080\" \/>\n\t<meta property=\"og:image:height\" content=\"1080\" \/>\n\t<meta property=\"og:image:type\" content=\"image\/png\" \/>\n<meta name=\"twitter:card\" content=\"summary_large_image\" \/>\n<meta name=\"twitter:label1\" content=\"\u01af\u1edbc t\u00ednh th\u1eddi gian \u0111\u1ecdc\" \/>\n\t<meta name=\"twitter:data1\" content=\"1 ph\u00fat\" \/>\n<script type=\"application\/ld+json\" class=\"yoast-schema-graph\">{\"@context\":\"https:\/\/schema.org\",\"@graph\":[{\"@type\":\"WebPage\",\"@id\":\"https:\/\/mybloomgroom.com\/product\/oi-all-in-one-milk\/\",\"url\":\"https:\/\/mybloomgroom.com\/product\/oi-all-in-one-milk\/\",\"name\":\"DAVINES OI All In One Milk - BLOOM GROOM SALON\",\"isPartOf\":{\"@id\":\"https:\/\/mybloomgroom.com\/vi\/#website\"},\"primaryImageOfPage\":{\"@id\":\"https:\/\/mybloomgroom.com\/product\/oi-all-in-one-milk\/#primaryimage\"},\"image\":{\"@id\":\"https:\/\/mybloomgroom.com\/product\/oi-all-in-one-milk\/#primaryimage\"},\"thumbnailUrl\":\"https:\/\/mybloomgroom.com\/wp-content\/uploads\/2023\/03\/oi-all-in-one-milk.png\",\"datePublished\":\"2023-04-20T09:56:00+00:00\",\"dateModified\":\"2025-08-30T02:00:47+00:00\",\"description\":\"Lightweight OI All In One Milk is a multi-function leave-in spray treatment that softens, detangles, controls frizz and protects the hair from heat.\",\"breadcrumb\":{\"@id\":\"https:\/\/mybloomgroom.com\/product\/oi-all-in-one-milk\/#breadcrumb\"},\"inLanguage\":\"vi\",\"potentialAction\":[{\"@type\":\"ReadAction\",\"target\":[\"https:\/\/mybloomgroom.com\/product\/oi-all-in-one-milk\/\"]}]},{\"@type\":\"ImageObject\",\"inLanguage\":\"vi\",\"@id\":\"https:\/\/mybloomgroom.com\/product\/oi-all-in-one-milk\/#primaryimage\",\"url\":\"https:\/\/mybloomgroom.com\/wp-content\/uploads\/2023\/03\/oi-all-in-one-milk.png\",\"contentUrl\":\"https:\/\/mybloomgroom.com\/wp-content\/uploads\/2023\/03\/oi-all-in-one-milk.png\",\"width\":1080,\"height\":1080,\"caption\":\"Bloom Groom Saigon \u2013 Davines sustainable haircare products\"},{\"@type\":\"BreadcrumbList\",\"@id\":\"https:\/\/mybloomgroom.com\/product\/oi-all-in-one-milk\/#breadcrumb\",\"itemListElement\":[{\"@type\":\"ListItem\",\"position\":1,\"name\":\"Home\",\"item\":\"https:\/\/mybloomgroom.com\/vi\/\"},{\"@type\":\"ListItem\",\"position\":2,\"name\":\"Salon Shop\",\"item\":\"https:\/\/mybloomgroom.com\/vi\/salon-shop\/\"},{\"@type\":\"ListItem\",\"position\":3,\"name\":\"DAVINES OI All In One Milk\"}]},{\"@type\":\"WebSite\",\"@id\":\"https:\/\/mybloomgroom.com\/vi\/#website\",\"url\":\"https:\/\/mybloomgroom.com\/vi\/\",\"name\":\"BLOOM GROOM SALON\",\"description\":\"Your beauty spa in Saigon\",\"potentialAction\":[{\"@type\":\"SearchAction\",\"target\":{\"@type\":\"EntryPoint\",\"urlTemplate\":\"https:\/\/mybloomgroom.com\/vi\/?s={search_term_string}\"},\"query-input\":{\"@type\":\"PropertyValueSpecification\",\"valueRequired\":true,\"valueName\":\"search_term_string\"}}],\"inLanguage\":\"vi\"}]}<\/script>\n<!-- \/ Yoast SEO plugin. -->","yoast_head_json":{"title":"DAVINES OI All In One Milk - BLOOM GROOM SALON","description":"Light OI All In One Milk l\u00e0 s\u1ea3n ph\u1ea9m x\u1ecbt d\u01b0\u1ee1ng \u0111a ch\u1ee9c n\u0103ng gi\u00fap l\u00e0m m\u1ec1m, g\u1ee1 r\u1ed1i, ki\u1ec3m so\u00e1t xo\u0103n c\u1ee9ng v\u00e0 b\u1ea3o v\u1ec7 t\u00f3c kh\u1ecfi nhi\u1ec7t.","robots":{"index":"index","follow":"follow","max-snippet":"max-snippet:-1","max-image-preview":"max-image-preview:large","max-video-preview":"max-video-preview:-1"},"canonical":"https:\/\/mybloomgroom.com\/vi\/san-pham\/oi-all-in-one-milk\/","og_locale":"vi_VN","og_type":"article","og_title":"DAVINES OI All In One Milk - BLOOM GROOM SALON","og_description":"Lightweight OI All In One Milk is a multi-function leave-in spray treatment that softens, detangles, controls frizz and protects the hair from heat.","og_url":"https:\/\/mybloomgroom.com\/vi\/san-pham\/oi-all-in-one-milk\/","og_site_name":"BLOOM GROOM SALON","article_modified_time":"2025-08-30T02:00:47+00:00","og_image":[{"width":1080,"height":1080,"url":"https:\/\/mybloomgroom.com\/wp-content\/uploads\/2023\/03\/oi-all-in-one-milk.png","type":"image\/png"}],"twitter_card":"summary_large_image","twitter_misc":{"\u01af\u1edbc t\u00ednh th\u1eddi gian \u0111\u1ecdc":"1 ph\u00fat"},"schema":{"@context":"https:\/\/schema.org","@graph":[{"@type":"WebPage","@id":"https:\/\/mybloomgroom.com\/product\/oi-all-in-one-milk\/","url":"https:\/\/mybloomgroom.com\/product\/oi-all-in-one-milk\/","name":"DAVINES OI All In One Milk - BLOOM GROOM SALON","isPartOf":{"@id":"https:\/\/mybloomgroom.com\/vi\/#website"},"primaryImageOfPage":{"@id":"https:\/\/mybloomgroom.com\/product\/oi-all-in-one-milk\/#primaryimage"},"image":{"@id":"https:\/\/mybloomgroom.com\/product\/oi-all-in-one-milk\/#primaryimage"},"thumbnailUrl":"https:\/\/mybloomgroom.com\/wp-content\/uploads\/2023\/03\/oi-all-in-one-milk.png","datePublished":"2023-04-20T09:56:00+00:00","dateModified":"2025-08-30T02:00:47+00:00","description":"Light OI All In One Milk l\u00e0 s\u1ea3n ph\u1ea9m x\u1ecbt d\u01b0\u1ee1ng \u0111a ch\u1ee9c n\u0103ng gi\u00fap l\u00e0m m\u1ec1m, g\u1ee1 r\u1ed1i, ki\u1ec3m so\u00e1t xo\u0103n c\u1ee9ng v\u00e0 b\u1ea3o v\u1ec7 t\u00f3c kh\u1ecfi nhi\u1ec7t.","breadcrumb":{"@id":"https:\/\/mybloomgroom.com\/product\/oi-all-in-one-milk\/#breadcrumb"},"inLanguage":"vi","potentialAction":[{"@type":"ReadAction","target":["https:\/\/mybloomgroom.com\/product\/oi-all-in-one-milk\/"]}]},{"@type":"ImageObject","inLanguage":"vi","@id":"https:\/\/mybloomgroom.com\/product\/oi-all-in-one-milk\/#primaryimage","url":"https:\/\/mybloomgroom.com\/wp-content\/uploads\/2023\/03\/oi-all-in-one-milk.png","contentUrl":"https:\/\/mybloomgroom.com\/wp-content\/uploads\/2023\/03\/oi-all-in-one-milk.png","width":1080,"height":1080,"caption":"Bloom Groom Saigon \u2013 Davines sustainable haircare products"},{"@type":"BreadcrumbList","@id":"https:\/\/mybloomgroom.com\/product\/oi-all-in-one-milk\/#breadcrumb","itemListElement":[{"@type":"ListItem","position":1,"name":"Home","item":"https:\/\/mybloomgroom.com\/vi\/"},{"@type":"ListItem","position":2,"name":"Salon Shop","item":"https:\/\/mybloomgroom.com\/vi\/salon-shop\/"},{"@type":"ListItem","position":3,"name":"DAVINES OI All In One Milk"}]},{"@type":"WebSite","@id":"https:\/\/mybloomgroom.com\/vi\/#website","url":"https:\/\/mybloomgroom.com\/vi\/","name":"BLOOM GROOM SALON","description":"Spa l\u00e0m \u0111\u1eb9p c\u1ee7a b\u1ea1n \u1edf S\u00e0i G\u00f2n","potentialAction":[{"@type":"SearchAction","target":{"@type":"EntryPoint","urlTemplate":"https:\/\/mybloomgroom.com\/vi\/?s={search_term_string}"},"query-input":{"@type":"PropertyValueSpecification","valueRequired":true,"valueName":"search_term_string"}}],"inLanguage":"vi"}]}},"_links":{"self":[{"href":"https:\/\/mybloomgroom.com\/vi\/wp-json\/wp\/v2\/product\/5794","targetHints":{"allow":["GET"]}}],"collection":[{"href":"https:\/\/mybloomgroom.com\/vi\/wp-json\/wp\/v2\/product"}],"about":[{"href":"https:\/\/mybloomgroom.com\/vi\/wp-json\/wp\/v2\/types\/product"}],"version-history":[{"count":0,"href":"https:\/\/mybloomgroom.com\/vi\/wp-json\/wp\/v2\/product\/5794\/revisions"}],"wp:featuredmedia":[{"embeddable":true,"href":"https:\/\/mybloomgroom.com\/vi\/wp-json\/wp\/v2\/media\/5788"}],"wp:attachment":[{"href":"https:\/\/mybloomgroom.com\/vi\/wp-json\/wp\/v2\/media?parent=5794"}],"wp:term":[{"taxonomy":"product_brand","embeddable":true,"href":"https:\/\/mybloomgroom.com\/vi\/wp-json\/wp\/v2\/product_brand?post=5794"},{"taxonomy":"product_cat","embeddable":true,"href":"https:\/\/mybloomgroom.com\/vi\/wp-json\/wp\/v2\/product_cat?post=5794"},{"taxonomy":"product_tag","embeddable":true,"href":"https:\/\/mybloomgroom.com\/vi\/wp-json\/wp\/v2\/product_tag?post=5794"}],"curies":[{"name":"wp","href":"https:\/\/api.w.org\/{rel}","templated":true}]}}