{"id":5778,"date":"2023-04-20T16:59:40","date_gmt":"2023-04-20T09:59:40","guid":{"rendered":"https:\/\/mybloomgroom.wamstore.com\/?post_type=product&#038;p=5778"},"modified":"2025-08-30T08:59:46","modified_gmt":"2025-08-30T01:59:46","slug":"oi-shampoo","status":"publish","type":"product","link":"https:\/\/mybloomgroom.com\/vi\/san-pham\/oi-shampoo\/","title":{"rendered":"D\u1ea7u g\u1ed9i DAVINES OI"},"content":{"rendered":"<h2 class=\"product-short_description\">d\u1ea7u g\u1ed9i l\u00e0m m\u1ec1m<\/h2>","protected":false},"excerpt":{"rendered":"<p>D\u1ea7u g\u1ed9i Milky-Smooth l\u00fd t\u01b0\u1edfng cho m\u1ecdi lo\u1ea1i t\u00f3c. \u0110\u01b0\u1ee3c k\u1ebft h\u1ee3p v\u1edbi d\u1ea7u Roucou nu\u00f4i d\u01b0\u1ee1ng l\u00e0 lo\u1ea1i d\u1ea7u g\u1ed9i h\u00e0ng ng\u00e0y ho\u00e0n h\u1ea3o \u0111\u1ec3 duy tr\u00ec m\u00e1i t\u00f3c m\u1ec1m m\u1ea1i, s\u00e1ng b\u00f3ng v\u00e0 b\u1ed3ng b\u1ec1nh. H\u00e0nh \u0111\u1ed9ng ch\u1ed1ng oxy h\u00f3a v\u00e0 n\u01b0\u1edbc hoa l\u00e2u d\u00e0i.<\/p>","protected":false},"featured_media":5790,"template":"","meta":[],"product_brand":[],"product_cat":[39],"product_tag":[225,70,178],"class_list":{"0":"post-5778","1":"product","2":"type-product","3":"status-publish","4":"has-post-thumbnail","6":"product_cat-davines","7":"product_tag-all-hair-types","8":"product_tag-davines","9":"product_tag-shampoo","11":"first","12":"instock","13":"featured","14":"shipping-taxable","15":"purchasable","16":"product-type-simple"},"yoast_head":"<!-- This site is optimized with the Yoast SEO plugin v26.0 - https:\/\/yoast.com\/wordpress\/plugins\/seo\/ -->\n<title>DAVINES OI Shampoo - BLOOM GROOM SALON<\/title>\n<meta name=\"description\" content=\"Milky-smooth Shampoo ideal for all hair types. Infused with nourishing Roucou oil is the perfect daily shampoo to maintain soft, shiny and voluminous hair.\" \/>\n<meta name=\"robots\" content=\"index, follow, max-snippet:-1, max-image-preview:large, max-video-preview:-1\" \/>\n<link rel=\"canonical\" href=\"https:\/\/mybloomgroom.com\/vi\/san-pham\/oi-shampoo\/\" \/>\n<meta property=\"og:locale\" content=\"vi_VN\" \/>\n<meta property=\"og:type\" content=\"article\" \/>\n<meta property=\"og:title\" content=\"DAVINES OI Shampoo - BLOOM GROOM SALON\" \/>\n<meta property=\"og:description\" content=\"Milky-smooth Shampoo ideal for all hair types. Infused with nourishing Roucou oil is the perfect daily shampoo to maintain soft, shiny and voluminous hair.\" \/>\n<meta property=\"og:url\" content=\"https:\/\/mybloomgroom.com\/vi\/san-pham\/oi-shampoo\/\" \/>\n<meta property=\"og:site_name\" content=\"BLOOM GROOM SALON\" \/>\n<meta property=\"article:modified_time\" content=\"2025-08-30T01:59:46+00:00\" \/>\n<meta property=\"og:image\" content=\"https:\/\/mybloomgroom.com\/wp-content\/uploads\/2023\/03\/oi-shampoo.png\" \/>\n\t<meta property=\"og:image:width\" content=\"1080\" \/>\n\t<meta property=\"og:image:height\" content=\"1080\" \/>\n\t<meta property=\"og:image:type\" content=\"image\/png\" \/>\n<meta name=\"twitter:card\" content=\"summary_large_image\" \/>\n<meta name=\"twitter:label1\" content=\"\u01af\u1edbc t\u00ednh th\u1eddi gian \u0111\u1ecdc\" \/>\n\t<meta name=\"twitter:data1\" content=\"1 ph\u00fat\" \/>\n<script type=\"application\/ld+json\" class=\"yoast-schema-graph\">{\"@context\":\"https:\/\/schema.org\",\"@graph\":[{\"@type\":\"WebPage\",\"@id\":\"https:\/\/mybloomgroom.com\/product\/oi-shampoo\/\",\"url\":\"https:\/\/mybloomgroom.com\/product\/oi-shampoo\/\",\"name\":\"DAVINES OI Shampoo - BLOOM GROOM SALON\",\"isPartOf\":{\"@id\":\"https:\/\/mybloomgroom.com\/#website\"},\"primaryImageOfPage\":{\"@id\":\"https:\/\/mybloomgroom.com\/product\/oi-shampoo\/#primaryimage\"},\"image\":{\"@id\":\"https:\/\/mybloomgroom.com\/product\/oi-shampoo\/#primaryimage\"},\"thumbnailUrl\":\"https:\/\/mybloomgroom.com\/wp-content\/uploads\/2023\/03\/oi-shampoo.png\",\"datePublished\":\"2023-04-20T09:59:40+00:00\",\"dateModified\":\"2025-08-30T01:59:46+00:00\",\"description\":\"Milky-smooth Shampoo ideal for all hair types. Infused with nourishing Roucou oil is the perfect daily shampoo to maintain soft, shiny and voluminous hair.\",\"breadcrumb\":{\"@id\":\"https:\/\/mybloomgroom.com\/product\/oi-shampoo\/#breadcrumb\"},\"inLanguage\":\"vi\",\"potentialAction\":[{\"@type\":\"ReadAction\",\"target\":[\"https:\/\/mybloomgroom.com\/product\/oi-shampoo\/\"]}]},{\"@type\":\"ImageObject\",\"inLanguage\":\"vi\",\"@id\":\"https:\/\/mybloomgroom.com\/product\/oi-shampoo\/#primaryimage\",\"url\":\"https:\/\/mybloomgroom.com\/wp-content\/uploads\/2023\/03\/oi-shampoo.png\",\"contentUrl\":\"https:\/\/mybloomgroom.com\/wp-content\/uploads\/2023\/03\/oi-shampoo.png\",\"width\":1080,\"height\":1080,\"caption\":\"Davines OI, MINU, and NOUNOU ranges \u2013 Bloom Groom Hair Salon Saigon\"},{\"@type\":\"BreadcrumbList\",\"@id\":\"https:\/\/mybloomgroom.com\/product\/oi-shampoo\/#breadcrumb\",\"itemListElement\":[{\"@type\":\"ListItem\",\"position\":1,\"name\":\"Home\",\"item\":\"https:\/\/mybloomgroom.com\/\"},{\"@type\":\"ListItem\",\"position\":2,\"name\":\"Salon Shop\",\"item\":\"https:\/\/mybloomgroom.com\/salon-shop\/\"},{\"@type\":\"ListItem\",\"position\":3,\"name\":\"DAVINES OI Shampoo\"}]},{\"@type\":\"WebSite\",\"@id\":\"https:\/\/mybloomgroom.com\/#website\",\"url\":\"https:\/\/mybloomgroom.com\/\",\"name\":\"BLOOM GROOM SALON\",\"description\":\"Your beauty spa in Saigon\",\"potentialAction\":[{\"@type\":\"SearchAction\",\"target\":{\"@type\":\"EntryPoint\",\"urlTemplate\":\"https:\/\/mybloomgroom.com\/?s={search_term_string}\"},\"query-input\":{\"@type\":\"PropertyValueSpecification\",\"valueRequired\":true,\"valueName\":\"search_term_string\"}}],\"inLanguage\":\"vi\"}]}<\/script>\n<!-- \/ Yoast SEO plugin. -->","yoast_head_json":{"title":"DAVINES OI Shampoo - BLOOM GROOM SALON","description":"Milky-smooth Shampoo ideal for all hair types. Infused with nourishing Roucou oil is the perfect daily shampoo to maintain soft, shiny and voluminous hair.","robots":{"index":"index","follow":"follow","max-snippet":"max-snippet:-1","max-image-preview":"max-image-preview:large","max-video-preview":"max-video-preview:-1"},"canonical":"https:\/\/mybloomgroom.com\/vi\/san-pham\/oi-shampoo\/","og_locale":"vi_VN","og_type":"article","og_title":"DAVINES OI Shampoo - BLOOM GROOM SALON","og_description":"Milky-smooth Shampoo ideal for all hair types. Infused with nourishing Roucou oil is the perfect daily shampoo to maintain soft, shiny and voluminous hair.","og_url":"https:\/\/mybloomgroom.com\/vi\/san-pham\/oi-shampoo\/","og_site_name":"BLOOM GROOM SALON","article_modified_time":"2025-08-30T01:59:46+00:00","og_image":[{"width":1080,"height":1080,"url":"https:\/\/mybloomgroom.com\/wp-content\/uploads\/2023\/03\/oi-shampoo.png","type":"image\/png"}],"twitter_card":"summary_large_image","twitter_misc":{"\u01af\u1edbc t\u00ednh th\u1eddi gian \u0111\u1ecdc":"1 ph\u00fat"},"schema":{"@context":"https:\/\/schema.org","@graph":[{"@type":"WebPage","@id":"https:\/\/mybloomgroom.com\/product\/oi-shampoo\/","url":"https:\/\/mybloomgroom.com\/product\/oi-shampoo\/","name":"DAVINES OI Shampoo - BLOOM GROOM SALON","isPartOf":{"@id":"https:\/\/mybloomgroom.com\/#website"},"primaryImageOfPage":{"@id":"https:\/\/mybloomgroom.com\/product\/oi-shampoo\/#primaryimage"},"image":{"@id":"https:\/\/mybloomgroom.com\/product\/oi-shampoo\/#primaryimage"},"thumbnailUrl":"https:\/\/mybloomgroom.com\/wp-content\/uploads\/2023\/03\/oi-shampoo.png","datePublished":"2023-04-20T09:59:40+00:00","dateModified":"2025-08-30T01:59:46+00:00","description":"Milky-smooth Shampoo ideal for all hair types. Infused with nourishing Roucou oil is the perfect daily shampoo to maintain soft, shiny and voluminous hair.","breadcrumb":{"@id":"https:\/\/mybloomgroom.com\/product\/oi-shampoo\/#breadcrumb"},"inLanguage":"vi","potentialAction":[{"@type":"ReadAction","target":["https:\/\/mybloomgroom.com\/product\/oi-shampoo\/"]}]},{"@type":"ImageObject","inLanguage":"vi","@id":"https:\/\/mybloomgroom.com\/product\/oi-shampoo\/#primaryimage","url":"https:\/\/mybloomgroom.com\/wp-content\/uploads\/2023\/03\/oi-shampoo.png","contentUrl":"https:\/\/mybloomgroom.com\/wp-content\/uploads\/2023\/03\/oi-shampoo.png","width":1080,"height":1080,"caption":"Davines OI, MINU, and NOUNOU ranges \u2013 Bloom Groom Hair Salon Saigon"},{"@type":"BreadcrumbList","@id":"https:\/\/mybloomgroom.com\/product\/oi-shampoo\/#breadcrumb","itemListElement":[{"@type":"ListItem","position":1,"name":"Home","item":"https:\/\/mybloomgroom.com\/"},{"@type":"ListItem","position":2,"name":"Salon Shop","item":"https:\/\/mybloomgroom.com\/salon-shop\/"},{"@type":"ListItem","position":3,"name":"DAVINES OI Shampoo"}]},{"@type":"WebSite","@id":"https:\/\/mybloomgroom.com\/#website","url":"https:\/\/mybloomgroom.com\/","name":"BLOOM GROOM SALON","description":"Spa l\u00e0m \u0111\u1eb9p c\u1ee7a b\u1ea1n \u1edf S\u00e0i G\u00f2n","potentialAction":[{"@type":"SearchAction","target":{"@type":"EntryPoint","urlTemplate":"https:\/\/mybloomgroom.com\/?s={search_term_string}"},"query-input":{"@type":"PropertyValueSpecification","valueRequired":true,"valueName":"search_term_string"}}],"inLanguage":"vi"}]}},"_links":{"self":[{"href":"https:\/\/mybloomgroom.com\/vi\/wp-json\/wp\/v2\/product\/5778","targetHints":{"allow":["GET"]}}],"collection":[{"href":"https:\/\/mybloomgroom.com\/vi\/wp-json\/wp\/v2\/product"}],"about":[{"href":"https:\/\/mybloomgroom.com\/vi\/wp-json\/wp\/v2\/types\/product"}],"version-history":[{"count":0,"href":"https:\/\/mybloomgroom.com\/vi\/wp-json\/wp\/v2\/product\/5778\/revisions"}],"wp:featuredmedia":[{"embeddable":true,"href":"https:\/\/mybloomgroom.com\/vi\/wp-json\/wp\/v2\/media\/5790"}],"wp:attachment":[{"href":"https:\/\/mybloomgroom.com\/vi\/wp-json\/wp\/v2\/media?parent=5778"}],"wp:term":[{"taxonomy":"product_brand","embeddable":true,"href":"https:\/\/mybloomgroom.com\/vi\/wp-json\/wp\/v2\/product_brand?post=5778"},{"taxonomy":"product_cat","embeddable":true,"href":"https:\/\/mybloomgroom.com\/vi\/wp-json\/wp\/v2\/product_cat?post=5778"},{"taxonomy":"product_tag","embeddable":true,"href":"https:\/\/mybloomgroom.com\/vi\/wp-json\/wp\/v2\/product_tag?post=5778"}],"curies":[{"name":"wp","href":"https:\/\/api.w.org\/{rel}","templated":true}]}}