{"id":5768,"date":"2023-04-21T14:51:36","date_gmt":"2023-04-21T07:51:36","guid":{"rendered":"https:\/\/mybloomgroom.wamstore.com\/?post_type=product&#038;p=5768"},"modified":"2025-08-30T08:59:09","modified_gmt":"2025-08-30T01:59:09","slug":"no-8-bond-intense-moisture-mask","status":"publish","type":"product","link":"https:\/\/mybloomgroom.com\/vi\/san-pham\/no-8-bond-intense-moisture-mask\/","title":{"rendered":"M\u1eb6T N\u1ea0 D\u01af\u1ee0NG \u1ea8M C\u01af\u1edcNG L\u1ef0C OLAPLEX N\u00ba.8 BOND"},"content":{"rendered":"<h1 class=\"product__info-title h4\">M\u1eb6T N\u1ea0 D\u01af\u1ee0NG \u1ea8M T\u0102NG C\u01af\u1edcNG N\u00ba.8 BOND<\/h1>","protected":false},"excerpt":{"rendered":"<h2 class=\"product-info-highlight__tittle label-lg text-uppercase\">GI\u1edaI THI\u1ec6U S\u1ed0 8<\/h2>\n<h3 class=\"product-info-highlight__heading h4\">M\u1eb7t n\u1ea1 ph\u1ee5c h\u1ed3i t\u00f3c \u0111a l\u1ee3i \u00edch<\/h3>\n<p class=\"p-lg\">\u0110\u01b0\u1ee3c k\u1ebft h\u1ee3p v\u1edbi c\u00f4ng ngh\u1ec7 OLAPLEX Bond Building \u0111\u00e3 \u0111\u01b0\u1ee3c c\u1ea5p b\u1eb1ng s\u00e1ng ch\u1ebf, m\u1eb7t n\u1ea1 ph\u1ee5c h\u1ed3i c\u00f4 \u0111\u1eb7c cao n\u00e0y gi\u00fap t\u0103ng \u0111\u1ed9 b\u00f3ng, m\u1ec1m m\u01b0\u1ee3t &amp; ch\u1eafc kh\u1ecfe \u0111\u1ed3ng th\u1eddi cung c\u1ea5p \u0111\u1ed9 \u1ea9m cao \u0111\u1ec3 \u0111i\u1ec1u tr\u1ecb t\u00f3c h\u01b0 t\u1ed5n. T\u00f3c tr\u00f4ng r\u1ea5t kh\u1ecfe m\u1ea1nh, b\u1ea1n c\u00f3 th\u1ec3 b\u1ecf qua vi\u1ec7c t\u1ea1o ki\u1ec3u.<\/p>\n<p>D\u1ef1a tr\u00ean k\u1ebft qu\u1ea3 l\u00e2m s\u00e0ng:<br \/>\nT\u1ecfa s\u00e1ng g\u1ea5p 2 l\u1ea7n*<br \/>\n\u0110\u1ed9 \u1ea9m g\u1ea5p 4 l\u1ea7n*<br \/>\n\u0110\u1ed9 m\u1ecbn g\u1ea5p 6 l\u1ea7n* v\u00e0<br \/>\n94% th\u1ea5y th\u00eam Body**<\/p>","protected":false},"featured_media":5710,"template":"","meta":[],"product_brand":[],"product_cat":[42],"product_tag":[225,231,232,61,180],"class_list":{"0":"post-5768","1":"product","2":"type-product","3":"status-publish","4":"has-post-thumbnail","6":"product_cat-olaplex","7":"product_tag-all-hair-types","8":"product_tag-damaged-hair","9":"product_tag-dry-hair","10":"product_tag-olaplex","11":"product_tag-treatment","13":"first","14":"instock","15":"shipping-taxable","16":"purchasable","17":"product-type-simple"},"yoast_head":"<!-- This site is optimized with the Yoast SEO plugin v26.0 - https:\/\/yoast.com\/wordpress\/plugins\/seo\/ -->\n<title>OLAPLEX N\u00ba.8 BOND INTENSE MOISTURE MASK - BLOOM GROOM SALON<\/title>\n<meta name=\"description\" content=\"Infused with patented OLAPLEX Bond Building technology, this highly concentrated reparative mask adds shine, smoothness &amp; body while providing intense moisture to treat damaged hair\" \/>\n<meta name=\"robots\" content=\"index, follow, max-snippet:-1, max-image-preview:large, max-video-preview:-1\" \/>\n<link rel=\"canonical\" href=\"https:\/\/mybloomgroom.com\/vi\/san-pham\/no-8-bond-intense-moisture-mask\/\" \/>\n<meta property=\"og:locale\" content=\"vi_VN\" \/>\n<meta property=\"og:type\" content=\"article\" \/>\n<meta property=\"og:title\" content=\"OLAPLEX N\u00ba.8 BOND INTENSE MOISTURE MASK - BLOOM GROOM SALON\" \/>\n<meta property=\"og:description\" content=\"Infused with patented OLAPLEX Bond Building technology, this highly concentrated reparative mask adds shine, smoothness &amp; body while providing intense moisture to treat damaged hair\" \/>\n<meta property=\"og:url\" content=\"https:\/\/mybloomgroom.com\/vi\/san-pham\/no-8-bond-intense-moisture-mask\/\" \/>\n<meta property=\"og:site_name\" content=\"BLOOM GROOM SALON\" \/>\n<meta property=\"article:modified_time\" content=\"2025-08-30T01:59:09+00:00\" \/>\n<meta property=\"og:image\" content=\"https:\/\/mybloomgroom.com\/wp-content\/uploads\/2018\/04\/Olaplex-no-8.jpg\" \/>\n\t<meta property=\"og:image:width\" content=\"1080\" \/>\n\t<meta property=\"og:image:height\" content=\"1080\" \/>\n\t<meta property=\"og:image:type\" content=\"image\/jpeg\" \/>\n<meta name=\"twitter:card\" content=\"summary_large_image\" \/>\n<meta name=\"twitter:label1\" content=\"\u01af\u1edbc t\u00ednh th\u1eddi gian \u0111\u1ecdc\" \/>\n\t<meta name=\"twitter:data1\" content=\"1 ph\u00fat\" \/>\n<script type=\"application\/ld+json\" class=\"yoast-schema-graph\">{\"@context\":\"https:\/\/schema.org\",\"@graph\":[{\"@type\":\"WebPage\",\"@id\":\"https:\/\/mybloomgroom.com\/vi\/san-pham\/no-8-bond-intense-moisture-mask\/\",\"url\":\"https:\/\/mybloomgroom.com\/vi\/san-pham\/no-8-bond-intense-moisture-mask\/\",\"name\":\"OLAPLEX N\u00ba.8 BOND INTENSE MOISTURE MASK - BLOOM GROOM SALON\",\"isPartOf\":{\"@id\":\"https:\/\/mybloomgroom.com\/#website\"},\"primaryImageOfPage\":{\"@id\":\"https:\/\/mybloomgroom.com\/vi\/san-pham\/no-8-bond-intense-moisture-mask\/#primaryimage\"},\"image\":{\"@id\":\"https:\/\/mybloomgroom.com\/vi\/san-pham\/no-8-bond-intense-moisture-mask\/#primaryimage\"},\"thumbnailUrl\":\"https:\/\/mybloomgroom.com\/wp-content\/uploads\/2018\/04\/Olaplex-no-8.jpg\",\"datePublished\":\"2023-04-21T07:51:36+00:00\",\"dateModified\":\"2025-08-30T01:59:09+00:00\",\"description\":\"Infused with patented OLAPLEX Bond Building technology, this highly concentrated reparative mask adds shine, smoothness & body while providing intense moisture to treat damaged hair\",\"breadcrumb\":{\"@id\":\"https:\/\/mybloomgroom.com\/vi\/san-pham\/no-8-bond-intense-moisture-mask\/#breadcrumb\"},\"inLanguage\":\"vi\",\"potentialAction\":[{\"@type\":\"ReadAction\",\"target\":[\"https:\/\/mybloomgroom.com\/vi\/san-pham\/no-8-bond-intense-moisture-mask\/\"]}]},{\"@type\":\"ImageObject\",\"inLanguage\":\"vi\",\"@id\":\"https:\/\/mybloomgroom.com\/vi\/san-pham\/no-8-bond-intense-moisture-mask\/#primaryimage\",\"url\":\"https:\/\/mybloomgroom.com\/wp-content\/uploads\/2018\/04\/Olaplex-no-8.jpg\",\"contentUrl\":\"https:\/\/mybloomgroom.com\/wp-content\/uploads\/2018\/04\/Olaplex-no-8.jpg\",\"width\":1080,\"height\":1080,\"caption\":\"Olaplex No.8 Bond Intense Moisture Mask \u2013 Bloom Groom Hair Salon Saigon\"},{\"@type\":\"BreadcrumbList\",\"@id\":\"https:\/\/mybloomgroom.com\/vi\/san-pham\/no-8-bond-intense-moisture-mask\/#breadcrumb\",\"itemListElement\":[{\"@type\":\"ListItem\",\"position\":1,\"name\":\"Home\",\"item\":\"https:\/\/mybloomgroom.com\/\"},{\"@type\":\"ListItem\",\"position\":2,\"name\":\"Salon Shop\",\"item\":\"https:\/\/mybloomgroom.com\/salon-shop\/\"},{\"@type\":\"ListItem\",\"position\":3,\"name\":\"OLAPLEX N\u00ba.8 BOND INTENSE MOISTURE MASK\"}]},{\"@type\":\"WebSite\",\"@id\":\"https:\/\/mybloomgroom.com\/#website\",\"url\":\"https:\/\/mybloomgroom.com\/\",\"name\":\"BLOOM GROOM SALON\",\"description\":\"Your beauty spa in Saigon\",\"potentialAction\":[{\"@type\":\"SearchAction\",\"target\":{\"@type\":\"EntryPoint\",\"urlTemplate\":\"https:\/\/mybloomgroom.com\/?s={search_term_string}\"},\"query-input\":{\"@type\":\"PropertyValueSpecification\",\"valueRequired\":true,\"valueName\":\"search_term_string\"}}],\"inLanguage\":\"vi\"}]}<\/script>\n<!-- \/ Yoast SEO plugin. -->","yoast_head_json":{"title":"OLAPLEX N\u00ba.8 BOND INTENSE MOISTURE MASK - BLOOM GROOM SALON","description":"Infused with patented OLAPLEX Bond Building technology, this highly concentrated reparative mask adds shine, smoothness & body while providing intense moisture to treat damaged hair","robots":{"index":"index","follow":"follow","max-snippet":"max-snippet:-1","max-image-preview":"max-image-preview:large","max-video-preview":"max-video-preview:-1"},"canonical":"https:\/\/mybloomgroom.com\/vi\/san-pham\/no-8-bond-intense-moisture-mask\/","og_locale":"vi_VN","og_type":"article","og_title":"OLAPLEX N\u00ba.8 BOND INTENSE MOISTURE MASK - BLOOM GROOM SALON","og_description":"Infused with patented OLAPLEX Bond Building technology, this highly concentrated reparative mask adds shine, smoothness & body while providing intense moisture to treat damaged hair","og_url":"https:\/\/mybloomgroom.com\/vi\/san-pham\/no-8-bond-intense-moisture-mask\/","og_site_name":"BLOOM GROOM SALON","article_modified_time":"2025-08-30T01:59:09+00:00","og_image":[{"width":1080,"height":1080,"url":"https:\/\/mybloomgroom.com\/wp-content\/uploads\/2018\/04\/Olaplex-no-8.jpg","type":"image\/jpeg"}],"twitter_card":"summary_large_image","twitter_misc":{"\u01af\u1edbc t\u00ednh th\u1eddi gian \u0111\u1ecdc":"1 ph\u00fat"},"schema":{"@context":"https:\/\/schema.org","@graph":[{"@type":"WebPage","@id":"https:\/\/mybloomgroom.com\/vi\/san-pham\/no-8-bond-intense-moisture-mask\/","url":"https:\/\/mybloomgroom.com\/vi\/san-pham\/no-8-bond-intense-moisture-mask\/","name":"OLAPLEX N\u00ba.8 BOND INTENSE MOISTURE MASK - BLOOM GROOM SALON","isPartOf":{"@id":"https:\/\/mybloomgroom.com\/#website"},"primaryImageOfPage":{"@id":"https:\/\/mybloomgroom.com\/vi\/san-pham\/no-8-bond-intense-moisture-mask\/#primaryimage"},"image":{"@id":"https:\/\/mybloomgroom.com\/vi\/san-pham\/no-8-bond-intense-moisture-mask\/#primaryimage"},"thumbnailUrl":"https:\/\/mybloomgroom.com\/wp-content\/uploads\/2018\/04\/Olaplex-no-8.jpg","datePublished":"2023-04-21T07:51:36+00:00","dateModified":"2025-08-30T01:59:09+00:00","description":"Infused with patented OLAPLEX Bond Building technology, this highly concentrated reparative mask adds shine, smoothness & body while providing intense moisture to treat damaged hair","breadcrumb":{"@id":"https:\/\/mybloomgroom.com\/vi\/san-pham\/no-8-bond-intense-moisture-mask\/#breadcrumb"},"inLanguage":"vi","potentialAction":[{"@type":"ReadAction","target":["https:\/\/mybloomgroom.com\/vi\/san-pham\/no-8-bond-intense-moisture-mask\/"]}]},{"@type":"ImageObject","inLanguage":"vi","@id":"https:\/\/mybloomgroom.com\/vi\/san-pham\/no-8-bond-intense-moisture-mask\/#primaryimage","url":"https:\/\/mybloomgroom.com\/wp-content\/uploads\/2018\/04\/Olaplex-no-8.jpg","contentUrl":"https:\/\/mybloomgroom.com\/wp-content\/uploads\/2018\/04\/Olaplex-no-8.jpg","width":1080,"height":1080,"caption":"Olaplex No.8 Bond Intense Moisture Mask \u2013 Bloom Groom Hair Salon Saigon"},{"@type":"BreadcrumbList","@id":"https:\/\/mybloomgroom.com\/vi\/san-pham\/no-8-bond-intense-moisture-mask\/#breadcrumb","itemListElement":[{"@type":"ListItem","position":1,"name":"Home","item":"https:\/\/mybloomgroom.com\/"},{"@type":"ListItem","position":2,"name":"Salon Shop","item":"https:\/\/mybloomgroom.com\/salon-shop\/"},{"@type":"ListItem","position":3,"name":"OLAPLEX N\u00ba.8 BOND INTENSE MOISTURE MASK"}]},{"@type":"WebSite","@id":"https:\/\/mybloomgroom.com\/#website","url":"https:\/\/mybloomgroom.com\/","name":"BLOOM GROOM SALON","description":"Spa l\u00e0m \u0111\u1eb9p c\u1ee7a b\u1ea1n \u1edf S\u00e0i G\u00f2n","potentialAction":[{"@type":"SearchAction","target":{"@type":"EntryPoint","urlTemplate":"https:\/\/mybloomgroom.com\/?s={search_term_string}"},"query-input":{"@type":"PropertyValueSpecification","valueRequired":true,"valueName":"search_term_string"}}],"inLanguage":"vi"}]}},"_links":{"self":[{"href":"https:\/\/mybloomgroom.com\/vi\/wp-json\/wp\/v2\/product\/5768","targetHints":{"allow":["GET"]}}],"collection":[{"href":"https:\/\/mybloomgroom.com\/vi\/wp-json\/wp\/v2\/product"}],"about":[{"href":"https:\/\/mybloomgroom.com\/vi\/wp-json\/wp\/v2\/types\/product"}],"version-history":[{"count":0,"href":"https:\/\/mybloomgroom.com\/vi\/wp-json\/wp\/v2\/product\/5768\/revisions"}],"wp:featuredmedia":[{"embeddable":true,"href":"https:\/\/mybloomgroom.com\/vi\/wp-json\/wp\/v2\/media\/5710"}],"wp:attachment":[{"href":"https:\/\/mybloomgroom.com\/vi\/wp-json\/wp\/v2\/media?parent=5768"}],"wp:term":[{"taxonomy":"product_brand","embeddable":true,"href":"https:\/\/mybloomgroom.com\/vi\/wp-json\/wp\/v2\/product_brand?post=5768"},{"taxonomy":"product_cat","embeddable":true,"href":"https:\/\/mybloomgroom.com\/vi\/wp-json\/wp\/v2\/product_cat?post=5768"},{"taxonomy":"product_tag","embeddable":true,"href":"https:\/\/mybloomgroom.com\/vi\/wp-json\/wp\/v2\/product_tag?post=5768"}],"curies":[{"name":"wp","href":"https:\/\/api.w.org\/{rel}","templated":true}]}}