{"id":5762,"date":"2023-04-21T14:54:22","date_gmt":"2023-04-21T07:54:22","guid":{"rendered":"https:\/\/mybloomgroom.wamstore.com\/?post_type=product&#038;p=5762"},"modified":"2025-06-11T20:38:20","modified_gmt":"2025-06-11T13:38:20","slug":"no-4p-blonde-enhancer-toning-shampoo","status":"publish","type":"product","link":"https:\/\/mybloomgroom.com\/vi\/san-pham\/no-4p-blonde-enhancer-toning-shampoo\/","title":{"rendered":"OLAPLEX N\u00ba.4P BLONDE ENHANCER TONING SHAMPOO"},"content":{"rendered":"<h1 class=\"product__info-title h4\">N\u00ba.4P BLONDE ENHANCER TONING SHAMPOO<\/h1>","protected":false},"excerpt":{"rendered":"<h2 class=\"product-info-highlight__tittle label-lg text-uppercase\">GI\u1edaI THI\u1ec6U S\u1ed0 4P<\/h2>\n<h3 class=\"product-info-highlight__heading h4\">t\u00f3c v\u00e0ng kh\u00f4ng th\u1ec3 ph\u00e1 v\u1ee1<\/h3>\n<p class=\"p-lg\">D\u1ea7u g\u1ed9i t\u00edm c\u00f4 \u0111\u1eb7c cao gi\u00fap l\u00e0m s\u1ea1ch, l\u00e0m \u0111\u1ec1u m\u00e0u v\u00e0 s\u1eeda ch\u1eefa \u0111\u1ed3ng th\u1eddi gi\u1eef cho t\u00f3c ng\u1eadm n\u01b0\u1edbc t\u1eeb g\u1ed1c \u0111\u1ebfn ng\u1ecdn. C\u00f4ng th\u1ee9c kh\u00f4ng ch\u1ee9a sulfat t\u1ea1o ra nhi\u1ec1u b\u1ecdt \u0111\u1ec3 trung h\u00f2a \u0111\u1ed9 \u0111\u1ed3ng thau v\u00e0 t\u0103ng c\u01b0\u1eddng \u0111\u1ed9 s\u00e1ng sau m\u1ed9t l\u1ea7n s\u1eed d\u1ee5ng cho t\u1ea5t c\u1ea3 t\u00f3c v\u00e0ng, t\u00f3c s\u00e1ng v\u00e0 t\u00f3c b\u1ea1c.<\/p>\n<p>Khoa h\u1ecdc ch\u1ee9ng minh:<br \/>\nS\u00e1ng h\u01a1n g\u1ea5p 3 l\u1ea7n*<br \/>\n*So v\u1edbi d\u1ea7u g\u1ed9i t\u00edm h\u00e0ng \u0111\u1ea7u<\/p>","protected":false},"featured_media":5702,"template":"","meta":[],"product_brand":[],"product_cat":[42],"product_tag":[226,61,178],"class_list":{"0":"post-5762","1":"product","2":"type-product","3":"status-publish","4":"has-post-thumbnail","6":"product_cat-olaplex","7":"product_tag-blonde-hair","8":"product_tag-olaplex","9":"product_tag-shampoo","11":"first","12":"outofstock","13":"sale","14":"featured","15":"shipping-taxable","16":"purchasable","17":"product-type-simple"},"yoast_head":"<!-- This site is optimized with the Yoast SEO plugin v26.0 - https:\/\/yoast.com\/wordpress\/plugins\/seo\/ -->\n<title>OLAPLEX N\u00ba.4P BLONDE ENHANCER TONING SHAMPOO - BLOOM GROOM SALON<\/title>\n<meta name=\"description\" content=\"Highly concentrated purple shampoo cleanses, tones, and repairs while keeping hair hydrated from roots to ends sulfate-free formula\" \/>\n<meta name=\"robots\" content=\"index, follow, max-snippet:-1, max-image-preview:large, max-video-preview:-1\" \/>\n<link rel=\"canonical\" href=\"https:\/\/mybloomgroom.com\/vi\/san-pham\/no-4p-blonde-enhancer-toning-shampoo\/\" \/>\n<meta property=\"og:locale\" content=\"vi_VN\" \/>\n<meta property=\"og:type\" content=\"article\" \/>\n<meta property=\"og:title\" content=\"OLAPLEX N\u00ba.4P BLONDE ENHANCER TONING SHAMPOO - BLOOM GROOM SALON\" \/>\n<meta property=\"og:description\" content=\"Highly concentrated purple shampoo cleanses, tones, and repairs while keeping hair hydrated from roots to ends sulfate-free formula\" \/>\n<meta property=\"og:url\" content=\"https:\/\/mybloomgroom.com\/vi\/san-pham\/no-4p-blonde-enhancer-toning-shampoo\/\" \/>\n<meta property=\"og:site_name\" content=\"BLOOM GROOM SALON\" \/>\n<meta property=\"article:modified_time\" content=\"2025-06-11T13:38:20+00:00\" \/>\n<meta property=\"og:image\" content=\"https:\/\/mybloomgroom.com\/wp-content\/uploads\/2018\/04\/Olaplex-4p.jpeg\" \/>\n\t<meta property=\"og:image:width\" content=\"1080\" \/>\n\t<meta property=\"og:image:height\" content=\"1080\" \/>\n\t<meta property=\"og:image:type\" content=\"image\/jpeg\" \/>\n<meta name=\"twitter:card\" content=\"summary_large_image\" \/>\n<meta name=\"twitter:label1\" content=\"\u01af\u1edbc t\u00ednh th\u1eddi gian \u0111\u1ecdc\" \/>\n\t<meta name=\"twitter:data1\" content=\"1 ph\u00fat\" \/>\n<script type=\"application\/ld+json\" class=\"yoast-schema-graph\">{\"@context\":\"https:\/\/schema.org\",\"@graph\":[{\"@type\":\"WebPage\",\"@id\":\"https:\/\/mybloomgroom.com\/vi\/san-pham\/no-4p-blonde-enhancer-toning-shampoo\/\",\"url\":\"https:\/\/mybloomgroom.com\/vi\/san-pham\/no-4p-blonde-enhancer-toning-shampoo\/\",\"name\":\"OLAPLEX N\u00ba.4P BLONDE ENHANCER TONING SHAMPOO - BLOOM GROOM SALON\",\"isPartOf\":{\"@id\":\"https:\/\/mybloomgroom.com\/#website\"},\"primaryImageOfPage\":{\"@id\":\"https:\/\/mybloomgroom.com\/vi\/san-pham\/no-4p-blonde-enhancer-toning-shampoo\/#primaryimage\"},\"image\":{\"@id\":\"https:\/\/mybloomgroom.com\/vi\/san-pham\/no-4p-blonde-enhancer-toning-shampoo\/#primaryimage\"},\"thumbnailUrl\":\"https:\/\/mybloomgroom.com\/wp-content\/uploads\/2018\/04\/Olaplex-4p.jpeg\",\"datePublished\":\"2023-04-21T07:54:22+00:00\",\"dateModified\":\"2025-06-11T13:38:20+00:00\",\"description\":\"Highly concentrated purple shampoo cleanses, tones, and repairs while keeping hair hydrated from roots to ends sulfate-free formula\",\"breadcrumb\":{\"@id\":\"https:\/\/mybloomgroom.com\/vi\/san-pham\/no-4p-blonde-enhancer-toning-shampoo\/#breadcrumb\"},\"inLanguage\":\"vi\",\"potentialAction\":[{\"@type\":\"ReadAction\",\"target\":[\"https:\/\/mybloomgroom.com\/vi\/san-pham\/no-4p-blonde-enhancer-toning-shampoo\/\"]}]},{\"@type\":\"ImageObject\",\"inLanguage\":\"vi\",\"@id\":\"https:\/\/mybloomgroom.com\/vi\/san-pham\/no-4p-blonde-enhancer-toning-shampoo\/#primaryimage\",\"url\":\"https:\/\/mybloomgroom.com\/wp-content\/uploads\/2018\/04\/Olaplex-4p.jpeg\",\"contentUrl\":\"https:\/\/mybloomgroom.com\/wp-content\/uploads\/2018\/04\/Olaplex-4p.jpeg\",\"width\":1080,\"height\":1080,\"caption\":\"Olaplex No.4P Bond Maintenance Shampoo \u2013 Bloom Groom Saigon\"},{\"@type\":\"BreadcrumbList\",\"@id\":\"https:\/\/mybloomgroom.com\/vi\/san-pham\/no-4p-blonde-enhancer-toning-shampoo\/#breadcrumb\",\"itemListElement\":[{\"@type\":\"ListItem\",\"position\":1,\"name\":\"Home\",\"item\":\"http:\/\/mybloomgroom.com\/\"},{\"@type\":\"ListItem\",\"position\":2,\"name\":\"Salon Shop\",\"item\":\"http:\/\/mybloomgroom.com\/salon-shop\/\"},{\"@type\":\"ListItem\",\"position\":3,\"name\":\"OLAPLEX N\u00ba.4P BLONDE ENHANCER TONING SHAMPOO\"}]},{\"@type\":\"WebSite\",\"@id\":\"https:\/\/mybloomgroom.com\/#website\",\"url\":\"https:\/\/mybloomgroom.com\/\",\"name\":\"BLOOM GROOM SALON\",\"description\":\"Your beauty spa in Saigon\",\"potentialAction\":[{\"@type\":\"SearchAction\",\"target\":{\"@type\":\"EntryPoint\",\"urlTemplate\":\"https:\/\/mybloomgroom.com\/?s={search_term_string}\"},\"query-input\":{\"@type\":\"PropertyValueSpecification\",\"valueRequired\":true,\"valueName\":\"search_term_string\"}}],\"inLanguage\":\"vi\"}]}<\/script>\n<!-- \/ Yoast SEO plugin. -->","yoast_head_json":{"title":"OLAPLEX N\u00ba.4P BLONDE ENHANCER TONING SHAMPOO - BLOOM GROOM SALON","description":"Highly concentrated purple shampoo cleanses, tones, and repairs while keeping hair hydrated from roots to ends sulfate-free formula","robots":{"index":"index","follow":"follow","max-snippet":"max-snippet:-1","max-image-preview":"max-image-preview:large","max-video-preview":"max-video-preview:-1"},"canonical":"https:\/\/mybloomgroom.com\/vi\/san-pham\/no-4p-blonde-enhancer-toning-shampoo\/","og_locale":"vi_VN","og_type":"article","og_title":"OLAPLEX N\u00ba.4P BLONDE ENHANCER TONING SHAMPOO - BLOOM GROOM SALON","og_description":"Highly concentrated purple shampoo cleanses, tones, and repairs while keeping hair hydrated from roots to ends sulfate-free formula","og_url":"https:\/\/mybloomgroom.com\/vi\/san-pham\/no-4p-blonde-enhancer-toning-shampoo\/","og_site_name":"BLOOM GROOM SALON","article_modified_time":"2025-06-11T13:38:20+00:00","og_image":[{"width":1080,"height":1080,"url":"https:\/\/mybloomgroom.com\/wp-content\/uploads\/2018\/04\/Olaplex-4p.jpeg","type":"image\/jpeg"}],"twitter_card":"summary_large_image","twitter_misc":{"\u01af\u1edbc t\u00ednh th\u1eddi gian \u0111\u1ecdc":"1 ph\u00fat"},"schema":{"@context":"https:\/\/schema.org","@graph":[{"@type":"WebPage","@id":"https:\/\/mybloomgroom.com\/vi\/san-pham\/no-4p-blonde-enhancer-toning-shampoo\/","url":"https:\/\/mybloomgroom.com\/vi\/san-pham\/no-4p-blonde-enhancer-toning-shampoo\/","name":"OLAPLEX N\u00ba.4P BLONDE ENHANCER TONING SHAMPOO - BLOOM GROOM SALON","isPartOf":{"@id":"https:\/\/mybloomgroom.com\/#website"},"primaryImageOfPage":{"@id":"https:\/\/mybloomgroom.com\/vi\/san-pham\/no-4p-blonde-enhancer-toning-shampoo\/#primaryimage"},"image":{"@id":"https:\/\/mybloomgroom.com\/vi\/san-pham\/no-4p-blonde-enhancer-toning-shampoo\/#primaryimage"},"thumbnailUrl":"https:\/\/mybloomgroom.com\/wp-content\/uploads\/2018\/04\/Olaplex-4p.jpeg","datePublished":"2023-04-21T07:54:22+00:00","dateModified":"2025-06-11T13:38:20+00:00","description":"Highly concentrated purple shampoo cleanses, tones, and repairs while keeping hair hydrated from roots to ends sulfate-free formula","breadcrumb":{"@id":"https:\/\/mybloomgroom.com\/vi\/san-pham\/no-4p-blonde-enhancer-toning-shampoo\/#breadcrumb"},"inLanguage":"vi","potentialAction":[{"@type":"ReadAction","target":["https:\/\/mybloomgroom.com\/vi\/san-pham\/no-4p-blonde-enhancer-toning-shampoo\/"]}]},{"@type":"ImageObject","inLanguage":"vi","@id":"https:\/\/mybloomgroom.com\/vi\/san-pham\/no-4p-blonde-enhancer-toning-shampoo\/#primaryimage","url":"https:\/\/mybloomgroom.com\/wp-content\/uploads\/2018\/04\/Olaplex-4p.jpeg","contentUrl":"https:\/\/mybloomgroom.com\/wp-content\/uploads\/2018\/04\/Olaplex-4p.jpeg","width":1080,"height":1080,"caption":"Olaplex No.4P Bond Maintenance Shampoo \u2013 Bloom Groom Saigon"},{"@type":"BreadcrumbList","@id":"https:\/\/mybloomgroom.com\/vi\/san-pham\/no-4p-blonde-enhancer-toning-shampoo\/#breadcrumb","itemListElement":[{"@type":"ListItem","position":1,"name":"Home","item":"http:\/\/mybloomgroom.com\/"},{"@type":"ListItem","position":2,"name":"Salon Shop","item":"http:\/\/mybloomgroom.com\/salon-shop\/"},{"@type":"ListItem","position":3,"name":"OLAPLEX N\u00ba.4P BLONDE ENHANCER TONING SHAMPOO"}]},{"@type":"WebSite","@id":"https:\/\/mybloomgroom.com\/#website","url":"https:\/\/mybloomgroom.com\/","name":"BLOOM GROOM SALON","description":"Spa l\u00e0m \u0111\u1eb9p c\u1ee7a b\u1ea1n \u1edf S\u00e0i G\u00f2n","potentialAction":[{"@type":"SearchAction","target":{"@type":"EntryPoint","urlTemplate":"https:\/\/mybloomgroom.com\/?s={search_term_string}"},"query-input":{"@type":"PropertyValueSpecification","valueRequired":true,"valueName":"search_term_string"}}],"inLanguage":"vi"}]}},"_links":{"self":[{"href":"https:\/\/mybloomgroom.com\/vi\/wp-json\/wp\/v2\/product\/5762","targetHints":{"allow":["GET"]}}],"collection":[{"href":"https:\/\/mybloomgroom.com\/vi\/wp-json\/wp\/v2\/product"}],"about":[{"href":"https:\/\/mybloomgroom.com\/vi\/wp-json\/wp\/v2\/types\/product"}],"version-history":[{"count":0,"href":"https:\/\/mybloomgroom.com\/vi\/wp-json\/wp\/v2\/product\/5762\/revisions"}],"wp:featuredmedia":[{"embeddable":true,"href":"https:\/\/mybloomgroom.com\/vi\/wp-json\/wp\/v2\/media\/5702"}],"wp:attachment":[{"href":"https:\/\/mybloomgroom.com\/vi\/wp-json\/wp\/v2\/media?parent=5762"}],"wp:term":[{"taxonomy":"product_brand","embeddable":true,"href":"https:\/\/mybloomgroom.com\/vi\/wp-json\/wp\/v2\/product_brand?post=5762"},{"taxonomy":"product_cat","embeddable":true,"href":"https:\/\/mybloomgroom.com\/vi\/wp-json\/wp\/v2\/product_cat?post=5762"},{"taxonomy":"product_tag","embeddable":true,"href":"https:\/\/mybloomgroom.com\/vi\/wp-json\/wp\/v2\/product_tag?post=5762"}],"curies":[{"name":"wp","href":"https:\/\/api.w.org\/{rel}","templated":true}]}}