{"id":5754,"date":"2023-04-21T14:56:15","date_gmt":"2023-04-21T07:56:15","guid":{"rendered":"https:\/\/mybloomgroom.wamstore.com\/?post_type=product&#038;p=5754"},"modified":"2025-06-11T20:38:20","modified_gmt":"2025-06-11T13:38:20","slug":"no-4-bond-maintenance-shampoo","status":"publish","type":"product","link":"https:\/\/mybloomgroom.com\/vi\/san-pham\/no-4-bond-maintenance-shampoo\/","title":{"rendered":"D\u1ea6U G\u1ed8I B\u1ea2O D\u01af\u1ee0NG TR\u00c1I PHI\u1ebeU OLAPLEX S\u1ed0 4"},"content":{"rendered":"<h1 class=\"product__info-title h4\">D\u1ea6U G\u1ed8I B\u1ea2O D\u01af\u1ee0NG N\u00ba.4 BOND<\/h1>","protected":false},"excerpt":{"rendered":"<h2 class=\"product-info-highlight__tittle label-lg text-uppercase\">GI\u1edaI THI\u1ec6U S\u1ed0 4<\/h2>\n<h3 class=\"product-info-highlight__heading h4\">D\u1ea7u g\u1ed9i #1 t\u1ea1i Prestige Haircare*<\/h3>\n<p class=\"p-lg\">M\u1ed9t lo\u1ea1i d\u1ea7u g\u1ed9i r\u1ea5t b\u1ed5 d\u01b0\u1ee1ng v\u00e0 ph\u1ee5c h\u1ed3i.<b><\/b><\/p>\n<p>D\u1ea7u g\u1ed9i N\u00b04 s\u1eeda ch\u1eefa v\u00e0 b\u1ea3o v\u1ec7 t\u00f3c kh\u1ecfi nh\u1eefng t\u00e1c \u0111\u1ed9ng h\u00e0ng ng\u00e0y \u2014 bao g\u1ed3m t\u00f3c h\u01b0 t\u1ed5n, ch\u1ebb ng\u1ecdn v\u00e0 xo\u0103n c\u1ee9ng \u2014 b\u1eb1ng c\u00e1ch li\u00ean k\u1ebft l\u1ea1i c\u00e1c li\u00ean k\u1ebft b\u1ecb \u0111\u1ee9t. Gi\u00fap t\u00f3c d\u1ec5 qu\u1ea3n l\u00fd h\u01a1n, b\u00f3ng m\u01b0\u1ee3t v\u00e0 kh\u1ecfe m\u1ea1nh h\u01a1n sau m\u1ed7i l\u1ea7n s\u1eed d\u1ee5ng. N\u00b04 an to\u00e0n v\u1edbi m\u00e0u nhu\u1ed9m v\u00e0 \u0111\u00e3 \u0111\u01b0\u1ee3c ch\u1ee9ng minh l\u00e0 c\u00f3 t\u00e1c d\u1ee5ng gi\u1ea3m g\u00e3y r\u1ee5ng v\u00e0 t\u0103ng c\u01b0\u1eddng \u0111\u1ed9 ch\u1eafc kh\u1ecfe cho m\u1ecdi lo\u1ea1i t\u00f3c.<\/p>\n<p>C\u00e2n b\u1eb1ng PH: 6-6,5<\/p>","protected":false},"featured_media":5755,"template":"","meta":[],"product_brand":[],"product_cat":[42],"product_tag":[225,61,178],"class_list":{"0":"post-5754","1":"product","2":"type-product","3":"status-publish","4":"has-post-thumbnail","6":"product_cat-olaplex","7":"product_tag-all-hair-types","8":"product_tag-olaplex","9":"product_tag-shampoo","11":"first","12":"outofstock","13":"sale","14":"shipping-taxable","15":"purchasable","16":"product-type-simple"},"yoast_head":"<!-- This site is optimized with the Yoast SEO plugin v26.0 - https:\/\/yoast.com\/wordpress\/plugins\/seo\/ -->\n<title>OLAPLEX N\u00ba.4 BOND MAINTENANCE SHAMPOO - BLOOM GROOM SALON<\/title>\n<meta name=\"description\" content=\"N\u00b04 Shampoo repairs and protects hair from everyday stresses \u2014 including damaged hair, split ends, and frizz \u2014 by re-linking broken bonds.\" \/>\n<meta name=\"robots\" content=\"index, follow, max-snippet:-1, max-image-preview:large, max-video-preview:-1\" \/>\n<link rel=\"canonical\" href=\"https:\/\/mybloomgroom.com\/vi\/san-pham\/no-4-bond-maintenance-shampoo\/\" \/>\n<meta property=\"og:locale\" content=\"vi_VN\" \/>\n<meta property=\"og:type\" content=\"article\" \/>\n<meta property=\"og:title\" content=\"OLAPLEX N\u00ba.4 BOND MAINTENANCE SHAMPOO - BLOOM GROOM SALON\" \/>\n<meta property=\"og:description\" content=\"N\u00b04 Shampoo repairs and protects hair from everyday stresses \u2014 including damaged hair, split ends, and frizz \u2014 by re-linking broken bonds.\" \/>\n<meta property=\"og:url\" content=\"https:\/\/mybloomgroom.com\/vi\/san-pham\/no-4-bond-maintenance-shampoo\/\" \/>\n<meta property=\"og:site_name\" content=\"BLOOM GROOM SALON\" \/>\n<meta property=\"article:modified_time\" content=\"2025-06-11T13:38:20+00:00\" \/>\n<meta property=\"og:image\" content=\"https:\/\/mybloomgroom.com\/wp-content\/uploads\/2023\/03\/Olaplex-no-4.jpeg\" \/>\n\t<meta property=\"og:image:width\" content=\"1080\" \/>\n\t<meta property=\"og:image:height\" content=\"1080\" \/>\n\t<meta property=\"og:image:type\" content=\"image\/jpeg\" \/>\n<meta name=\"twitter:card\" content=\"summary_large_image\" \/>\n<meta name=\"twitter:label1\" content=\"\u01af\u1edbc t\u00ednh th\u1eddi gian \u0111\u1ecdc\" \/>\n\t<meta name=\"twitter:data1\" content=\"1 ph\u00fat\" \/>\n<script type=\"application\/ld+json\" class=\"yoast-schema-graph\">{\"@context\":\"https:\/\/schema.org\",\"@graph\":[{\"@type\":\"WebPage\",\"@id\":\"https:\/\/mybloomgroom.com\/vi\/san-pham\/no-4-bond-maintenance-shampoo\/\",\"url\":\"https:\/\/mybloomgroom.com\/vi\/san-pham\/no-4-bond-maintenance-shampoo\/\",\"name\":\"OLAPLEX N\u00ba.4 BOND MAINTENANCE SHAMPOO - BLOOM GROOM SALON\",\"isPartOf\":{\"@id\":\"https:\/\/mybloomgroom.com\/#website\"},\"primaryImageOfPage\":{\"@id\":\"https:\/\/mybloomgroom.com\/vi\/san-pham\/no-4-bond-maintenance-shampoo\/#primaryimage\"},\"image\":{\"@id\":\"https:\/\/mybloomgroom.com\/vi\/san-pham\/no-4-bond-maintenance-shampoo\/#primaryimage\"},\"thumbnailUrl\":\"https:\/\/mybloomgroom.com\/wp-content\/uploads\/2023\/03\/Olaplex-no-4.jpeg\",\"datePublished\":\"2023-04-21T07:56:15+00:00\",\"dateModified\":\"2025-06-11T13:38:20+00:00\",\"description\":\"N\u00b04 Shampoo repairs and protects hair from everyday stresses \u2014 including damaged hair, split ends, and frizz \u2014 by re-linking broken bonds.\",\"breadcrumb\":{\"@id\":\"https:\/\/mybloomgroom.com\/vi\/san-pham\/no-4-bond-maintenance-shampoo\/#breadcrumb\"},\"inLanguage\":\"vi\",\"potentialAction\":[{\"@type\":\"ReadAction\",\"target\":[\"https:\/\/mybloomgroom.com\/vi\/san-pham\/no-4-bond-maintenance-shampoo\/\"]}]},{\"@type\":\"ImageObject\",\"inLanguage\":\"vi\",\"@id\":\"https:\/\/mybloomgroom.com\/vi\/san-pham\/no-4-bond-maintenance-shampoo\/#primaryimage\",\"url\":\"https:\/\/mybloomgroom.com\/wp-content\/uploads\/2023\/03\/Olaplex-no-4.jpeg\",\"contentUrl\":\"https:\/\/mybloomgroom.com\/wp-content\/uploads\/2023\/03\/Olaplex-no-4.jpeg\",\"width\":1080,\"height\":1080,\"caption\":\"Olaplex No.4 Bond Maintenance Shampoo \u2013 Bloom Groom Saigon\"},{\"@type\":\"BreadcrumbList\",\"@id\":\"https:\/\/mybloomgroom.com\/vi\/san-pham\/no-4-bond-maintenance-shampoo\/#breadcrumb\",\"itemListElement\":[{\"@type\":\"ListItem\",\"position\":1,\"name\":\"Home\",\"item\":\"https:\/\/mybloomgroom.com\/\"},{\"@type\":\"ListItem\",\"position\":2,\"name\":\"Salon Shop\",\"item\":\"https:\/\/mybloomgroom.com\/salon-shop\/\"},{\"@type\":\"ListItem\",\"position\":3,\"name\":\"OLAPLEX N\u00ba.4 BOND MAINTENANCE SHAMPOO\"}]},{\"@type\":\"WebSite\",\"@id\":\"https:\/\/mybloomgroom.com\/#website\",\"url\":\"https:\/\/mybloomgroom.com\/\",\"name\":\"BLOOM GROOM SALON\",\"description\":\"Your beauty spa in Saigon\",\"potentialAction\":[{\"@type\":\"SearchAction\",\"target\":{\"@type\":\"EntryPoint\",\"urlTemplate\":\"https:\/\/mybloomgroom.com\/?s={search_term_string}\"},\"query-input\":{\"@type\":\"PropertyValueSpecification\",\"valueRequired\":true,\"valueName\":\"search_term_string\"}}],\"inLanguage\":\"vi\"}]}<\/script>\n<!-- \/ Yoast SEO plugin. -->","yoast_head_json":{"title":"OLAPLEX N\u00ba.4 BOND MAINTENANCE SHAMPOO - BLOOM GROOM SALON","description":"N\u00b04 Shampoo repairs and protects hair from everyday stresses \u2014 including damaged hair, split ends, and frizz \u2014 by re-linking broken bonds.","robots":{"index":"index","follow":"follow","max-snippet":"max-snippet:-1","max-image-preview":"max-image-preview:large","max-video-preview":"max-video-preview:-1"},"canonical":"https:\/\/mybloomgroom.com\/vi\/san-pham\/no-4-bond-maintenance-shampoo\/","og_locale":"vi_VN","og_type":"article","og_title":"OLAPLEX N\u00ba.4 BOND MAINTENANCE SHAMPOO - BLOOM GROOM SALON","og_description":"N\u00b04 Shampoo repairs and protects hair from everyday stresses \u2014 including damaged hair, split ends, and frizz \u2014 by re-linking broken bonds.","og_url":"https:\/\/mybloomgroom.com\/vi\/san-pham\/no-4-bond-maintenance-shampoo\/","og_site_name":"BLOOM GROOM SALON","article_modified_time":"2025-06-11T13:38:20+00:00","og_image":[{"width":1080,"height":1080,"url":"https:\/\/mybloomgroom.com\/wp-content\/uploads\/2023\/03\/Olaplex-no-4.jpeg","type":"image\/jpeg"}],"twitter_card":"summary_large_image","twitter_misc":{"\u01af\u1edbc t\u00ednh th\u1eddi gian \u0111\u1ecdc":"1 ph\u00fat"},"schema":{"@context":"https:\/\/schema.org","@graph":[{"@type":"WebPage","@id":"https:\/\/mybloomgroom.com\/vi\/san-pham\/no-4-bond-maintenance-shampoo\/","url":"https:\/\/mybloomgroom.com\/vi\/san-pham\/no-4-bond-maintenance-shampoo\/","name":"OLAPLEX N\u00ba.4 BOND MAINTENANCE SHAMPOO - BLOOM GROOM SALON","isPartOf":{"@id":"https:\/\/mybloomgroom.com\/#website"},"primaryImageOfPage":{"@id":"https:\/\/mybloomgroom.com\/vi\/san-pham\/no-4-bond-maintenance-shampoo\/#primaryimage"},"image":{"@id":"https:\/\/mybloomgroom.com\/vi\/san-pham\/no-4-bond-maintenance-shampoo\/#primaryimage"},"thumbnailUrl":"https:\/\/mybloomgroom.com\/wp-content\/uploads\/2023\/03\/Olaplex-no-4.jpeg","datePublished":"2023-04-21T07:56:15+00:00","dateModified":"2025-06-11T13:38:20+00:00","description":"N\u00b04 Shampoo repairs and protects hair from everyday stresses \u2014 including damaged hair, split ends, and frizz \u2014 by re-linking broken bonds.","breadcrumb":{"@id":"https:\/\/mybloomgroom.com\/vi\/san-pham\/no-4-bond-maintenance-shampoo\/#breadcrumb"},"inLanguage":"vi","potentialAction":[{"@type":"ReadAction","target":["https:\/\/mybloomgroom.com\/vi\/san-pham\/no-4-bond-maintenance-shampoo\/"]}]},{"@type":"ImageObject","inLanguage":"vi","@id":"https:\/\/mybloomgroom.com\/vi\/san-pham\/no-4-bond-maintenance-shampoo\/#primaryimage","url":"https:\/\/mybloomgroom.com\/wp-content\/uploads\/2023\/03\/Olaplex-no-4.jpeg","contentUrl":"https:\/\/mybloomgroom.com\/wp-content\/uploads\/2023\/03\/Olaplex-no-4.jpeg","width":1080,"height":1080,"caption":"Olaplex No.4 Bond Maintenance Shampoo \u2013 Bloom Groom Saigon"},{"@type":"BreadcrumbList","@id":"https:\/\/mybloomgroom.com\/vi\/san-pham\/no-4-bond-maintenance-shampoo\/#breadcrumb","itemListElement":[{"@type":"ListItem","position":1,"name":"Home","item":"https:\/\/mybloomgroom.com\/"},{"@type":"ListItem","position":2,"name":"Salon Shop","item":"https:\/\/mybloomgroom.com\/salon-shop\/"},{"@type":"ListItem","position":3,"name":"OLAPLEX N\u00ba.4 BOND MAINTENANCE SHAMPOO"}]},{"@type":"WebSite","@id":"https:\/\/mybloomgroom.com\/#website","url":"https:\/\/mybloomgroom.com\/","name":"BLOOM GROOM SALON","description":"Spa l\u00e0m \u0111\u1eb9p c\u1ee7a b\u1ea1n \u1edf S\u00e0i G\u00f2n","potentialAction":[{"@type":"SearchAction","target":{"@type":"EntryPoint","urlTemplate":"https:\/\/mybloomgroom.com\/?s={search_term_string}"},"query-input":{"@type":"PropertyValueSpecification","valueRequired":true,"valueName":"search_term_string"}}],"inLanguage":"vi"}]}},"_links":{"self":[{"href":"https:\/\/mybloomgroom.com\/vi\/wp-json\/wp\/v2\/product\/5754","targetHints":{"allow":["GET"]}}],"collection":[{"href":"https:\/\/mybloomgroom.com\/vi\/wp-json\/wp\/v2\/product"}],"about":[{"href":"https:\/\/mybloomgroom.com\/vi\/wp-json\/wp\/v2\/types\/product"}],"version-history":[{"count":0,"href":"https:\/\/mybloomgroom.com\/vi\/wp-json\/wp\/v2\/product\/5754\/revisions"}],"wp:featuredmedia":[{"embeddable":true,"href":"https:\/\/mybloomgroom.com\/vi\/wp-json\/wp\/v2\/media\/5755"}],"wp:attachment":[{"href":"https:\/\/mybloomgroom.com\/vi\/wp-json\/wp\/v2\/media?parent=5754"}],"wp:term":[{"taxonomy":"product_brand","embeddable":true,"href":"https:\/\/mybloomgroom.com\/vi\/wp-json\/wp\/v2\/product_brand?post=5754"},{"taxonomy":"product_cat","embeddable":true,"href":"https:\/\/mybloomgroom.com\/vi\/wp-json\/wp\/v2\/product_cat?post=5754"},{"taxonomy":"product_tag","embeddable":true,"href":"https:\/\/mybloomgroom.com\/vi\/wp-json\/wp\/v2\/product_tag?post=5754"}],"curies":[{"name":"wp","href":"https:\/\/api.w.org\/{rel}","templated":true}]}}