{"id":1871,"date":"2023-04-21T14:59:10","date_gmt":"2023-04-21T07:59:10","guid":{"rendered":"https:\/\/curly.qodeinteractive.com\/elementor\/?post_type=product&#038;p=1871"},"modified":"2025-08-30T08:58:38","modified_gmt":"2025-08-30T01:58:38","slug":"olaplex-no-3","status":"publish","type":"product","link":"https:\/\/mybloomgroom.com\/vi\/san-pham\/olaplex-no-3\/","title":{"rendered":"OLAPLEX s\u1ed1 3"},"content":{"rendered":"<p>S\u1ed0 3 T\u00d3C HO\u00c0N H\u1ea2O\u2122<\/p>","protected":false},"excerpt":{"rendered":"<p><strong>#1 TR\u1eca R\u1ee4NG T\u00d3C UY T\u00cdN*<\/strong><\/p>\n<p>Ph\u01b0\u01a1ng ph\u00e1p \u0111i\u1ec1u tr\u1ecb tr\u01b0\u1edbc khi g\u1ed9i \u0111\u1ea7u h\u00e0ng tu\u1ea7n n\u00e0y gi\u00fap s\u1eeda ch\u1eefa v\u00e0 ng\u0103n ng\u1eeba h\u01b0 t\u1ed5n cho m\u00e1i t\u00f3c ch\u1eafc kh\u1ecfe h\u01a1n ch\u1ec9 sau m\u1ed9t l\u1ea7n s\u1eed d\u1ee5ng. Kh\u00f4ng ph\u1ea3i l\u00e0 d\u1ea7u x\u1ea3, m\u1eb7t n\u1ea1 hay ph\u01b0\u01a1ng ph\u00e1p \u0111i\u1ec1u tr\u1ecb b\u1eb1ng protein \u2013 N\u00ba.3 Hair Perfector\u2122 l\u00e0 m\u1ed9t ch\u1ea5t t\u1ea1o li\u00ean k\u1ebft s\u00e1ng t\u1ea1o \u0111\u1ec3 s\u1eeda ch\u1eefa h\u01b0 t\u1ed5n ngay t\u1eeb \u0111\u1ea7u, \u1edf c\u1ea5p \u0111\u1ed9 ph\u00e2n t\u1eed. \u0110\u00f3 l\u00e0 l\u00fd do t\u1ea1i sao n\u00f3 \u0111\u01b0\u1ee3c c\u00e1c nh\u00e0 t\u1ea1o m\u1eabu, bi\u00ean t\u1eadp vi\u00ean v\u00e0 nh\u1eefng ng\u01b0\u1eddi t\u00ecm ki\u1ebfm m\u00e1i t\u00f3c kh\u1ecfe m\u1ea1nh tin d\u00f9ng.<\/p>\n<p>C\u00f4ng ngh\u1ec7 OLAPLEX Bond Building Technology\u2122 \u0111\u00e3 \u0111\u01b0\u1ee3c c\u1ea5p b\u1eb1ng s\u00e1ng ch\u1ebf gi\u00fap x\u00e2y d\u1ef1ng l\u1ea1i c\u00e1c li\u00ean k\u1ebft disulfide b\u1ecb g\u00e3y \u0111\u1ec3 ph\u1ee5c h\u1ed3i s\u1ee9c m\u1ea1nh cho m\u00e1i t\u00f3c kh\u1ecfe m\u1ea1nh h\u01a1n r\u00f5 r\u1ec7t.<\/p>\n<p><strong>L\u1ee2I \u00cdCH CH\u00cdNH<\/strong><\/p>\n<ul>\n<li>S\u1eeda ch\u1eefa v\u00e0 ng\u0103n ng\u1eeba thi\u1ec7t h\u1ea1i<\/li>\n<li>T\u00f3c tr\u00f4ng v\u00e0 c\u1ea3m th\u1ea5y kh\u1ecfe m\u1ea1nh h\u01a1n<\/li>\n<li>Gi\u1ea3m g\u00e3y r\u1ee5ng v\u00e0 ch\u1ebb ng\u1ecdn<\/li>\n<\/ul>","protected":false},"featured_media":5705,"template":"","meta":[],"product_brand":[],"product_cat":[42],"product_tag":[225,231,61,180],"class_list":{"0":"post-1871","1":"product","2":"type-product","3":"status-publish","4":"has-post-thumbnail","6":"product_cat-olaplex","7":"product_tag-all-hair-types","8":"product_tag-damaged-hair","9":"product_tag-olaplex","10":"product_tag-treatment","12":"first","13":"instock","14":"featured","15":"shipping-taxable","16":"purchasable","17":"product-type-simple"},"yoast_head":"<!-- This site is optimized with the Yoast SEO plugin v26.0 - https:\/\/yoast.com\/wordpress\/plugins\/seo\/ -->\n<title>OLAPLEX N\u00ba.3 - BLOOM GROOM SALON<\/title>\n<meta name=\"description\" content=\"This weekly pre-shampoo treatment repairs and prevents damage for stronger, healthier-looking hair after just one use.\" \/>\n<meta name=\"robots\" content=\"index, follow, max-snippet:-1, max-image-preview:large, max-video-preview:-1\" \/>\n<link rel=\"canonical\" href=\"http:\/\/mybloomgroom.com\/vi\/san-pham\/olaplex-no-3\/\" \/>\n<meta property=\"og:locale\" content=\"vi_VN\" \/>\n<meta property=\"og:type\" content=\"article\" \/>\n<meta property=\"og:title\" content=\"OLAPLEX N\u00ba.3 - BLOOM GROOM SALON\" \/>\n<meta property=\"og:description\" content=\"This weekly pre-shampoo treatment repairs and prevents damage for stronger, healthier-looking hair after just one use.\" \/>\n<meta property=\"og:url\" content=\"http:\/\/mybloomgroom.com\/vi\/san-pham\/olaplex-no-3\/\" \/>\n<meta property=\"og:site_name\" content=\"BLOOM GROOM SALON\" \/>\n<meta property=\"article:modified_time\" content=\"2025-08-30T01:58:38+00:00\" \/>\n<meta property=\"og:image\" content=\"http:\/\/mybloomgroom.com\/wp-content\/uploads\/2018\/04\/Olaplex-no-3.jpg\" \/>\n\t<meta property=\"og:image:width\" content=\"1080\" \/>\n\t<meta property=\"og:image:height\" content=\"1080\" \/>\n\t<meta property=\"og:image:type\" content=\"image\/jpeg\" \/>\n<meta name=\"twitter:card\" content=\"summary_large_image\" \/>\n<meta name=\"twitter:label1\" content=\"\u01af\u1edbc t\u00ednh th\u1eddi gian \u0111\u1ecdc\" \/>\n\t<meta name=\"twitter:data1\" content=\"1 ph\u00fat\" \/>\n<script type=\"application\/ld+json\" class=\"yoast-schema-graph\">{\"@context\":\"https:\/\/schema.org\",\"@graph\":[{\"@type\":\"WebPage\",\"@id\":\"http:\/\/mybloomgroom.com\/product\/olaplex-no-3\/\",\"url\":\"http:\/\/mybloomgroom.com\/product\/olaplex-no-3\/\",\"name\":\"OLAPLEX N\u00ba.3 - BLOOM GROOM SALON\",\"isPartOf\":{\"@id\":\"https:\/\/mybloomgroom.com\/#website\"},\"primaryImageOfPage\":{\"@id\":\"http:\/\/mybloomgroom.com\/product\/olaplex-no-3\/#primaryimage\"},\"image\":{\"@id\":\"http:\/\/mybloomgroom.com\/product\/olaplex-no-3\/#primaryimage\"},\"thumbnailUrl\":\"https:\/\/mybloomgroom.com\/wp-content\/uploads\/2018\/04\/Olaplex-no-3.jpg\",\"datePublished\":\"2023-04-21T07:59:10+00:00\",\"dateModified\":\"2025-08-30T01:58:38+00:00\",\"description\":\"This weekly pre-shampoo treatment repairs and prevents damage for stronger, healthier-looking hair after just one use.\",\"breadcrumb\":{\"@id\":\"http:\/\/mybloomgroom.com\/product\/olaplex-no-3\/#breadcrumb\"},\"inLanguage\":\"vi\",\"potentialAction\":[{\"@type\":\"ReadAction\",\"target\":[\"http:\/\/mybloomgroom.com\/product\/olaplex-no-3\/\"]}]},{\"@type\":\"ImageObject\",\"inLanguage\":\"vi\",\"@id\":\"http:\/\/mybloomgroom.com\/product\/olaplex-no-3\/#primaryimage\",\"url\":\"https:\/\/mybloomgroom.com\/wp-content\/uploads\/2018\/04\/Olaplex-no-3.jpg\",\"contentUrl\":\"https:\/\/mybloomgroom.com\/wp-content\/uploads\/2018\/04\/Olaplex-no-3.jpg\",\"width\":1080,\"height\":1080,\"caption\":\"Olaplex No.3 Hair Perfector \u2013 Bloom Groom Hair Salon Saigon\"},{\"@type\":\"BreadcrumbList\",\"@id\":\"http:\/\/mybloomgroom.com\/product\/olaplex-no-3\/#breadcrumb\",\"itemListElement\":[{\"@type\":\"ListItem\",\"position\":1,\"name\":\"Home\",\"item\":\"https:\/\/mybloomgroom.com\/\"},{\"@type\":\"ListItem\",\"position\":2,\"name\":\"Salon Shop\",\"item\":\"https:\/\/mybloomgroom.com\/salon-shop\/\"},{\"@type\":\"ListItem\",\"position\":3,\"name\":\"OLAPLEX N\u00ba.3\"}]},{\"@type\":\"WebSite\",\"@id\":\"https:\/\/mybloomgroom.com\/#website\",\"url\":\"https:\/\/mybloomgroom.com\/\",\"name\":\"BLOOM GROOM SALON\",\"description\":\"Your beauty spa in Saigon\",\"potentialAction\":[{\"@type\":\"SearchAction\",\"target\":{\"@type\":\"EntryPoint\",\"urlTemplate\":\"https:\/\/mybloomgroom.com\/?s={search_term_string}\"},\"query-input\":{\"@type\":\"PropertyValueSpecification\",\"valueRequired\":true,\"valueName\":\"search_term_string\"}}],\"inLanguage\":\"vi\"}]}<\/script>\n<!-- \/ Yoast SEO plugin. -->","yoast_head_json":{"title":"OLAPLEX N\u00ba.3 - BLOOM GROOM SALON","description":"This weekly pre-shampoo treatment repairs and prevents damage for stronger, healthier-looking hair after just one use.","robots":{"index":"index","follow":"follow","max-snippet":"max-snippet:-1","max-image-preview":"max-image-preview:large","max-video-preview":"max-video-preview:-1"},"canonical":"http:\/\/mybloomgroom.com\/vi\/san-pham\/olaplex-no-3\/","og_locale":"vi_VN","og_type":"article","og_title":"OLAPLEX N\u00ba.3 - BLOOM GROOM SALON","og_description":"This weekly pre-shampoo treatment repairs and prevents damage for stronger, healthier-looking hair after just one use.","og_url":"http:\/\/mybloomgroom.com\/vi\/san-pham\/olaplex-no-3\/","og_site_name":"BLOOM GROOM SALON","article_modified_time":"2025-08-30T01:58:38+00:00","og_image":[{"width":1080,"height":1080,"url":"http:\/\/mybloomgroom.com\/wp-content\/uploads\/2018\/04\/Olaplex-no-3.jpg","type":"image\/jpeg"}],"twitter_card":"summary_large_image","twitter_misc":{"\u01af\u1edbc t\u00ednh th\u1eddi gian \u0111\u1ecdc":"1 ph\u00fat"},"schema":{"@context":"https:\/\/schema.org","@graph":[{"@type":"WebPage","@id":"http:\/\/mybloomgroom.com\/product\/olaplex-no-3\/","url":"http:\/\/mybloomgroom.com\/product\/olaplex-no-3\/","name":"OLAPLEX N\u00ba.3 - BLOOM GROOM SALON","isPartOf":{"@id":"https:\/\/mybloomgroom.com\/#website"},"primaryImageOfPage":{"@id":"http:\/\/mybloomgroom.com\/product\/olaplex-no-3\/#primaryimage"},"image":{"@id":"http:\/\/mybloomgroom.com\/product\/olaplex-no-3\/#primaryimage"},"thumbnailUrl":"https:\/\/mybloomgroom.com\/wp-content\/uploads\/2018\/04\/Olaplex-no-3.jpg","datePublished":"2023-04-21T07:59:10+00:00","dateModified":"2025-08-30T01:58:38+00:00","description":"This weekly pre-shampoo treatment repairs and prevents damage for stronger, healthier-looking hair after just one use.","breadcrumb":{"@id":"http:\/\/mybloomgroom.com\/product\/olaplex-no-3\/#breadcrumb"},"inLanguage":"vi","potentialAction":[{"@type":"ReadAction","target":["http:\/\/mybloomgroom.com\/product\/olaplex-no-3\/"]}]},{"@type":"ImageObject","inLanguage":"vi","@id":"http:\/\/mybloomgroom.com\/product\/olaplex-no-3\/#primaryimage","url":"https:\/\/mybloomgroom.com\/wp-content\/uploads\/2018\/04\/Olaplex-no-3.jpg","contentUrl":"https:\/\/mybloomgroom.com\/wp-content\/uploads\/2018\/04\/Olaplex-no-3.jpg","width":1080,"height":1080,"caption":"Olaplex No.3 Hair Perfector \u2013 Bloom Groom Hair Salon Saigon"},{"@type":"BreadcrumbList","@id":"http:\/\/mybloomgroom.com\/product\/olaplex-no-3\/#breadcrumb","itemListElement":[{"@type":"ListItem","position":1,"name":"Home","item":"https:\/\/mybloomgroom.com\/"},{"@type":"ListItem","position":2,"name":"Salon Shop","item":"https:\/\/mybloomgroom.com\/salon-shop\/"},{"@type":"ListItem","position":3,"name":"OLAPLEX N\u00ba.3"}]},{"@type":"WebSite","@id":"https:\/\/mybloomgroom.com\/#website","url":"https:\/\/mybloomgroom.com\/","name":"BLOOM GROOM SALON","description":"Spa l\u00e0m \u0111\u1eb9p c\u1ee7a b\u1ea1n \u1edf S\u00e0i G\u00f2n","potentialAction":[{"@type":"SearchAction","target":{"@type":"EntryPoint","urlTemplate":"https:\/\/mybloomgroom.com\/?s={search_term_string}"},"query-input":{"@type":"PropertyValueSpecification","valueRequired":true,"valueName":"search_term_string"}}],"inLanguage":"vi"}]}},"_links":{"self":[{"href":"https:\/\/mybloomgroom.com\/vi\/wp-json\/wp\/v2\/product\/1871","targetHints":{"allow":["GET"]}}],"collection":[{"href":"https:\/\/mybloomgroom.com\/vi\/wp-json\/wp\/v2\/product"}],"about":[{"href":"https:\/\/mybloomgroom.com\/vi\/wp-json\/wp\/v2\/types\/product"}],"version-history":[{"count":0,"href":"https:\/\/mybloomgroom.com\/vi\/wp-json\/wp\/v2\/product\/1871\/revisions"}],"wp:featuredmedia":[{"embeddable":true,"href":"https:\/\/mybloomgroom.com\/vi\/wp-json\/wp\/v2\/media\/5705"}],"wp:attachment":[{"href":"https:\/\/mybloomgroom.com\/vi\/wp-json\/wp\/v2\/media?parent=1871"}],"wp:term":[{"taxonomy":"product_brand","embeddable":true,"href":"https:\/\/mybloomgroom.com\/vi\/wp-json\/wp\/v2\/product_brand?post=1871"},{"taxonomy":"product_cat","embeddable":true,"href":"https:\/\/mybloomgroom.com\/vi\/wp-json\/wp\/v2\/product_cat?post=1871"},{"taxonomy":"product_tag","embeddable":true,"href":"https:\/\/mybloomgroom.com\/vi\/wp-json\/wp\/v2\/product_tag?post=1871"}],"curies":[{"name":"wp","href":"https:\/\/api.w.org\/{rel}","templated":true}]}}