{"id":6861,"date":"2023-05-09T00:01:44","date_gmt":"2023-05-08T17:01:44","guid":{"rendered":"https:\/\/mybloomgroom.com\/?post_type=product&#038;p=6861"},"modified":"2025-03-27T10:17:45","modified_gmt":"2025-03-27T03:17:45","slug":"kevin-murphy-maxi-wash","status":"publish","type":"product","link":"http:\/\/mybloomgroom.com\/vi\/san-pham\/kevin-murphy-maxi-wash\/","title":{"rendered":"KEVIN MURPHY MAXI.WASH"},"content":{"rendered":"<h2>D\u1ea6U G\u1ed8I GI\u1ea2I \u0110\u1ed8C<\/h2>","protected":false},"excerpt":{"rendered":"<p>\u0110\u01b0\u1ee3c thi\u1ebft k\u1ebf \u0111\u1ec3 cung c\u1ea5p qu\u00e1 tr\u00ecnh gi\u1ea3i \u0111\u1ed9c r\u1ea5t c\u1ea7n thi\u1ebft, MAXI.WASH lo\u1ea1i b\u1ecf s\u1ef1 t\u00edch t\u1ee5 c\u1ee7a c\u00e1c s\u1ea3n ph\u1ea9m v\u00e0 h\u00f3a ch\u1ea5t kh\u00f4ng mong mu\u1ed1n kh\u1ecfi t\u00f3c. D\u1ea7u g\u1ed9i gi\u1ea3i \u0111\u1ed9c nh\u1eb9 nh\u00e0ng c\u1ee7a ch\u00fang t\u00f4i gi\u00fap thanh l\u1ecdc cho da \u0111\u1ea7u s\u1ea1ch s\u1ebd, trong tr\u1ebbo v\u00e0 s\u1ea3ng kho\u00e1i, \u0111\u1ed3ng th\u1eddi h\u1ed7n h\u1ee3p tinh d\u1ea7u nh\u1eb9 nh\u00e0ng c\u1ee7a ch\u00fang t\u00f4i s\u1ebd l\u00e0m s\u00e1ng t\u00f3c \u0111\u1ed3ng th\u1eddi thanh l\u1ecdc v\u00e0 c\u00e2n b\u1eb1ng da \u0111\u1ea7u. H\u00e0nh \u0111\u1ed9ng l\u00e0m s\u1ea1ch s\u00e2u c\u1ee7a n\u00f3 gi\u00fap l\u00e0m s\u1ea1ch k\u1ef9 l\u01b0\u1ee1ng m\u00e0 kh\u00f4ng l\u00e0m m\u1ea5t \u0111i l\u1edbp tinh d\u1ea7u tr\u00ean t\u00f3c.<\/p>\n<p><strong>GI\u1edaI THI\u1ec6U V\u1ec0 MAXI.WASH<\/strong><\/p>\n<p>Cung c\u1ea5p cho t\u00f3c m\u1ed9t gi\u1ea3i \u0111\u1ed9c r\u1ea5t c\u1ea7n thi\u1ebft. D\u1ea7u g\u1ed9i gi\u1ea3i \u0111\u1ed9c c\u1ee7a ch\u00fang t\u00f4i nh\u1eb9 nh\u00e0ng nh\u01b0ng lo\u1ea1i b\u1ecf hi\u1ec7u qu\u1ea3 s\u1ea3n ph\u1ea9m kh\u00f4ng mong mu\u1ed1n v\u00e0 kho\u00e1ng ch\u1ea5t t\u00edch t\u1ee5 kh\u1ecfi t\u00f3c m\u00e0 kh\u00f4ng l\u00e0m m\u1ea5t \u0111i l\u1edbp d\u1ea7u t\u1ef1 nhi\u00ean c\u1ee7a t\u00f3c. M\u1ed9t s\u1ef1 pha tr\u1ed9n nh\u1eb9 nh\u00e0ng c\u1ee7a c\u00e1c lo\u1ea1i tinh d\u1ea7u Tea Tree, Thyme v\u00e0 Rosemary gi\u00fap thanh l\u1ecdc v\u00e0 kh\u00f4i ph\u1ee5c l\u1ea1i s\u1ef1 c\u00e2n b\u1eb1ng cho nh\u1eefng s\u1ee3i t\u00f3c s\u1ea1ch s\u1ebd, trong tr\u1ebbo v\u00e0 s\u1ea3ng kho\u00e1i. \u0110\u00e2y l\u00e0 lo\u1ea1i d\u1ea7u g\u1ed9i tr\u01b0\u1edbc khi g\u1ed9i \u0111\u1ea7u ho\u1eb7c tr\u01b0\u1edbc khi nhu\u1ed9m m\u00e0u l\u00fd t\u01b0\u1edfng gi\u00fap t\u00f3c chu\u1ea9n b\u1ecb \u0111\u1ec3 nh\u1eadn \u0111\u01b0\u1ee3c l\u1ee3i \u00edch MAXI t\u1eeb b\u1ea5t k\u1ef3 ch\u1ebf \u0111\u1ed9 ch\u0103m s\u00f3c n\u00e0o.<\/p>\n<p>&nbsp;<\/p>","protected":false},"featured_media":6862,"template":"","meta":[],"product_brand":[],"product_cat":[175],"product_tag":[225,217,178],"class_list":{"0":"post-6861","1":"product","2":"type-product","3":"status-publish","4":"has-post-thumbnail","6":"product_cat-kevin-murphy","7":"product_tag-all-hair-types","8":"product_tag-clarifying","9":"product_tag-shampoo","11":"first","12":"outofstock","13":"shipping-taxable","14":"purchasable","15":"product-type-simple"},"yoast_head":"<!-- This site is optimized with the Yoast SEO plugin v26.0 - https:\/\/yoast.com\/wordpress\/plugins\/seo\/ -->\n<title>KEVIN MURPHY MAXI.WASH - BLOOM GROOM SALON<\/title>\n<meta name=\"description\" content=\"Give hair a much-needed detox. Our detoxifying shampoo gently, yet effectively removes unwanted product and mineral build-up from the hair without stripping it of its natural oils.\" \/>\n<meta name=\"robots\" content=\"index, follow, max-snippet:-1, max-image-preview:large, max-video-preview:-1\" \/>\n<link rel=\"canonical\" href=\"https:\/\/mybloomgroom.com\/vi\/san-pham\/kevin-murphy-maxi-wash\/\" \/>\n<meta property=\"og:locale\" content=\"vi_VN\" \/>\n<meta property=\"og:type\" content=\"article\" \/>\n<meta property=\"og:title\" content=\"KEVIN MURPHY MAXI.WASH - BLOOM GROOM SALON\" \/>\n<meta property=\"og:description\" content=\"Give hair a much-needed detox. Our detoxifying shampoo gently, yet effectively removes unwanted product and mineral build-up from the hair without stripping it of its natural oils.\" \/>\n<meta property=\"og:url\" content=\"https:\/\/mybloomgroom.com\/vi\/san-pham\/kevin-murphy-maxi-wash\/\" \/>\n<meta property=\"og:site_name\" content=\"BLOOM GROOM SALON\" \/>\n<meta property=\"article:modified_time\" content=\"2025-03-27T03:17:45+00:00\" \/>\n<meta property=\"og:image\" content=\"https:\/\/mybloomgroom.com\/wp-content\/uploads\/2023\/05\/maxi-wash.jpeg\" \/>\n\t<meta property=\"og:image:width\" content=\"1280\" \/>\n\t<meta property=\"og:image:height\" content=\"1280\" \/>\n\t<meta property=\"og:image:type\" content=\"image\/jpeg\" \/>\n<meta name=\"twitter:card\" content=\"summary_large_image\" \/>\n<meta name=\"twitter:label1\" content=\"\u01af\u1edbc t\u00ednh th\u1eddi gian \u0111\u1ecdc\" \/>\n\t<meta name=\"twitter:data1\" content=\"1 ph\u00fat\" \/>\n<script type=\"application\/ld+json\" class=\"yoast-schema-graph\">{\"@context\":\"https:\/\/schema.org\",\"@graph\":[{\"@type\":\"WebPage\",\"@id\":\"https:\/\/mybloomgroom.com\/vi\/san-pham\/kevin-murphy-maxi-wash\/\",\"url\":\"https:\/\/mybloomgroom.com\/vi\/san-pham\/kevin-murphy-maxi-wash\/\",\"name\":\"KEVIN MURPHY MAXI.WASH - BLOOM GROOM SALON\",\"isPartOf\":{\"@id\":\"https:\/\/mybloomgroom.com\/#website\"},\"primaryImageOfPage\":{\"@id\":\"https:\/\/mybloomgroom.com\/vi\/san-pham\/kevin-murphy-maxi-wash\/#primaryimage\"},\"image\":{\"@id\":\"https:\/\/mybloomgroom.com\/vi\/san-pham\/kevin-murphy-maxi-wash\/#primaryimage\"},\"thumbnailUrl\":\"http:\/\/mybloomgroom.com\/wp-content\/uploads\/2023\/05\/maxi-wash.jpeg\",\"datePublished\":\"2023-05-08T17:01:44+00:00\",\"dateModified\":\"2025-03-27T03:17:45+00:00\",\"description\":\"Give hair a much-needed detox. Our detoxifying shampoo gently, yet effectively removes unwanted product and mineral build-up from the hair without stripping it of its natural oils.\",\"breadcrumb\":{\"@id\":\"https:\/\/mybloomgroom.com\/vi\/san-pham\/kevin-murphy-maxi-wash\/#breadcrumb\"},\"inLanguage\":\"vi\",\"potentialAction\":[{\"@type\":\"ReadAction\",\"target\":[\"https:\/\/mybloomgroom.com\/vi\/san-pham\/kevin-murphy-maxi-wash\/\"]}]},{\"@type\":\"ImageObject\",\"inLanguage\":\"vi\",\"@id\":\"https:\/\/mybloomgroom.com\/vi\/san-pham\/kevin-murphy-maxi-wash\/#primaryimage\",\"url\":\"http:\/\/mybloomgroom.com\/wp-content\/uploads\/2023\/05\/maxi-wash.jpeg\",\"contentUrl\":\"http:\/\/mybloomgroom.com\/wp-content\/uploads\/2023\/05\/maxi-wash.jpeg\",\"width\":1280,\"height\":1280,\"caption\":\"maxi-wash\"},{\"@type\":\"BreadcrumbList\",\"@id\":\"https:\/\/mybloomgroom.com\/vi\/san-pham\/kevin-murphy-maxi-wash\/#breadcrumb\",\"itemListElement\":[{\"@type\":\"ListItem\",\"position\":1,\"name\":\"Home\",\"item\":\"https:\/\/mybloomgroom.com\/\"},{\"@type\":\"ListItem\",\"position\":2,\"name\":\"Salon Shop\",\"item\":\"https:\/\/mybloomgroom.com\/salon-shop\/\"},{\"@type\":\"ListItem\",\"position\":3,\"name\":\"KEVIN MURPHY MAXI.WASH\"}]},{\"@type\":\"WebSite\",\"@id\":\"https:\/\/mybloomgroom.com\/#website\",\"url\":\"https:\/\/mybloomgroom.com\/\",\"name\":\"BLOOM GROOM SALON\",\"description\":\"Your beauty spa in Saigon\",\"potentialAction\":[{\"@type\":\"SearchAction\",\"target\":{\"@type\":\"EntryPoint\",\"urlTemplate\":\"https:\/\/mybloomgroom.com\/?s={search_term_string}\"},\"query-input\":{\"@type\":\"PropertyValueSpecification\",\"valueRequired\":true,\"valueName\":\"search_term_string\"}}],\"inLanguage\":\"vi\"}]}<\/script>\n<!-- \/ Yoast SEO plugin. -->","yoast_head_json":{"title":"KEVIN MURPHY MAXI.WASH - BLOOM GROOM SALON","description":"Give hair a much-needed detox. Our detoxifying shampoo gently, yet effectively removes unwanted product and mineral build-up from the hair without stripping it of its natural oils.","robots":{"index":"index","follow":"follow","max-snippet":"max-snippet:-1","max-image-preview":"max-image-preview:large","max-video-preview":"max-video-preview:-1"},"canonical":"https:\/\/mybloomgroom.com\/vi\/san-pham\/kevin-murphy-maxi-wash\/","og_locale":"vi_VN","og_type":"article","og_title":"KEVIN MURPHY MAXI.WASH - BLOOM GROOM SALON","og_description":"Give hair a much-needed detox. Our detoxifying shampoo gently, yet effectively removes unwanted product and mineral build-up from the hair without stripping it of its natural oils.","og_url":"https:\/\/mybloomgroom.com\/vi\/san-pham\/kevin-murphy-maxi-wash\/","og_site_name":"BLOOM GROOM SALON","article_modified_time":"2025-03-27T03:17:45+00:00","og_image":[{"width":1280,"height":1280,"url":"https:\/\/mybloomgroom.com\/wp-content\/uploads\/2023\/05\/maxi-wash.jpeg","type":"image\/jpeg"}],"twitter_card":"summary_large_image","twitter_misc":{"\u01af\u1edbc t\u00ednh th\u1eddi gian \u0111\u1ecdc":"1 ph\u00fat"},"schema":{"@context":"https:\/\/schema.org","@graph":[{"@type":"WebPage","@id":"https:\/\/mybloomgroom.com\/vi\/san-pham\/kevin-murphy-maxi-wash\/","url":"https:\/\/mybloomgroom.com\/vi\/san-pham\/kevin-murphy-maxi-wash\/","name":"KEVIN MURPHY MAXI.WASH - BLOOM GROOM SALON","isPartOf":{"@id":"https:\/\/mybloomgroom.com\/#website"},"primaryImageOfPage":{"@id":"https:\/\/mybloomgroom.com\/vi\/san-pham\/kevin-murphy-maxi-wash\/#primaryimage"},"image":{"@id":"https:\/\/mybloomgroom.com\/vi\/san-pham\/kevin-murphy-maxi-wash\/#primaryimage"},"thumbnailUrl":"http:\/\/mybloomgroom.com\/wp-content\/uploads\/2023\/05\/maxi-wash.jpeg","datePublished":"2023-05-08T17:01:44+00:00","dateModified":"2025-03-27T03:17:45+00:00","description":"Give hair a much-needed detox. Our detoxifying shampoo gently, yet effectively removes unwanted product and mineral build-up from the hair without stripping it of its natural oils.","breadcrumb":{"@id":"https:\/\/mybloomgroom.com\/vi\/san-pham\/kevin-murphy-maxi-wash\/#breadcrumb"},"inLanguage":"vi","potentialAction":[{"@type":"ReadAction","target":["https:\/\/mybloomgroom.com\/vi\/san-pham\/kevin-murphy-maxi-wash\/"]}]},{"@type":"ImageObject","inLanguage":"vi","@id":"https:\/\/mybloomgroom.com\/vi\/san-pham\/kevin-murphy-maxi-wash\/#primaryimage","url":"http:\/\/mybloomgroom.com\/wp-content\/uploads\/2023\/05\/maxi-wash.jpeg","contentUrl":"http:\/\/mybloomgroom.com\/wp-content\/uploads\/2023\/05\/maxi-wash.jpeg","width":1280,"height":1280,"caption":"maxi-wash"},{"@type":"BreadcrumbList","@id":"https:\/\/mybloomgroom.com\/vi\/san-pham\/kevin-murphy-maxi-wash\/#breadcrumb","itemListElement":[{"@type":"ListItem","position":1,"name":"Home","item":"https:\/\/mybloomgroom.com\/"},{"@type":"ListItem","position":2,"name":"Salon Shop","item":"https:\/\/mybloomgroom.com\/salon-shop\/"},{"@type":"ListItem","position":3,"name":"KEVIN MURPHY MAXI.WASH"}]},{"@type":"WebSite","@id":"https:\/\/mybloomgroom.com\/#website","url":"https:\/\/mybloomgroom.com\/","name":"BLOOM GROOM SALON","description":"Spa l\u00e0m \u0111\u1eb9p c\u1ee7a b\u1ea1n \u1edf S\u00e0i G\u00f2n","potentialAction":[{"@type":"SearchAction","target":{"@type":"EntryPoint","urlTemplate":"https:\/\/mybloomgroom.com\/?s={search_term_string}"},"query-input":{"@type":"PropertyValueSpecification","valueRequired":true,"valueName":"search_term_string"}}],"inLanguage":"vi"}]}},"_links":{"self":[{"href":"http:\/\/mybloomgroom.com\/vi\/wp-json\/wp\/v2\/product\/6861","targetHints":{"allow":["GET"]}}],"collection":[{"href":"http:\/\/mybloomgroom.com\/vi\/wp-json\/wp\/v2\/product"}],"about":[{"href":"http:\/\/mybloomgroom.com\/vi\/wp-json\/wp\/v2\/types\/product"}],"version-history":[{"count":0,"href":"http:\/\/mybloomgroom.com\/vi\/wp-json\/wp\/v2\/product\/6861\/revisions"}],"wp:featuredmedia":[{"embeddable":true,"href":"http:\/\/mybloomgroom.com\/vi\/wp-json\/wp\/v2\/media\/6862"}],"wp:attachment":[{"href":"http:\/\/mybloomgroom.com\/vi\/wp-json\/wp\/v2\/media?parent=6861"}],"wp:term":[{"taxonomy":"product_brand","embeddable":true,"href":"http:\/\/mybloomgroom.com\/vi\/wp-json\/wp\/v2\/product_brand?post=6861"},{"taxonomy":"product_cat","embeddable":true,"href":"http:\/\/mybloomgroom.com\/vi\/wp-json\/wp\/v2\/product_cat?post=6861"},{"taxonomy":"product_tag","embeddable":true,"href":"http:\/\/mybloomgroom.com\/vi\/wp-json\/wp\/v2\/product_tag?post=6861"}],"curies":[{"name":"wp","href":"https:\/\/api.w.org\/{rel}","templated":true}]}}