{"id":6854,"date":"2023-05-08T23:53:26","date_gmt":"2023-05-08T16:53:26","guid":{"rendered":"https:\/\/mybloomgroom.com\/?post_type=product&#038;p=6854"},"modified":"2025-03-27T10:17:46","modified_gmt":"2025-03-27T03:17:46","slug":"kevin-murphy-freehold","status":"publish","type":"product","link":"http:\/\/mybloomgroom.com\/vi\/san-pham\/kevin-murphy-freehold\/","title":{"rendered":"KEVIN MURPHY MI\u1ec4N PH\u00cd.GI\u1eee"},"content":{"rendered":"<h2>KEO GI\u1eee KI\u1ec2U D\u00c1NG V\u1eeaA LINH HO\u1ea0T<\/h2>","protected":false},"excerpt":{"rendered":"<p>Tho\u1ea3i m\u00e1i t\u1ea1o bao nhi\u00eau GI\u1eee t\u00f9y th\u00edch v\u1edbi FREE.HOLD keo d\u00e1n t\u1ea1o ki\u1ec3u gi\u1eef n\u1ebfp trung b\u00ecnh c\u1ee7a ch\u00fang t\u00f4i. FREE.HOLD t\u1ea1o \u0111\u1ed9 b\u00f3ng t\u1ef1 nhi\u00ean v\u00e0 gi\u1eef n\u1ebfp linh ho\u1ea1t nh\u1edd t\u0103ng c\u01b0\u1eddng ch\u1ea5t ch\u1ed1ng oxy h\u00f3a v\u00e0 tinh d\u1ea7u t\u1ed1t, n\u00f3 c\u0169ng gi\u00fap t\u00f3c c\u00f3 c\u1ea3m gi\u00e1c \u0111\u01b0\u1ee3c nu\u00f4i d\u01b0\u1ee1ng v\u00e0 d\u01b0\u1ee1ng \u1ea9m.<\/p>\n<p><strong>GI\u1edaI THI\u1ec6U FREE.HOLD<\/strong><\/p>\n<p>Tr\u1ea3i nghi\u1ec7m s\u1ef1 t\u1ef1 do di chuy\u1ec3n v\u1edbi \u0111\u1ed9 gi\u1eef v\u1eeba ph\u1ea3i. FREE.HOLD l\u00e0 keo d\u00e1n t\u1ea1o ki\u1ec3u \u0111\u1ed9c \u0111\u00e1o c\u1ee7a ch\u00fang t\u00f4i c\u00f3 Carnuba Wax gi\u00fap t\u0103ng th\u00eam \u0111\u1ed9 d\u00e0y v\u00e0 \u0111\u1ed9 b\u00f3ng tr\u00f4ng t\u1ef1 nhi\u00ean \u0111\u1ed3ng th\u1eddi mang l\u1ea1i cho ki\u1ec3u t\u00f3c c\u1ee7a b\u1ea1n s\u1ef1 linh ho\u1ea1t v\u00e0 h\u00ecnh th\u1ee9c b\u1ec1n l\u00e2u\u2014ngay c\u1ea3 d\u01b0\u1edbi tr\u1eddi n\u1eafng g\u1eaft. Ch\u1ea5t ch\u1ed1ng oxy h\u00f3a v\u00e0 vitamin gi\u00fap t\u00f3c v\u00e0 da \u0111\u1ea7u \u0111\u01b0\u1ee3c nu\u00f4i d\u01b0\u1ee1ng v\u00e0 \u0111i\u1ec1u h\u00f2a.<\/p>","protected":false},"featured_media":6855,"template":"","meta":[],"product_brand":[],"product_cat":[175],"product_tag":[225,219,181,221,218],"class_list":{"0":"post-6854","1":"product","2":"type-product","3":"status-publish","4":"has-post-thumbnail","6":"product_cat-kevin-murphy","7":"product_tag-all-hair-types","8":"product_tag-paste","9":"product_tag-styling","10":"product_tag-texture","11":"product_tag-wax","13":"first","14":"outofstock","15":"shipping-taxable","16":"purchasable","17":"product-type-simple"},"yoast_head":"<!-- This site is optimized with the Yoast SEO plugin v26.0 - https:\/\/yoast.com\/wordpress\/plugins\/seo\/ -->\n<title>KEVIN MURPHY FREE.HOLD - BLOOM GROOM SALON<\/title>\n<meta name=\"description\" content=\"FREE.HOLD imparts natural shine and delivers flexible hold with a boost of antioxidant and essential oil goodness, it also helps leave the hair feeling nourished and conditioned.\" \/>\n<meta name=\"robots\" content=\"index, follow, max-snippet:-1, max-image-preview:large, max-video-preview:-1\" \/>\n<link rel=\"canonical\" href=\"https:\/\/mybloomgroom.com\/vi\/san-pham\/kevin-murphy-freehold\/\" \/>\n<meta property=\"og:locale\" content=\"vi_VN\" \/>\n<meta property=\"og:type\" content=\"article\" \/>\n<meta property=\"og:title\" content=\"KEVIN MURPHY FREE.HOLD - BLOOM GROOM SALON\" \/>\n<meta property=\"og:description\" content=\"FREE.HOLD imparts natural shine and delivers flexible hold with a boost of antioxidant and essential oil goodness, it also helps leave the hair feeling nourished and conditioned.\" \/>\n<meta property=\"og:url\" content=\"https:\/\/mybloomgroom.com\/vi\/san-pham\/kevin-murphy-freehold\/\" \/>\n<meta property=\"og:site_name\" content=\"BLOOM GROOM SALON\" \/>\n<meta property=\"article:modified_time\" content=\"2025-03-27T03:17:46+00:00\" \/>\n<meta property=\"og:image\" content=\"https:\/\/mybloomgroom.com\/wp-content\/uploads\/2023\/05\/freehold.jpeg\" \/>\n\t<meta property=\"og:image:width\" content=\"1280\" \/>\n\t<meta property=\"og:image:height\" content=\"1280\" \/>\n\t<meta property=\"og:image:type\" content=\"image\/jpeg\" \/>\n<meta name=\"twitter:card\" content=\"summary_large_image\" \/>\n<meta name=\"twitter:label1\" content=\"\u01af\u1edbc t\u00ednh th\u1eddi gian \u0111\u1ecdc\" \/>\n\t<meta name=\"twitter:data1\" content=\"1 ph\u00fat\" \/>\n<script type=\"application\/ld+json\" class=\"yoast-schema-graph\">{\"@context\":\"https:\/\/schema.org\",\"@graph\":[{\"@type\":\"WebPage\",\"@id\":\"https:\/\/mybloomgroom.com\/vi\/san-pham\/kevin-murphy-freehold\/\",\"url\":\"https:\/\/mybloomgroom.com\/vi\/san-pham\/kevin-murphy-freehold\/\",\"name\":\"KEVIN MURPHY FREE.HOLD - BLOOM GROOM SALON\",\"isPartOf\":{\"@id\":\"https:\/\/mybloomgroom.com\/#website\"},\"primaryImageOfPage\":{\"@id\":\"https:\/\/mybloomgroom.com\/vi\/san-pham\/kevin-murphy-freehold\/#primaryimage\"},\"image\":{\"@id\":\"https:\/\/mybloomgroom.com\/vi\/san-pham\/kevin-murphy-freehold\/#primaryimage\"},\"thumbnailUrl\":\"http:\/\/mybloomgroom.com\/wp-content\/uploads\/2023\/05\/freehold.jpeg\",\"datePublished\":\"2023-05-08T16:53:26+00:00\",\"dateModified\":\"2025-03-27T03:17:46+00:00\",\"description\":\"FREE.HOLD imparts natural shine and delivers flexible hold with a boost of antioxidant and essential oil goodness, it also helps leave the hair feeling nourished and conditioned.\",\"breadcrumb\":{\"@id\":\"https:\/\/mybloomgroom.com\/vi\/san-pham\/kevin-murphy-freehold\/#breadcrumb\"},\"inLanguage\":\"vi\",\"potentialAction\":[{\"@type\":\"ReadAction\",\"target\":[\"https:\/\/mybloomgroom.com\/vi\/san-pham\/kevin-murphy-freehold\/\"]}]},{\"@type\":\"ImageObject\",\"inLanguage\":\"vi\",\"@id\":\"https:\/\/mybloomgroom.com\/vi\/san-pham\/kevin-murphy-freehold\/#primaryimage\",\"url\":\"http:\/\/mybloomgroom.com\/wp-content\/uploads\/2023\/05\/freehold.jpeg\",\"contentUrl\":\"http:\/\/mybloomgroom.com\/wp-content\/uploads\/2023\/05\/freehold.jpeg\",\"width\":1280,\"height\":1280,\"caption\":\"freehold\"},{\"@type\":\"BreadcrumbList\",\"@id\":\"https:\/\/mybloomgroom.com\/vi\/san-pham\/kevin-murphy-freehold\/#breadcrumb\",\"itemListElement\":[{\"@type\":\"ListItem\",\"position\":1,\"name\":\"Home\",\"item\":\"https:\/\/mybloomgroom.com\/\"},{\"@type\":\"ListItem\",\"position\":2,\"name\":\"Salon Shop\",\"item\":\"https:\/\/mybloomgroom.com\/vi\/salon-shop\/\"},{\"@type\":\"ListItem\",\"position\":3,\"name\":\"KEVIN MURPHY FREE.HOLD\"}]},{\"@type\":\"WebSite\",\"@id\":\"https:\/\/mybloomgroom.com\/#website\",\"url\":\"https:\/\/mybloomgroom.com\/\",\"name\":\"BLOOM GROOM SALON\",\"description\":\"Your beauty spa in Saigon\",\"potentialAction\":[{\"@type\":\"SearchAction\",\"target\":{\"@type\":\"EntryPoint\",\"urlTemplate\":\"https:\/\/mybloomgroom.com\/?s={search_term_string}\"},\"query-input\":{\"@type\":\"PropertyValueSpecification\",\"valueRequired\":true,\"valueName\":\"search_term_string\"}}],\"inLanguage\":\"vi\"}]}<\/script>\n<!-- \/ Yoast SEO plugin. -->","yoast_head_json":{"title":"KEVIN MURPHY FREE.HOLD - BLOOM GROOM SALON","description":"FREE.HOLD imparts natural shine and delivers flexible hold with a boost of antioxidant and essential oil goodness, it also helps leave the hair feeling nourished and conditioned.","robots":{"index":"index","follow":"follow","max-snippet":"max-snippet:-1","max-image-preview":"max-image-preview:large","max-video-preview":"max-video-preview:-1"},"canonical":"https:\/\/mybloomgroom.com\/vi\/san-pham\/kevin-murphy-freehold\/","og_locale":"vi_VN","og_type":"article","og_title":"KEVIN MURPHY FREE.HOLD - BLOOM GROOM SALON","og_description":"FREE.HOLD imparts natural shine and delivers flexible hold with a boost of antioxidant and essential oil goodness, it also helps leave the hair feeling nourished and conditioned.","og_url":"https:\/\/mybloomgroom.com\/vi\/san-pham\/kevin-murphy-freehold\/","og_site_name":"BLOOM GROOM SALON","article_modified_time":"2025-03-27T03:17:46+00:00","og_image":[{"width":1280,"height":1280,"url":"https:\/\/mybloomgroom.com\/wp-content\/uploads\/2023\/05\/freehold.jpeg","type":"image\/jpeg"}],"twitter_card":"summary_large_image","twitter_misc":{"\u01af\u1edbc t\u00ednh th\u1eddi gian \u0111\u1ecdc":"1 ph\u00fat"},"schema":{"@context":"https:\/\/schema.org","@graph":[{"@type":"WebPage","@id":"https:\/\/mybloomgroom.com\/vi\/san-pham\/kevin-murphy-freehold\/","url":"https:\/\/mybloomgroom.com\/vi\/san-pham\/kevin-murphy-freehold\/","name":"KEVIN MURPHY FREE.HOLD - BLOOM GROOM SALON","isPartOf":{"@id":"https:\/\/mybloomgroom.com\/#website"},"primaryImageOfPage":{"@id":"https:\/\/mybloomgroom.com\/vi\/san-pham\/kevin-murphy-freehold\/#primaryimage"},"image":{"@id":"https:\/\/mybloomgroom.com\/vi\/san-pham\/kevin-murphy-freehold\/#primaryimage"},"thumbnailUrl":"http:\/\/mybloomgroom.com\/wp-content\/uploads\/2023\/05\/freehold.jpeg","datePublished":"2023-05-08T16:53:26+00:00","dateModified":"2025-03-27T03:17:46+00:00","description":"FREE.HOLD imparts natural shine and delivers flexible hold with a boost of antioxidant and essential oil goodness, it also helps leave the hair feeling nourished and conditioned.","breadcrumb":{"@id":"https:\/\/mybloomgroom.com\/vi\/san-pham\/kevin-murphy-freehold\/#breadcrumb"},"inLanguage":"vi","potentialAction":[{"@type":"ReadAction","target":["https:\/\/mybloomgroom.com\/vi\/san-pham\/kevin-murphy-freehold\/"]}]},{"@type":"ImageObject","inLanguage":"vi","@id":"https:\/\/mybloomgroom.com\/vi\/san-pham\/kevin-murphy-freehold\/#primaryimage","url":"http:\/\/mybloomgroom.com\/wp-content\/uploads\/2023\/05\/freehold.jpeg","contentUrl":"http:\/\/mybloomgroom.com\/wp-content\/uploads\/2023\/05\/freehold.jpeg","width":1280,"height":1280,"caption":"freehold"},{"@type":"BreadcrumbList","@id":"https:\/\/mybloomgroom.com\/vi\/san-pham\/kevin-murphy-freehold\/#breadcrumb","itemListElement":[{"@type":"ListItem","position":1,"name":"Home","item":"https:\/\/mybloomgroom.com\/"},{"@type":"ListItem","position":2,"name":"Salon Shop","item":"https:\/\/mybloomgroom.com\/vi\/salon-shop\/"},{"@type":"ListItem","position":3,"name":"KEVIN MURPHY FREE.HOLD"}]},{"@type":"WebSite","@id":"https:\/\/mybloomgroom.com\/#website","url":"https:\/\/mybloomgroom.com\/","name":"BLOOM GROOM SALON","description":"Spa l\u00e0m \u0111\u1eb9p c\u1ee7a b\u1ea1n \u1edf S\u00e0i G\u00f2n","potentialAction":[{"@type":"SearchAction","target":{"@type":"EntryPoint","urlTemplate":"https:\/\/mybloomgroom.com\/?s={search_term_string}"},"query-input":{"@type":"PropertyValueSpecification","valueRequired":true,"valueName":"search_term_string"}}],"inLanguage":"vi"}]}},"_links":{"self":[{"href":"http:\/\/mybloomgroom.com\/vi\/wp-json\/wp\/v2\/product\/6854","targetHints":{"allow":["GET"]}}],"collection":[{"href":"http:\/\/mybloomgroom.com\/vi\/wp-json\/wp\/v2\/product"}],"about":[{"href":"http:\/\/mybloomgroom.com\/vi\/wp-json\/wp\/v2\/types\/product"}],"version-history":[{"count":0,"href":"http:\/\/mybloomgroom.com\/vi\/wp-json\/wp\/v2\/product\/6854\/revisions"}],"wp:featuredmedia":[{"embeddable":true,"href":"http:\/\/mybloomgroom.com\/vi\/wp-json\/wp\/v2\/media\/6855"}],"wp:attachment":[{"href":"http:\/\/mybloomgroom.com\/vi\/wp-json\/wp\/v2\/media?parent=6854"}],"wp:term":[{"taxonomy":"product_brand","embeddable":true,"href":"http:\/\/mybloomgroom.com\/vi\/wp-json\/wp\/v2\/product_brand?post=6854"},{"taxonomy":"product_cat","embeddable":true,"href":"http:\/\/mybloomgroom.com\/vi\/wp-json\/wp\/v2\/product_cat?post=6854"},{"taxonomy":"product_tag","embeddable":true,"href":"http:\/\/mybloomgroom.com\/vi\/wp-json\/wp\/v2\/product_tag?post=6854"}],"curies":[{"name":"wp","href":"https:\/\/api.w.org\/{rel}","templated":true}]}}