{"id":6850,"date":"2023-05-08T23:16:07","date_gmt":"2023-05-08T16:16:07","guid":{"rendered":"https:\/\/mybloomgroom.com\/?post_type=product&#038;p=6850"},"modified":"2025-03-27T10:17:46","modified_gmt":"2025-03-27T03:17:46","slug":"kevin-murphy-touchable","status":"publish","type":"product","link":"http:\/\/mybloomgroom.com\/vi\/san-pham\/kevin-murphy-touchable\/","title":{"rendered":"KEVIN MURPHY C\u00d3 TH\u1ec2 C\u1ea2M \u1ee8NG"},"content":{"rendered":"<h2>PHUN S\u00c1P HO\u00c0N T\u1ea4T T\u00d3C PHUN T\u00d3C<\/h2>","protected":false},"excerpt":{"rendered":"<p>M\u1ed9t lo\u1ea1i s\u00e1p x\u1ecbt ho\u00e0n thi\u1ec7n kh\u00f4ng tr\u1ecdng l\u01b0\u1ee3ng gi\u00fap duy tr\u00ec k\u1ebft c\u1ea5u v\u00e0 gi\u1eef n\u1ebfp \u0111\u1ec3 c\u1ee7ng c\u1ed1 v\u1ebb ngo\u00e0i c\u1ee7a s\u1ef1 t\u00e1ch bi\u1ec7t. Mang l\u1ea1i l\u1edbp ho\u00e0n thi\u1ec7n c\u1ee7a s\u00e1p v\u1edbi \u0111\u1ed9 nh\u1eb9 nh\u01b0 x\u1ecbt, kh\u00f4ng h\u1ec1 d\u00ednh khi ch\u1ea1m v\u00e0o. Chi\u1ebft xu\u1ea5t hoa d\u00e2m b\u1ee5t, c\u00e2y k\u1ebf s\u1eefa, hoa o\u1ea3i h\u01b0\u01a1ng bi\u1ec3n v\u00e0 d\u1ea7u h\u1ea1t c\u00e0 r\u1ed1t t\u1ea1o th\u00e0nh m\u1ed9t h\u1ed7n h\u1ee3p ch\u1ed1ng oxy h\u00f3a m\u1ea1nh m\u1ebd mang l\u1ea1i cho t\u00f3c c\u00e1c l\u1ee3i \u00edch b\u1ea3o v\u1ec7 v\u00e0 d\u01b0\u1ee1ng t\u00f3c, ho\u00e0n thi\u1ec7n v\u1edbi \u0111\u1ed9 b\u00f3ng m\u01b0\u1ee3t.<\/p>\n<p><strong>GI\u1edaI THI\u1ec6U<\/strong><\/p>\n<p>C\u00f3 \u0111\u01b0\u1ee3c k\u1ebft th\u00fac c\u1ee7a m\u1ed9t lo\u1ea1i s\u00e1p v\u1edbi nh\u1eefng l\u1ee3i \u00edch kh\u00f4ng tr\u1ecdng l\u01b0\u1ee3ng c\u1ee7a m\u1ed9t b\u00ecnh x\u1ecbt. TOUCHABLE ch\u1ec9 c\u00f3 v\u1eady\u2014m\u1ec1m, d\u1ebbo v\u00e0 kh\u00f4ng bao gi\u1edd d\u00ednh khi ch\u1ea1m v\u00e0o. Keo x\u1ecbt t\u00f3c ho\u00e0n thi\u1ec7n b\u1eb1ng s\u00e1p d\u1ea1ng x\u1ecbt c\u1ee7a ch\u00fang t\u00f4i duy tr\u00ec k\u1ebft c\u1ea5u v\u00e0 gi\u1eef n\u1ebfp \u0111\u1ec3 c\u1ee7ng c\u1ed1 v\u1ebb ngo\u00e0i t\u00e1ch bi\u1ec7t cho v\u1ebb ngo\u00e0i l\u1ed9n x\u1ed9n ho\u00e0n h\u1ea3o \u0111\u00f3. M\u1ed9t l\u01b0\u1ee3ng ch\u1ea5t ch\u1ed1ng oxy h\u00f3a l\u00e0nh m\u1ea1nh t\u1eeb chi\u1ebft xu\u1ea5t hoa d\u00e2m b\u1ee5t, c\u00e2y k\u1ebf s\u1eefa, hoa o\u1ea3i h\u01b0\u01a1ng bi\u1ec3n v\u00e0 d\u1ea7u h\u1ea1t c\u00e0 r\u1ed1t gi\u00fap b\u1ea3o v\u1ec7 v\u00e0 d\u01b0\u1ee1ng t\u00f3c, mang l\u1ea1i v\u1ebb b\u00f3ng m\u01b0\u1ee3t nh\u01b0 sa tanh.<\/p>","protected":false},"featured_media":6851,"template":"","meta":[],"product_brand":[],"product_cat":[175],"product_tag":[225,220,181,221,218],"class_list":{"0":"post-6850","1":"product","2":"type-product","3":"status-publish","4":"has-post-thumbnail","6":"product_cat-kevin-murphy","7":"product_tag-all-hair-types","8":"product_tag-spray","9":"product_tag-styling","10":"product_tag-texture","11":"product_tag-wax","13":"first","14":"outofstock","15":"shipping-taxable","16":"purchasable","17":"product-type-simple"},"yoast_head":"<!-- This site is optimized with the Yoast SEO plugin v26.0 - https:\/\/yoast.com\/wordpress\/plugins\/seo\/ -->\n<title>KEVIN MURPHY TOUCHABLE - BLOOM GROOM SALON<\/title>\n<meta name=\"description\" content=\"Get the finish of a wax with the weightless benefits of a spray. TOUCHABLE is just that\u2014soft and pliable and never sticky to the touch.\" \/>\n<meta name=\"robots\" content=\"index, follow, max-snippet:-1, max-image-preview:large, max-video-preview:-1\" \/>\n<link rel=\"canonical\" href=\"http:\/\/mybloomgroom.com\/vi\/san-pham\/kevin-murphy-touchable\/\" \/>\n<meta property=\"og:locale\" content=\"vi_VN\" \/>\n<meta property=\"og:type\" content=\"article\" \/>\n<meta property=\"og:title\" content=\"KEVIN MURPHY TOUCHABLE - BLOOM GROOM SALON\" \/>\n<meta property=\"og:description\" content=\"Get the finish of a wax with the weightless benefits of a spray. TOUCHABLE is just that\u2014soft and pliable and never sticky to the touch.\" \/>\n<meta property=\"og:url\" content=\"http:\/\/mybloomgroom.com\/vi\/san-pham\/kevin-murphy-touchable\/\" \/>\n<meta property=\"og:site_name\" content=\"BLOOM GROOM SALON\" \/>\n<meta property=\"article:modified_time\" content=\"2025-03-27T03:17:46+00:00\" \/>\n<meta property=\"og:image\" content=\"http:\/\/mybloomgroom.com\/wp-content\/uploads\/2023\/05\/touchable.jpeg\" \/>\n\t<meta property=\"og:image:width\" content=\"1280\" \/>\n\t<meta property=\"og:image:height\" content=\"1280\" \/>\n\t<meta property=\"og:image:type\" content=\"image\/jpeg\" \/>\n<meta name=\"twitter:card\" content=\"summary_large_image\" \/>\n<meta name=\"twitter:label1\" content=\"\u01af\u1edbc t\u00ednh th\u1eddi gian \u0111\u1ecdc\" \/>\n\t<meta name=\"twitter:data1\" content=\"1 ph\u00fat\" \/>\n<script type=\"application\/ld+json\" class=\"yoast-schema-graph\">{\"@context\":\"https:\/\/schema.org\",\"@graph\":[{\"@type\":\"WebPage\",\"@id\":\"http:\/\/mybloomgroom.com\/product\/kevin-murphy-touchable\/\",\"url\":\"http:\/\/mybloomgroom.com\/product\/kevin-murphy-touchable\/\",\"name\":\"KEVIN MURPHY TOUCHABLE - BLOOM GROOM SALON\",\"isPartOf\":{\"@id\":\"https:\/\/mybloomgroom.com\/#website\"},\"primaryImageOfPage\":{\"@id\":\"http:\/\/mybloomgroom.com\/product\/kevin-murphy-touchable\/#primaryimage\"},\"image\":{\"@id\":\"http:\/\/mybloomgroom.com\/product\/kevin-murphy-touchable\/#primaryimage\"},\"thumbnailUrl\":\"http:\/\/mybloomgroom.com\/wp-content\/uploads\/2023\/05\/touchable.jpeg\",\"datePublished\":\"2023-05-08T16:16:07+00:00\",\"dateModified\":\"2025-03-27T03:17:46+00:00\",\"description\":\"Get the finish of a wax with the weightless benefits of a spray. TOUCHABLE is just that\u2014soft and pliable and never sticky to the touch.\",\"breadcrumb\":{\"@id\":\"http:\/\/mybloomgroom.com\/product\/kevin-murphy-touchable\/#breadcrumb\"},\"inLanguage\":\"vi\",\"potentialAction\":[{\"@type\":\"ReadAction\",\"target\":[\"http:\/\/mybloomgroom.com\/product\/kevin-murphy-touchable\/\"]}]},{\"@type\":\"ImageObject\",\"inLanguage\":\"vi\",\"@id\":\"http:\/\/mybloomgroom.com\/product\/kevin-murphy-touchable\/#primaryimage\",\"url\":\"http:\/\/mybloomgroom.com\/wp-content\/uploads\/2023\/05\/touchable.jpeg\",\"contentUrl\":\"http:\/\/mybloomgroom.com\/wp-content\/uploads\/2023\/05\/touchable.jpeg\",\"width\":1280,\"height\":1280,\"caption\":\"touchable\"},{\"@type\":\"BreadcrumbList\",\"@id\":\"http:\/\/mybloomgroom.com\/product\/kevin-murphy-touchable\/#breadcrumb\",\"itemListElement\":[{\"@type\":\"ListItem\",\"position\":1,\"name\":\"Home\",\"item\":\"https:\/\/mybloomgroom.com\/\"},{\"@type\":\"ListItem\",\"position\":2,\"name\":\"Salon Shop\",\"item\":\"https:\/\/mybloomgroom.com\/vi\/salon-shop\/\"},{\"@type\":\"ListItem\",\"position\":3,\"name\":\"KEVIN MURPHY TOUCHABLE\"}]},{\"@type\":\"WebSite\",\"@id\":\"https:\/\/mybloomgroom.com\/#website\",\"url\":\"https:\/\/mybloomgroom.com\/\",\"name\":\"BLOOM GROOM SALON\",\"description\":\"Your beauty spa in Saigon\",\"potentialAction\":[{\"@type\":\"SearchAction\",\"target\":{\"@type\":\"EntryPoint\",\"urlTemplate\":\"https:\/\/mybloomgroom.com\/?s={search_term_string}\"},\"query-input\":{\"@type\":\"PropertyValueSpecification\",\"valueRequired\":true,\"valueName\":\"search_term_string\"}}],\"inLanguage\":\"vi\"}]}<\/script>\n<!-- \/ Yoast SEO plugin. -->","yoast_head_json":{"title":"KEVIN MURPHY TOUCHABLE - BLOOM GROOM SALON","description":"Get the finish of a wax with the weightless benefits of a spray. TOUCHABLE is just that\u2014soft and pliable and never sticky to the touch.","robots":{"index":"index","follow":"follow","max-snippet":"max-snippet:-1","max-image-preview":"max-image-preview:large","max-video-preview":"max-video-preview:-1"},"canonical":"http:\/\/mybloomgroom.com\/vi\/san-pham\/kevin-murphy-touchable\/","og_locale":"vi_VN","og_type":"article","og_title":"KEVIN MURPHY TOUCHABLE - BLOOM GROOM SALON","og_description":"Get the finish of a wax with the weightless benefits of a spray. TOUCHABLE is just that\u2014soft and pliable and never sticky to the touch.","og_url":"http:\/\/mybloomgroom.com\/vi\/san-pham\/kevin-murphy-touchable\/","og_site_name":"BLOOM GROOM SALON","article_modified_time":"2025-03-27T03:17:46+00:00","og_image":[{"width":1280,"height":1280,"url":"http:\/\/mybloomgroom.com\/wp-content\/uploads\/2023\/05\/touchable.jpeg","type":"image\/jpeg"}],"twitter_card":"summary_large_image","twitter_misc":{"\u01af\u1edbc t\u00ednh th\u1eddi gian \u0111\u1ecdc":"1 ph\u00fat"},"schema":{"@context":"https:\/\/schema.org","@graph":[{"@type":"WebPage","@id":"http:\/\/mybloomgroom.com\/product\/kevin-murphy-touchable\/","url":"http:\/\/mybloomgroom.com\/product\/kevin-murphy-touchable\/","name":"KEVIN MURPHY TOUCHABLE - BLOOM GROOM SALON","isPartOf":{"@id":"https:\/\/mybloomgroom.com\/#website"},"primaryImageOfPage":{"@id":"http:\/\/mybloomgroom.com\/product\/kevin-murphy-touchable\/#primaryimage"},"image":{"@id":"http:\/\/mybloomgroom.com\/product\/kevin-murphy-touchable\/#primaryimage"},"thumbnailUrl":"http:\/\/mybloomgroom.com\/wp-content\/uploads\/2023\/05\/touchable.jpeg","datePublished":"2023-05-08T16:16:07+00:00","dateModified":"2025-03-27T03:17:46+00:00","description":"Get the finish of a wax with the weightless benefits of a spray. TOUCHABLE is just that\u2014soft and pliable and never sticky to the touch.","breadcrumb":{"@id":"http:\/\/mybloomgroom.com\/product\/kevin-murphy-touchable\/#breadcrumb"},"inLanguage":"vi","potentialAction":[{"@type":"ReadAction","target":["http:\/\/mybloomgroom.com\/product\/kevin-murphy-touchable\/"]}]},{"@type":"ImageObject","inLanguage":"vi","@id":"http:\/\/mybloomgroom.com\/product\/kevin-murphy-touchable\/#primaryimage","url":"http:\/\/mybloomgroom.com\/wp-content\/uploads\/2023\/05\/touchable.jpeg","contentUrl":"http:\/\/mybloomgroom.com\/wp-content\/uploads\/2023\/05\/touchable.jpeg","width":1280,"height":1280,"caption":"touchable"},{"@type":"BreadcrumbList","@id":"http:\/\/mybloomgroom.com\/product\/kevin-murphy-touchable\/#breadcrumb","itemListElement":[{"@type":"ListItem","position":1,"name":"Home","item":"https:\/\/mybloomgroom.com\/"},{"@type":"ListItem","position":2,"name":"Salon Shop","item":"https:\/\/mybloomgroom.com\/vi\/salon-shop\/"},{"@type":"ListItem","position":3,"name":"KEVIN MURPHY TOUCHABLE"}]},{"@type":"WebSite","@id":"https:\/\/mybloomgroom.com\/#website","url":"https:\/\/mybloomgroom.com\/","name":"BLOOM GROOM SALON","description":"Spa l\u00e0m \u0111\u1eb9p c\u1ee7a b\u1ea1n \u1edf S\u00e0i G\u00f2n","potentialAction":[{"@type":"SearchAction","target":{"@type":"EntryPoint","urlTemplate":"https:\/\/mybloomgroom.com\/?s={search_term_string}"},"query-input":{"@type":"PropertyValueSpecification","valueRequired":true,"valueName":"search_term_string"}}],"inLanguage":"vi"}]}},"_links":{"self":[{"href":"http:\/\/mybloomgroom.com\/vi\/wp-json\/wp\/v2\/product\/6850","targetHints":{"allow":["GET"]}}],"collection":[{"href":"http:\/\/mybloomgroom.com\/vi\/wp-json\/wp\/v2\/product"}],"about":[{"href":"http:\/\/mybloomgroom.com\/vi\/wp-json\/wp\/v2\/types\/product"}],"version-history":[{"count":0,"href":"http:\/\/mybloomgroom.com\/vi\/wp-json\/wp\/v2\/product\/6850\/revisions"}],"wp:featuredmedia":[{"embeddable":true,"href":"http:\/\/mybloomgroom.com\/vi\/wp-json\/wp\/v2\/media\/6851"}],"wp:attachment":[{"href":"http:\/\/mybloomgroom.com\/vi\/wp-json\/wp\/v2\/media?parent=6850"}],"wp:term":[{"taxonomy":"product_brand","embeddable":true,"href":"http:\/\/mybloomgroom.com\/vi\/wp-json\/wp\/v2\/product_brand?post=6850"},{"taxonomy":"product_cat","embeddable":true,"href":"http:\/\/mybloomgroom.com\/vi\/wp-json\/wp\/v2\/product_cat?post=6850"},{"taxonomy":"product_tag","embeddable":true,"href":"http:\/\/mybloomgroom.com\/vi\/wp-json\/wp\/v2\/product_tag?post=6850"}],"curies":[{"name":"wp","href":"https:\/\/api.w.org\/{rel}","templated":true}]}}