{"id":6774,"date":"2024-01-01T21:06:29","date_gmt":"2024-01-01T14:06:29","guid":{"rendered":"https:\/\/mybloomgroom.com\/?post_type=product&#038;p=6774"},"modified":"2025-03-27T10:16:27","modified_gmt":"2025-03-27T03:16:27","slug":"kevin-murphy-blonde-angel-treatment","status":"publish","type":"product","link":"http:\/\/mybloomgroom.com\/vi\/san-pham\/kevin-murphy-blonde-angel-treatment\/","title":{"rendered":"KEVIN MURPHY BLONDE.ANGEL \u0110I\u1ec0U TR\u1eca"},"content":{"rendered":"<h2>D\u1ea6U X\u1ea2 TR\u1eca N\u00c2NG M\u00c0U CHO T\u00d3C V\u00c0NG<\/h2>","protected":false},"excerpt":{"rendered":"<p>Ch\u1ec9 \u0111\u1eb7t t\u00f4ng m\u00e0u ph\u00f9 h\u1ee3p v\u00e0 ho\u1ea1t \u0111\u1ed9ng \u0111\u1ec3 kh\u00f4i ph\u1ee5c t\u00ecnh tr\u1ea1ng v\u00e0 \u0111\u1ed9 b\u00f3ng t\u1ed1i \u01b0u cho t\u00f4ng m\u00e0u \u0111\u1ed3ng thau, blah blah, v\u00e0ng. BLONDE.ANGEL d\u01b0\u1ee1ng v\u00e0 gi\u1eef \u1ea9m cho t\u00f3c \u0111\u00e3 t\u1ea9y, nhu\u1ed9m highlight v\u00e0 t\u00f3c hoa r\u00e2m, mang l\u1ea1i v\u1ebb b\u1ed3ng b\u1ec1nh cho m\u00e1i t\u00f3c v\u00e0ng c\u1ee7a b\u1ea1n, \u0111\u1ed3ng th\u1eddi s\u1eeda ch\u1eefa b\u1ea5t k\u1ef3 t\u00f4ng m\u00e0u \u0111\u1ed3ng thau ho\u1eb7c v\u00e0ng n\u00e0o.<\/p>\n<p><strong>GI\u1edaI THI\u1ec6U BLONDE.ANGEL<\/strong><\/p>\n<p>Cung c\u1ea5p cho m\u00e1i t\u00f3c v\u00e0ng m\u1ed9t \u00edt TLC v\u1edbi ph\u01b0\u01a1ng ph\u00e1p \u0111i\u1ec1u tr\u1ecb t\u0103ng c\u01b0\u1eddng m\u00e0u s\u1eafc c\u1ee7a ch\u00fang t\u00f4i gi\u00fap lo\u1ea1i b\u1ecf m\u00e0u \u0111\u1ed3ng thau kh\u1ecfi t\u00f4ng m\u00e0u v\u00e0ng nh\u1ea1t v\u00e0 ph\u1ee5c h\u1ed3i \u0111\u1ed9 b\u00f3ng v\u00e0 s\u00e1ng. M\u1ed9t s\u1ef1 pha tr\u1ed9n b\u1ed5 d\u01b0\u1ee1ng c\u1ee7a chi\u1ebft xu\u1ea5t h\u1ea1t h\u01b0\u1edbng d\u01b0\u01a1ng v\u00e0 d\u1ea7u \u00f4 liu, d\u1ea7u h\u1ea1t o\u1ea3i h\u01b0\u01a1ng v\u00e0 jojoba gi\u00fap d\u01b0\u1ee1ng \u1ea9m s\u00e2u v\u00e0 t\u1ea1o \u0111i\u1ec1u ki\u1ec7n \u0111\u1ec3 b\u1ea3o v\u1ec7 t\u00f3c \u0111\u00e3 qua x\u1eed l\u00fd m\u00e0u v\u00e0 duy tr\u00ec v\u1ebb \u0111\u1eb9p v\u00e0 s\u1ef1 r\u1ef1c r\u1ee1 cho m\u00e1i t\u00f3c v\u00e0ng c\u1ee7a b\u1ea1n.<\/p>","protected":false},"featured_media":6775,"template":"","meta":[],"product_brand":[],"product_cat":[175],"product_tag":[177,226,179,223,180],"class_list":{"0":"post-6774","1":"product","2":"type-product","3":"status-publish","4":"has-post-thumbnail","6":"product_cat-kevin-murphy","7":"product_tag-blonde-angel","8":"product_tag-blonde-hair","9":"product_tag-conditioner","10":"product_tag-purple","11":"product_tag-treatment","13":"first","14":"outofstock","15":"shipping-taxable","16":"purchasable","17":"product-type-simple"},"yoast_head":"<!-- This site is optimized with the Yoast SEO plugin v26.0 - https:\/\/yoast.com\/wordpress\/plugins\/seo\/ -->\n<title>KEVIN MURPHY BLONDE.ANGEL TREATMENT - BLOOM GROOM SALON<\/title>\n<meta name=\"description\" content=\"BLONDE.ANGEL conditions and moisturises bleached, highlighted and grey hair, putting the bounce back into your blonde, while repairing any brassy or yellow tones.\" \/>\n<meta name=\"robots\" content=\"index, follow, max-snippet:-1, max-image-preview:large, max-video-preview:-1\" \/>\n<link rel=\"canonical\" href=\"https:\/\/mybloomgroom.com\/vi\/san-pham\/kevin-murphy-blonde-angel-treatment\/\" \/>\n<meta property=\"og:locale\" content=\"vi_VN\" \/>\n<meta property=\"og:type\" content=\"article\" \/>\n<meta property=\"og:title\" content=\"KEVIN MURPHY BLONDE.ANGEL TREATMENT - BLOOM GROOM SALON\" \/>\n<meta property=\"og:description\" content=\"BLONDE.ANGEL conditions and moisturises bleached, highlighted and grey hair, putting the bounce back into your blonde, while repairing any brassy or yellow tones.\" \/>\n<meta property=\"og:url\" content=\"https:\/\/mybloomgroom.com\/vi\/san-pham\/kevin-murphy-blonde-angel-treatment\/\" \/>\n<meta property=\"og:site_name\" content=\"BLOOM GROOM SALON\" \/>\n<meta property=\"article:modified_time\" content=\"2025-03-27T03:16:27+00:00\" \/>\n<meta property=\"og:image\" content=\"https:\/\/mybloomgroom.com\/wp-content\/uploads\/2023\/05\/blonde-angel-treatment-.jpeg\" \/>\n\t<meta property=\"og:image:width\" content=\"1280\" \/>\n\t<meta property=\"og:image:height\" content=\"1280\" \/>\n\t<meta property=\"og:image:type\" content=\"image\/jpeg\" \/>\n<meta name=\"twitter:card\" content=\"summary_large_image\" \/>\n<meta name=\"twitter:label1\" content=\"\u01af\u1edbc t\u00ednh th\u1eddi gian \u0111\u1ecdc\" \/>\n\t<meta name=\"twitter:data1\" content=\"1 ph\u00fat\" \/>\n<script type=\"application\/ld+json\" class=\"yoast-schema-graph\">{\"@context\":\"https:\/\/schema.org\",\"@graph\":[{\"@type\":\"WebPage\",\"@id\":\"https:\/\/mybloomgroom.com\/product\/kevin-murphy-blonde-angel-treatment\/\",\"url\":\"https:\/\/mybloomgroom.com\/product\/kevin-murphy-blonde-angel-treatment\/\",\"name\":\"KEVIN MURPHY BLONDE.ANGEL TREATMENT - BLOOM GROOM SALON\",\"isPartOf\":{\"@id\":\"https:\/\/mybloomgroom.com\/#website\"},\"primaryImageOfPage\":{\"@id\":\"https:\/\/mybloomgroom.com\/product\/kevin-murphy-blonde-angel-treatment\/#primaryimage\"},\"image\":{\"@id\":\"https:\/\/mybloomgroom.com\/product\/kevin-murphy-blonde-angel-treatment\/#primaryimage\"},\"thumbnailUrl\":\"http:\/\/mybloomgroom.com\/wp-content\/uploads\/2023\/05\/blonde-angel-treatment-.jpeg\",\"datePublished\":\"2024-01-01T14:06:29+00:00\",\"dateModified\":\"2025-03-27T03:16:27+00:00\",\"description\":\"BLONDE.ANGEL conditions and moisturises bleached, highlighted and grey hair, putting the bounce back into your blonde, while repairing any brassy or yellow tones.\",\"breadcrumb\":{\"@id\":\"https:\/\/mybloomgroom.com\/product\/kevin-murphy-blonde-angel-treatment\/#breadcrumb\"},\"inLanguage\":\"vi\",\"potentialAction\":[{\"@type\":\"ReadAction\",\"target\":[\"https:\/\/mybloomgroom.com\/product\/kevin-murphy-blonde-angel-treatment\/\"]}]},{\"@type\":\"ImageObject\",\"inLanguage\":\"vi\",\"@id\":\"https:\/\/mybloomgroom.com\/product\/kevin-murphy-blonde-angel-treatment\/#primaryimage\",\"url\":\"http:\/\/mybloomgroom.com\/wp-content\/uploads\/2023\/05\/blonde-angel-treatment-.jpeg\",\"contentUrl\":\"http:\/\/mybloomgroom.com\/wp-content\/uploads\/2023\/05\/blonde-angel-treatment-.jpeg\",\"width\":1280,\"height\":1280},{\"@type\":\"BreadcrumbList\",\"@id\":\"https:\/\/mybloomgroom.com\/product\/kevin-murphy-blonde-angel-treatment\/#breadcrumb\",\"itemListElement\":[{\"@type\":\"ListItem\",\"position\":1,\"name\":\"Home\",\"item\":\"https:\/\/mybloomgroom.com\/\"},{\"@type\":\"ListItem\",\"position\":2,\"name\":\"Salon Shop\",\"item\":\"https:\/\/mybloomgroom.com\/salon-shop\/\"},{\"@type\":\"ListItem\",\"position\":3,\"name\":\"KEVIN MURPHY BLONDE.ANGEL TREATMENT\"}]},{\"@type\":\"WebSite\",\"@id\":\"https:\/\/mybloomgroom.com\/#website\",\"url\":\"https:\/\/mybloomgroom.com\/\",\"name\":\"BLOOM GROOM SALON\",\"description\":\"Your beauty spa in Saigon\",\"potentialAction\":[{\"@type\":\"SearchAction\",\"target\":{\"@type\":\"EntryPoint\",\"urlTemplate\":\"https:\/\/mybloomgroom.com\/?s={search_term_string}\"},\"query-input\":{\"@type\":\"PropertyValueSpecification\",\"valueRequired\":true,\"valueName\":\"search_term_string\"}}],\"inLanguage\":\"vi\"}]}<\/script>\n<!-- \/ Yoast SEO plugin. -->","yoast_head_json":{"title":"KEVIN MURPHY BLONDE.ANGEL TREATMENT - BLOOM GROOM SALON","description":"BLONDE.ANGEL conditions and moisturises bleached, highlighted and grey hair, putting the bounce back into your blonde, while repairing any brassy or yellow tones.","robots":{"index":"index","follow":"follow","max-snippet":"max-snippet:-1","max-image-preview":"max-image-preview:large","max-video-preview":"max-video-preview:-1"},"canonical":"https:\/\/mybloomgroom.com\/vi\/san-pham\/kevin-murphy-blonde-angel-treatment\/","og_locale":"vi_VN","og_type":"article","og_title":"KEVIN MURPHY BLONDE.ANGEL TREATMENT - BLOOM GROOM SALON","og_description":"BLONDE.ANGEL conditions and moisturises bleached, highlighted and grey hair, putting the bounce back into your blonde, while repairing any brassy or yellow tones.","og_url":"https:\/\/mybloomgroom.com\/vi\/san-pham\/kevin-murphy-blonde-angel-treatment\/","og_site_name":"BLOOM GROOM SALON","article_modified_time":"2025-03-27T03:16:27+00:00","og_image":[{"width":1280,"height":1280,"url":"https:\/\/mybloomgroom.com\/wp-content\/uploads\/2023\/05\/blonde-angel-treatment-.jpeg","type":"image\/jpeg"}],"twitter_card":"summary_large_image","twitter_misc":{"\u01af\u1edbc t\u00ednh th\u1eddi gian \u0111\u1ecdc":"1 ph\u00fat"},"schema":{"@context":"https:\/\/schema.org","@graph":[{"@type":"WebPage","@id":"https:\/\/mybloomgroom.com\/product\/kevin-murphy-blonde-angel-treatment\/","url":"https:\/\/mybloomgroom.com\/product\/kevin-murphy-blonde-angel-treatment\/","name":"KEVIN MURPHY BLONDE.ANGEL TREATMENT - BLOOM GROOM SALON","isPartOf":{"@id":"https:\/\/mybloomgroom.com\/#website"},"primaryImageOfPage":{"@id":"https:\/\/mybloomgroom.com\/product\/kevin-murphy-blonde-angel-treatment\/#primaryimage"},"image":{"@id":"https:\/\/mybloomgroom.com\/product\/kevin-murphy-blonde-angel-treatment\/#primaryimage"},"thumbnailUrl":"http:\/\/mybloomgroom.com\/wp-content\/uploads\/2023\/05\/blonde-angel-treatment-.jpeg","datePublished":"2024-01-01T14:06:29+00:00","dateModified":"2025-03-27T03:16:27+00:00","description":"BLONDE.ANGEL conditions and moisturises bleached, highlighted and grey hair, putting the bounce back into your blonde, while repairing any brassy or yellow tones.","breadcrumb":{"@id":"https:\/\/mybloomgroom.com\/product\/kevin-murphy-blonde-angel-treatment\/#breadcrumb"},"inLanguage":"vi","potentialAction":[{"@type":"ReadAction","target":["https:\/\/mybloomgroom.com\/product\/kevin-murphy-blonde-angel-treatment\/"]}]},{"@type":"ImageObject","inLanguage":"vi","@id":"https:\/\/mybloomgroom.com\/product\/kevin-murphy-blonde-angel-treatment\/#primaryimage","url":"http:\/\/mybloomgroom.com\/wp-content\/uploads\/2023\/05\/blonde-angel-treatment-.jpeg","contentUrl":"http:\/\/mybloomgroom.com\/wp-content\/uploads\/2023\/05\/blonde-angel-treatment-.jpeg","width":1280,"height":1280},{"@type":"BreadcrumbList","@id":"https:\/\/mybloomgroom.com\/product\/kevin-murphy-blonde-angel-treatment\/#breadcrumb","itemListElement":[{"@type":"ListItem","position":1,"name":"Home","item":"https:\/\/mybloomgroom.com\/"},{"@type":"ListItem","position":2,"name":"Salon Shop","item":"https:\/\/mybloomgroom.com\/salon-shop\/"},{"@type":"ListItem","position":3,"name":"KEVIN MURPHY BLONDE.ANGEL TREATMENT"}]},{"@type":"WebSite","@id":"https:\/\/mybloomgroom.com\/#website","url":"https:\/\/mybloomgroom.com\/","name":"BLOOM GROOM SALON","description":"Spa l\u00e0m \u0111\u1eb9p c\u1ee7a b\u1ea1n \u1edf S\u00e0i G\u00f2n","potentialAction":[{"@type":"SearchAction","target":{"@type":"EntryPoint","urlTemplate":"https:\/\/mybloomgroom.com\/?s={search_term_string}"},"query-input":{"@type":"PropertyValueSpecification","valueRequired":true,"valueName":"search_term_string"}}],"inLanguage":"vi"}]}},"_links":{"self":[{"href":"http:\/\/mybloomgroom.com\/vi\/wp-json\/wp\/v2\/product\/6774","targetHints":{"allow":["GET"]}}],"collection":[{"href":"http:\/\/mybloomgroom.com\/vi\/wp-json\/wp\/v2\/product"}],"about":[{"href":"http:\/\/mybloomgroom.com\/vi\/wp-json\/wp\/v2\/types\/product"}],"version-history":[{"count":0,"href":"http:\/\/mybloomgroom.com\/vi\/wp-json\/wp\/v2\/product\/6774\/revisions"}],"wp:featuredmedia":[{"embeddable":true,"href":"http:\/\/mybloomgroom.com\/vi\/wp-json\/wp\/v2\/media\/6775"}],"wp:attachment":[{"href":"http:\/\/mybloomgroom.com\/vi\/wp-json\/wp\/v2\/media?parent=6774"}],"wp:term":[{"taxonomy":"product_brand","embeddable":true,"href":"http:\/\/mybloomgroom.com\/vi\/wp-json\/wp\/v2\/product_brand?post=6774"},{"taxonomy":"product_cat","embeddable":true,"href":"http:\/\/mybloomgroom.com\/vi\/wp-json\/wp\/v2\/product_cat?post=6774"},{"taxonomy":"product_tag","embeddable":true,"href":"http:\/\/mybloomgroom.com\/vi\/wp-json\/wp\/v2\/product_tag?post=6774"}],"curies":[{"name":"wp","href":"https:\/\/api.w.org\/{rel}","templated":true}]}}