{"id":5841,"date":"2023-04-13T14:35:28","date_gmt":"2023-04-13T07:35:28","guid":{"rendered":"https:\/\/mybloomgroom.wamstore.com\/?post_type=product&#038;p=5841"},"modified":"2025-08-30T09:12:39","modified_gmt":"2025-08-30T02:12:39","slug":"this-is-a-curl-building-serum","status":"publish","type":"product","link":"http:\/\/mybloomgroom.com\/vi\/san-pham\/this-is-a-curl-building-serum\/","title":{"rendered":"DAVINES \u0110\u00e2y l\u00e0 m\u1ed9t lo\u1ea1i huy\u1ebft thanh x\u00e2y d\u1ef1ng Curl"},"content":{"rendered":"<h2 class=\"product-short_description\">Curl-Enhancing Hair Serum<\/h2>","protected":false},"excerpt":{"rendered":"<p>Leave-in serum for creating defined, bouncy curls. This Is A Curl-Building Serum adds elasticity and shine to curls, blocking frizz and humidity.<\/p>\n<p><label class=\"accordion__label\" for=\"benefits\"><span class=\"accordion__title\">l\u1ee3i \u00edch<\/span><\/label><\/p>\n<div class=\"accordion__text container\">\n<div class=\"specifics\">\n<div class=\"specifics__wrapper\">\n<div class=\"specifics__item\">\n<div class=\"specifics__list\">Curls are super shiny, resistant to frizz and humidity and defined.<\/div>\n<\/div>\n<div class=\"specifics__item\"><span class=\"additional-title-mobile\">Th\u00f4ng tin b\u1ed5 sung<\/span><\/p>\n<div class=\"specifics__list\">Without Paraben and added colorant<\/div>\n<\/div>\n<\/div>\n<\/div>\n<\/div>","protected":false},"featured_media":5842,"template":"","meta":[],"product_brand":[],"product_cat":[39],"product_tag":[213,70,181],"class_list":{"0":"post-5841","1":"product","2":"type-product","3":"status-publish","4":"has-post-thumbnail","6":"product_cat-davines","7":"product_tag-curly-hair","8":"product_tag-davines","9":"product_tag-styling","11":"first","12":"instock","13":"shipping-taxable","14":"purchasable","15":"product-type-simple"},"yoast_head":"<!-- This site is optimized with the Yoast SEO plugin v26.0 - https:\/\/yoast.com\/wordpress\/plugins\/seo\/ -->\n<title>DAVINES This is a Curl Building Serum - BLOOM GROOM SALON<\/title>\n<meta name=\"robots\" content=\"index, follow, max-snippet:-1, max-image-preview:large, max-video-preview:-1\" \/>\n<link rel=\"canonical\" href=\"https:\/\/mybloomgroom.com\/vi\/san-pham\/this-is-a-curl-building-serum\/\" \/>\n<meta property=\"og:locale\" content=\"vi_VN\" \/>\n<meta property=\"og:type\" content=\"article\" \/>\n<meta property=\"og:title\" content=\"DAVINES This is a Curl Building Serum - BLOOM GROOM SALON\" \/>\n<meta property=\"og:description\" content=\"Leave-in serum for creating defined, bouncy curls. This Is A Curl-Building Serum adds elasticity and shine to curls, blocking frizz and humidity.  enefits     Curls are super shiny, resistant to frizz and humidity and defined.  Additional Info Without Paraben and added colorant\" \/>\n<meta property=\"og:url\" content=\"https:\/\/mybloomgroom.com\/vi\/san-pham\/this-is-a-curl-building-serum\/\" \/>\n<meta property=\"og:site_name\" content=\"BLOOM GROOM SALON\" \/>\n<meta property=\"article:modified_time\" content=\"2025-08-30T02:12:39+00:00\" \/>\n<meta property=\"og:image\" content=\"https:\/\/mybloomgroom.com\/wp-content\/uploads\/2023\/03\/this-is-a-curl-building-serum.jpg\" \/>\n\t<meta property=\"og:image:width\" content=\"1080\" \/>\n\t<meta property=\"og:image:height\" content=\"1080\" \/>\n\t<meta property=\"og:image:type\" content=\"image\/jpeg\" \/>\n<meta name=\"twitter:card\" content=\"summary_large_image\" \/>\n<script type=\"application\/ld+json\" class=\"yoast-schema-graph\">{\"@context\":\"https:\/\/schema.org\",\"@graph\":[{\"@type\":\"WebPage\",\"@id\":\"https:\/\/mybloomgroom.com\/product\/this-is-a-curl-building-serum\/\",\"url\":\"https:\/\/mybloomgroom.com\/product\/this-is-a-curl-building-serum\/\",\"name\":\"DAVINES This is a Curl Building Serum - BLOOM GROOM SALON\",\"isPartOf\":{\"@id\":\"https:\/\/mybloomgroom.com\/#website\"},\"primaryImageOfPage\":{\"@id\":\"https:\/\/mybloomgroom.com\/product\/this-is-a-curl-building-serum\/#primaryimage\"},\"image\":{\"@id\":\"https:\/\/mybloomgroom.com\/product\/this-is-a-curl-building-serum\/#primaryimage\"},\"thumbnailUrl\":\"http:\/\/mybloomgroom.com\/wp-content\/uploads\/2023\/03\/this-is-a-curl-building-serum.jpg\",\"datePublished\":\"2023-04-13T07:35:28+00:00\",\"dateModified\":\"2025-08-30T02:12:39+00:00\",\"breadcrumb\":{\"@id\":\"https:\/\/mybloomgroom.com\/product\/this-is-a-curl-building-serum\/#breadcrumb\"},\"inLanguage\":\"vi\",\"potentialAction\":[{\"@type\":\"ReadAction\",\"target\":[\"https:\/\/mybloomgroom.com\/product\/this-is-a-curl-building-serum\/\"]}]},{\"@type\":\"ImageObject\",\"inLanguage\":\"vi\",\"@id\":\"https:\/\/mybloomgroom.com\/product\/this-is-a-curl-building-serum\/#primaryimage\",\"url\":\"http:\/\/mybloomgroom.com\/wp-content\/uploads\/2023\/03\/this-is-a-curl-building-serum.jpg\",\"contentUrl\":\"http:\/\/mybloomgroom.com\/wp-content\/uploads\/2023\/03\/this-is-a-curl-building-serum.jpg\",\"width\":1080,\"height\":1080,\"caption\":\"Davines curl building serum \u2013 Bloom Groom Saigon\"},{\"@type\":\"BreadcrumbList\",\"@id\":\"https:\/\/mybloomgroom.com\/product\/this-is-a-curl-building-serum\/#breadcrumb\",\"itemListElement\":[{\"@type\":\"ListItem\",\"position\":1,\"name\":\"Home\",\"item\":\"https:\/\/mybloomgroom.com\/\"},{\"@type\":\"ListItem\",\"position\":2,\"name\":\"Salon Shop\",\"item\":\"https:\/\/mybloomgroom.com\/salon-shop\/\"},{\"@type\":\"ListItem\",\"position\":3,\"name\":\"DAVINES This is a Curl Building Serum\"}]},{\"@type\":\"WebSite\",\"@id\":\"https:\/\/mybloomgroom.com\/#website\",\"url\":\"https:\/\/mybloomgroom.com\/\",\"name\":\"BLOOM GROOM SALON\",\"description\":\"Your beauty spa in Saigon\",\"potentialAction\":[{\"@type\":\"SearchAction\",\"target\":{\"@type\":\"EntryPoint\",\"urlTemplate\":\"https:\/\/mybloomgroom.com\/?s={search_term_string}\"},\"query-input\":{\"@type\":\"PropertyValueSpecification\",\"valueRequired\":true,\"valueName\":\"search_term_string\"}}],\"inLanguage\":\"vi\"}]}<\/script>\n<!-- \/ Yoast SEO plugin. -->","yoast_head_json":{"title":"DAVINES This is a Curl Building Serum - BLOOM GROOM SALON","robots":{"index":"index","follow":"follow","max-snippet":"max-snippet:-1","max-image-preview":"max-image-preview:large","max-video-preview":"max-video-preview:-1"},"canonical":"https:\/\/mybloomgroom.com\/vi\/san-pham\/this-is-a-curl-building-serum\/","og_locale":"vi_VN","og_type":"article","og_title":"DAVINES This is a Curl Building Serum - BLOOM GROOM SALON","og_description":"Leave-in serum for creating defined, bouncy curls. This Is A Curl-Building Serum adds elasticity and shine to curls, blocking frizz and humidity.  enefits     Curls are super shiny, resistant to frizz and humidity and defined.  Additional Info Without Paraben and added colorant","og_url":"https:\/\/mybloomgroom.com\/vi\/san-pham\/this-is-a-curl-building-serum\/","og_site_name":"BLOOM GROOM SALON","article_modified_time":"2025-08-30T02:12:39+00:00","og_image":[{"width":1080,"height":1080,"url":"https:\/\/mybloomgroom.com\/wp-content\/uploads\/2023\/03\/this-is-a-curl-building-serum.jpg","type":"image\/jpeg"}],"twitter_card":"summary_large_image","schema":{"@context":"https:\/\/schema.org","@graph":[{"@type":"WebPage","@id":"https:\/\/mybloomgroom.com\/product\/this-is-a-curl-building-serum\/","url":"https:\/\/mybloomgroom.com\/product\/this-is-a-curl-building-serum\/","name":"DAVINES This is a Curl Building Serum - BLOOM GROOM SALON","isPartOf":{"@id":"https:\/\/mybloomgroom.com\/#website"},"primaryImageOfPage":{"@id":"https:\/\/mybloomgroom.com\/product\/this-is-a-curl-building-serum\/#primaryimage"},"image":{"@id":"https:\/\/mybloomgroom.com\/product\/this-is-a-curl-building-serum\/#primaryimage"},"thumbnailUrl":"http:\/\/mybloomgroom.com\/wp-content\/uploads\/2023\/03\/this-is-a-curl-building-serum.jpg","datePublished":"2023-04-13T07:35:28+00:00","dateModified":"2025-08-30T02:12:39+00:00","breadcrumb":{"@id":"https:\/\/mybloomgroom.com\/product\/this-is-a-curl-building-serum\/#breadcrumb"},"inLanguage":"vi","potentialAction":[{"@type":"ReadAction","target":["https:\/\/mybloomgroom.com\/product\/this-is-a-curl-building-serum\/"]}]},{"@type":"ImageObject","inLanguage":"vi","@id":"https:\/\/mybloomgroom.com\/product\/this-is-a-curl-building-serum\/#primaryimage","url":"http:\/\/mybloomgroom.com\/wp-content\/uploads\/2023\/03\/this-is-a-curl-building-serum.jpg","contentUrl":"http:\/\/mybloomgroom.com\/wp-content\/uploads\/2023\/03\/this-is-a-curl-building-serum.jpg","width":1080,"height":1080,"caption":"Davines curl building serum \u2013 Bloom Groom Saigon"},{"@type":"BreadcrumbList","@id":"https:\/\/mybloomgroom.com\/product\/this-is-a-curl-building-serum\/#breadcrumb","itemListElement":[{"@type":"ListItem","position":1,"name":"Home","item":"https:\/\/mybloomgroom.com\/"},{"@type":"ListItem","position":2,"name":"Salon Shop","item":"https:\/\/mybloomgroom.com\/salon-shop\/"},{"@type":"ListItem","position":3,"name":"DAVINES This is a Curl Building Serum"}]},{"@type":"WebSite","@id":"https:\/\/mybloomgroom.com\/#website","url":"https:\/\/mybloomgroom.com\/","name":"BLOOM GROOM SALON","description":"Spa l\u00e0m \u0111\u1eb9p c\u1ee7a b\u1ea1n \u1edf S\u00e0i G\u00f2n","potentialAction":[{"@type":"SearchAction","target":{"@type":"EntryPoint","urlTemplate":"https:\/\/mybloomgroom.com\/?s={search_term_string}"},"query-input":{"@type":"PropertyValueSpecification","valueRequired":true,"valueName":"search_term_string"}}],"inLanguage":"vi"}]}},"_links":{"self":[{"href":"http:\/\/mybloomgroom.com\/vi\/wp-json\/wp\/v2\/product\/5841","targetHints":{"allow":["GET"]}}],"collection":[{"href":"http:\/\/mybloomgroom.com\/vi\/wp-json\/wp\/v2\/product"}],"about":[{"href":"http:\/\/mybloomgroom.com\/vi\/wp-json\/wp\/v2\/types\/product"}],"version-history":[{"count":0,"href":"http:\/\/mybloomgroom.com\/vi\/wp-json\/wp\/v2\/product\/5841\/revisions"}],"wp:featuredmedia":[{"embeddable":true,"href":"http:\/\/mybloomgroom.com\/vi\/wp-json\/wp\/v2\/media\/5842"}],"wp:attachment":[{"href":"http:\/\/mybloomgroom.com\/vi\/wp-json\/wp\/v2\/media?parent=5841"}],"wp:term":[{"taxonomy":"product_brand","embeddable":true,"href":"http:\/\/mybloomgroom.com\/vi\/wp-json\/wp\/v2\/product_brand?post=5841"},{"taxonomy":"product_cat","embeddable":true,"href":"http:\/\/mybloomgroom.com\/vi\/wp-json\/wp\/v2\/product_cat?post=5841"},{"taxonomy":"product_tag","embeddable":true,"href":"http:\/\/mybloomgroom.com\/vi\/wp-json\/wp\/v2\/product_tag?post=5841"}],"curies":[{"name":"wp","href":"https:\/\/api.w.org\/{rel}","templated":true}]}}