{"id":5836,"date":"2023-04-13T20:58:17","date_gmt":"2023-04-13T13:58:17","guid":{"rendered":"https:\/\/mybloomgroom.wamstore.com\/?post_type=product&#038;p=5836"},"modified":"2025-03-27T10:20:14","modified_gmt":"2025-03-27T03:20:14","slug":"intense-treatment","status":"publish","type":"product","link":"http:\/\/mybloomgroom.com\/vi\/san-pham\/intense-treatment\/","title":{"rendered":"\u0110i\u1ec1u Tr\u1ecb C\u01b0\u1eddng \u0110\u1ed9 Cao DAVINES"},"content":{"rendered":"<h2 class=\"product-short_description\">tr\u00e1i tim th\u1ee7y tinh<\/h2>","protected":false},"excerpt":{"rendered":"<p>\u0110i\u1ec1u tr\u1ecb th\u1ea9m m\u1ef9 c\u01b0\u1eddng \u0111\u1ed9 cao n\u00e0y \u0111\u1ec3 c\u1ee7ng c\u1ed1 nh\u1eefng c\u00f4 g\u00e1i t\u00f3c v\u00e0ng. Nh\u1edd ph\u1ee9c h\u1ee3p li\u00ean k\u1ebft Biacidic v\u00e0 chi\u1ebft xu\u1ea5t Baobab, n\u00f3 c\u1ee7ng c\u1ed1 s\u1ee3i t\u00f3c, gi\u00fap ng\u0103n ng\u1eeba g\u00e3y r\u1ee5ng, cho m\u00e1i t\u00f3c \u0111\u01b0\u1ee3c nu\u00f4i d\u01b0\u1ee1ng v\u00e0 s\u00e1ng b\u00f3ng ngay l\u1eadp t\u1ee9c.<\/p>\n<p><label class=\"accordion__label\" for=\"benefits\"><span class=\"accordion__title\">Nh\u1eefng l\u1ee3i \u00edch<\/span><\/label><\/p>\n<div class=\"accordion__text container\">\n<div class=\"specifics\">\n<div class=\"specifics__wrapper\">\n<div class=\"specifics__item\">\n<div class=\"specifics__list\">Gi\u00fap ng\u0103n ng\u1eeba t\u00f3c g\u00e3y r\u1ee5ng.<br \/>\nL\u00ean \u0111\u1ebfn +40% kh\u1ea3 n\u0103ng ch\u1ed1ng g\u00e3y r\u1ee5ng t\u00f3c n\u1ebfu \u0110i\u1ec1u tr\u1ecb c\u01b0\u1eddng \u0111\u1ed9 cao \u0111\u01b0\u1ee3c duy tr\u00ec trong 5 ph\u00fat.*<br \/>\nS\u1ee9c \u0111\u1ec1 kh\u00e1ng t\u0103ng l\u00ean t\u1edbi +57% n\u1ebfu \u0110i\u1ec1u tr\u1ecb c\u01b0\u1eddng \u0111\u1ed9 cao \u0111\u01b0\u1ee3c \u0111\u1ec3 l\u00e2u h\u01a1n, trong t\u1ed1i \u0111a 10 ph\u00fat.*<br \/>\nT\u00f3c \u0111\u00e0n h\u1ed3i, nu\u00f4i d\u01b0\u1ee1ng v\u00e0 thu\u1ea7n h\u00f3a.<\/p>\n<p>S\u1ea3n xu\u1ea5t t\u1ea1i Davines Village 100% CO2 trung t\u00ednh.<br \/>\nBao b\u00ec l\u00e0m b\u1eb1ng nh\u1ef1a t\u00e1i ch\u1ebf sau ti\u00eau d\u00f9ng, b\u00f9 100%.<br \/>\nS\u1ea3n ph\u1ea9m b\u00f9 CO2, t\u1eeb nguy\u00ean li\u1ec7u th\u00f4 \u0111\u1ebfn tay b\u1ea1n \u2013 lo\u1ea1i tr\u1eeb giai \u0111o\u1ea1n s\u1eed d\u1ee5ng.<\/p>\n<p>*Th\u1eed nghi\u1ec7m d\u1ee5ng c\u1ee5 tr\u00ean c\u00e1c s\u1ee3i t\u00f3c \u0111\u01b0\u1ee3c x\u1eed l\u00fd b\u1eb1ng h\u1ec7 th\u1ed1ng Heart of Glass (D\u1ea7u g\u1ed9i \u0111\u1ea7u, \u0110i\u1ec1u tr\u1ecb c\u01b0\u1eddng \u0111\u1ed9 cao v\u00e0 D\u1ea7u x\u1ea3 gi\u00e0u d\u01b0\u1ee1ng ch\u1ea5t) so v\u1edbi c\u00e1c s\u1ee3i t\u00f3c ch\u01b0a \u0111\u01b0\u1ee3c x\u1eed l\u00fd. C\u00f9ng c\u00f4ng th\u1ee9c kh\u00f4ng c\u00f3 chi\u1ebft xu\u1ea5t.<\/p><\/div>\n<\/div>\n<div class=\"specifics__item\"><span class=\"additional-title-mobile\">Th\u00f4ng tin b\u1ed5 sung<\/span><\/p>\n<div class=\"specifics__list\">Kh\u1ea3 n\u0103ng ph\u00e2n h\u1ee7y sinh h\u1ecdc: 89,2%.<br \/>\n%of Ngu\u1ed3n g\u1ed1c t\u1ef1 nhi\u00ean Th\u00e0nh ph\u1ea7n: 87,2%.<br \/>\nT\u1ea5t c\u1ea3 c\u00e1c c\u00f4ng th\u1ee9c \u0111\u1ec1u kh\u00f4ng ch\u1ee9a silicone.<\/div>\n<\/div>\n<\/div>\n<\/div>\n<\/div>","protected":false},"featured_media":5777,"template":"","meta":[],"product_brand":[],"product_cat":[39],"product_tag":[226,70,180],"class_list":{"0":"post-5836","1":"product","2":"type-product","3":"status-publish","4":"has-post-thumbnail","6":"product_cat-davines","7":"product_tag-blonde-hair","8":"product_tag-davines","9":"product_tag-treatment","11":"first","12":"outofstock","13":"shipping-taxable","14":"purchasable","15":"product-type-simple"},"yoast_head":"<!-- This site is optimized with the Yoast SEO plugin v26.0 - https:\/\/yoast.com\/wordpress\/plugins\/seo\/ -->\n<title>DAVINES Intense Treatment - BLOOM GROOM SALON<\/title>\n<meta name=\"robots\" content=\"index, follow, max-snippet:-1, max-image-preview:large, max-video-preview:-1\" \/>\n<link rel=\"canonical\" href=\"http:\/\/mybloomgroom.com\/vi\/san-pham\/intense-treatment\/\" \/>\n<meta property=\"og:locale\" content=\"vi_VN\" \/>\n<meta property=\"og:type\" content=\"article\" \/>\n<meta property=\"og:title\" content=\"DAVINES Intense Treatment - BLOOM GROOM SALON\" \/>\n<meta property=\"og:description\" content=\"This intense cosmetic treatment to reinforce blondes. Thanks to the Biacidic bond complex and the Baobab extract it strengthens the hair fibre, helping to prevent breakage, for nourished hair, immediately brightened.  Benefits     Helps to prevent hair fibre breakage. Up to +40% of resistance to hair breakage if the Intense treatment is left to act for 5 minutes.* Resistance increases up to +57% if the Intense treatment is left to act longer, for up to 10 minutes.* The hair is elastic, nourishes and tamed.  Manufactured in 100% CO2 neutral Davines Village. Packaging made of post consumer recycled plastic, 100% offset. CO2 offset product, from raw materials to your hands - excluded use phase.  *Instrumental tests on strands treated with the Heart of Glass system (Shampoo, Intense Treatment and Rich Conditioner) compared to untreated strands.same formulations without the extract.  Additional Info Biodegradability: 89,2%. %of Natural Origin Ingredients: 87,2%. All formulations are silicone-free.\" \/>\n<meta property=\"og:url\" content=\"http:\/\/mybloomgroom.com\/vi\/san-pham\/intense-treatment\/\" \/>\n<meta property=\"og:site_name\" content=\"BLOOM GROOM SALON\" \/>\n<meta property=\"article:modified_time\" content=\"2025-03-27T03:20:14+00:00\" \/>\n<meta property=\"og:image\" content=\"http:\/\/mybloomgroom.com\/wp-content\/uploads\/2023\/03\/heart-of-glass-treatment-.png\" \/>\n\t<meta property=\"og:image:width\" content=\"1080\" \/>\n\t<meta property=\"og:image:height\" content=\"1080\" \/>\n\t<meta property=\"og:image:type\" content=\"image\/png\" \/>\n<meta name=\"twitter:card\" content=\"summary_large_image\" \/>\n<script type=\"application\/ld+json\" class=\"yoast-schema-graph\">{\"@context\":\"https:\/\/schema.org\",\"@graph\":[{\"@type\":\"WebPage\",\"@id\":\"http:\/\/mybloomgroom.com\/product\/intense-treatment\/\",\"url\":\"http:\/\/mybloomgroom.com\/product\/intense-treatment\/\",\"name\":\"DAVINES Intense Treatment - BLOOM GROOM SALON\",\"isPartOf\":{\"@id\":\"https:\/\/mybloomgroom.com\/vi\/#website\"},\"primaryImageOfPage\":{\"@id\":\"http:\/\/mybloomgroom.com\/product\/intense-treatment\/#primaryimage\"},\"image\":{\"@id\":\"http:\/\/mybloomgroom.com\/product\/intense-treatment\/#primaryimage\"},\"thumbnailUrl\":\"http:\/\/mybloomgroom.com\/wp-content\/uploads\/2023\/03\/heart-of-glass-treatment-.png\",\"datePublished\":\"2023-04-13T13:58:17+00:00\",\"dateModified\":\"2025-03-27T03:20:14+00:00\",\"breadcrumb\":{\"@id\":\"http:\/\/mybloomgroom.com\/product\/intense-treatment\/#breadcrumb\"},\"inLanguage\":\"vi\",\"potentialAction\":[{\"@type\":\"ReadAction\",\"target\":[\"http:\/\/mybloomgroom.com\/product\/intense-treatment\/\"]}]},{\"@type\":\"ImageObject\",\"inLanguage\":\"vi\",\"@id\":\"http:\/\/mybloomgroom.com\/product\/intense-treatment\/#primaryimage\",\"url\":\"http:\/\/mybloomgroom.com\/wp-content\/uploads\/2023\/03\/heart-of-glass-treatment-.png\",\"contentUrl\":\"http:\/\/mybloomgroom.com\/wp-content\/uploads\/2023\/03\/heart-of-glass-treatment-.png\",\"width\":1080,\"height\":1080,\"caption\":\"Bloom Groom Saigon \u2013 Davines sustainable haircare products\"},{\"@type\":\"BreadcrumbList\",\"@id\":\"http:\/\/mybloomgroom.com\/product\/intense-treatment\/#breadcrumb\",\"itemListElement\":[{\"@type\":\"ListItem\",\"position\":1,\"name\":\"Home\",\"item\":\"http:\/\/mybloomgroom.com\/vi\/\"},{\"@type\":\"ListItem\",\"position\":2,\"name\":\"Salon Shop\",\"item\":\"http:\/\/mybloomgroom.com\/vi\/salon-shop\/\"},{\"@type\":\"ListItem\",\"position\":3,\"name\":\"DAVINES Intense Treatment\"}]},{\"@type\":\"WebSite\",\"@id\":\"https:\/\/mybloomgroom.com\/vi\/#website\",\"url\":\"https:\/\/mybloomgroom.com\/vi\/\",\"name\":\"BLOOM GROOM SALON\",\"description\":\"Your beauty spa in Saigon\",\"potentialAction\":[{\"@type\":\"SearchAction\",\"target\":{\"@type\":\"EntryPoint\",\"urlTemplate\":\"https:\/\/mybloomgroom.com\/vi\/?s={search_term_string}\"},\"query-input\":{\"@type\":\"PropertyValueSpecification\",\"valueRequired\":true,\"valueName\":\"search_term_string\"}}],\"inLanguage\":\"vi\"}]}<\/script>\n<!-- \/ Yoast SEO plugin. -->","yoast_head_json":{"title":"DAVINES Intense Treatment - BLOOM GROOM SALON","robots":{"index":"index","follow":"follow","max-snippet":"max-snippet:-1","max-image-preview":"max-image-preview:large","max-video-preview":"max-video-preview:-1"},"canonical":"http:\/\/mybloomgroom.com\/vi\/san-pham\/intense-treatment\/","og_locale":"vi_VN","og_type":"article","og_title":"DAVINES Intense Treatment - BLOOM GROOM SALON","og_description":"This intense cosmetic treatment to reinforce blondes. Thanks to the Biacidic bond complex and the Baobab extract it strengthens the hair fibre, helping to prevent breakage, for nourished hair, immediately brightened.  Benefits     Helps to prevent hair fibre breakage. Up to +40% of resistance to hair breakage if the Intense treatment is left to act for 5 minutes.* Resistance increases up to +57% if the Intense treatment is left to act longer, for up to 10 minutes.* The hair is elastic, nourishes and tamed.  Manufactured in 100% CO2 neutral Davines Village. Packaging made of post consumer recycled plastic, 100% offset. CO2 offset product, from raw materials to your hands - excluded use phase.  *Instrumental tests on strands treated with the Heart of Glass system (Shampoo, Intense Treatment and Rich Conditioner) compared to untreated strands.same formulations without the extract.  Additional Info Biodegradability: 89,2%. %of Natural Origin Ingredients: 87,2%. All formulations are silicone-free.","og_url":"http:\/\/mybloomgroom.com\/vi\/san-pham\/intense-treatment\/","og_site_name":"BLOOM GROOM SALON","article_modified_time":"2025-03-27T03:20:14+00:00","og_image":[{"width":1080,"height":1080,"url":"http:\/\/mybloomgroom.com\/wp-content\/uploads\/2023\/03\/heart-of-glass-treatment-.png","type":"image\/png"}],"twitter_card":"summary_large_image","schema":{"@context":"https:\/\/schema.org","@graph":[{"@type":"WebPage","@id":"http:\/\/mybloomgroom.com\/product\/intense-treatment\/","url":"http:\/\/mybloomgroom.com\/product\/intense-treatment\/","name":"DAVINES Intense Treatment - BLOOM GROOM SALON","isPartOf":{"@id":"https:\/\/mybloomgroom.com\/vi\/#website"},"primaryImageOfPage":{"@id":"http:\/\/mybloomgroom.com\/product\/intense-treatment\/#primaryimage"},"image":{"@id":"http:\/\/mybloomgroom.com\/product\/intense-treatment\/#primaryimage"},"thumbnailUrl":"http:\/\/mybloomgroom.com\/wp-content\/uploads\/2023\/03\/heart-of-glass-treatment-.png","datePublished":"2023-04-13T13:58:17+00:00","dateModified":"2025-03-27T03:20:14+00:00","breadcrumb":{"@id":"http:\/\/mybloomgroom.com\/product\/intense-treatment\/#breadcrumb"},"inLanguage":"vi","potentialAction":[{"@type":"ReadAction","target":["http:\/\/mybloomgroom.com\/product\/intense-treatment\/"]}]},{"@type":"ImageObject","inLanguage":"vi","@id":"http:\/\/mybloomgroom.com\/product\/intense-treatment\/#primaryimage","url":"http:\/\/mybloomgroom.com\/wp-content\/uploads\/2023\/03\/heart-of-glass-treatment-.png","contentUrl":"http:\/\/mybloomgroom.com\/wp-content\/uploads\/2023\/03\/heart-of-glass-treatment-.png","width":1080,"height":1080,"caption":"Bloom Groom Saigon \u2013 Davines sustainable haircare products"},{"@type":"BreadcrumbList","@id":"http:\/\/mybloomgroom.com\/product\/intense-treatment\/#breadcrumb","itemListElement":[{"@type":"ListItem","position":1,"name":"Home","item":"http:\/\/mybloomgroom.com\/vi\/"},{"@type":"ListItem","position":2,"name":"Salon Shop","item":"http:\/\/mybloomgroom.com\/vi\/salon-shop\/"},{"@type":"ListItem","position":3,"name":"DAVINES Intense Treatment"}]},{"@type":"WebSite","@id":"https:\/\/mybloomgroom.com\/vi\/#website","url":"https:\/\/mybloomgroom.com\/vi\/","name":"BLOOM GROOM SALON","description":"Spa l\u00e0m \u0111\u1eb9p c\u1ee7a b\u1ea1n \u1edf S\u00e0i G\u00f2n","potentialAction":[{"@type":"SearchAction","target":{"@type":"EntryPoint","urlTemplate":"https:\/\/mybloomgroom.com\/vi\/?s={search_term_string}"},"query-input":{"@type":"PropertyValueSpecification","valueRequired":true,"valueName":"search_term_string"}}],"inLanguage":"vi"}]}},"_links":{"self":[{"href":"http:\/\/mybloomgroom.com\/vi\/wp-json\/wp\/v2\/product\/5836","targetHints":{"allow":["GET"]}}],"collection":[{"href":"http:\/\/mybloomgroom.com\/vi\/wp-json\/wp\/v2\/product"}],"about":[{"href":"http:\/\/mybloomgroom.com\/vi\/wp-json\/wp\/v2\/types\/product"}],"version-history":[{"count":0,"href":"http:\/\/mybloomgroom.com\/vi\/wp-json\/wp\/v2\/product\/5836\/revisions"}],"wp:featuredmedia":[{"embeddable":true,"href":"http:\/\/mybloomgroom.com\/vi\/wp-json\/wp\/v2\/media\/5777"}],"wp:attachment":[{"href":"http:\/\/mybloomgroom.com\/vi\/wp-json\/wp\/v2\/media?parent=5836"}],"wp:term":[{"taxonomy":"product_brand","embeddable":true,"href":"http:\/\/mybloomgroom.com\/vi\/wp-json\/wp\/v2\/product_brand?post=5836"},{"taxonomy":"product_cat","embeddable":true,"href":"http:\/\/mybloomgroom.com\/vi\/wp-json\/wp\/v2\/product_cat?post=5836"},{"taxonomy":"product_tag","embeddable":true,"href":"http:\/\/mybloomgroom.com\/vi\/wp-json\/wp\/v2\/product_tag?post=5836"}],"curies":[{"name":"wp","href":"https:\/\/api.w.org\/{rel}","templated":true}]}}