{"id":5770,"date":"2023-04-21T14:52:57","date_gmt":"2023-04-21T07:52:57","guid":{"rendered":"https:\/\/mybloomgroom.wamstore.com\/?post_type=product&#038;p=5770"},"modified":"2025-03-27T10:17:46","modified_gmt":"2025-03-27T03:17:46","slug":"no-7-bonding-oil","status":"publish","type":"product","link":"http:\/\/mybloomgroom.com\/vi\/san-pham\/no-7-bonding-oil\/","title":{"rendered":"D\u1ea6U LI\u00caN K\u1ebeT OLAPLEX S\u1ed0 7"},"content":{"rendered":"<h1 class=\"product__info-title h4\">D\u1ea6U LI\u00caN K\u1ebeT S\u1ed0 7<\/h1>","protected":false},"excerpt":{"rendered":"<h2 class=\"product-info-highlight__tittle label-lg text-uppercase\">GI\u1edaI THI\u1ec6U<sup>.<\/sup>7<\/h2>\n<h3 class=\"product-info-highlight__heading h4\">M\u1ed9t lo\u1ea1i d\u1ea7u t\u1ea1o ki\u1ec3u s\u1eeda ch\u1eefa kh\u00f4ng tr\u1ecdng l\u01b0\u1ee3ng, c\u00f4 \u0111\u1eb7c cao.<\/h3>\n<p class=\"p-lg\">s\u1ed1<sup>.<\/sup>7 l\u00e0m t\u0103ng \u0111\u00e1ng k\u1ec3 \u0111\u1ed9 b\u00f3ng, \u0111\u1ed9 m\u1ec1m m\u1ea1i v\u00e0 \u0111\u1ed9 s\u1ed1ng \u0111\u1ed9ng c\u1ee7a m\u00e0u s\u1eafc \u0111\u1ed3ng th\u1eddi gi\u1ea3m thi\u1ec3u hi\u1ec7n t\u01b0\u1ee3ng bay bay v\u00e0 xo\u0103n c\u1ee9ng.<\/p>\n<p>L\u1ee3i \u00edch ch\u00ednh:<br \/>\n- Ph\u1ee5c h\u1ed3i t\u00f3c h\u01b0 t\u1ed5n v\u00e0 h\u01b0 t\u1ed5n<br \/>\n- T\u0103ng c\u01b0\u1eddng v\u00e0 b\u1ea3o v\u1ec7 c\u1ea5u tr\u00fac t\u00f3c<br \/>\n\u2013 Ph\u1ee5c h\u1ed3i v\u1ebb ngo\u00e0i kh\u1ecfe m\u1ea1nh v\u00e0 k\u1ebft c\u1ea5u<\/p>","protected":false},"featured_media":5709,"template":"","meta":[],"product_brand":[],"product_cat":[42],"product_tag":[225,231,183,228,61,181,180],"class_list":{"0":"post-5770","1":"product","2":"type-product","3":"status-publish","4":"has-post-thumbnail","6":"product_cat-olaplex","7":"product_tag-all-hair-types","8":"product_tag-damaged-hair","9":"product_tag-heat-protection","10":"product_tag-oil","11":"product_tag-olaplex","12":"product_tag-styling","13":"product_tag-treatment","15":"first","16":"outofstock","17":"sale","18":"shipping-taxable","19":"purchasable","20":"product-type-simple"},"yoast_head":"<!-- This site is optimized with the Yoast SEO plugin v26.0 - https:\/\/yoast.com\/wordpress\/plugins\/seo\/ -->\n<title>OLAPLEX N\u00ba.7 BONDING OIL - BLOOM GROOM SALON<\/title>\n<meta name=\"description\" content=\"N\u00b0.7 dramatically increases shine, softness, and color vibrancy while minimizing flyaways and frizz.\" \/>\n<meta name=\"robots\" content=\"index, follow, max-snippet:-1, max-image-preview:large, max-video-preview:-1\" \/>\n<link rel=\"canonical\" href=\"http:\/\/mybloomgroom.com\/vi\/san-pham\/no-7-bonding-oil\/\" \/>\n<meta property=\"og:locale\" content=\"vi_VN\" \/>\n<meta property=\"og:type\" content=\"article\" \/>\n<meta property=\"og:title\" content=\"OLAPLEX N\u00ba.7 BONDING OIL - BLOOM GROOM SALON\" \/>\n<meta property=\"og:description\" content=\"N\u00b0.7 dramatically increases shine, softness, and color vibrancy while minimizing flyaways and frizz.\" \/>\n<meta property=\"og:url\" content=\"http:\/\/mybloomgroom.com\/vi\/san-pham\/no-7-bonding-oil\/\" \/>\n<meta property=\"og:site_name\" content=\"BLOOM GROOM SALON\" \/>\n<meta property=\"article:modified_time\" content=\"2025-03-27T03:17:46+00:00\" \/>\n<meta property=\"og:image\" content=\"http:\/\/mybloomgroom.com\/wp-content\/uploads\/2018\/04\/Olaplex-no-7.png\" \/>\n\t<meta property=\"og:image:width\" content=\"1080\" \/>\n\t<meta property=\"og:image:height\" content=\"1080\" \/>\n\t<meta property=\"og:image:type\" content=\"image\/png\" \/>\n<meta name=\"twitter:card\" content=\"summary_large_image\" \/>\n<meta name=\"twitter:label1\" content=\"\u01af\u1edbc t\u00ednh th\u1eddi gian \u0111\u1ecdc\" \/>\n\t<meta name=\"twitter:data1\" content=\"1 ph\u00fat\" \/>\n<script type=\"application\/ld+json\" class=\"yoast-schema-graph\">{\"@context\":\"https:\/\/schema.org\",\"@graph\":[{\"@type\":\"WebPage\",\"@id\":\"http:\/\/mybloomgroom.com\/vi\/san-pham\/no-7-bonding-oil\/\",\"url\":\"http:\/\/mybloomgroom.com\/vi\/san-pham\/no-7-bonding-oil\/\",\"name\":\"OLAPLEX N\u00ba.7 BONDING OIL - BLOOM GROOM SALON\",\"isPartOf\":{\"@id\":\"https:\/\/mybloomgroom.com\/vi\/#website\"},\"primaryImageOfPage\":{\"@id\":\"http:\/\/mybloomgroom.com\/vi\/san-pham\/no-7-bonding-oil\/#primaryimage\"},\"image\":{\"@id\":\"http:\/\/mybloomgroom.com\/vi\/san-pham\/no-7-bonding-oil\/#primaryimage\"},\"thumbnailUrl\":\"http:\/\/mybloomgroom.com\/wp-content\/uploads\/2018\/04\/Olaplex-no-7.png\",\"datePublished\":\"2023-04-21T07:52:57+00:00\",\"dateModified\":\"2025-03-27T03:17:46+00:00\",\"description\":\"N\u00b0.7 dramatically increases shine, softness, and color vibrancy while minimizing flyaways and frizz.\",\"breadcrumb\":{\"@id\":\"http:\/\/mybloomgroom.com\/vi\/san-pham\/no-7-bonding-oil\/#breadcrumb\"},\"inLanguage\":\"vi\",\"potentialAction\":[{\"@type\":\"ReadAction\",\"target\":[\"http:\/\/mybloomgroom.com\/vi\/san-pham\/no-7-bonding-oil\/\"]}]},{\"@type\":\"ImageObject\",\"inLanguage\":\"vi\",\"@id\":\"http:\/\/mybloomgroom.com\/vi\/san-pham\/no-7-bonding-oil\/#primaryimage\",\"url\":\"http:\/\/mybloomgroom.com\/wp-content\/uploads\/2018\/04\/Olaplex-no-7.png\",\"contentUrl\":\"http:\/\/mybloomgroom.com\/wp-content\/uploads\/2018\/04\/Olaplex-no-7.png\",\"width\":1080,\"height\":1080,\"caption\":\"Olaplex No.7 Bonding Oil \u2013 Bloom Groom Hair Salon Saigon\"},{\"@type\":\"BreadcrumbList\",\"@id\":\"http:\/\/mybloomgroom.com\/vi\/san-pham\/no-7-bonding-oil\/#breadcrumb\",\"itemListElement\":[{\"@type\":\"ListItem\",\"position\":1,\"name\":\"Home\",\"item\":\"https:\/\/mybloomgroom.com\/vi\/\"},{\"@type\":\"ListItem\",\"position\":2,\"name\":\"Salon Shop\",\"item\":\"https:\/\/mybloomgroom.com\/vi\/salon-shop\/\"},{\"@type\":\"ListItem\",\"position\":3,\"name\":\"OLAPLEX N\u00ba.7 BONDING OIL\"}]},{\"@type\":\"WebSite\",\"@id\":\"https:\/\/mybloomgroom.com\/vi\/#website\",\"url\":\"https:\/\/mybloomgroom.com\/vi\/\",\"name\":\"BLOOM GROOM SALON\",\"description\":\"Your beauty spa in Saigon\",\"potentialAction\":[{\"@type\":\"SearchAction\",\"target\":{\"@type\":\"EntryPoint\",\"urlTemplate\":\"https:\/\/mybloomgroom.com\/vi\/?s={search_term_string}\"},\"query-input\":{\"@type\":\"PropertyValueSpecification\",\"valueRequired\":true,\"valueName\":\"search_term_string\"}}],\"inLanguage\":\"vi\"}]}<\/script>\n<!-- \/ Yoast SEO plugin. -->","yoast_head_json":{"title":"OLAPLEX N\u00ba.7 BONDING OIL - BLOOM GROOM SALON","description":"N\u00b0.7 dramatically increases shine, softness, and color vibrancy while minimizing flyaways and frizz.","robots":{"index":"index","follow":"follow","max-snippet":"max-snippet:-1","max-image-preview":"max-image-preview:large","max-video-preview":"max-video-preview:-1"},"canonical":"http:\/\/mybloomgroom.com\/vi\/san-pham\/no-7-bonding-oil\/","og_locale":"vi_VN","og_type":"article","og_title":"OLAPLEX N\u00ba.7 BONDING OIL - BLOOM GROOM SALON","og_description":"N\u00b0.7 dramatically increases shine, softness, and color vibrancy while minimizing flyaways and frizz.","og_url":"http:\/\/mybloomgroom.com\/vi\/san-pham\/no-7-bonding-oil\/","og_site_name":"BLOOM GROOM SALON","article_modified_time":"2025-03-27T03:17:46+00:00","og_image":[{"width":1080,"height":1080,"url":"http:\/\/mybloomgroom.com\/wp-content\/uploads\/2018\/04\/Olaplex-no-7.png","type":"image\/png"}],"twitter_card":"summary_large_image","twitter_misc":{"\u01af\u1edbc t\u00ednh th\u1eddi gian \u0111\u1ecdc":"1 ph\u00fat"},"schema":{"@context":"https:\/\/schema.org","@graph":[{"@type":"WebPage","@id":"http:\/\/mybloomgroom.com\/vi\/san-pham\/no-7-bonding-oil\/","url":"http:\/\/mybloomgroom.com\/vi\/san-pham\/no-7-bonding-oil\/","name":"OLAPLEX N\u00ba.7 BONDING OIL - BLOOM GROOM SALON","isPartOf":{"@id":"https:\/\/mybloomgroom.com\/vi\/#website"},"primaryImageOfPage":{"@id":"http:\/\/mybloomgroom.com\/vi\/san-pham\/no-7-bonding-oil\/#primaryimage"},"image":{"@id":"http:\/\/mybloomgroom.com\/vi\/san-pham\/no-7-bonding-oil\/#primaryimage"},"thumbnailUrl":"http:\/\/mybloomgroom.com\/wp-content\/uploads\/2018\/04\/Olaplex-no-7.png","datePublished":"2023-04-21T07:52:57+00:00","dateModified":"2025-03-27T03:17:46+00:00","description":"N\u00b0.7 dramatically increases shine, softness, and color vibrancy while minimizing flyaways and frizz.","breadcrumb":{"@id":"http:\/\/mybloomgroom.com\/vi\/san-pham\/no-7-bonding-oil\/#breadcrumb"},"inLanguage":"vi","potentialAction":[{"@type":"ReadAction","target":["http:\/\/mybloomgroom.com\/vi\/san-pham\/no-7-bonding-oil\/"]}]},{"@type":"ImageObject","inLanguage":"vi","@id":"http:\/\/mybloomgroom.com\/vi\/san-pham\/no-7-bonding-oil\/#primaryimage","url":"http:\/\/mybloomgroom.com\/wp-content\/uploads\/2018\/04\/Olaplex-no-7.png","contentUrl":"http:\/\/mybloomgroom.com\/wp-content\/uploads\/2018\/04\/Olaplex-no-7.png","width":1080,"height":1080,"caption":"Olaplex No.7 Bonding Oil \u2013 Bloom Groom Hair Salon Saigon"},{"@type":"BreadcrumbList","@id":"http:\/\/mybloomgroom.com\/vi\/san-pham\/no-7-bonding-oil\/#breadcrumb","itemListElement":[{"@type":"ListItem","position":1,"name":"Home","item":"https:\/\/mybloomgroom.com\/vi\/"},{"@type":"ListItem","position":2,"name":"Salon Shop","item":"https:\/\/mybloomgroom.com\/vi\/salon-shop\/"},{"@type":"ListItem","position":3,"name":"OLAPLEX N\u00ba.7 BONDING OIL"}]},{"@type":"WebSite","@id":"https:\/\/mybloomgroom.com\/vi\/#website","url":"https:\/\/mybloomgroom.com\/vi\/","name":"BLOOM GROOM SALON","description":"Spa l\u00e0m \u0111\u1eb9p c\u1ee7a b\u1ea1n \u1edf S\u00e0i G\u00f2n","potentialAction":[{"@type":"SearchAction","target":{"@type":"EntryPoint","urlTemplate":"https:\/\/mybloomgroom.com\/vi\/?s={search_term_string}"},"query-input":{"@type":"PropertyValueSpecification","valueRequired":true,"valueName":"search_term_string"}}],"inLanguage":"vi"}]}},"_links":{"self":[{"href":"http:\/\/mybloomgroom.com\/vi\/wp-json\/wp\/v2\/product\/5770","targetHints":{"allow":["GET"]}}],"collection":[{"href":"http:\/\/mybloomgroom.com\/vi\/wp-json\/wp\/v2\/product"}],"about":[{"href":"http:\/\/mybloomgroom.com\/vi\/wp-json\/wp\/v2\/types\/product"}],"version-history":[{"count":0,"href":"http:\/\/mybloomgroom.com\/vi\/wp-json\/wp\/v2\/product\/5770\/revisions"}],"wp:featuredmedia":[{"embeddable":true,"href":"http:\/\/mybloomgroom.com\/vi\/wp-json\/wp\/v2\/media\/5709"}],"wp:attachment":[{"href":"http:\/\/mybloomgroom.com\/vi\/wp-json\/wp\/v2\/media?parent=5770"}],"wp:term":[{"taxonomy":"product_brand","embeddable":true,"href":"http:\/\/mybloomgroom.com\/vi\/wp-json\/wp\/v2\/product_brand?post=5770"},{"taxonomy":"product_cat","embeddable":true,"href":"http:\/\/mybloomgroom.com\/vi\/wp-json\/wp\/v2\/product_cat?post=5770"},{"taxonomy":"product_tag","embeddable":true,"href":"http:\/\/mybloomgroom.com\/vi\/wp-json\/wp\/v2\/product_tag?post=5770"}],"curies":[{"name":"wp","href":"https:\/\/api.w.org\/{rel}","templated":true}]}}