{"id":1851,"date":"2023-04-21T15:00:26","date_gmt":"2023-04-21T08:00:26","guid":{"rendered":"https:\/\/curly.qodeinteractive.com\/elementor\/?post_type=product&#038;p=1851"},"modified":"2025-03-27T10:17:46","modified_gmt":"2025-03-27T03:17:46","slug":"no-0-intensive-bond-building-treatment","status":"publish","type":"product","link":"http:\/\/mybloomgroom.com\/vi\/san-pham\/no-0-intensive-bond-building-treatment\/","title":{"rendered":"X\u1eec L\u00dd X\u00c2Y D\u1ef0NG TR\u00c1I PHI\u1ebeU CHUY\u00caN S\u00c2U OLAPLEX N\u00ba.0"},"content":{"rendered":"<h1 class=\"product__info-title h4\">X\u1eec L\u00dd TR\u00c1I PHI\u1ebeU X\u00c2Y D\u1ef0NG S\u1ed0 0<\/h1>","protected":false},"excerpt":{"rendered":"<p><strong>GI\u1edaI THI\u1ec6U S\u1ed0 0<\/strong><br \/>\n<strong>T\u00d3C PRIMES \u0110\u1ec2 S\u1eecA CH\u1eeeA T\u1ed0I \u0110A.<\/strong><\/p>\n<p>\u0110\u01b0\u1ee3c thi\u1ebft k\u1ebf l\u1ea1i \u0111\u1ec3 \u1ee9ng d\u1ee5ng theo lu\u1ed3ng nhanh ch\u00f3ng v\u00e0 c\u00f3 m\u1ee5c ti\u00eau, No.0 Intensive Bond Building Hair Treatment c\u00f3 v\u00f2i phun d\u1ec5 s\u1eed d\u1ee5ng gi\u00fap c\u1ed1 \u0111\u1ecbnh t\u00f3c v\u00e0 mang l\u1ea1i n\u1ed3ng \u0111\u1ed9 cao nh\u1ea5t c\u1ee7a c\u00f4ng ngh\u1ec7 t\u1ea1o li\u00ean k\u1ebft \u0111\u00e3 \u0111\u01b0\u1ee3c c\u1ea5p b\u1eb1ng s\u00e1ng ch\u1ebf so v\u1edbi b\u1ea5t k\u1ef3 s\u1ea3n ph\u1ea9m OLAPLEX t\u1ea1i nh\u00e0 n\u00e0o. S\u1eed d\u1ee5ng nh\u01b0 b\u01b0\u1edbc \u0111\u1ea7u ti\u00ean trong h\u1ec7 th\u1ed1ng hai ph\u1ea7n t\u1ea1i nh\u00e0 v\u1edbi No.3 Hair Perfector (b\u00e1n ri\u00eang) \u0111\u1ec3 t\u0103ng c\u01b0\u1eddng v\u00e0 ph\u1ee5c h\u1ed3i t\u1ea5t c\u1ea3 c\u00e1c lo\u1ea1i t\u00f3c h\u01b0 t\u1ed5n.<\/p>\n<p>Khoa h\u1ecdc \u0111\u00e3 ch\u1ee9ng minh: 68% s\u1eeda ch\u1eefa nhi\u1ec1u h\u01a1n &amp; t\u00f3c ch\u1eafc kh\u1ecfe g\u1ea5p 3 l\u1ea7n* *Khi \u0111\u01b0\u1ee3c s\u1eed d\u1ee5ng nh\u01b0 m\u1ed9t h\u1ec7 th\u1ed1ng hai ph\u1ea7n ch\u1ec9 trong m\u1ed9t l\u1ea7n s\u1eed d\u1ee5ng.<\/p>\n<p>M\u1eb8O S\u1eec D\u1ee4NG: Chai N\u00b0.0 s\u1ebd k\u00e9o d\u00e0i t\u1eeb 3-6 l\u1ea7n s\u1eed d\u1ee5ng, d\u1ef1a tr\u00ean \u0111\u1ed9 d\u00e0i v\u00e0 m\u1eadt \u0111\u1ed9 c\u1ee7a t\u00f3c.\u201d<\/p>","protected":false},"featured_media":5757,"template":"","meta":[],"product_brand":[],"product_cat":[42],"product_tag":[225,231,61,220,180],"class_list":{"0":"post-1851","1":"product","2":"type-product","3":"status-publish","4":"has-post-thumbnail","6":"product_cat-olaplex","7":"product_tag-all-hair-types","8":"product_tag-damaged-hair","9":"product_tag-olaplex","10":"product_tag-spray","11":"product_tag-treatment","13":"first","14":"outofstock","15":"sale","16":"shipping-taxable","17":"purchasable","18":"product-type-simple"},"yoast_head":"<!-- This site is optimized with the Yoast SEO plugin v26.0 - https:\/\/yoast.com\/wordpress\/plugins\/seo\/ -->\n<title>OLAPLEX N\u00ba.0 INTENSIVE BOND BUILDING TREATMENT - BLOOM GROOM SALON<\/title>\n<meta name=\"description\" content=\"No.0 Intensive Bond Building Hair Treatment features an easy to use nozzle that primes the hair and delivers the highest concentration of the patented bond building technology\" \/>\n<meta name=\"robots\" content=\"index, follow, max-snippet:-1, max-image-preview:large, max-video-preview:-1\" \/>\n<link rel=\"canonical\" href=\"http:\/\/mybloomgroom.com\/vi\/san-pham\/no-0-intensive-bond-building-treatment\/\" \/>\n<meta property=\"og:locale\" content=\"vi_VN\" \/>\n<meta property=\"og:type\" content=\"article\" \/>\n<meta property=\"og:title\" content=\"OLAPLEX N\u00ba.0 INTENSIVE BOND BUILDING TREATMENT - BLOOM GROOM SALON\" \/>\n<meta property=\"og:description\" content=\"No.0 Intensive Bond Building Hair Treatment features an easy to use nozzle that primes the hair and delivers the highest concentration of the patented bond building technology\" \/>\n<meta property=\"og:url\" content=\"http:\/\/mybloomgroom.com\/vi\/san-pham\/no-0-intensive-bond-building-treatment\/\" \/>\n<meta property=\"og:site_name\" content=\"BLOOM GROOM SALON\" \/>\n<meta property=\"article:modified_time\" content=\"2025-03-27T03:17:46+00:00\" \/>\n<meta property=\"og:image\" content=\"http:\/\/mybloomgroom.com\/wp-content\/uploads\/2018\/04\/Olaplex-no-0-1.jpeg\" \/>\n\t<meta property=\"og:image:width\" content=\"1080\" \/>\n\t<meta property=\"og:image:height\" content=\"1080\" \/>\n\t<meta property=\"og:image:type\" content=\"image\/jpeg\" \/>\n<meta name=\"twitter:card\" content=\"summary_large_image\" \/>\n<meta name=\"twitter:label1\" content=\"\u01af\u1edbc t\u00ednh th\u1eddi gian \u0111\u1ecdc\" \/>\n\t<meta name=\"twitter:data1\" content=\"1 ph\u00fat\" \/>\n<script type=\"application\/ld+json\" class=\"yoast-schema-graph\">{\"@context\":\"https:\/\/schema.org\",\"@graph\":[{\"@type\":\"WebPage\",\"@id\":\"http:\/\/mybloomgroom.com\/product\/no-0-intensive-bond-building-treatment\/\",\"url\":\"http:\/\/mybloomgroom.com\/product\/no-0-intensive-bond-building-treatment\/\",\"name\":\"OLAPLEX N\u00ba.0 INTENSIVE BOND BUILDING TREATMENT - BLOOM GROOM SALON\",\"isPartOf\":{\"@id\":\"https:\/\/mybloomgroom.com\/vi\/#website\"},\"primaryImageOfPage\":{\"@id\":\"http:\/\/mybloomgroom.com\/product\/no-0-intensive-bond-building-treatment\/#primaryimage\"},\"image\":{\"@id\":\"http:\/\/mybloomgroom.com\/product\/no-0-intensive-bond-building-treatment\/#primaryimage\"},\"thumbnailUrl\":\"http:\/\/mybloomgroom.com\/wp-content\/uploads\/2018\/04\/Olaplex-no-0-1.jpeg\",\"datePublished\":\"2023-04-21T08:00:26+00:00\",\"dateModified\":\"2025-03-27T03:17:46+00:00\",\"description\":\"No.0 Intensive Bond Building Hair Treatment features an easy to use nozzle that primes the hair and delivers the highest concentration of the patented bond building technology\",\"breadcrumb\":{\"@id\":\"http:\/\/mybloomgroom.com\/product\/no-0-intensive-bond-building-treatment\/#breadcrumb\"},\"inLanguage\":\"vi\",\"potentialAction\":[{\"@type\":\"ReadAction\",\"target\":[\"http:\/\/mybloomgroom.com\/product\/no-0-intensive-bond-building-treatment\/\"]}]},{\"@type\":\"ImageObject\",\"inLanguage\":\"vi\",\"@id\":\"http:\/\/mybloomgroom.com\/product\/no-0-intensive-bond-building-treatment\/#primaryimage\",\"url\":\"http:\/\/mybloomgroom.com\/wp-content\/uploads\/2018\/04\/Olaplex-no-0-1.jpeg\",\"contentUrl\":\"http:\/\/mybloomgroom.com\/wp-content\/uploads\/2018\/04\/Olaplex-no-0-1.jpeg\",\"width\":1080,\"height\":1080,\"caption\":\"Olaplex No.0 Intensive Bond Building Hair Treatment \u2013 Bloom Groom Hair Salon Saigon\"},{\"@type\":\"BreadcrumbList\",\"@id\":\"http:\/\/mybloomgroom.com\/product\/no-0-intensive-bond-building-treatment\/#breadcrumb\",\"itemListElement\":[{\"@type\":\"ListItem\",\"position\":1,\"name\":\"Home\",\"item\":\"http:\/\/mybloomgroom.com\/vi\/\"},{\"@type\":\"ListItem\",\"position\":2,\"name\":\"Salon Shop\",\"item\":\"http:\/\/mybloomgroom.com\/vi\/salon-shop\/\"},{\"@type\":\"ListItem\",\"position\":3,\"name\":\"OLAPLEX N\u00ba.0 INTENSIVE BOND BUILDING TREATMENT\"}]},{\"@type\":\"WebSite\",\"@id\":\"https:\/\/mybloomgroom.com\/vi\/#website\",\"url\":\"https:\/\/mybloomgroom.com\/vi\/\",\"name\":\"BLOOM GROOM SALON\",\"description\":\"Your beauty spa in Saigon\",\"potentialAction\":[{\"@type\":\"SearchAction\",\"target\":{\"@type\":\"EntryPoint\",\"urlTemplate\":\"https:\/\/mybloomgroom.com\/vi\/?s={search_term_string}\"},\"query-input\":{\"@type\":\"PropertyValueSpecification\",\"valueRequired\":true,\"valueName\":\"search_term_string\"}}],\"inLanguage\":\"vi\"}]}<\/script>\n<!-- \/ Yoast SEO plugin. -->","yoast_head_json":{"title":"OLAPLEX N\u00ba.0 INTENSIVE BOND BUILDING TREATMENT - BLOOM GROOM SALON","description":"No.0 Intensive Bond Building Hair Treatment features an easy to use nozzle that primes the hair and delivers the highest concentration of the patented bond building technology","robots":{"index":"index","follow":"follow","max-snippet":"max-snippet:-1","max-image-preview":"max-image-preview:large","max-video-preview":"max-video-preview:-1"},"canonical":"http:\/\/mybloomgroom.com\/vi\/san-pham\/no-0-intensive-bond-building-treatment\/","og_locale":"vi_VN","og_type":"article","og_title":"OLAPLEX N\u00ba.0 INTENSIVE BOND BUILDING TREATMENT - BLOOM GROOM SALON","og_description":"No.0 Intensive Bond Building Hair Treatment features an easy to use nozzle that primes the hair and delivers the highest concentration of the patented bond building technology","og_url":"http:\/\/mybloomgroom.com\/vi\/san-pham\/no-0-intensive-bond-building-treatment\/","og_site_name":"BLOOM GROOM SALON","article_modified_time":"2025-03-27T03:17:46+00:00","og_image":[{"width":1080,"height":1080,"url":"http:\/\/mybloomgroom.com\/wp-content\/uploads\/2018\/04\/Olaplex-no-0-1.jpeg","type":"image\/jpeg"}],"twitter_card":"summary_large_image","twitter_misc":{"\u01af\u1edbc t\u00ednh th\u1eddi gian \u0111\u1ecdc":"1 ph\u00fat"},"schema":{"@context":"https:\/\/schema.org","@graph":[{"@type":"WebPage","@id":"http:\/\/mybloomgroom.com\/product\/no-0-intensive-bond-building-treatment\/","url":"http:\/\/mybloomgroom.com\/product\/no-0-intensive-bond-building-treatment\/","name":"OLAPLEX N\u00ba.0 INTENSIVE BOND BUILDING TREATMENT - BLOOM GROOM SALON","isPartOf":{"@id":"https:\/\/mybloomgroom.com\/vi\/#website"},"primaryImageOfPage":{"@id":"http:\/\/mybloomgroom.com\/product\/no-0-intensive-bond-building-treatment\/#primaryimage"},"image":{"@id":"http:\/\/mybloomgroom.com\/product\/no-0-intensive-bond-building-treatment\/#primaryimage"},"thumbnailUrl":"http:\/\/mybloomgroom.com\/wp-content\/uploads\/2018\/04\/Olaplex-no-0-1.jpeg","datePublished":"2023-04-21T08:00:26+00:00","dateModified":"2025-03-27T03:17:46+00:00","description":"No.0 Intensive Bond Building Hair Treatment features an easy to use nozzle that primes the hair and delivers the highest concentration of the patented bond building technology","breadcrumb":{"@id":"http:\/\/mybloomgroom.com\/product\/no-0-intensive-bond-building-treatment\/#breadcrumb"},"inLanguage":"vi","potentialAction":[{"@type":"ReadAction","target":["http:\/\/mybloomgroom.com\/product\/no-0-intensive-bond-building-treatment\/"]}]},{"@type":"ImageObject","inLanguage":"vi","@id":"http:\/\/mybloomgroom.com\/product\/no-0-intensive-bond-building-treatment\/#primaryimage","url":"http:\/\/mybloomgroom.com\/wp-content\/uploads\/2018\/04\/Olaplex-no-0-1.jpeg","contentUrl":"http:\/\/mybloomgroom.com\/wp-content\/uploads\/2018\/04\/Olaplex-no-0-1.jpeg","width":1080,"height":1080,"caption":"Olaplex No.0 Intensive Bond Building Hair Treatment \u2013 Bloom Groom Hair Salon Saigon"},{"@type":"BreadcrumbList","@id":"http:\/\/mybloomgroom.com\/product\/no-0-intensive-bond-building-treatment\/#breadcrumb","itemListElement":[{"@type":"ListItem","position":1,"name":"Home","item":"http:\/\/mybloomgroom.com\/vi\/"},{"@type":"ListItem","position":2,"name":"Salon Shop","item":"http:\/\/mybloomgroom.com\/vi\/salon-shop\/"},{"@type":"ListItem","position":3,"name":"OLAPLEX N\u00ba.0 INTENSIVE BOND BUILDING TREATMENT"}]},{"@type":"WebSite","@id":"https:\/\/mybloomgroom.com\/vi\/#website","url":"https:\/\/mybloomgroom.com\/vi\/","name":"BLOOM GROOM SALON","description":"Spa l\u00e0m \u0111\u1eb9p c\u1ee7a b\u1ea1n \u1edf S\u00e0i G\u00f2n","potentialAction":[{"@type":"SearchAction","target":{"@type":"EntryPoint","urlTemplate":"https:\/\/mybloomgroom.com\/vi\/?s={search_term_string}"},"query-input":{"@type":"PropertyValueSpecification","valueRequired":true,"valueName":"search_term_string"}}],"inLanguage":"vi"}]}},"_links":{"self":[{"href":"http:\/\/mybloomgroom.com\/vi\/wp-json\/wp\/v2\/product\/1851","targetHints":{"allow":["GET"]}}],"collection":[{"href":"http:\/\/mybloomgroom.com\/vi\/wp-json\/wp\/v2\/product"}],"about":[{"href":"http:\/\/mybloomgroom.com\/vi\/wp-json\/wp\/v2\/types\/product"}],"version-history":[{"count":0,"href":"http:\/\/mybloomgroom.com\/vi\/wp-json\/wp\/v2\/product\/1851\/revisions"}],"wp:featuredmedia":[{"embeddable":true,"href":"http:\/\/mybloomgroom.com\/vi\/wp-json\/wp\/v2\/media\/5757"}],"wp:attachment":[{"href":"http:\/\/mybloomgroom.com\/vi\/wp-json\/wp\/v2\/media?parent=1851"}],"wp:term":[{"taxonomy":"product_brand","embeddable":true,"href":"http:\/\/mybloomgroom.com\/vi\/wp-json\/wp\/v2\/product_brand?post=1851"},{"taxonomy":"product_cat","embeddable":true,"href":"http:\/\/mybloomgroom.com\/vi\/wp-json\/wp\/v2\/product_cat?post=1851"},{"taxonomy":"product_tag","embeddable":true,"href":"http:\/\/mybloomgroom.com\/vi\/wp-json\/wp\/v2\/product_tag?post=1851"}],"curies":[{"name":"wp","href":"https:\/\/api.w.org\/{rel}","templated":true}]}}