{"id":25,"date":"2018-04-02T08:05:43","date_gmt":"2018-04-02T01:05:43","guid":{"rendered":"https:\/\/curly.qodeinteractive.com\/elementor\/?page_id=25"},"modified":"2025-10-08T11:11:57","modified_gmt":"2025-10-08T04:11:57","slug":"about","status":"publish","type":"page","link":"http:\/\/mybloomgroom.com\/vi\/about\/","title":{"rendered":"Gi\u1edbi thi\u1ec7u"},"content":{"rendered":"<div data-elementor-type=\"wp-page\" data-elementor-id=\"25\" class=\"elementor elementor-25\" data-elementor-post-type=\"page\">\n\t\t\t\t\t\t<section class=\"elementor-section elementor-top-section elementor-element elementor-element-cd7ae7d mkdf-elementor-row-grid-section elementor-section-boxed elementor-section-height-default elementor-section-height-default mkdf-parallax-row-no mkdf-content-aligment-left mkdf-disabled-bg-image-bellow-no\" data-id=\"cd7ae7d\" data-element_type=\"section\" data-settings=\"{&quot;background_background&quot;:&quot;classic&quot;}\">\n\t\t\t\t\t\t<div class=\"elementor-container elementor-column-gap-default\">\n\t\t\t\t\t<div class=\"elementor-column elementor-col-50 elementor-top-column elementor-element elementor-element-0a6495a\" data-id=\"0a6495a\" data-element_type=\"column\">\n\t\t\t<div class=\"elementor-widget-wrap elementor-element-populated\">\n\t\t\t\t\t\t<div class=\"elementor-element elementor-element-f212a06 elementor-widget elementor-widget-mkdf_section_title\" data-id=\"f212a06\" data-element_type=\"widget\" data-widget_type=\"mkdf_section_title.default\">\n\t\t\t\t<div class=\"elementor-widget-container\">\n\t\t\t\t\t<div class=\"mkdf-section-title-holder  mkdf-dark mkdf-st-standard\" style=\"text-align: right\">\n    <div class=\"mkdf-st-inner\">\n\n                    <var class=\"mkdf-st-background-text\" style=\"font-size:225px;left: -22px;top: -40px\" id=\"mkdf-st-background-text-739\" data-font-size=\"180px\" data-horizontal-offset=\"38px\" data-vertical-offset=\"-37px\">\n            Nhi\u1ec7m v\u1ee5            <\/var>\n        \n                    <h2 class=\"mkdf-st-title\">\n            Nhi\u1ec7m v\u1ee5 c\u1ee7a ch\u00fang ta            <\/h2>\n        \n        \n    <\/div>\n<\/div>\t\t\t\t<\/div>\n\t\t\t\t<\/div>\n\t\t\t\t\t<\/div>\n\t\t<\/div>\n\t\t\t\t<div class=\"elementor-column elementor-col-50 elementor-top-column elementor-element elementor-element-3046339\" data-id=\"3046339\" data-element_type=\"column\">\n\t\t\t<div class=\"elementor-widget-wrap elementor-element-populated\">\n\t\t\t\t\t\t<div class=\"elementor-element elementor-element-16e556d elementor-widget elementor-widget-text-editor\" data-id=\"16e556d\" data-element_type=\"widget\" data-widget_type=\"text-editor.default\">\n\t\t\t\t<div class=\"elementor-widget-container\">\n\t\t\t\t\t\t\t\t\t<p class=\"p1\"><b>A warm welcome from Bloom Groom, Saigon\u2019s most recommended hair-cutting and colour salon.<\/b><b><\/b><\/p><p class=\"p2\">A cozy, purpose-designed space where you can relax, refresh, and express your true self.<\/p><p class=\"p2\">Our mission is simple: we believe everyone deserves to look and feel their best. We\u2019ve created a friendly, professional environment where your comfort and confidence come first \u2014 whether you\u2019re here for a quick trim or a complete transformation.<\/p>\t\t\t\t\t\t\t\t<\/div>\n\t\t\t\t<\/div>\n\t\t\t\t\t<\/div>\n\t\t<\/div>\n\t\t\t\t\t<\/div>\n\t\t<\/section>\n\t\t\t\t<section class=\"mkdf-parallax-row-holder elementor-section elementor-top-section elementor-element elementor-element-7c47392 mkdf-parallax-row-holder mkdf-elementor-row-grid-section elementor-section-boxed elementor-section-height-default elementor-section-height-default mkdf-content-aligment-left mkdf-disabled-bg-image-bellow-no\" data-parallax-bg-speed=\"1\" data-parallax-bg-image=\"https:\/\/mybloomgroom.com\/wp-content\/uploads\/2018\/04\/landing-top-background-img.jpg\" data-parallax-bg-height=\"0\" data-id=\"7c47392\" data-element_type=\"section\" data-settings=\"{&quot;mikado_parallax_image&quot;:{&quot;url&quot;:&quot;https:\\\/\\\/mybloomgroom.com\\\/wp-content\\\/uploads\\\/2018\\\/04\\\/landing-top-background-img.jpg&quot;,&quot;id&quot;:2974,&quot;size&quot;:&quot;&quot;,&quot;alt&quot;:&quot;a&quot;,&quot;source&quot;:&quot;library&quot;}}\">\n\t\t\t\t\t\t<div class=\"elementor-container elementor-column-gap-default\">\n\t\t\t\t\t<div class=\"elementor-column elementor-col-100 elementor-top-column elementor-element elementor-element-9d1a8a7\" data-id=\"9d1a8a7\" data-element_type=\"column\">\n\t\t\t<div class=\"elementor-widget-wrap elementor-element-populated\">\n\t\t\t\t\t\t<div class=\"elementor-element elementor-element-a2ea184 elementor-widget elementor-widget-text-editor\" data-id=\"a2ea184\" data-element_type=\"widget\" data-widget_type=\"text-editor.default\">\n\t\t\t\t<div class=\"elementor-widget-container\">\n\t\t\t\t\t\t\t\t\t<h5 style=\"text-align: center;\"><span style=\"color: #ffffff;\">g\u1eedi email cho ch\u00fang t\u00f4i\u00a0<\/span><\/h5>\t\t\t\t\t\t\t\t<\/div>\n\t\t\t\t<\/div>\n\t\t\t\t<div class=\"elementor-element elementor-element-f712940 elementor-widget elementor-widget-text-editor\" data-id=\"f712940\" data-element_type=\"widget\" data-widget_type=\"text-editor.default\">\n\t\t\t\t<div class=\"elementor-widget-container\">\n\t\t\t\t\t\t\t\t\t<h3 style=\"text-align: center;\"><span style=\"color: #ffffff;\">mu\u1ed1n bi\u1ebft th\u00eam, g\u1eedi cho ch\u00fang t\u00f4i y\u00eau c\u1ea7u c\u1ee7a b\u1ea1n<\/span><\/h3>\t\t\t\t\t\t\t\t<\/div>\n\t\t\t\t<\/div>\n\t\t\t\t<div class=\"elementor-element elementor-element-584bb7e elementor-widget-tablet__width-auto elementor-widget elementor-widget-mkdf_cf7\" data-id=\"584bb7e\" data-element_type=\"widget\" data-widget_type=\"mkdf_cf7.default\">\n\t\t\t\t<div class=\"elementor-widget-container\">\n\t\t\t\t\t    \n<div class=\"wpcf7 no-js\" id=\"wpcf7-f447-o1\" lang=\"en-US\" dir=\"ltr\" data-wpcf7-id=\"447\">\n<div class=\"screen-reader-response\"><p role=\"status\" aria-live=\"polite\" aria-atomic=\"true\"><\/p> <ul><\/ul><\/div>\n<form action=\"\/vi\/wp-json\/wp\/v2\/pages\/25#wpcf7-f447-o1\" method=\"post\" class=\"wpcf7-form init cf7_custom_style_1\" aria-label=\"Contact form\" novalidate=\"novalidate\" data-status=\"init\" data-trp-original-action=\"\/vi\/wp-json\/wp\/v2\/pages\/25#wpcf7-f447-o1\">\n<fieldset class=\"hidden-fields-container\"><input type=\"hidden\" name=\"_wpcf7\" value=\"447\" \/><input type=\"hidden\" name=\"_wpcf7_version\" value=\"6.1.2\" \/><input type=\"hidden\" name=\"_wpcf7_locale\" value=\"en_US\" \/><input type=\"hidden\" name=\"_wpcf7_unit_tag\" value=\"wpcf7-f447-o1\" \/><input type=\"hidden\" name=\"_wpcf7_container_post\" value=\"0\" \/><input type=\"hidden\" name=\"_wpcf7_posted_data_hash\" value=\"\" \/><input type=\"hidden\" name=\"_wpcf7_recaptcha_response\" value=\"\" \/>\n<\/fieldset>\n<div class=\"mkdf-grid-row mkdf-grid-small-gutter\">\n   <div class=\"mkdf-grid-col-12\">\n      <span class=\"wpcf7-form-control-wrap\" data-name=\"your-name\"><input size=\"40\" maxlength=\"400\" class=\"wpcf7-form-control wpcf7-text wpcf7-validates-as-required\" aria-required=\"true\" aria-invalid=\"false\" placeholder=\"T\u00ean\" value=\"\" type=\"text\" name=\"your-name\" \/><\/span>\n   <\/div>\n   <div class=\"mkdf-grid-col-12\">\n       <span class=\"wpcf7-form-control-wrap\" data-name=\"your-email\"><input size=\"40\" maxlength=\"400\" class=\"wpcf7-form-control wpcf7-email wpcf7-validates-as-required wpcf7-text wpcf7-validates-as-email\" aria-required=\"true\" aria-invalid=\"false\" placeholder=\"E-mail\" value=\"\" type=\"email\" name=\"your-email\" \/><\/span>\n   <\/div>\n   <div class=\"mkdf-grid-col-12\">\n      <span class=\"wpcf7-form-control-wrap\" data-name=\"your-subject\"><input size=\"40\" maxlength=\"400\" class=\"wpcf7-form-control wpcf7-text wpcf7-validates-as-required\" aria-required=\"true\" aria-invalid=\"false\" placeholder=\"Ch\u1ee7 th\u1ec3\" value=\"\" type=\"text\" name=\"your-subject\" \/><\/span>\n   <\/div>\n   <div class=\"mkdf-grid-col-12\">\n       <span class=\"wpcf7-form-control-wrap\" data-name=\"your-message\"><textarea cols=\"40\" rows=\"10\" maxlength=\"2000\" class=\"wpcf7-form-control wpcf7-textarea\" aria-invalid=\"false\" placeholder=\"Vi\u1ebft tin nh\u1eafn...\" name=\"your-message\"><\/textarea><\/span>\n   <\/div>\n   <div class=\"mkdf-grid-col-12\">\n       <input class=\"wpcf7-form-control wpcf7-submit has-spinner\" type=\"submit\" value=\"G\u1eedi\" \/>\n   <\/div>\n<\/div><div class=\"wpcf7-response-output\" aria-hidden=\"true\"><\/div>\n<input type=\"hidden\" name=\"trp-form-language\" value=\"vi\"\/><\/form>\n<\/div>\n\t\t\t\t<\/div>\n\t\t\t\t<\/div>\n\t\t\t\t\t<\/div>\n\t\t<\/div>\n\t\t\t\t\t<\/div>\n\t\t<\/section>\n\t\t\t\t<section class=\"mkdf-parallax-row-holder elementor-section elementor-top-section elementor-element elementor-element-1fb5457 mkdf-parallax-row-holder elementor-section-boxed elementor-section-height-default elementor-section-height-default mkdf-content-aligment-left mkdf-elementor-row-grid-no mkdf-disabled-bg-image-bellow-no\" data-parallax-bg-speed=\"1\" data-parallax-bg-image=\"https:\/\/curly.qodeinteractive.com\/elementor\/wp-content\/uploads\/2018\/04\/p-parallax-img-1.jpg\" data-parallax-bg-height=\"0\" data-id=\"1fb5457\" data-element_type=\"section\" data-settings=\"{&quot;mikado_parallax_image&quot;:{&quot;url&quot;:&quot;https:\\\/\\\/curly.qodeinteractive.com\\\/elementor\\\/wp-content\\\/uploads\\\/2018\\\/04\\\/p-parallax-img-1.jpg&quot;,&quot;id&quot;:838,&quot;size&quot;:&quot;&quot;}}\">\n\t\t\t\t\t\t<div class=\"elementor-container elementor-column-gap-default\">\n\t\t\t\t\t<div class=\"elementor-column elementor-col-100 elementor-top-column elementor-element elementor-element-d4984eb\" data-id=\"d4984eb\" data-element_type=\"column\">\n\t\t\t<div class=\"elementor-widget-wrap elementor-element-populated\">\n\t\t\t\t\t\t<div class=\"elementor-element elementor-element-b1796f1 elementor-widget elementor-widget-mkdf_info_section\" data-id=\"b1796f1\" data-element_type=\"widget\" data-widget_type=\"mkdf_info_section.default\">\n\t\t\t\t<div class=\"elementor-widget-container\">\n\t\t\t\t\t<div class=\"mkdf-info-section  mkdf-dark mkdf-left\">\n\n            <var class=\"mkdf-is-background-text\" style=\"font-size:225px\" id=\"mkdf-is-background-text-405\" >\n        s\u1ef1 \u0111\u1ed1i \u0111\u00e3i        <\/var>\n    \n    <div class=\"mkdf-is-inner\" style=\"padding-top:112.5px;width:88%\">\n\n                    <h5 class=\"mkdf-is-subtitle\">\n            S\u00e0i G\u00f2n \u2022 t\u1eeb n\u0103m 2020            <\/h5>\n        \n                    <h3 class=\"mkdf-is-title\">\n            \u0111i\u1ec1u tr\u1ecb \u0111\u1eb7c bi\u1ec7t            <\/h3>\n        \n                    <p class=\"mkdf-is-text\">\n            One of Saigon\u2019s most recommended salons for cutting and colour\nOur team of Associate Stylists, led by an International Director, is dedicated to delivering exceptional results tailored to you. From Brazilian Keratin and Hair Botox treatments to precision curly cuts, blonding, and our wide range of semi- and demi-permanent colours, we specialise in creating styles that enhance your individuality.\n\nWhether you\u2019re looking for a fresh, manageable cut, frizz control, or a bold new colour, Bloom Groom is your trusted partner in hair.            <\/p>\n        \n                    <div class=\"mkdf-is-button\" >\n                <a itemprop=\"url\" href=\"https:\/\/mybloomgroom.com\/vi\/services\/\" target=\"_self\"  class=\"mkdf-btn mkdf-btn-medium mkdf-btn-simple\"  >    <span class=\"mkdf-btn-text\">D\u1ecbch v\u1ee5<\/span>    <\/a>            <\/div>\n        \n    <\/div>\n<\/div>\t\t\t\t<\/div>\n\t\t\t\t<\/div>\n\t\t\t\t\t<\/div>\n\t\t<\/div>\n\t\t\t\t\t<\/div>\n\t\t<\/section>\n\t\t\t\t<\/div>","protected":false},"excerpt":{"rendered":"<p>Mission our mission A warm welcome from Bloom Groom, Saigon\u2019s most recommended hair-cutting and colour salon. A cozy, purpose-designed space [&hellip;]<\/p>","protected":false},"author":1,"featured_media":1414,"parent":0,"menu_order":2,"comment_status":"closed","ping_status":"closed","template":"","meta":{"footnotes":""},"class_list":["post-25","page","type-page","status-publish","has-post-thumbnail","hentry"],"yoast_head":"<!-- This site is optimized with the Yoast SEO plugin v26.0 - https:\/\/yoast.com\/wordpress\/plugins\/seo\/ -->\n<title>About - BLOOM GROOM SALON Hair salon in Saigon | British hairstylist Stephen<\/title>\n<meta name=\"description\" content=\"British hairstylist Stephen brings a unique salon experience to Saigon. At Bloom Groom, we blend international style, comfort, and care in our new Th\u1ea3o \u0110i\u1ec1n location.\" \/>\n<meta name=\"robots\" content=\"index, follow, max-snippet:-1, max-image-preview:large, max-video-preview:-1\" \/>\n<link rel=\"canonical\" href=\"http:\/\/mybloomgroom.com\/vi\/about\/\" \/>\n<meta property=\"og:locale\" content=\"vi_VN\" \/>\n<meta property=\"og:type\" content=\"article\" \/>\n<meta property=\"og:title\" content=\"About - BLOOM GROOM SALON Hair salon in Saigon | British hairstylist Stephen\" \/>\n<meta property=\"og:description\" content=\"British hairstylist Stephen brings a unique salon experience to Saigon. At Bloom Groom, we blend international style, comfort, and care in our new Th\u1ea3o \u0110i\u1ec1n location.\" \/>\n<meta property=\"og:url\" content=\"http:\/\/mybloomgroom.com\/vi\/about\/\" \/>\n<meta property=\"og:site_name\" content=\"BLOOM GROOM SALON\" \/>\n<meta property=\"article:modified_time\" content=\"2025-10-08T04:11:57+00:00\" \/>\n<meta property=\"og:image\" content=\"http:\/\/mybloomgroom.com\/wp-content\/uploads\/2019\/10\/250.png\" \/>\n\t<meta property=\"og:image:width\" content=\"250\" \/>\n\t<meta property=\"og:image:height\" content=\"250\" \/>\n\t<meta property=\"og:image:type\" content=\"image\/png\" \/>\n<meta name=\"twitter:card\" content=\"summary_large_image\" \/>\n<meta name=\"twitter:label1\" content=\"\u01af\u1edbc t\u00ednh th\u1eddi gian \u0111\u1ecdc\" \/>\n\t<meta name=\"twitter:data1\" content=\"1 ph\u00fat\" \/>\n<script type=\"application\/ld+json\" class=\"yoast-schema-graph\">{\"@context\":\"https:\/\/schema.org\",\"@graph\":[{\"@type\":\"WebPage\",\"@id\":\"http:\/\/mybloomgroom.com\/about\/\",\"url\":\"http:\/\/mybloomgroom.com\/about\/\",\"name\":\"About - BLOOM GROOM SALON Hair salon in Saigon | British hairstylist Stephen\",\"isPartOf\":{\"@id\":\"https:\/\/mybloomgroom.com\/vi\/#website\"},\"primaryImageOfPage\":{\"@id\":\"http:\/\/mybloomgroom.com\/about\/#primaryimage\"},\"image\":{\"@id\":\"http:\/\/mybloomgroom.com\/about\/#primaryimage\"},\"thumbnailUrl\":\"http:\/\/mybloomgroom.com\/wp-content\/uploads\/2019\/10\/250.png\",\"datePublished\":\"2018-04-02T01:05:43+00:00\",\"dateModified\":\"2025-10-08T04:11:57+00:00\",\"description\":\"British hairstylist Stephen brings a unique salon experience to Saigon. At Bloom Groom, we blend international style, comfort, and care in our new Th\u1ea3o \u0110i\u1ec1n location.\",\"breadcrumb\":{\"@id\":\"http:\/\/mybloomgroom.com\/about\/#breadcrumb\"},\"inLanguage\":\"vi\",\"potentialAction\":[{\"@type\":\"ReadAction\",\"target\":[\"http:\/\/mybloomgroom.com\/about\/\"]}]},{\"@type\":\"ImageObject\",\"inLanguage\":\"vi\",\"@id\":\"http:\/\/mybloomgroom.com\/about\/#primaryimage\",\"url\":\"http:\/\/mybloomgroom.com\/wp-content\/uploads\/2019\/10\/250.png\",\"contentUrl\":\"http:\/\/mybloomgroom.com\/wp-content\/uploads\/2019\/10\/250.png\",\"width\":250,\"height\":250,\"caption\":\"Hair Salon Saigon - Bloom Groom\"},{\"@type\":\"BreadcrumbList\",\"@id\":\"http:\/\/mybloomgroom.com\/about\/#breadcrumb\",\"itemListElement\":[{\"@type\":\"ListItem\",\"position\":1,\"name\":\"Home\",\"item\":\"https:\/\/mybloomgroom.com\/vi\/\"},{\"@type\":\"ListItem\",\"position\":2,\"name\":\"About\"}]},{\"@type\":\"WebSite\",\"@id\":\"https:\/\/mybloomgroom.com\/vi\/#website\",\"url\":\"https:\/\/mybloomgroom.com\/vi\/\",\"name\":\"BLOOM GROOM SALON\",\"description\":\"Your beauty spa in Saigon\",\"potentialAction\":[{\"@type\":\"SearchAction\",\"target\":{\"@type\":\"EntryPoint\",\"urlTemplate\":\"https:\/\/mybloomgroom.com\/vi\/?s={search_term_string}\"},\"query-input\":{\"@type\":\"PropertyValueSpecification\",\"valueRequired\":true,\"valueName\":\"search_term_string\"}}],\"inLanguage\":\"vi\"}]}<\/script>\n<!-- \/ Yoast SEO plugin. -->","yoast_head_json":{"title":"About - BLOOM GROOM SALON Hair salon in Saigon | British hairstylist Stephen","description":"British hairstylist Stephen brings a unique salon experience to Saigon. At Bloom Groom, we blend international style, comfort, and care in our new Th\u1ea3o \u0110i\u1ec1n location.","robots":{"index":"index","follow":"follow","max-snippet":"max-snippet:-1","max-image-preview":"max-image-preview:large","max-video-preview":"max-video-preview:-1"},"canonical":"http:\/\/mybloomgroom.com\/vi\/about\/","og_locale":"vi_VN","og_type":"article","og_title":"About - BLOOM GROOM SALON Hair salon in Saigon | British hairstylist Stephen","og_description":"British hairstylist Stephen brings a unique salon experience to Saigon. At Bloom Groom, we blend international style, comfort, and care in our new Th\u1ea3o \u0110i\u1ec1n location.","og_url":"http:\/\/mybloomgroom.com\/vi\/about\/","og_site_name":"BLOOM GROOM SALON","article_modified_time":"2025-10-08T04:11:57+00:00","og_image":[{"width":250,"height":250,"url":"http:\/\/mybloomgroom.com\/wp-content\/uploads\/2019\/10\/250.png","type":"image\/png"}],"twitter_card":"summary_large_image","twitter_misc":{"\u01af\u1edbc t\u00ednh th\u1eddi gian \u0111\u1ecdc":"1 ph\u00fat"},"schema":{"@context":"https:\/\/schema.org","@graph":[{"@type":"WebPage","@id":"http:\/\/mybloomgroom.com\/about\/","url":"http:\/\/mybloomgroom.com\/about\/","name":"About - BLOOM GROOM SALON Hair salon in Saigon | British hairstylist Stephen","isPartOf":{"@id":"https:\/\/mybloomgroom.com\/vi\/#website"},"primaryImageOfPage":{"@id":"http:\/\/mybloomgroom.com\/about\/#primaryimage"},"image":{"@id":"http:\/\/mybloomgroom.com\/about\/#primaryimage"},"thumbnailUrl":"http:\/\/mybloomgroom.com\/wp-content\/uploads\/2019\/10\/250.png","datePublished":"2018-04-02T01:05:43+00:00","dateModified":"2025-10-08T04:11:57+00:00","description":"British hairstylist Stephen brings a unique salon experience to Saigon. At Bloom Groom, we blend international style, comfort, and care in our new Th\u1ea3o \u0110i\u1ec1n location.","breadcrumb":{"@id":"http:\/\/mybloomgroom.com\/about\/#breadcrumb"},"inLanguage":"vi","potentialAction":[{"@type":"ReadAction","target":["http:\/\/mybloomgroom.com\/about\/"]}]},{"@type":"ImageObject","inLanguage":"vi","@id":"http:\/\/mybloomgroom.com\/about\/#primaryimage","url":"http:\/\/mybloomgroom.com\/wp-content\/uploads\/2019\/10\/250.png","contentUrl":"http:\/\/mybloomgroom.com\/wp-content\/uploads\/2019\/10\/250.png","width":250,"height":250,"caption":"Hair Salon Saigon - Bloom Groom"},{"@type":"BreadcrumbList","@id":"http:\/\/mybloomgroom.com\/about\/#breadcrumb","itemListElement":[{"@type":"ListItem","position":1,"name":"Home","item":"https:\/\/mybloomgroom.com\/vi\/"},{"@type":"ListItem","position":2,"name":"About"}]},{"@type":"WebSite","@id":"https:\/\/mybloomgroom.com\/vi\/#website","url":"https:\/\/mybloomgroom.com\/vi\/","name":"BLOOM GROOM SALON","description":"Spa l\u00e0m \u0111\u1eb9p c\u1ee7a b\u1ea1n \u1edf S\u00e0i G\u00f2n","potentialAction":[{"@type":"SearchAction","target":{"@type":"EntryPoint","urlTemplate":"https:\/\/mybloomgroom.com\/vi\/?s={search_term_string}"},"query-input":{"@type":"PropertyValueSpecification","valueRequired":true,"valueName":"search_term_string"}}],"inLanguage":"vi"}]}},"_links":{"self":[{"href":"http:\/\/mybloomgroom.com\/vi\/wp-json\/wp\/v2\/pages\/25","targetHints":{"allow":["GET"]}}],"collection":[{"href":"http:\/\/mybloomgroom.com\/vi\/wp-json\/wp\/v2\/pages"}],"about":[{"href":"http:\/\/mybloomgroom.com\/vi\/wp-json\/wp\/v2\/types\/page"}],"author":[{"embeddable":true,"href":"http:\/\/mybloomgroom.com\/vi\/wp-json\/wp\/v2\/users\/1"}],"replies":[{"embeddable":true,"href":"http:\/\/mybloomgroom.com\/vi\/wp-json\/wp\/v2\/comments?post=25"}],"version-history":[{"count":2,"href":"http:\/\/mybloomgroom.com\/vi\/wp-json\/wp\/v2\/pages\/25\/revisions"}],"predecessor-version":[{"id":7614,"href":"http:\/\/mybloomgroom.com\/vi\/wp-json\/wp\/v2\/pages\/25\/revisions\/7614"}],"wp:featuredmedia":[{"embeddable":true,"href":"http:\/\/mybloomgroom.com\/vi\/wp-json\/wp\/v2\/media\/1414"}],"wp:attachment":[{"href":"http:\/\/mybloomgroom.com\/vi\/wp-json\/wp\/v2\/media?parent=25"}],"curies":[{"name":"wp","href":"https:\/\/api.w.org\/{rel}","templated":true}]}}